{"id":42671,"date":"2025-12-23T06:34:12","date_gmt":"2025-12-23T14:34:12","guid":{"rendered":"https:\/\/tangooled.com\/?post_type=product&#038;p=42671"},"modified":"2026-02-01T22:51:27","modified_gmt":"2026-02-02T06:51:27","slug":"up-wall-wash-sconce-led-light-profile-45-degree","status":"publish","type":"product","link":"https:\/\/tangooled.com\/tr\/urun\/up-wall-wash-sconce-led-light-profile-45-degree\/","title":{"rendered":"Duvar Y\u0131kama Aplik LED I\u015f\u0131k Profili 45 derece"},"content":{"rendered":"<div class=\"wp-block-group is-vertical is-layout-flex wp-container-core-group-is-layout-d255d7c4 wp-block-group-is-layout-flex\" style=\"padding-top:var(--wp--preset--spacing--80);padding-bottom:var(--wp--preset--spacing--80)\">\n<p>Our DWP24 up wall wash sconce LED profile is specifically designed to give you perfect, ambient light on your walls. This curved aluminum fixture mounts securely to the wall, measuring 53mm high and extending 36.5mm from the surface. It has a large 15mm internal channel that lets it use wider LED strips for better output. The profile&#8217;s shape makes a 45-degree asymmetric beam angle, which sends gentle, even light up your walls. This lovely wall wash effect makes your spaces look bigger and better. Use this one-of-a-kind profile inside or outside to draw attention to walls, paintings, or textures in your home or business area. This will give you a professional and classy lighting design.<\/p>\n<\/div>\n\n\n\n<div class=\"wp-block-group has-background is-vertical is-layout-flex wp-container-core-group-is-layout-d255d7c4 wp-block-group-is-layout-flex\" style=\"background-color:#f1f1f1;padding-top:var(--wp--preset--spacing--80);padding-bottom:var(--wp--preset--spacing--80)\">\n<div class=\"wp-block-group is-vertical is-layout-flex wp-container-core-group-is-layout-8cf370e7 wp-block-group-is-layout-flex\">\n<h2 class=\"wp-block-heading\" style=\"padding-top:var(--wp--preset--spacing--40);padding-bottom:var(--wp--preset--spacing--40);font-size:25px;font-style:normal;font-weight:600;text-transform:capitalize\">Anahtar \u00d6zellikler ve Avantajlar<\/h2>\n\n\n\n<ul class=\"wp-block-list\">\n<li>45 Derece I\u015f\u0131n A\u00e7\u0131s\u0131: Bu a\u00e7\u0131, \u0131\u015f\u0131\u011f\u0131 yukar\u0131 veya a\u015fa\u011f\u0131 e\u015fit bir \u015fekilde g\u00f6nderir, b\u00f6ylece duvarlar\u0131 temizlerken parlak lekeler veya rahats\u0131z edici parlamalar olu\u015fmaz.<\/li>\n\n\n\n<li>Parlama Yok: Al\u00fcminyum tasar\u0131m, LED \u015feritlerini kapatarak, \u0131\u015f\u0131\u011f\u0131n g\u00f6zlere nazik gelmesini sa\u011flar.<\/li>\n\n\n\n<li>Sa\u011flam al\u00fcminyum yap\u0131: LED\u2019leri so\u011fuk tutar ve daha uzun \u00f6m\u00fcrl\u00fc olmalar\u0131n\u0131 sa\u011flar.<\/li>\n\n\n\n<li>Low-Profile Design: It&#8217;s slim and clean, and it can be mounted on surfaces or recessed into drywall for a streamlined effect.<\/li>\n\n\n\n<li>Buzlu Dif\u00fcz\u00f6r: LED\u2019leri korur ve \u0131\u015f\u0131\u011f\u0131 e\u015fit bir \u015fekilde yayar.<\/li>\n\n\n\n<li>\u00c7o\u011fu LED \u015eerit ile Uyumlu: Geni\u015fli\u011fi 15mm'ye kadar olan LED\u2019lerle \u00e7al\u0131\u015f\u0131r, ayarlanabilir beyaz ve RGB se\u00e7eneklerini i\u00e7erir.<\/li>\n\n\n\n<li>Dimmable: 0-10V, TRIAC ve ELV dimmerleri ile \u0131\u015f\u0131\u011f\u0131 yumu\u015fak bir \u015fekilde ayarlayabilirsiniz.<\/li>\n<\/ul>\n<\/div>\n<\/div>\n\n\n\n<div class=\"wp-block-group is-vertical is-layout-flex wp-container-core-group-is-layout-d255d7c4 wp-block-group-is-layout-flex\" style=\"padding-top:var(--wp--preset--spacing--80);padding-bottom:var(--wp--preset--spacing--80)\">\n<hr class=\"wp-block-separator has-alpha-channel-opacity\"\/>\n\n\n\n<div class=\"wp-block-media-text has-media-on-the-right is-stacked-on-mobile\" style=\"grid-template-columns:auto 40%\"><div class=\"wp-block-media-text__content\">\n<h2 class=\"wp-block-heading\" style=\"padding-top:var(--wp--preset--spacing--40);padding-bottom:var(--wp--preset--spacing--40);font-size:25px;font-style:normal;font-weight:600;text-transform:capitalize\">Kurulum &amp; Uyumluluk<\/h2>\n\n\n\n<ul class=\"wp-block-list\">\n<li>Duvarlara veya tavanlara monte edilebilir.&nbsp;<\/li>\n\n\n\n<li>Geni\u015fli\u011fi 10mm ile 15mm aras\u0131nda olan LED \u015ferit \u0131\u015f\u0131klar\u0131 ile \u00e7al\u0131\u015f\u0131r.<\/li>\n\n\n\n<li>Dimmable olabilen ak\u0131ll\u0131 ev sistemleri ve LED s\u00fcr\u00fcc\u00fcleri ile \u00e7al\u0131\u015f\u0131r.&nbsp;<\/li>\n\n\n\n<li>Herhangi bir uzunlu\u011fa kesilebilir.&nbsp;<\/li>\n\n\n\n<li>Duvar y\u0131kama, duvar grafinli\u011fi ve d\u00fczensiz \u0131\u015f\u0131k da\u011f\u0131l\u0131m\u0131 i\u00e7in harika.<\/li>\n<\/ul>\n<\/div><figure class=\"wp-block-media-text__media\"><img loading=\"lazy\" decoding=\"async\" width=\"500\" height=\"500\" src=\"https:\/\/tangooled.com\/wp-content\/uploads\/2025\/12\/dwp24-ins.webp\" alt=\"plaster in crown shaped led lighting profile for 10mm strip\" class=\"wp-image-43065 size-full\" srcset=\"https:\/\/tangooled.com\/wp-content\/uploads\/2025\/12\/dwp24-ins.webp 500w, https:\/\/tangooled.com\/wp-content\/uploads\/2025\/12\/dwp24-ins-300x300.webp 300w, https:\/\/tangooled.com\/wp-content\/uploads\/2025\/12\/dwp24-ins-150x150.webp 150w\" sizes=\"auto, (max-width: 500px) 100vw, 500px\" \/><\/figure><\/div>\n<\/div>\n\n\n\n<div class=\"wp-block-group has-background is-vertical is-layout-flex wp-container-core-group-is-layout-b429018a wp-block-group-is-layout-flex\" style=\"background-color:#f1f1f1f2;padding-top:var(--wp--preset--spacing--70);padding-bottom:var(--wp--preset--spacing--70)\">\n<h2 class=\"wp-block-heading\" style=\"padding-top:var(--wp--preset--spacing--40);padding-bottom:var(--wp--preset--spacing--40);font-size:25px;font-style:normal;font-weight:600\">Yukar\u0131 Do\u011fru Duvar Y\u0131kama Aplik LED Profilinizi Nerede Kullanmal\u0131s\u0131n\u0131z<\/h2>\n\n\n\n<ul class=\"wp-block-list\">\n<li>Architectural Facades &amp; Entryways \u2013 Brighten building fronts for a grand feel.<\/li>\n\n\n\n<li>Corridors and Hallways \u2013 Even and clean vertical illumination.<\/li>\n\n\n\n<li>Living Rooms &amp; Feature Walls \u2013 Highlight stone, brick, or textured walls.<\/li>\n\n\n\n<li>Museums &amp; Art Galleries \u2013 Show off artwork with soft, glare-free accent lighting.<\/li>\n\n\n\n<li>Retail &amp; Hospitality Spaces \u2013 Create inviting and elegant store or restaurant lighting.&nbsp;<\/li>\n<\/ul>\n\n\n\n<p>Bu mimari ayd\u0131nlatma armat\u00fcr\u00fc, yukar\u0131 ayd\u0131nlatma, a\u015fa\u011f\u0131 ayd\u0131nlatma veya dolayl\u0131 ayd\u0131nlatma i\u00e7in harikad\u0131r. Sert g\u00f6lgeler olmadan e\u015fit \u0131\u015f\u0131k sa\u011flar. Dokular\u0131 ortaya \u00e7\u0131karmak ve ayd\u0131nlatman\u0131n katmanl\u0131 g\u00f6r\u00fcnmesini sa\u011flamak i\u00e7in vurgu ayd\u0131nlatmas\u0131 g\u00f6revi g\u00f6r\u00fcr.<\/p>\n<\/div>\n\n\n\n<div class=\"wp-block-group is-vertical is-layout-flex wp-container-core-group-is-layout-d255d7c4 wp-block-group-is-layout-flex\" style=\"padding-top:var(--wp--preset--spacing--80);padding-bottom:var(--wp--preset--spacing--80)\">\n<h2 class=\"wp-block-heading\" style=\"padding-top:var(--wp--preset--spacing--40);padding-bottom:var(--wp--preset--spacing--40);font-size:25px;font-style:normal;font-weight:600;text-transform:capitalize\">Ke\u015ffedilecek \u0130li\u015fkili \u00dcr\u00fcnler<\/h2>\n\n\n\n<ul class=\"wp-block-list\">\n<li><a href=\"https:\/\/tangooled.com\/tr\/urun\/25x6mm-low-profile-led-strip-channel-for-10mm-led-strip-light\/\"><mark style=\"background-color:rgba(0, 0, 0, 0)\" class=\"has-inline-color has-vivid-red-color\">10mm LED \u015ferit \u0131\u015f\u0131k i\u00e7in 25x6mm d\u00fc\u015f\u00fck profilli LED \u015ferit kanal\u0131<\/mark><\/a><\/li>\n\n\n\n<li><a href=\"https:\/\/tangooled.com\/tr\/urun\/aluminum-profile-with-60-degree-lens-led-diffuser\/\"><mark style=\"background-color:rgba(0, 0, 0, 0)\" class=\"has-inline-color has-vivid-red-color\">60 derece lensli LED dif\u00fcz\u00f6r ile aluminyum profil<\/mark><\/a><\/li>\n\n\n\n<li><a href=\"https:\/\/tangooled.com\/tr\/urun\/surface-mount-led-profile-with-frosted-diffuser-for-10mm-rope-lights\/\"><mark style=\"background-color:rgba(0, 0, 0, 0)\" class=\"has-inline-color has-vivid-red-color\">10 mm kablo \u0131\u015f\u0131klar\u0131 i\u00e7in frosted dif\u00fcz\u00f6rl\u00fc y\u00fczey montaj LED profili<\/mark><\/a><\/li>\n\n\n\n<li><a href=\"https:\/\/tangooled.com\/tr\/urun\/recessed-15x12mm-black-light-diffuser-aluminum-channel-for-10mm-led-strips\/\"><mark style=\"background-color:rgba(0, 0, 0, 0)\" class=\"has-inline-color has-vivid-red-color\">10mm LED \u015feritler i\u00e7in yerle\u015fik 15x12mm siyah \u0131\u015f\u0131k dif\u00fcz\u00f6r al\u00fcminyum kanal\u0131<\/mark><\/a><\/li>\n<\/ul>\n<\/div>\n\n\n\n<div class=\"wp-block-group\" style=\"padding-top:0;padding-bottom:0\"><div class=\"wp-block-group__inner-container is-layout-constrained wp-block-group-is-layout-constrained\">\n\n\n<p>The up wall wash sconce LED profile 45 degree is the best choice for architectural lighting, accent lighting, and even lighting. Start your project now! It&#8217;s tough, looks good, and is easy to put together.<\/p>\n<\/div><\/div>\n\n\n\n<p><\/p>","protected":false},"featured_media":13971,"template":"","meta":{"_acf_changed":true,"_seopress_robots_primary_cat":"none","_seopress_titles_title":"Up Wall Wash Sconce LED Profile | 45 Degree Hidden Channel DWP24","_seopress_titles_desc":"The DWP24 is a professional up wall wash sconce led profile featuring a 45 degree angle for seamless indirect lighting. Create a modern trimless wall sconce effect in drywalls with this architectural aluminum channel.","_seopress_robots_index":""},"pcb-width":[228],"product-cat":[197],"class_list":{"0":"post-42671","1":"product","2":"type-product","3":"status-publish","4":"has-post-thumbnail","6":"pcb-width-6-12mm","7":"product-cat-plaster-in-profile"},"acf":[],"_links":{"self":[{"href":"https:\/\/tangooled.com\/tr\/wp-json\/wp\/v2\/product\/42671","targetHints":{"allow":["GET"]}}],"collection":[{"href":"https:\/\/tangooled.com\/tr\/wp-json\/wp\/v2\/product"}],"about":[{"href":"https:\/\/tangooled.com\/tr\/wp-json\/wp\/v2\/types\/product"}],"wp:featuredmedia":[{"embeddable":true,"href":"https:\/\/tangooled.com\/tr\/wp-json\/wp\/v2\/media\/13971"}],"wp:attachment":[{"href":"https:\/\/tangooled.com\/tr\/wp-json\/wp\/v2\/media?parent=42671"}],"wp:term":[{"taxonomy":"pcb-width","embeddable":true,"href":"https:\/\/tangooled.com\/tr\/wp-json\/wp\/v2\/pcb-width?post=42671"},{"taxonomy":"product-cat","embeddable":true,"href":"https:\/\/tangooled.com\/tr\/wp-json\/wp\/v2\/product-cat?post=42671"}],"curies":[{"name":"wp","href":"https:\/\/api.w.org\/{rel}","templated":true}]}}