{"id":42669,"date":"2025-12-23T06:31:17","date_gmt":"2025-12-23T14:31:17","guid":{"rendered":"https:\/\/tangooled.com\/?post_type=product&#038;p=42669"},"modified":"2026-01-27T22:48:48","modified_gmt":"2026-01-28T06:48:48","slug":"plaster-in-crown-shaped-led-lighting-profile-for-10mm-strip","status":"publish","type":"product","link":"https:\/\/tangooled.com\/tr\/urun\/plaster-in-crown-shaped-led-lighting-profile-for-10mm-strip\/","title":{"rendered":"10mm \u015eerit i\u00e7in Al\u00e7\u0131 \u0130\u00e7i Ta\u00e7 \u015eeklinde LED Ayd\u0131nlatma Profili"},"content":{"rendered":"<div class=\"wp-block-group is-vertical is-layout-flex wp-container-core-group-is-layout-d255d7c4 wp-block-group-is-layout-flex\" style=\"padding-top:var(--wp--preset--spacing--80);padding-bottom:var(--wp--preset--spacing--80)\">\n<p>Our DWP23 crown-shaped plaster-in LED profile will brighten any room. Designed for 10mm LED strips, this aluminum channel features a substantial 96.5mm height and a 13mm internal width. It is expertly designed to fit perfectly into walls or ceilings. The plaster &#8220;wings&#8221; make sure the fit is flush, which makes trimless cove lighting that looks like classic crown molding. This design sends light up, making a smooth, dotless glow that looks like it&#8217;s coming straight from the surface.<\/p>\n<\/div>\n\n\n\n<div class=\"wp-block-group has-background\" style=\"background-color:#f1f1f1;padding-top:var(--wp--preset--spacing--80);padding-bottom:var(--wp--preset--spacing--80)\"><div class=\"wp-block-group__inner-container is-layout-constrained wp-block-group-is-layout-constrained\">\n<div class=\"wp-block-group is-vertical is-layout-flex wp-container-core-group-is-layout-8cf370e7 wp-block-group-is-layout-flex\">\n<h2 class=\"wp-block-heading\" style=\"padding-top:var(--wp--preset--spacing--40);padding-bottom:var(--wp--preset--spacing--40);font-size:25px;font-style:normal;font-weight:600;text-transform:capitalize\">Neden Bu Profili Se\u00e7melisiniz?<\/h2>\n\n\n\n<ul class=\"wp-block-list\">\n<li>P\u00fcr\u00fczs\u00fcz, g\u00f6r\u00fcnmez \u0131\u015f\u0131k: Opak dif\u00fcz\u00f6r, LED \u0131\u015f\u0131\u011f\u0131n\u0131 e\u015fit \u015fekilde yayar, b\u00f6ylece lekeler veya parlamalar olmaz.<\/li>\n\n\n\n<li>Dayan\u0131kl\u0131: Anodize al\u00fcminyum yap\u0131s\u0131 sa\u011flamd\u0131r ve LED'leri serin tutar, bu da daha uzun s\u00fcre dayanmas\u0131 anlam\u0131na gelir.<\/li>\n\n\n\n<li>Simple &#8220;mud-in&#8221; installation: Just cover the profile&#8217;s wings with plaster for a smooth, trimless finish.<\/li>\n\n\n\n<li>Klasik ta\u00e7 \u015fekli: I\u015f\u0131\u011f\u0131 yumu\u015fak bir \u015fekilde yukar\u0131 ve yanlara y\u00f6nlendirerek s\u0131cak bir par\u0131lt\u0131 sa\u011flar.<\/li>\n\n\n\n<li>10mm LED \u015feritler i\u00e7in uygundur: SMD 5050, COB veya ayarlanabilir beyaz gibi en yayg\u0131n LED \u015feritleri i\u00e7in yeterince geni\u015ftir.<\/li>\n<\/ul>\n<\/div>\n<\/div><\/div>\n\n\n\n<div class=\"wp-block-group is-vertical is-layout-flex wp-container-core-group-is-layout-d255d7c4 wp-block-group-is-layout-flex\" style=\"padding-top:var(--wp--preset--spacing--80);padding-bottom:var(--wp--preset--spacing--80)\">\n<hr class=\"wp-block-separator has-alpha-channel-opacity\"\/>\n\n\n\n<div class=\"wp-block-media-text has-media-on-the-right is-stacked-on-mobile\" style=\"grid-template-columns:auto 40%\"><div class=\"wp-block-media-text__content\">\n<h2 class=\"wp-block-heading\" style=\"padding-top:var(--wp--preset--spacing--40);padding-bottom:var(--wp--preset--spacing--40);font-size:25px;font-style:normal;font-weight:600;text-transform:capitalize\">Basit Ad\u0131mlarla Montaj<\/h2>\n\n\n\n<ul class=\"wp-block-list\">\n<li>Drywall'\u0131 kesin ve profili dikmeler veya kiri\u015fler aras\u0131nda yerle\u015ftirin.<\/li>\n\n\n\n<li>Profili yerine sabitlemek i\u00e7in vidalar\u0131 kullan\u0131n.<\/li>\n\n\n\n<li>Kanatlar\u0131n deliklerinin \u00fczerine al\u00e7\u0131 veya ortak bile\u015fen koyun.<\/li>\n\n\n\n<li>Y\u00fczeyi p\u00fcr\u00fczs\u00fcz olana kadar z\u0131mparalay\u0131n, ard\u0131ndan duvarlar\u0131n\u0131z\u0131 e\u015fitlemek i\u00e7in boyay\u0131n.<\/li>\n\n\n\n<li>10mm LED \u015feridinizi kanalda yerle\u015ftirin.<\/li>\n\n\n\n<li>Opak dif\u00fcz\u00f6r\u00fc yerle\u015ftirin ve net, noktas\u0131z bir ayd\u0131nlatma elde edin.<\/li>\n<\/ul>\n<\/div><figure class=\"wp-block-media-text__media\"><img loading=\"lazy\" decoding=\"async\" width=\"500\" height=\"500\" src=\"https:\/\/tangooled.com\/wp-content\/uploads\/2025\/12\/dwp23-ins.webp\" alt=\"plaster in crown shaped led lighting profile for 10mm strip\" class=\"wp-image-43067 size-full\" srcset=\"https:\/\/tangooled.com\/wp-content\/uploads\/2025\/12\/dwp23-ins.webp 500w, https:\/\/tangooled.com\/wp-content\/uploads\/2025\/12\/dwp23-ins-300x300.webp 300w, https:\/\/tangooled.com\/wp-content\/uploads\/2025\/12\/dwp23-ins-150x150.webp 150w\" sizes=\"auto, (max-width: 500px) 100vw, 500px\" \/><\/figure><\/div>\n<\/div>\n\n\n\n<div class=\"wp-block-group has-background\" style=\"background-color:#f1f1f1f2;padding-top:var(--wp--preset--spacing--80);padding-bottom:var(--wp--preset--spacing--80)\"><div class=\"wp-block-group__inner-container is-layout-constrained wp-block-group-is-layout-constrained\">\n<h2 class=\"wp-block-heading\" style=\"padding-top:var(--wp--preset--spacing--40);padding-bottom:var(--wp--preset--spacing--40);font-size:25px;font-style:normal;font-weight:600;text-transform:capitalize\">Ta\u00e7 \u015feklindeki al\u00e7\u0131 i\u00e7ine monte LED profilini nas\u0131l kullan\u0131rs\u0131n\u0131z?<\/h2>\n\n\n\n<ul class=\"wp-block-list\">\n<li>Tavanda perimetrik ayd\u0131nlatma: Oda etraf\u0131nda temiz \u0131\u015f\u0131k \u00e7izgileri olu\u015fturun.<\/li>\n\n\n\n<li>Dolayl\u0131 yukar\u0131 ayd\u0131nlatma: Bu t\u00fcr ayd\u0131nlatma oturma alanlar\u0131, yatak odalar\u0131 ve mutfaklar i\u00e7in uygundur.<\/li>\n\n\n\n<li>\u0130\u015fletmelerde: \u015e\u0131k bir ortam \u0131\u015f\u0131\u011f\u0131na ihtiya\u00e7 duyan otel lobileri, ma\u011fazalar veya ofisler i\u00e7in harikad\u0131r.<\/li>\n\n\n\n<li>Mimari bo\u015fluklar: Duvarlar ve tavanlar aras\u0131nda g\u00f6lge bo\u015flu\u011fu olu\u015fturun.<\/li>\n\n\n\n<li>Atmosfer ayd\u0131nlatmas\u0131: K\u0131s\u0131labilir veya de\u011fi\u015ftirilebilir ortam ayd\u0131nlatma sistemleri ile iyi \u00e7al\u0131\u015f\u0131r.<\/li>\n<\/ul>\n<\/div><\/div>\n\n\n\n<div class=\"wp-block-group is-vertical is-layout-flex wp-container-core-group-is-layout-d255d7c4 wp-block-group-is-layout-flex\" style=\"padding-top:var(--wp--preset--spacing--80);padding-bottom:var(--wp--preset--spacing--80)\">\n<h2 class=\"wp-block-heading\" style=\"padding-top:var(--wp--preset--spacing--40);padding-bottom:var(--wp--preset--spacing--40);font-size:25px;font-style:normal;font-weight:600;text-transform:capitalize\">Be\u011fenebilece\u011finiz \u0130lgili \u00dcr\u00fcnler<\/h2>\n\n\n\n<ul class=\"wp-block-list\">\n<li><a href=\"https:\/\/tangooled.com\/tr\/urun\/black-led-profile-with-black-diffuser-for-10mm-led-strip-light\/\"><mark style=\"background-color:rgba(0, 0, 0, 0)\" class=\"has-inline-color has-vivid-red-color\">10mm LED \u015ferit \u0131\u015f\u0131\u011f\u0131 i\u00e7in siyah dif\u00fcz\u00f6rl\u00fc siyah LED profili<\/mark><\/a><\/li>\n\n\n\n<li><a href=\"https:\/\/tangooled.com\/tr\/urun\/led-light-diffuser-channel-aluminum-15x12mm-for-10mm-led-strips\/\"><mark style=\"background-color:rgba(0, 0, 0, 0)\" class=\"has-inline-color has-vivid-red-color\">10mm LED \u015feritler i\u00e7in 15x12mm LED \u0131\u015f\u0131k da\u011f\u0131t\u0131c\u0131 kanal\u0131 al\u00fcminyum<\/mark><\/a><\/li>\n\n\n\n<li><a href=\"https:\/\/tangooled.com\/tr\/urun\/surface-mount-led-profile-with-frosted-diffuser-for-10mm-rope-lights\/\"><mark style=\"background-color:rgba(0, 0, 0, 0)\" class=\"has-inline-color has-vivid-red-color\">10 mm kablo \u0131\u015f\u0131klar\u0131 i\u00e7in frosted dif\u00fcz\u00f6rl\u00fc y\u00fczey montaj LED profili<\/mark><\/a><\/li>\n\n\n\n<li><a href=\"https:\/\/tangooled.com\/tr\/urun\/recessed-linear-down-lighting-led-strip-profile-for-10mm-led-strip\/\"><mark style=\"background-color:rgba(0, 0, 0, 0)\" class=\"has-inline-color has-vivid-red-color\">10mm LED \u015ferit i\u00e7in g\u00f6mme do\u011frusal a\u015fa\u011f\u0131 ayd\u0131nlatma LED profili<\/mark><\/a><\/li>\n\n\n\n<li><a href=\"https:\/\/tangooled.com\/tr\/urun\/trimless-drywall-led-channel-for-15mm-led-strip-lights\/\"><mark style=\"background-color:rgba(0, 0, 0, 0)\" class=\"has-inline-color has-vivid-red-color\">15mm LED \u015ferit lambalar i\u00e7in trimsiz al\u00e7\u0131 drywall LED kanal\u0131<\/mark><\/a><\/li>\n<\/ul>\n<\/div>\n\n\n\n<div class=\"wp-block-group has-background\" style=\"background-color:#f1f1f1;padding-top:var(--wp--preset--spacing--80);padding-bottom:var(--wp--preset--spacing--80)\"><div class=\"wp-block-group__inner-container is-layout-constrained wp-block-group-is-layout-constrained\">\n<h2 class=\"wp-block-heading\" style=\"padding-top:var(--wp--preset--spacing--40);padding-bottom:var(--wp--preset--spacing--40);font-size:25px;font-style:normal;font-weight:600;text-transform:capitalize\">\u00f6zet<\/h2>\n\n\n\n<p>10mm \u015ferit i\u00e7in al\u00e7\u0131 i\u00e7ine monte ta\u00e7 \u015feklindeki LED ayd\u0131nlatma profilimiz, evinize veya ofisinize temiz, modern dolayl\u0131 \u0131\u015f\u0131k eklemenin harika bir yoludur. Kurulumu basittir, tamamen ayarlanabilir ve \u00e7o\u011fu LED \u015feridi ile \u00e7al\u0131\u015f\u0131rken \u0131s\u0131n\u0131n kontrol\u00fcn\u00fc sa\u011flar. Mimari ayd\u0131nlatma efektleri ile odan\u0131z\u0131 harika g\u00f6r\u00fcnmesini sa\u011flamak i\u00e7in kullan\u0131n.<\/p>\n<\/div><\/div>\n\n\n\n<p><\/p>","protected":false},"featured_media":13965,"template":"","meta":{"_acf_changed":true,"_seopress_robots_primary_cat":"none","_seopress_titles_title":"Crown-Shaped Plaster-in LED Profile | Architectural Trim DWP23","_seopress_titles_desc":"The DWP23 is a unique crown-shaped plaster-in led profile for 10mm strips. Enhance ceilings with this architectural recessed channel that creates a sophisticated layered light effect.","_seopress_robots_index":""},"pcb-width":[228],"product-cat":[197],"class_list":{"0":"post-42669","1":"product","2":"type-product","3":"status-publish","4":"has-post-thumbnail","6":"pcb-width-6-12mm","7":"product-cat-plaster-in-profile"},"acf":[],"_links":{"self":[{"href":"https:\/\/tangooled.com\/tr\/wp-json\/wp\/v2\/product\/42669","targetHints":{"allow":["GET"]}}],"collection":[{"href":"https:\/\/tangooled.com\/tr\/wp-json\/wp\/v2\/product"}],"about":[{"href":"https:\/\/tangooled.com\/tr\/wp-json\/wp\/v2\/types\/product"}],"wp:featuredmedia":[{"embeddable":true,"href":"https:\/\/tangooled.com\/tr\/wp-json\/wp\/v2\/media\/13965"}],"wp:attachment":[{"href":"https:\/\/tangooled.com\/tr\/wp-json\/wp\/v2\/media?parent=42669"}],"wp:term":[{"taxonomy":"pcb-width","embeddable":true,"href":"https:\/\/tangooled.com\/tr\/wp-json\/wp\/v2\/pcb-width?post=42669"},{"taxonomy":"product-cat","embeddable":true,"href":"https:\/\/tangooled.com\/tr\/wp-json\/wp\/v2\/product-cat?post=42669"}],"curies":[{"name":"wp","href":"https:\/\/api.w.org\/{rel}","templated":true}]}}