{"id":42667,"date":"2025-12-23T06:28:11","date_gmt":"2025-12-23T14:28:11","guid":{"rendered":"https:\/\/tangooled.com\/?post_type=product&#038;p=42667"},"modified":"2026-02-01T22:45:51","modified_gmt":"2026-02-02T06:45:51","slug":"plaster-in-led-ceiling-moulding-profile-for-15mm-led-strips","status":"publish","type":"product","link":"https:\/\/tangooled.com\/tr\/urun\/plaster-in-led-ceiling-moulding-profile-for-15mm-led-strips\/","title":{"rendered":"15mm LED \u015eeritler \u0130\u00e7in Al\u00e7\u0131 \u0130\u00e7i LED Tavan Sabitleme Profili"},"content":{"rendered":"<div class=\"wp-block-group is-vertical is-layout-flex wp-container-core-group-is-layout-d255d7c4 wp-block-group-is-layout-flex\" style=\"padding-top:var(--wp--preset--spacing--80);padding-bottom:var(--wp--preset--spacing--80)\">\n<p>DWP22 al\u00e7\u0131 i\u00e7ine yerle\u015ftirilen LED tavan kal\u0131b\u0131 profilimiz, duvarlar\u0131n\u0131za veya tavanlar\u0131n\u0131za \u015f\u0131k, \u00e7er\u00e7evesiz ayd\u0131nlatma eklemenizi sa\u011flar. Bu al\u00fcminyum profil, toplam y\u00fcksekli\u011fi 97 mm ve 20 mm uzunlu\u011funda al\u00e7\u0131 kanatlar\u0131 ile m\u00fckemmel bir \u015fekilde oturacak \u015fekilde tasarlanm\u0131\u015ft\u0131r. Kuru duvara vidalan\u0131r ve ard\u0131ndan al\u00e7\u0131 ile kaplan\u0131r, bu da onu kusursuz bir \u015fekilde harmanlar ve t\u00fcm kenarlar\u0131 gizler. Profil, 15 mm \u015feritleriniz i\u00e7in m\u00fckemmel olan 20 mm geni\u015fli\u011fe kadar LED \u015feritleri ta\u015f\u0131r. Bu \u015fekil, \u0131s\u0131y\u0131 \u00e7ok iyi bir \u015fekilde ka\u00e7\u0131rmaya olanak tan\u0131r ve boyand\u0131\u011f\u0131nda duvar veya tavan \u00fczerinde g\u00fczel bir as\u0131l\u0131 \u0131\u015f\u0131k g\u00f6r\u00fcn\u00fcm\u00fc olu\u015fturur. Profil, modern ve g\u00fczel ortamlar i\u00e7in m\u00fckemmel olan p\u00fcr\u00fczs\u00fcz, noktalar i\u00e7ermeyen ve mimari olarak temiz bir g\u00f6r\u00fcn\u00fcm sunar. Bunu, yukar\u0131ya bakan \u0131\u015f\u0131\u011f\u0131 ve opal dif\u00fcz\u00f6r\u00fc kullanarak ger\u00e7ekle\u015ftirir.<\/p>\n<\/div>\n\n\n\n<div class=\"wp-block-group has-background is-vertical is-layout-flex wp-container-core-group-is-layout-d255d7c4 wp-block-group-is-layout-flex\" style=\"background-color:#f1f1f1;padding-top:var(--wp--preset--spacing--80);padding-bottom:var(--wp--preset--spacing--80)\">\n<div class=\"wp-block-group is-vertical is-layout-flex wp-container-core-group-is-layout-8cf370e7 wp-block-group-is-layout-flex\">\n<h2 class=\"wp-block-heading\" style=\"padding-top:var(--wp--preset--spacing--40);padding-bottom:var(--wp--preset--spacing--40);font-size:25px;font-style:normal;font-weight:600;text-transform:capitalize\">Al\u00e7\u0131ya Yerle\u015ftirilen LED Tavan Kal\u0131b\u0131 Profilinin \u00d6zellikleri ve Faydalar\u0131<\/h2>\n\n\n\n<ul class=\"wp-block-list\">\n<li>Kapaklar\u0131 olmayan LED profili, al\u00e7\u0131pan\u0131n\u0131za yerle\u015ftirilmi\u015f \u00e7er\u00e7evesiz bir LED kanal\u0131 sunar.<\/li>\n\n\n\n<li>Y\u00fcksek performansl\u0131 al\u00e7\u0131pana ula\u015f\u0131m kanal\u0131 kurulumlar\u0131yla uyumludur.<\/li>\n\n\n\n<li>Al\u00e7\u0131pan kurulumu, ayd\u0131nlatman\u0131z\u0131 tavan\u0131n\u0131z\u0131n veya duvar\u0131n\u0131z\u0131n do\u011fal bir par\u00e7as\u0131 gibi g\u00f6r\u00fcnmesini sa\u011flar.<\/li>\n\n\n\n<li>Y\u00fcksek kaliteli al\u00fcminyum profil y\u00fczeyi, m\u00fckemmel \u0131s\u0131 da\u011f\u0131l\u0131m\u0131 sa\u011flar.<\/li>\n\n\n\n<li>Noktas\u0131z ayd\u0131nlatma i\u00e7in da\u011f\u0131lm\u0131\u015f bir \u0131\u015f\u0131k kapa\u011f\u0131 ile birlikte gelir.<\/li>\n\n\n\n<li>Basit bir g\u00f6r\u00fcn\u00fcm i\u00e7in herhangi bir duvar veya tavana uymas\u0131 i\u00e7in boyanabilir.<\/li>\n<\/ul>\n<\/div>\n<\/div>\n\n\n\n<div class=\"wp-block-group is-vertical is-layout-flex wp-container-core-group-is-layout-d255d7c4 wp-block-group-is-layout-flex\" style=\"padding-top:var(--wp--preset--spacing--80);padding-bottom:var(--wp--preset--spacing--80)\">\n<hr class=\"wp-block-separator has-alpha-channel-opacity\"\/>\n\n\n\n<div class=\"wp-block-media-text has-media-on-the-right is-stacked-on-mobile\" style=\"grid-template-columns:auto 40%\"><div class=\"wp-block-media-text__content\">\n<h2 class=\"wp-block-heading\" style=\"padding-top:var(--wp--preset--spacing--40);padding-bottom:var(--wp--preset--spacing--40);font-size:25px;font-style:normal;font-weight:600;text-transform:capitalize\">Al\u00e7\u0131ya Yerle\u015ftirilen LED Tavan Kal\u0131b\u0131 Profilini Nas\u0131l Kullan\u0131l\u0131r<\/h2>\n\n\n\n<ul class=\"wp-block-list\">\n<li>Profili do\u011fru boyda kesin.<\/li>\n\n\n\n<li>Delikli kanatlar\u0131 al\u00e7\u0131pan ile vidalarla tak\u0131n.<\/li>\n\n\n\n<li>Kanatlara ek s\u0131va ve al\u00e7\u0131 koyun ve y\u00fczeyi d\u00fcz hale getirmek i\u00e7in kenarlar\u0131 inceltin.<\/li>\n\n\n\n<li>Duvar veya tavana uymas\u0131 i\u00e7in boyay\u0131n.<\/li>\n\n\n\n<li>15 mm LED \u015ferit band\u0131n\u0131z\u0131 kanal i\u00e7ine yerle\u015ftirin.<\/li>\n\n\n\n<li>Buzlu dif\u00fcz\u00f6r\u00fc tak\u0131n, \u0131\u015f\u0131\u011f\u0131n e\u015fit ve noktalar i\u00e7ermedi\u011finden emin olun.<\/li>\n\n\n\n<li>G\u00fc\u00e7 kayna\u011f\u0131n\u0131 ve kontrol cihazlar\u0131n\u0131 (dimmerler ve s\u00fcr\u00fcc\u00fcler) ba\u011flay\u0131n.<\/li>\n<\/ul>\n<\/div><figure class=\"wp-block-media-text__media\"><img loading=\"lazy\" decoding=\"async\" width=\"500\" height=\"500\" src=\"https:\/\/tangooled.com\/wp-content\/uploads\/2025\/12\/dwp22-ins.webp\" alt=\"plaster in led ceiling moulding profile for 15mm led strips\" class=\"wp-image-43056 size-full\" srcset=\"https:\/\/tangooled.com\/wp-content\/uploads\/2025\/12\/dwp22-ins.webp 500w, https:\/\/tangooled.com\/wp-content\/uploads\/2025\/12\/dwp22-ins-300x300.webp 300w, https:\/\/tangooled.com\/wp-content\/uploads\/2025\/12\/dwp22-ins-150x150.webp 150w\" sizes=\"auto, (max-width: 500px) 100vw, 500px\" \/><\/figure><\/div>\n<\/div>\n\n\n\n<div class=\"wp-block-group has-background\" style=\"background-color:#f1f1f1f2;padding-top:var(--wp--preset--spacing--80);padding-bottom:var(--wp--preset--spacing--80)\"><div class=\"wp-block-group__inner-container is-layout-constrained wp-block-group-is-layout-constrained\">\n<h2 class=\"wp-block-heading\" style=\"padding-top:var(--wp--preset--spacing--40);padding-bottom:var(--wp--preset--spacing--40);font-size:25px;font-style:normal;font-weight:600\">Nerelerde Kullan\u0131l\u0131r?<\/h2>\n\n\n\n<ul class=\"wp-block-list\">\n<li>Tavan Koni Ayd\u0131nlatmas\u0131: Bu, duvarlar\u0131 ve tavanlar\u0131 ayd\u0131nlatan etkileyici bir \u0131\u015f\u0131kt\u0131r.<\/li>\n\n\n\n<li>Duvar K\u0131rma: Bu teknik, duvarlar\u0131n p\u00fcr\u00fczl\u00fcl\u00fc\u011f\u00fcn\u00fc \u00f6ne \u00e7\u0131kar\u0131r ve daha derin g\u00f6r\u00fcnmelerini sa\u011flar.<\/li>\n\n\n\n<li>Vurgu Ayd\u0131nlatmas\u0131: Otel, ya\u015fam alan\u0131 veya i\u015f yerlerine temiz mimari bir dokunu\u015f eklemenin harika bir yoludur.<\/li>\n\n\n\n<li>Perakende Ayd\u0131nlatmas\u0131: Nesneleri iyi bir \u015fekilde ayd\u0131nlat\u0131r ve k\u00f6t\u00fc g\u00f6r\u00fcnmelerini engeller.<\/li>\n<\/ul>\n<\/div><\/div>\n\n\n\n<div class=\"wp-block-group is-vertical is-layout-flex wp-container-core-group-is-layout-d255d7c4 wp-block-group-is-layout-flex\" style=\"padding-top:var(--wp--preset--spacing--80);padding-bottom:var(--wp--preset--spacing--80)\">\n<h2 class=\"wp-block-heading\" style=\"padding-top:var(--wp--preset--spacing--40);padding-bottom:var(--wp--preset--spacing--40);font-size:25px;font-style:normal;font-weight:600;text-transform:capitalize\">TANGOLED'den \u0130lgili \u00dcr\u00fcnler<\/h2>\n\n\n\n<ul class=\"wp-block-list\">\n<li><a href=\"https:\/\/tangooled.com\/tr\/urun\/black-led-diffuser-aluminum-channel-for-12mm-tape-lights\/\"><mark style=\"background-color:rgba(0, 0, 0, 0)\" class=\"has-inline-color has-vivid-red-color\">12 mm bant i\u015f\u0131klar\u0131 i\u00e7in siyah LED dif\u00fcz\u00f6r al\u00fcminyum kanal\u0131<\/mark><\/a> \u2013 Great for slimmer LED tapes.<\/li>\n\n\n\n<li><a href=\"https:\/\/tangooled.com\/tr\/urun\/22x15mm-led-light-channel-aluminum-extrusion-for-flexible-strips\/\"><mark style=\"background-color:rgba(0, 0, 0, 0)\" class=\"has-inline-color has-vivid-red-color\">Esnek \u015feritler i\u00e7in 22x15mm LED \u0131\u015f\u0131k kanal\u0131 al\u00fcminyum ekstr\u00fczyon<\/mark><\/a> \u2013 Larger channel for wider LED strips.<\/li>\n\n\n\n<li><a href=\"https:\/\/tangooled.com\/tr\/urun\/plaster-in-led-profile-2m-3m-for-gypsum-ceiling-recessed\/\"><mark style=\"background-color:rgba(0, 0, 0, 0)\" class=\"has-inline-color has-vivid-red-color\">Al\u00e7\u0131ya yerle\u015ftirilen LED profili 2m &amp; 3m, al\u00e7\u0131 tavan g\u00f6mme<\/mark><\/a> \u2013 Alternative length options.<\/li>\n\n\n\n<li><a href=\"https:\/\/tangooled.com\/tr\/urun\/trimless-drywall-led-channel-for-15mm-led-strip-lights\/\"><mark style=\"background-color:rgba(0, 0, 0, 0)\" class=\"has-inline-color has-vivid-red-color\">15mm LED \u015ferit lambalar i\u00e7in trimsiz al\u00e7\u0131 drywall LED kanal\u0131<\/mark><\/a> \u2013 Another option for flush LED ceiling channels.<\/li>\n\n\n\n<li><a href=\"https:\/\/tangooled.com\/tr\/urun\/aluminum-base-with-opal-square-light-cover-for-suspension\/\"><mark style=\"background-color:rgba(0, 0, 0, 0)\" class=\"has-inline-color has-vivid-red-color\">Ask\u0131 i\u00e7in opal kare \u0131\u015f\u0131k kapa\u011f\u0131 olan al\u00fcminyum taban<\/mark><\/a> \u2013 Suspended lighting solutions.<\/li>\n<\/ul>\n<\/div>\n\n\n\n<p><\/p>","protected":false},"featured_media":13960,"template":"","meta":{"_acf_changed":false,"_seopress_robots_primary_cat":"none","_seopress_titles_title":"Plaster-in LED Ceiling Moulding Profile DWP22 | TANGOOLED","_seopress_titles_desc":"The DWP22 is a professional plaster-in led ceiling moulding profile for 15mm strips. This trimless architectural moulding combines decorative cornices with hidden linear lighting.","_seopress_robots_index":""},"pcb-width":[229],"product-cat":[197],"class_list":{"0":"post-42667","1":"product","2":"type-product","3":"status-publish","4":"has-post-thumbnail","6":"pcb-width-15-20mm","7":"product-cat-plaster-in-profile"},"acf":[],"_links":{"self":[{"href":"https:\/\/tangooled.com\/tr\/wp-json\/wp\/v2\/product\/42667","targetHints":{"allow":["GET"]}}],"collection":[{"href":"https:\/\/tangooled.com\/tr\/wp-json\/wp\/v2\/product"}],"about":[{"href":"https:\/\/tangooled.com\/tr\/wp-json\/wp\/v2\/types\/product"}],"wp:featuredmedia":[{"embeddable":true,"href":"https:\/\/tangooled.com\/tr\/wp-json\/wp\/v2\/media\/13960"}],"wp:attachment":[{"href":"https:\/\/tangooled.com\/tr\/wp-json\/wp\/v2\/media?parent=42667"}],"wp:term":[{"taxonomy":"pcb-width","embeddable":true,"href":"https:\/\/tangooled.com\/tr\/wp-json\/wp\/v2\/pcb-width?post=42667"},{"taxonomy":"product-cat","embeddable":true,"href":"https:\/\/tangooled.com\/tr\/wp-json\/wp\/v2\/product-cat?post=42667"}],"curies":[{"name":"wp","href":"https:\/\/api.w.org\/{rel}","templated":true}]}}