{"id":42662,"date":"2025-12-23T06:22:11","date_gmt":"2025-12-23T14:22:11","guid":{"rendered":"https:\/\/tangooled.com\/?post_type=product&#038;p=42662"},"modified":"2026-01-27T22:11:19","modified_gmt":"2026-01-28T06:11:19","slug":"45-degree-led-plaster-wall-wash-profile-for-15mm-led-strips","status":"publish","type":"product","link":"https:\/\/tangooled.com\/tr\/urun\/45-degree-led-plaster-wall-wash-profile-for-15mm-led-strips\/","title":{"rendered":"15mm LED \u015eeritler \u0130\u00e7in 45 Derece LED Al\u00e7\u0131 Duvar Y\u0131kama Profili"},"content":{"rendered":"<div class=\"wp-block-group is-vertical is-layout-flex wp-container-core-group-is-layout-d255d7c4 wp-block-group-is-layout-flex\" style=\"padding-top:var(--wp--preset--spacing--80);padding-bottom:var(--wp--preset--spacing--80)\">\n<p>45 derecelik al\u00e7\u0131 duvar y\u0131kama profilimiz, duvarlar\u0131n\u0131za kusursuz, d\u00fczg\u00fcn bir \u0131\u015f\u0131k hatt\u0131 verir. Bu \u00fcr\u00fcn, 15 mm LED \u015feritleri i\u00e7in tasarlanm\u0131\u015ft\u0131r ve al\u00e7\u0131 veya drywalla m\u00fckemmel bir \u015fekilde oturur. DWP20'nin geni\u015fli\u011fi 91 mm, en y\u00fcksek noktas\u0131nda y\u00fcksekli\u011fi 56.8 mm'dir. L \u015feklinde bir tasar\u0131ma sahiptir ve k\u00f6\u015fe i\u00e7ine yerle\u015ftirmeyi basit hale getirir. \u015eeklin, duvar\u0131 y\u0131kayan derin bir i\u00e7 k\u0131vr\u0131m\u0131 vard\u0131r. Ayr\u0131ca, tavan veya raf \u00fczerinde yerinde tutan 20.9 mm dif\u00fcz\u00f6r ve 31.7 mm al\u00e7\u0131 flan\u015f\u0131 bulunur. 45 derecelik bir \u0131\u015f\u0131n a\u00e7\u0131s\u0131 ile duvarlar\u0131 yumu\u015fak ve e\u015fit bir \u015fekilde ayd\u0131nlatt\u0131\u011f\u0131 i\u00e7in g\u00f6z kama\u015fmas\u0131 veya lekeler olmadan y\u0131kama yapar. Bu ayd\u0131nlatma \u00e7\u00f6z\u00fcm\u00fc hem ambiyans hem de y\u00f6nl\u00fc ayd\u0131nlatma olarak \u00e7al\u0131\u015f\u0131r ve mimari ile iyi bir \u015fekilde b\u00fct\u00fcnle\u015fir.<\/p>\n<\/div>\n\n\n\n<div class=\"wp-block-group has-background is-vertical is-layout-flex wp-container-core-group-is-layout-d255d7c4 wp-block-group-is-layout-flex\" style=\"background-color:#f1f1f1;padding-top:var(--wp--preset--spacing--80);padding-bottom:var(--wp--preset--spacing--80)\">\n<div class=\"wp-block-group is-vertical is-layout-flex wp-container-core-group-is-layout-8cf370e7 wp-block-group-is-layout-flex\">\n<h2 class=\"wp-block-heading\" style=\"padding-top:var(--wp--preset--spacing--40);padding-bottom:var(--wp--preset--spacing--40);font-size:25px;font-style:normal;font-weight:600;text-transform:capitalize\">Neden Bu 45 Derece Al\u00e7\u0131 Duvar Y\u0131kama Profilini Se\u00e7melisiniz?<\/h2>\n\n\n\n<ul class=\"wp-block-list\">\n<li>Al\u00e7\u0131ya yerle\u015ftirilen tasar\u0131m, profilin al\u00e7\u0131 i\u00e7inde g\u00f6m\u00fcl\u00fc kalmas\u0131n\u0131 sa\u011flar ve temiz, \u00e7er\u00e7evesiz bir g\u00f6r\u00fcn\u00fcm kazand\u0131r\u0131r.<\/li>\n\n\n\n<li>LED'lerinizi serin tutan ve uzun \u00f6m\u00fcrl\u00fc olan y\u00fcksek kaliteli 6063-T5 anodize al\u00fcminyumdan yap\u0131lm\u0131\u015ft\u0131r.<\/li>\n\n\n\n<li>15 mm geni\u015fli\u011finde t\u00fcm LED \u015feritleri ile, RGBW ve y\u00fcksek yo\u011funluklu olanlar d\u00e2hil, uyumludur.<\/li>\n\n\n\n<li>Has a frosted PC\u00a0diffuser that makes the light gentle and even without hot spots.<\/li>\n\n\n\n<li>Binalarda duvarlar\u0131, koridorlar\u0131, tavanlar\u0131 ve daha fazlas\u0131n\u0131 ayd\u0131nlatmak i\u00e7in m\u00fckemmeldir.<\/li>\n\n\n\n<li>Binalarla uyum sa\u011flamas\u0131 i\u00e7in boyanabilir veya beyaz anodize kaplama ile gelir.<\/li>\n<\/ul>\n<\/div>\n<\/div>\n\n\n\n<div class=\"wp-block-group is-vertical is-layout-flex wp-container-core-group-is-layout-d255d7c4 wp-block-group-is-layout-flex\" style=\"padding-top:var(--wp--preset--spacing--80);padding-bottom:var(--wp--preset--spacing--80)\">\n<hr class=\"wp-block-separator has-alpha-channel-opacity\"\/>\n\n\n\n<div class=\"wp-block-media-text has-media-on-the-right is-stacked-on-mobile\" style=\"grid-template-columns:auto 40%\"><div class=\"wp-block-media-text__content\">\n<h2 class=\"wp-block-heading\" style=\"padding-top:var(--wp--preset--spacing--40);padding-bottom:var(--wp--preset--spacing--40);font-size:25px;font-style:normal;font-weight:600;text-transform:capitalize\">Bu Profil Nas\u0131l Kullan\u0131l\u0131r<\/h2>\n\n\n\n<ul class=\"wp-block-list\">\n<li>Profilin boyutlar\u0131na uygun bir kanal kesmek i\u00e7in drywall veya al\u00e7\u0131pan\u0131 kesin.<\/li>\n\n\n\n<li>Use screws\u00a0to attach the profile to the studs.<\/li>\n\n\n\n<li>Al\u00e7\u0131n\u0131n i\u00e7inde temiz kalmas\u0131n\u0131 sa\u011flamak i\u00e7in koruyucu bir insersiyon yerle\u015ftirin.<\/li>\n\n\n\n<li>Flan\u015flar\u0131 al\u00e7\u0131 ile \u00f6rt\u00fcn ve p\u00fcr\u00fczs\u00fcz hale getirmek i\u00e7in z\u0131mparalay\u0131n.<\/li>\n\n\n\n<li>\u0130sterseniz, duvarla m\u00fckemmel bir \u015fekilde e\u015fle\u015fecek \u015fekilde boyay\u0131n.<\/li>\n\n\n\n<li>15 mm LED \u015feridinizi yerle\u015ftirin ve opal dif\u00fcz\u00f6r\u00fc yerine oturtun.<\/li>\n<\/ul>\n<\/div><figure class=\"wp-block-media-text__media\"><img loading=\"lazy\" decoding=\"async\" width=\"500\" height=\"500\" src=\"https:\/\/tangooled.com\/wp-content\/uploads\/2025\/12\/dwp20-ins.webp\" alt=\"45 degree led plaster wall wash profile for 15mm led strips\" class=\"wp-image-42938 size-full\" srcset=\"https:\/\/tangooled.com\/wp-content\/uploads\/2025\/12\/dwp20-ins.webp 500w, https:\/\/tangooled.com\/wp-content\/uploads\/2025\/12\/dwp20-ins-300x300.webp 300w, https:\/\/tangooled.com\/wp-content\/uploads\/2025\/12\/dwp20-ins-150x150.webp 150w\" sizes=\"auto, (max-width: 500px) 100vw, 500px\" \/><\/figure><\/div>\n<\/div>\n\n\n\n<div class=\"wp-block-group has-background is-vertical is-layout-flex wp-container-core-group-is-layout-b429018a wp-block-group-is-layout-flex\" style=\"background-color:#f1f1f1f2;padding-top:var(--wp--preset--spacing--70);padding-bottom:var(--wp--preset--spacing--70)\">\n<h2 class=\"wp-block-heading\" style=\"padding-top:var(--wp--preset--spacing--40);padding-bottom:var(--wp--preset--spacing--40);font-size:25px;font-style:normal;font-weight:600\">Uygulamalar &amp; Kullan\u0131m Senaryolar\u0131<\/h2>\n\n\n\n<ul class=\"wp-block-list\">\n<li>Architectural Wall Grazing:\u00a0Brings out the textures in stone, wood, or brick walls.<\/li>\n\n\n\n<li>Koridorlar ve Dar Alanlar: Karanl\u0131k, dar ortamlarda sizi y\u00f6nlendiren huzur verici bir \u0131\u015f\u0131k olu\u015fturur.<\/li>\n\n\n\n<li>Ceiling Cove Lighting:\u00a0This type of lighting makes the edges of the ceiling look nice and bright without being too bright.<\/li>\n\n\n\n<li>Retail &amp; Hospitality:\u00a0Adds high-end ambient lighting to stores, hotels, and restaurants.<\/li>\n<\/ul>\n<\/div>\n\n\n\n<div class=\"wp-block-group is-vertical is-layout-flex wp-container-core-group-is-layout-d255d7c4 wp-block-group-is-layout-flex\" style=\"padding-top:var(--wp--preset--spacing--80);padding-bottom:var(--wp--preset--spacing--80)\">\n<h2 class=\"wp-block-heading\" style=\"padding-top:var(--wp--preset--spacing--40);padding-bottom:var(--wp--preset--spacing--40);font-size:25px;font-style:normal;font-weight:600;text-transform:capitalize\">Be\u011fenebilece\u011finiz \u0130lgili \u00dcr\u00fcnler<\/h2>\n\n\n\n<ul class=\"wp-block-list\">\n<li><a href=\"https:\/\/tangooled.com\/tr\/urun\/black-led-profile-with-black-diffuser-for-10mm-led-strip-light\/\"><mark style=\"background-color:rgba(0, 0, 0, 0)\" class=\"has-inline-color has-vivid-red-color\">10 mm LED \u015eerit I\u015f\u0131\u011f\u0131 i\u00e7in Siyah LED Profili ve Siyah Dif\u00fcz\u00f6r<\/mark><\/a><\/li>\n\n\n\n<li><a href=\"https:\/\/tangooled.com\/tr\/urun\/22x15mm-led-light-channel-aluminum-extrusion-for-flexible-strips\/\"><mark style=\"background-color:rgba(0, 0, 0, 0)\" class=\"has-inline-color has-vivid-red-color\">Esnek \u015eeritler \u0130\u00e7in 22x15 mm LED I\u015f\u0131k Kanal\u0131 Al\u00fcminyum Ekstr\u00fczyonu<\/mark><\/a><\/li>\n\n\n\n<li><a href=\"https:\/\/tangooled.com\/tr\/urun\/18x9mm-led-tape-light-profile-for-surface-installation\/\"><mark style=\"background-color:rgba(0, 0, 0, 0)\" class=\"has-inline-color has-vivid-red-color\">Y\u00fczeye Montaj \u0130\u00e7in 18x9 mm LED \u015eerit I\u015f\u0131\u011f\u0131 Profili<\/mark><\/a><\/li>\n\n\n\n<li><a href=\"https:\/\/tangooled.com\/tr\/urun\/25x14m-surface-mounted-led-light-aluminum-profile\/\"><mark style=\"background-color:rgba(0, 0, 0, 0)\" class=\"has-inline-color has-vivid-red-color\">25x14 mm Y\u00fczeye Montajl\u0131 LED I\u015f\u0131k Al\u00fcminyum Profili<\/mark><\/a><\/li>\n<\/ul>\n<\/div>\n\n\n\n<div class=\"wp-block-group has-background\" style=\"background-color:#f1f1f1;padding-top:var(--wp--preset--spacing--80);padding-bottom:var(--wp--preset--spacing--80)\"><div class=\"wp-block-group__inner-container is-layout-constrained wp-block-group-is-layout-constrained\">\n<h2 class=\"wp-block-heading\" style=\"padding-top:var(--wp--preset--spacing--40);padding-bottom:var(--wp--preset--spacing--40);font-size:25px;font-style:normal;font-weight:600;text-transform:capitalize\">\u00f6zet<\/h2>\n\n\n\n<p>15 mm LED \u015feritler i\u00e7in 45 derecelik al\u00e7\u0131 duvar y\u0131kama profilimiz, bir oday\u0131 ayd\u0131nlatman\u0131n \u00e7er\u00e7evesiz, p\u00fcr\u00fczs\u00fcz ve \u00e7ekici bir yoludur. Dayan\u0131kl\u0131 al\u00fcminyumdan yap\u0131lm\u0131\u015ft\u0131r ve yumu\u015fak, g\u00f6z kama\u015ft\u0131rmayan duvar y\u0131kamalar\u0131 olu\u015fturabilen y\u00fcksek kaliteli bir dif\u00fcz\u00f6re sahiptir. Ev, ticari ve mimari ayd\u0131nlatma projeleri i\u00e7in m\u00fckemmeldir. Y\u00fcksek yo\u011funluklu LED \u015feridi ile \u00e7al\u0131\u015f\u0131r ve uzun s\u00fcre boyunca \u0131s\u0131y\u0131 kontrol alt\u0131nda tutarken al\u00e7\u0131pan veya al\u00e7\u0131n\u0131za b\u00fct\u00fcnle\u015fir.<\/p>\n<\/div><\/div>\n\n\n\n<p><\/p>","protected":false},"featured_media":13810,"template":"","meta":{"_acf_changed":true,"_seopress_robots_primary_cat":"none","_seopress_titles_title":"45 Degree Plaster Wall Wash Profile | 15mm LED Channel DWP20","_seopress_titles_desc":"The DWP20 is a professional 45 degree plaster wall wash profile designed for 15mm strips. Achieve a seamless, trimless wall washing effect that highlights textures and architectural details.","_seopress_robots_index":""},"pcb-width":[229],"product-cat":[197],"class_list":{"0":"post-42662","1":"product","2":"type-product","3":"status-publish","4":"has-post-thumbnail","6":"pcb-width-15-20mm","7":"product-cat-plaster-in-profile"},"acf":[],"_links":{"self":[{"href":"https:\/\/tangooled.com\/tr\/wp-json\/wp\/v2\/product\/42662","targetHints":{"allow":["GET"]}}],"collection":[{"href":"https:\/\/tangooled.com\/tr\/wp-json\/wp\/v2\/product"}],"about":[{"href":"https:\/\/tangooled.com\/tr\/wp-json\/wp\/v2\/types\/product"}],"wp:featuredmedia":[{"embeddable":true,"href":"https:\/\/tangooled.com\/tr\/wp-json\/wp\/v2\/media\/13810"}],"wp:attachment":[{"href":"https:\/\/tangooled.com\/tr\/wp-json\/wp\/v2\/media?parent=42662"}],"wp:term":[{"taxonomy":"pcb-width","embeddable":true,"href":"https:\/\/tangooled.com\/tr\/wp-json\/wp\/v2\/pcb-width?post=42662"},{"taxonomy":"product-cat","embeddable":true,"href":"https:\/\/tangooled.com\/tr\/wp-json\/wp\/v2\/product-cat?post=42662"}],"curies":[{"name":"wp","href":"https:\/\/api.w.org\/{rel}","templated":true}]}}