{"id":42658,"date":"2025-12-23T06:10:45","date_gmt":"2025-12-23T14:10:45","guid":{"rendered":"https:\/\/tangooled.com\/?post_type=product&#038;p=42658"},"modified":"2026-01-27T22:02:16","modified_gmt":"2026-01-28T06:02:16","slug":"anti-glare-indirect-lighting-curved-drywall-profile-dwp19","status":"publish","type":"product","link":"https:\/\/tangooled.com\/tr\/urun\/anti-glare-indirect-lighting-curved-drywall-profile-dwp19\/","title":{"rendered":"Dolayl\u0131 Al\u00e7\u0131 Ayd\u0131nlatmas\u0131 i\u00e7in Anti-Parlak E\u011frisel LED Profili DWP19"},"content":{"rendered":"<div class=\"wp-block-group is-vertical is-layout-flex wp-container-core-group-is-layout-d255d7c4 wp-block-group-is-layout-flex\" style=\"padding-top:var(--wp--preset--spacing--80);padding-bottom:var(--wp--preset--spacing--80)\">\n<p>Our anti-glare indirect lighting LED drywall profile is a curved, trimless, single flange aluminum extrusion made for plaster-in drywall installation. It gives you smooth, soft light that does not hurt your eyes. The DWP19 profile features a total width of 101mm and a significant overall height of 69mm. It is designed for mounting on an exposed shelf or surface, with the profile&#8217;s 48mm flange secured to the horizontal element. The channel includes a recess for a single LED strip, covered by a 21.5mm wide diffuser, ensuring the light source is completely hidden. This profile is fantastic for architects, interior designers, and lighting installers who desire modern design, clean lines, and a lot of visual comfort. It gives off a wide, semi-circular light beam that flows smoothly into the room.<\/p>\n<\/div>\n\n\n\n<div class=\"wp-block-group has-background is-vertical is-layout-flex wp-container-core-group-is-layout-d255d7c4 wp-block-group-is-layout-flex\" style=\"background-color:#f1f1f1;padding-top:var(--wp--preset--spacing--80);padding-bottom:var(--wp--preset--spacing--80)\">\n<div class=\"wp-block-group is-vertical is-layout-flex wp-container-core-group-is-layout-8cf370e7 wp-block-group-is-layout-flex\">\n<h2 class=\"wp-block-heading\" style=\"padding-top:var(--wp--preset--spacing--40);padding-bottom:var(--wp--preset--spacing--40);font-size:25px;font-style:normal;font-weight:600;text-transform:capitalize\">Bu g\u00f6z kama\u015ft\u0131rmayan dolayl\u0131 ayd\u0131nlatma LED kuru duvar profilini \u00f6zel k\u0131lan nedir?<\/h2>\n\n\n\n<ul class=\"wp-block-list\">\n<li>G\u00f6z Kama\u015ft\u0131rmayan Tasar\u0131m: LED \u0131\u015f\u0131k kayna\u011f\u0131 derin bir kanalda gizlidir; bu, parlak noktalar\u0131 ve \u0131\u015f\u0131k parlamalar\u0131n\u0131 engeller. Bu, odalar\u0131 sakin ve rahat hale getirir.<\/li>\n\n\n\n<li>Kavisli \u015eekil: Projenizin k\u0131vr\u0131mlar\u0131na uyacak \u015fekilde fabrikada b\u00fck\u00fclm\u00fc\u015ft\u00fcr. Dairevi duvarlar, tavanlardaki kubbeler, kemerler ve ak\u0131\u015fkan \u0131\u015f\u0131k \u00e7izgileri i\u00e7in idealdir.<\/li>\n\n\n\n<li>Tek Flanj\u0131n Yerle\u015ftirilmesi: Tek flanj, \u00e7er\u00e7eveye monte edilir ve al\u00e7\u0131 ile kaplanarak p\u00fcr\u00fczs\u00fcz ve trimsiz g\u00f6r\u00fcnmesini sa\u011flar.<\/li>\n\n\n\n<li>Dolayl\u0131 Ayd\u0131nlatma: I\u015f\u0131\u011f\u0131 duvarlar veya tavanlar \u00fczerinde yumu\u015fak bir \u015fekilde g\u00f6ndererek LED noktalar\u0131n\u0131 g\u00f6stermeden bir halojen efekti olu\u015fturur.<\/li>\n\n\n\n<li>Al\u00fcminyum Malzeme: Anodik kaplama yap\u0131lm\u0131\u015f al\u00fcminyum, g\u00fc\u00e7l\u00fcd\u00fcr, LED'leri so\u011fuk tutar ve y\u0131llarca dayan\u0131r.<\/li>\n\n\n\n<li>Dif\u00fczlenmi\u015f I\u015f\u0131k: Buzlu dif\u00fcz\u00f6r, \u0131\u015f\u0131\u011f\u0131 e\u015fit bir \u015fekilde da\u011f\u0131tarak temiz bir g\u00f6r\u00fcn\u00fcm sa\u011flar.<\/li>\n<\/ul>\n<\/div>\n<\/div>\n\n\n\n<div class=\"wp-block-group\" style=\"padding-top:var(--wp--preset--spacing--80);padding-bottom:var(--wp--preset--spacing--80)\"><div class=\"wp-block-group__inner-container is-layout-constrained wp-block-group-is-layout-constrained\">\n<div class=\"wp-block-media-text has-media-on-the-right is-stacked-on-mobile\" style=\"grid-template-columns:auto 40%\"><div class=\"wp-block-media-text__content\">\n<h2 class=\"wp-block-heading\" style=\"padding-top:var(--wp--preset--spacing--40);padding-bottom:var(--wp--preset--spacing--40);font-size:25px;font-style:normal;font-weight:600;text-transform:capitalize\">Bu kuru duvar profilini nas\u0131l kullan\u0131r\u0131m<\/h2>\n\n\n\n<ul class=\"wp-block-list\">\n<li>\u0130htiyac\u0131n\u0131za uygun kavisli profilinizi sipari\u015f edin.<\/li>\n\n\n\n<li>Tek flanj\u0131 kuru duvar \u00e7er\u00e7evesinin \u00fczerine yerle\u015ftirin.<\/li>\n\n\n\n<li>P\u00fcr\u00fczs\u00fcz ve e\u015fit bir g\u00f6r\u00fcn\u00fcm elde etmek i\u00e7in s\u0131va ve al\u00e7\u0131 kullan\u0131n.<\/li>\n\n\n\n<li>En fazla 15 mm geni\u015fli\u011finde olabilen LED \u015feridinizi yerle\u015ftirin.<\/li>\n\n\n\n<li>Yumu\u015fak, noktas\u0131z \u0131\u015f\u0131k elde etmek i\u00e7in buzlu dif\u00fcz\u00f6r\u00fc yerine oturtun.<\/li>\n\n\n\n<li>I\u015f\u0131k yo\u011funlu\u011funu ve k\u0131s\u0131lmas\u0131n\u0131 istedi\u011finiz gibi kontrol edebilmek i\u00e7in LED s\u00fcr\u00fcc\u00fcs\u00fcn\u00fc ba\u011flay\u0131n.<\/li>\n<\/ul>\n<\/div><figure class=\"wp-block-media-text__media\"><img loading=\"lazy\" decoding=\"async\" width=\"500\" height=\"500\" src=\"https:\/\/tangooled.com\/wp-content\/uploads\/2025\/12\/dwp19-ins.webp\" alt=\"anti glare led drywall profile curved indirect lighting single flange\" class=\"wp-image-42935 size-full\" srcset=\"https:\/\/tangooled.com\/wp-content\/uploads\/2025\/12\/dwp19-ins.webp 500w, https:\/\/tangooled.com\/wp-content\/uploads\/2025\/12\/dwp19-ins-300x300.webp 300w, https:\/\/tangooled.com\/wp-content\/uploads\/2025\/12\/dwp19-ins-150x150.webp 150w\" sizes=\"auto, (max-width: 500px) 100vw, 500px\" \/><\/figure><\/div>\n<\/div><\/div>\n\n\n\n<div class=\"wp-block-group has-background\" style=\"background-color:#f1f1f1f2;padding-top:var(--wp--preset--spacing--80);padding-bottom:var(--wp--preset--spacing--80)\"><div class=\"wp-block-group__inner-container is-layout-constrained wp-block-group-is-layout-constrained\">\n<h2 class=\"wp-block-heading\" style=\"padding-top:var(--wp--preset--spacing--40);padding-bottom:var(--wp--preset--spacing--40);font-size:25px;font-style:normal;font-weight:600;text-transform:capitalize\">Kavisli tek flanj profili DWP19 i\u00e7in ideal kullan\u0131m alanlar\u0131<\/h2>\n\n\n\n<ul class=\"wp-block-list\">\n<li>Duvarlar veya tavanlar boyunca kavsi ayd\u0131nlatma<\/li>\n\n\n\n<li>Ayd\u0131nlat\u0131lan kavisli kemerler ve kubbeli tavanlar&nbsp;<\/li>\n\n\n\n<li>Evlerde, ma\u011fazalarda, i\u015f yerlerinde ve otellerde vurgulu hatlar&nbsp;<\/li>\n\n\n\n<li>\u015e\u0131k y\u00fczer tavan efektleri<\/li>\n\n\n\n<li>Ta\u015f veya ah\u015fap gibi dokular i\u00e7in duvar alan\u0131 ayd\u0131nlatmas\u0131&nbsp;<\/li>\n\n\n\n<li>Lobi ve koridorlarda \u00e7evre ayd\u0131nlatmas\u0131<\/li>\n<\/ul>\n<\/div><\/div>\n\n\n\n<div class=\"wp-block-group is-vertical is-layout-flex wp-container-core-group-is-layout-d255d7c4 wp-block-group-is-layout-flex\" style=\"padding-top:var(--wp--preset--spacing--80);padding-bottom:var(--wp--preset--spacing--80)\">\n<h2 class=\"wp-block-heading\" style=\"padding-top:var(--wp--preset--spacing--40);padding-bottom:var(--wp--preset--spacing--40);font-size:25px;font-style:normal;font-weight:600;text-transform:capitalize\">\u0130li\u015fkili \u00dcr\u00fcnler ve Kaynaklar<\/h2>\n\n\n\n<ul class=\"wp-block-list\">\n<li><a href=\"https:\/\/tangooled.com\/tr\/urun\/anti-glare-led-drywall-profile-curved-indirect-lighting-single-flange\/\"><mark style=\"background-color:rgba(0, 0, 0, 0)\" class=\"has-inline-color has-vivid-red-color\">G\u00f6z Kama\u015ft\u0131rmayan LED Kuru Duvar Profili Kavisli Dolayl\u0131 Ayd\u0131nlatma Tek Flanj<\/mark><\/a><\/li>\n\n\n\n<li><a href=\"https:\/\/tangooled.com\/tr\/urun\/led-strip-light-channel-aluminum-profile-with-diffused-cover-6mm-height\/\"><mark style=\"background-color:rgba(0, 0, 0, 0)\" class=\"has-inline-color has-vivid-red-color\">Dif\u00fcz\u00f6r Kapakl\u0131 6mm Y\u00fckseklikteki LED \u015eerit I\u015f\u0131k Kanal\u0131 Al\u00fcminyum Profili<\/mark><\/a><\/li>\n\n\n\n<li><a href=\"https:\/\/tangooled.com\/tr\/urun\/trimless-drywall-led-channel-for-15mm-led-strip-lights\/\"><mark style=\"background-color:rgba(0, 0, 0, 0)\" class=\"has-inline-color has-vivid-red-color\">Trimless Kuru Duvar LED Kanal\u0131 15mm LED \u015eerit Ayd\u0131nlatmalar i\u00e7in<\/mark><\/a><\/li>\n\n\n\n<li><a href=\"https:\/\/tangooled.com\/tr\/urun\/25x6mm-low-profile-led-strip-channel-for-10mm-led-strip-light\/\"><mark style=\"background-color:rgba(0, 0, 0, 0)\" class=\"has-inline-color has-vivid-red-color\">25x6mm D\u00fc\u015f\u00fck Profilli LED \u015eerit Kanal\u0131 10mm LED \u015eerit I\u015f\u0131\u011f\u0131 \u0130\u00e7in<\/mark><\/a><\/li>\n<\/ul>\n<\/div>\n\n\n\n<div class=\"wp-block-group has-background\" style=\"background-color:#f1f1f1;padding-top:var(--wp--preset--spacing--80);padding-bottom:var(--wp--preset--spacing--80)\"><div class=\"wp-block-group__inner-container is-layout-constrained wp-block-group-is-layout-constrained\">\n<h2 class=\"wp-block-heading\" style=\"padding-top:var(--wp--preset--spacing--40);padding-bottom:var(--wp--preset--spacing--40);font-size:25px;font-style:normal;font-weight:600;text-transform:capitalize\">\u00f6zet<\/h2>\n\n\n\n<p>G\u00f6z kama\u015ft\u0131rmayan dolayl\u0131 ayd\u0131nlatma LED kuru duvar profilimiz, sadece al\u00e7\u0131 duvarlar i\u00e7in tek bir flanj ile p\u00fcr\u00fczs\u00fcz, trimsiz \u0131\u015f\u0131k isteyenler i\u00e7in harikad\u0131r. Bu profil, \u0131\u015f\u0131k projelerinizi daha kolay ve daha \u00e7ekici hale getirerek parlamay\u0131 azalt\u0131r.<\/p>\n<\/div><\/div>\n\n\n\n<p><\/p>","protected":false},"featured_media":13803,"template":"","meta":{"_acf_changed":true,"_seopress_robots_primary_cat":"none","_seopress_titles_title":"Anti-Glare Indirect LED Drywall Profile | Curved Single Flange DWP19","_seopress_titles_desc":"The DWP19 is anti glare indirect lighting led drywall profile with a curved single flange design. Create soft, hidden illumination in curved ceilings for a seamless trimless finish.","_seopress_robots_index":""},"pcb-width":[229],"product-cat":[197],"class_list":{"0":"post-42658","1":"product","2":"type-product","3":"status-publish","4":"has-post-thumbnail","6":"pcb-width-15-20mm","7":"product-cat-plaster-in-profile"},"acf":[],"_links":{"self":[{"href":"https:\/\/tangooled.com\/tr\/wp-json\/wp\/v2\/product\/42658","targetHints":{"allow":["GET"]}}],"collection":[{"href":"https:\/\/tangooled.com\/tr\/wp-json\/wp\/v2\/product"}],"about":[{"href":"https:\/\/tangooled.com\/tr\/wp-json\/wp\/v2\/types\/product"}],"wp:featuredmedia":[{"embeddable":true,"href":"https:\/\/tangooled.com\/tr\/wp-json\/wp\/v2\/media\/13803"}],"wp:attachment":[{"href":"https:\/\/tangooled.com\/tr\/wp-json\/wp\/v2\/media?parent=42658"}],"wp:term":[{"taxonomy":"pcb-width","embeddable":true,"href":"https:\/\/tangooled.com\/tr\/wp-json\/wp\/v2\/pcb-width?post=42658"},{"taxonomy":"product-cat","embeddable":true,"href":"https:\/\/tangooled.com\/tr\/wp-json\/wp\/v2\/product-cat?post=42658"}],"curies":[{"name":"wp","href":"https:\/\/api.w.org\/{rel}","templated":true}]}}