{"id":42657,"date":"2025-12-23T06:07:56","date_gmt":"2025-12-23T14:07:56","guid":{"rendered":"https:\/\/tangooled.com\/?post_type=product&#038;p=42657"},"modified":"2026-01-27T21:22:49","modified_gmt":"2026-01-28T05:22:49","slug":"curved-double-flange-led-drywall-profile-dual-strip-dwp18","status":"publish","type":"product","link":"https:\/\/tangooled.com\/tr\/urun\/curved-double-flange-led-drywall-profile-dual-strip-dwp18\/","title":{"rendered":"\u00c7ift \u015feritli i\u00e7in LED al\u00e7\u0131pan kavisli \u00e7ift flan\u015f profili"},"content":{"rendered":"<div class=\"wp-block-group is-vertical is-layout-flex wp-container-core-group-is-layout-d255d7c4 wp-block-group-is-layout-flex\" style=\"padding-top:var(--wp--preset--spacing--80);padding-bottom:var(--wp--preset--spacing--80)\">\n<p>Kavisli \u00e7ift flan\u015fl\u0131 LED al\u00e7\u0131pan profilimiz, mimari ayd\u0131nlatman\u0131z\u0131 hayata ge\u00e7irmek i\u00e7in \u00e7ift LED \u015feritleri i\u00e7in \u00f6zel olarak yap\u0131lm\u0131\u015ft\u0131r. Bu g\u00f6mme kavisli LED kanal\u0131, al\u00e7\u0131pan veya s\u0131va levhas\u0131na tam oturur. Kavisli duvarlar ve tavanlar \u00fczerinde g\u00f6mme LED \u00e7\u0131k\u0131nt\u0131lar gibi g\u00f6r\u00fcnen g\u00fczel, ak\u0131c\u0131 \u0131\u015f\u0131k hatlar\u0131 olu\u015fturman\u0131za olanak tan\u0131r. Tak\u0131ld\u0131\u011f\u0131nda tamamen gizlenirler. DWP18, toplam geni\u015fli\u011fi 133.5 mm ve flan\u015f seviyesinden 51 mm y\u00fcksekli\u011fi olan geni\u015f, simetrik bir \u015fekle sahiptir. \u0130ki farkl\u0131 LED \u015feridi tutmak \u00fczere tasarlanm\u0131\u015ft\u0131r ve her biri kavis alt\u0131ndaki 12.6 mm geni\u015fli\u011findeki dif\u00fcz\u00f6r segmentinin alt\u0131nda oturur. Bu muhte\u015fem 180 derecelik kemer tasar\u0131m\u0131, geni\u015f bir alana \u0131\u015f\u0131k yayar ve tavan yap\u0131s\u0131yla iyi bir uyum sa\u011flayarak ger\u00e7ek anlamda modern bir g\u00f6r\u00fcn\u00fcm olu\u015fturur.<\/p>\n<\/div>\n\n\n\n<div class=\"wp-block-group has-background is-vertical is-layout-flex wp-container-core-group-is-layout-d255d7c4 wp-block-group-is-layout-flex\" style=\"background-color:#f1f1f1;padding-top:var(--wp--preset--spacing--80);padding-bottom:var(--wp--preset--spacing--80)\">\n<div class=\"wp-block-group is-vertical is-layout-flex wp-container-core-group-is-layout-8cf370e7 wp-block-group-is-layout-flex\">\n<h2 class=\"wp-block-heading\" style=\"padding-top:var(--wp--preset--spacing--40);padding-bottom:var(--wp--preset--spacing--40);font-size:25px;font-style:normal;font-weight:600;text-transform:capitalize\">Neden Kavisli \u00c7ift Flan\u015fl\u0131 LED Al\u00e7\u0131pan Profilimizi Se\u00e7melisiniz?<\/h2>\n\n\n\n<ul class=\"wp-block-list\">\n<li>Double-flange for a smooth finish: The two flanges hold the drywall mud in place, making a surface that is smooth and trimless, hiding the profile and giving the impression of &#8220;light from nowhere.<\/li>\n\n\n\n<li>A\u00e7\u0131land\u0131r\u0131lm\u0131\u015f Ayd\u0131nlatma i\u00e7in \u0130kili Yuval\u0131 Tasar\u0131m: Her bir tabanda (birer tane) bulunan iki ayr\u0131 montaj yeri ile bu profil, iki y\u00fcksek yo\u011funluklu LED \u015feridinin montaj\u0131na olanak tan\u0131r ve geni\u015f a\u00e7\u0131 veya \u00e7ift b\u00f6lgeli ayd\u0131nlatma sa\u011flar.<\/li>\n\n\n\n<li>Y\u00fcksek s\u0131cakl\u0131k da\u011f\u0131t\u0131m\u0131: LED'lerin \u00f6mr\u00fcn\u00fc uzatmak i\u00e7in 6063-T5 mimari kalitede al\u00fcminyumdan yap\u0131lm\u0131\u015ft\u0131r.<\/li>\n\n\n\n<li>Frosted PC\u00a0diffuser: Light that is smooth and dot-free, with no glare.<\/li>\n<\/ul>\n<\/div>\n<\/div>\n\n\n\n<div class=\"wp-block-group\" style=\"padding-top:var(--wp--preset--spacing--80);padding-bottom:var(--wp--preset--spacing--80)\"><div class=\"wp-block-group__inner-container is-layout-constrained wp-block-group-is-layout-constrained\">\n<div class=\"wp-block-media-text has-media-on-the-right is-stacked-on-mobile\" style=\"grid-template-columns:auto 40%\"><div class=\"wp-block-media-text__content\">\n<h2 class=\"wp-block-heading\" style=\"padding-top:var(--wp--preset--spacing--40);padding-bottom:var(--wp--preset--spacing--40);font-size:25px;font-style:normal;font-weight:600;text-transform:capitalize\">Montaj Ad\u0131mlar\u0131<\/h2>\n\n\n\n<ul class=\"wp-block-list\">\n<li>Profili al\u00e7\u0131pan iskeletine vidalarla sabitleyin.<\/li>\n\n\n\n<li>Flan\u015flar \u00fczerinde al\u00e7\u0131pan levhalar\u0131 yerle\u015ftirin ve hi\u00e7bir aral\u0131k kalmad\u0131\u011f\u0131ndan emin olun.<\/li>\n\n\n\n<li>Flan\u015flara birle\u015fim bile\u015fi\u011fi s\u00fcr\u00fcn ve d\u00fczg\u00fcnle\u015ftirin.<\/li>\n\n\n\n<li>Son i\u015flemi, duvar veya tavan ile ayn\u0131 seviyede olmas\u0131 i\u00e7in z\u0131mparalay\u0131n ve boyay\u0131n.<\/li>\n\n\n\n<li>\u0130ki LED \u015feridini iki kanala yerle\u015ftirin.<\/li>\n\n\n\n<li>Yumu\u015fak, homojen bir \u0131\u015f\u0131k almak i\u00e7in dif\u00fcz\u00f6rleri yerle\u015ftirin.<\/li>\n\n\n\n<li>LED \u015feritleri, onlarla uyumlu d\u00fc\u015f\u00fck voltajl\u0131 bir g\u00fc\u00e7 kayna\u011f\u0131na ba\u011flay\u0131n.<\/li>\n<\/ul>\n<\/div><figure class=\"wp-block-media-text__media\"><img loading=\"lazy\" decoding=\"async\" width=\"500\" height=\"500\" src=\"https:\/\/tangooled.com\/wp-content\/uploads\/2025\/12\/dwp18-ins.webp\" alt=\"led drywall curved double flange profile for dual strip\" class=\"wp-image-42933 size-full\" srcset=\"https:\/\/tangooled.com\/wp-content\/uploads\/2025\/12\/dwp18-ins.webp 500w, https:\/\/tangooled.com\/wp-content\/uploads\/2025\/12\/dwp18-ins-300x300.webp 300w, https:\/\/tangooled.com\/wp-content\/uploads\/2025\/12\/dwp18-ins-150x150.webp 150w\" sizes=\"auto, (max-width: 500px) 100vw, 500px\" \/><\/figure><\/div>\n<\/div><\/div>\n\n\n\n<div class=\"wp-block-group has-background\" style=\"background-color:#f1f1f1f2;padding-top:var(--wp--preset--spacing--80);padding-bottom:var(--wp--preset--spacing--80)\"><div class=\"wp-block-group__inner-container is-layout-constrained wp-block-group-is-layout-constrained\">\n<h2 class=\"wp-block-heading\" style=\"padding-top:var(--wp--preset--spacing--40);padding-bottom:var(--wp--preset--spacing--40);font-size:25px;font-style:normal;font-weight:600\">Kavisli \u00c7ift Flan\u015fl\u0131 LED Al\u00e7\u0131pan Profilimizi Nas\u0131l Kullan\u0131l\u0131r<\/h2>\n\n\n\n<ul class=\"wp-block-list\">\n<li>Oturma odalar\u0131, ev sinemalar\u0131 ve giri\u015fler, dramatik duvar ayd\u0131nlatmas\u0131, tavan bo\u015fluklar\u0131 veya kesimsiz \u0131\u015f\u0131k yar\u0131klar\u0131 ile daha iyi g\u00f6r\u00fcn\u00fcr.<\/li>\n\n\n\n<li>Ticari Tasar\u0131m: Mimari ayd\u0131nlatman\u0131n atmosfere katk\u0131da bulundu\u011fu otel lobileri, modern i\u015f yerleri, perakende showroomlar\u0131 ve galeriler i\u00e7in harika.<\/li>\n\n\n\n<li>Mimari \u00d6zellikler: Duvardan duvara ge\u00e7i\u015fler, kubbe tavanlar, kavisli al\u00e7ak tavanlar ve g\u00f6mme b\u00f6l\u00fcmler i\u00e7in m\u00fckemmeldir.<\/li>\n<\/ul>\n<\/div><\/div>\n\n\n\n<div class=\"wp-block-group is-vertical is-layout-flex wp-container-core-group-is-layout-d255d7c4 wp-block-group-is-layout-flex\" style=\"padding-top:var(--wp--preset--spacing--80);padding-bottom:var(--wp--preset--spacing--80)\">\n<h2 class=\"wp-block-heading\" style=\"padding-top:var(--wp--preset--spacing--40);padding-bottom:var(--wp--preset--spacing--40);font-size:25px;font-style:normal;font-weight:600;text-transform:capitalize\">Ayd\u0131nlatma Kurulumunuzu Tamamlayacak \u0130lgili \u00dcr\u00fcnler<\/h2>\n\n\n\n<ul class=\"wp-block-list\">\n<li><a href=\"https:\/\/tangooled.com\/tr\/urun\/aluminum-profile-with-60-degree-lens-led-diffuser\/\"><mark style=\"background-color:rgba(0, 0, 0, 0)\" class=\"has-inline-color has-vivid-red-color\">60 derece lens dif\u00fcz\u00f6rl\u00fc al\u00fcminyum LED profili<\/mark><\/a> \u2014 for sharp light angles.<\/li>\n\n\n\n<li><mark style=\"background-color:rgba(0, 0, 0, 0)\" class=\"has-inline-color has-vivid-red-color\"><a href=\"https:\/\/tangooled.com\/tr\/urun\/25x14m-surface-mounted-led-light-aluminum-profile\/\">Y\u00fczeye monte edilebilen 25x14mm LED \u0131\u015f\u0131k al\u00fcminyum profili<\/a> <\/mark>\u2014 for surface installation.<\/li>\n\n\n\n<li><a href=\"https:\/\/tangooled.com\/tr\/urun\/aluminum-led-strip-extrusion-diffuser-channel-for-5050-double-row-led-strip\/\"><mark style=\"background-color:rgba(0, 0, 0, 0)\" class=\"has-inline-color has-vivid-red-color\">5050 \u00e7ift s\u0131ra LED \u015feridi i\u00e7in al\u00fcminyum LED \u015ferit \u00e7\u0131k\u0131nt\u0131 dif\u00fcz\u00f6r kanal\u0131<\/mark><\/a> \u2014 perfect double LED strip channel.<\/li>\n<\/ul>\n<\/div>\n\n\n\n<div class=\"wp-block-group has-background\" style=\"background-color:#f1f1f1;padding-top:var(--wp--preset--spacing--80);padding-bottom:var(--wp--preset--spacing--80)\"><div class=\"wp-block-group__inner-container is-layout-constrained wp-block-group-is-layout-constrained\">\n<h2 class=\"wp-block-heading\" style=\"padding-top:var(--wp--preset--spacing--40);padding-bottom:var(--wp--preset--spacing--40);font-size:25px;font-style:normal;font-weight:600;text-transform:capitalize\">\u00f6zet<\/h2>\n\n\n\n<p>\u00c7ift \u015feritli LED bant ayd\u0131nlatmalar\u0131 i\u00e7in kavisli \u00e7ift flan\u015fl\u0131 LED al\u00e7\u0131pan profilimiz, y\u00fcksek kaliteli, kesimsiz ve esnek mimari ayd\u0131nlatma i\u00e7in en iyi se\u00e7enektir. Hem ev hem de ticari projeler i\u00e7in harika ortam ayd\u0131nlatmas\u0131, vurgulu ayd\u0131nlatma ve duvar y\u0131kama efektleri sa\u011flar. Y\u00fcksek kaliteli al\u00fcminyum, geni\u015f kanala sahip olmas\u0131 ve p\u00fcr\u00fczs\u00fcz dif\u00fcz\u00f6r ile donat\u0131lm\u0131\u015ft\u0131r.<\/p>\n<\/div><\/div>\n\n\n\n<p><\/p>","protected":false},"featured_media":13794,"template":"","meta":{"_acf_changed":true,"_seopress_robots_primary_cat":"none","_seopress_titles_title":"Curved Double Flange LED Drywall Profile | Dual Strip DWP18 | TANGOOLED","_seopress_titles_desc":"The DWP18 is a heavy-duty curved double flange LED drywall profile built for dual strips. This hidden drywall LED channel offers superior stability for curved ceilings with a high-output trimless finish.","_seopress_robots_index":""},"pcb-width":[228],"product-cat":[197],"class_list":{"0":"post-42657","1":"product","2":"type-product","3":"status-publish","4":"has-post-thumbnail","6":"pcb-width-6-12mm","7":"product-cat-plaster-in-profile"},"acf":[],"_links":{"self":[{"href":"https:\/\/tangooled.com\/tr\/wp-json\/wp\/v2\/product\/42657","targetHints":{"allow":["GET"]}}],"collection":[{"href":"https:\/\/tangooled.com\/tr\/wp-json\/wp\/v2\/product"}],"about":[{"href":"https:\/\/tangooled.com\/tr\/wp-json\/wp\/v2\/types\/product"}],"wp:featuredmedia":[{"embeddable":true,"href":"https:\/\/tangooled.com\/tr\/wp-json\/wp\/v2\/media\/13794"}],"wp:attachment":[{"href":"https:\/\/tangooled.com\/tr\/wp-json\/wp\/v2\/media?parent=42657"}],"wp:term":[{"taxonomy":"pcb-width","embeddable":true,"href":"https:\/\/tangooled.com\/tr\/wp-json\/wp\/v2\/pcb-width?post=42657"},{"taxonomy":"product-cat","embeddable":true,"href":"https:\/\/tangooled.com\/tr\/wp-json\/wp\/v2\/product-cat?post=42657"}],"curies":[{"name":"wp","href":"https:\/\/api.w.org\/{rel}","templated":true}]}}