{"id":42655,"date":"2025-12-23T06:05:21","date_gmt":"2025-12-23T14:05:21","guid":{"rendered":"https:\/\/tangooled.com\/?post_type=product&#038;p=42655"},"modified":"2026-01-27T21:14:47","modified_gmt":"2026-01-28T05:14:47","slug":"pre-embedded-ceiling-curved-led-profile-hidden-drywall-dwp17","status":"publish","type":"product","link":"https:\/\/tangooled.com\/tr\/urun\/pre-embedded-ceiling-curved-led-profile-hidden-drywall-dwp17\/","title":{"rendered":"\u00d6nceden G\u00f6m\u00fcl\u00fc Tavan Kavisli Profil gizli al\u00e7\u0131pan led kanal\u0131"},"content":{"rendered":"<div class=\"wp-block-group is-vertical is-layout-flex wp-container-core-group-is-layout-d255d7c4 wp-block-group-is-layout-flex\" style=\"padding-top:var(--wp--preset--spacing--80);padding-bottom:var(--wp--preset--spacing--80)\">\n<p>\u00d6nceden g\u00f6m\u00fcl\u00fc tavan kavisli LED profilimiz, d\u00fczg\u00fcn ve g\u00fczel \u0131\u015f\u0131k \u00e7izgileri olu\u015fturman\u0131n en iyi yoludur. Bu al\u00e7\u0131pan i\u00e7in tasarlanm\u0131\u015f LED kanal\u0131 gizlidir ve tavanlarla duvarlara uyum sa\u011flar. Bu sayede mekan\u0131n\u0131za belirgin \u00e7er\u00e7eveler veya kenar s\u00fcslemeleri olmadan modern ve profesyonel bir g\u00f6r\u00fcn\u00fcm kazand\u0131r\u0131r. DWP17 profili, duvar kenar\u0131ndan 91.5mm geni\u015fli\u011finde ve maksimum 57.1mm y\u00fcksekli\u011finde geni\u015f bir tabana sahiptir. D\u00f6rtte bir daire \u015feklindeki tasar\u0131m\u0131, k\u00f6\u015felerde d\u00fczg\u00fcn bir ge\u00e7i\u015f sa\u011flar; duvardan tavana p\u00fcr\u00fczs\u00fcz bir ge\u00e7i\u015f sunar. \u0130\u00e7 k\u0131s\u0131m 34mm derinli\u011findedir; bu LED \u015feritler i\u00e7in yeterli alan sunar ve dif\u00fcz\u00f6r b\u00f6l\u00fcm\u00fc 12.8mm geni\u015fli\u011findedir. Dayan\u0131kl\u0131 al\u00fcminyumdan \u00fcretilmi\u015ftir ve al\u00e7\u0131pan veya s\u0131va i\u00e7erisine g\u00f6m\u00fclmek \u00fczere tasarlanm\u0131\u015ft\u0131r. Bu, p\u00fcr\u00fczs\u00fcz kavisler ve \u00e7izgiler olu\u015fturman\u0131za yard\u0131mc\u0131 olarak herhangi bir mekan\u0131n ayd\u0131nlatma efektini g\u00fczelle\u015ftirir.<\/p>\n<\/div>\n\n\n\n<div class=\"wp-block-group has-background\" style=\"background-color:#f1f1f1;padding-top:var(--wp--preset--spacing--80);padding-bottom:var(--wp--preset--spacing--80)\"><div class=\"wp-block-group__inner-container is-layout-constrained wp-block-group-is-layout-constrained\">\n<div class=\"wp-block-group is-vertical is-layout-flex wp-container-core-group-is-layout-8cf370e7 wp-block-group-is-layout-flex\">\n<h2 class=\"wp-block-heading\" style=\"padding-top:var(--wp--preset--spacing--40);padding-bottom:var(--wp--preset--spacing--40);font-size:25px;font-style:normal;font-weight:600;text-transform:capitalize\">Neden \u00d6nceden G\u00f6m\u00fcl\u00fc Tavan Kavisli LED Profilimizi Se\u00e7melisiniz?<\/h2>\n\n\n\n<ul class=\"wp-block-list\">\n<li>\u00c7er\u00e7evesiz ve Gizli: G\u00f6z\u00fcken kenarlar\u0131 olmadan al\u00e7\u0131\u043f\u0430\u043d\u0131n i\u00e7inde gizlidir.<\/li>\n\n\n\n<li>P\u00fcr\u00fczs\u00fcz ve Noktas\u0131z Ayd\u0131nlatma: E\u015fit \u0131\u015f\u0131k elde etmek i\u00e7in y\u00fcksek yo\u011funluklu LED \u015feritlerle kullan\u0131n.<\/li>\n\n\n\n<li>Dayan\u0131kl\u0131 Al\u00fcminyum: 6063-T5 ala\u015f\u0131m\u0131 hem destek hem de \u0131s\u0131 s\u00f6nd\u00fcr\u00fcc\u00fc g\u00f6revi g\u00f6r\u00fcr.<\/li>\n\n\n\n<li>G\u00fcvenli Montaj: Delikli s\u0131va in flana\u015flar duvarlara kilitlenir ve uzun \u00f6m\u00fcrl\u00fc bir biti\u015f sa\u011flar.<\/li>\n\n\n\n<li>Gizli al\u00e7\u0131pan i\u00e7erisine kaybolan p\u00fcr\u00fczs\u00fcz bir \u00f6nceden g\u00f6m\u00fcl\u00fc tavan kavisli LED profili ile mimarinizde ayd\u0131nlatmay\u0131 kolayca ekleyin. Yaln\u0131zca p\u00fcr\u00fczs\u00fcz, s\u00fcrekli \u0131\u015f\u0131k g\u00f6sterir.<\/li>\n<\/ul>\n<\/div>\n<\/div><\/div>\n\n\n\n<div class=\"wp-block-group is-vertical is-layout-flex wp-container-core-group-is-layout-d255d7c4 wp-block-group-is-layout-flex\" style=\"padding-top:var(--wp--preset--spacing--80);padding-bottom:var(--wp--preset--spacing--80)\">\n<hr class=\"wp-block-separator has-alpha-channel-opacity\"\/>\n\n\n\n<div class=\"wp-block-media-text has-media-on-the-right is-stacked-on-mobile\" style=\"grid-template-columns:auto 40%\"><div class=\"wp-block-media-text__content\">\n<h2 class=\"wp-block-heading\" style=\"padding-top:var(--wp--preset--spacing--40);padding-bottom:var(--wp--preset--spacing--40);font-size:25px;font-style:normal;font-weight:600;text-transform:capitalize\">Bu gizli al\u00e7\u0131pan LED kanal\u0131n\u0131 nas\u0131l kullan\u0131r\u0131m<\/h2>\n\n\n\n<ul class=\"wp-block-list\">\n<li>Kanali tavandaki direkler veya al\u00e7\u0131pan \u00e7er\u00e7evesine g\u00fcvenli bir \u015fekilde monte edin.<\/li>\n\n\n\n<li>P\u00fcr\u00fczs\u00fcz bir biti\u015f i\u00e7in, delikleri olan flana\u015flar\u0131n \u00fczerine al\u00e7\u0131 veya s\u0131va s\u00fcr\u00fcn.<\/li>\n\n\n\n<li>P\u00fcr\u00fczs\u00fcz bir tavan veya duvar y\u00fczeyi olu\u015fturmak i\u00e7in s\u0131vay\u0131 z\u0131mparalay\u0131n ve boyay\u0131n.<\/li>\n\n\n\n<li>LED \u015feridi kanala yerle\u015ftirin ve dif\u00fcz\u00f6r\u00fc yerine oturtun.<\/li>\n\n\n\n<li>Kontrol sistemini ve LED s\u00fcr\u00fcc\u00fcs\u00fcn\u00fc birbirine ba\u011flayarak elektrik almas\u0131n\u0131 ve k\u0131s\u0131lmas\u0131n\u0131 sa\u011flay\u0131n.<\/li>\n<\/ul>\n<\/div><figure class=\"wp-block-media-text__media\"><img loading=\"lazy\" decoding=\"async\" width=\"500\" height=\"500\" src=\"https:\/\/tangooled.com\/wp-content\/uploads\/2025\/12\/dwp17-ins.webp\" alt=\"pre embedded ceiling curved profile hidden drywall led channel\" class=\"wp-image-42924 size-full\" srcset=\"https:\/\/tangooled.com\/wp-content\/uploads\/2025\/12\/dwp17-ins.webp 500w, https:\/\/tangooled.com\/wp-content\/uploads\/2025\/12\/dwp17-ins-300x300.webp 300w, https:\/\/tangooled.com\/wp-content\/uploads\/2025\/12\/dwp17-ins-150x150.webp 150w\" sizes=\"auto, (max-width: 500px) 100vw, 500px\" \/><\/figure><\/div>\n<\/div>\n\n\n\n<div class=\"wp-block-group has-background\" style=\"background-color:#f1f1f1f2;padding-top:var(--wp--preset--spacing--80);padding-bottom:var(--wp--preset--spacing--80)\"><div class=\"wp-block-group__inner-container is-layout-constrained wp-block-group-is-layout-constrained\">\n<h2 class=\"wp-block-heading\" style=\"padding-top:var(--wp--preset--spacing--40);padding-bottom:var(--wp--preset--spacing--40);font-size:25px;font-style:normal;font-weight:600\">\u00d6nceden G\u00f6m\u00fcl\u00fc Tavan Kavisli LED Profilinin Kullan\u0131m Senaryolar\u0131<\/h2>\n\n\n\n<ul class=\"wp-block-list\">\n<li>Mimari Ge\u00e7i\u015fler: Duvarlar ile tavanlar aras\u0131ndaki ge\u00e7i\u015flere dikkat \u00e7ekmek i\u00e7in p\u00fcr\u00fczs\u00fcz ve zarif \u0131\u015f\u0131k kullan\u0131n.<\/li>\n\n\n\n<li>Arka Ayd\u0131nlatmal\u0131 Kavisli Duvarlar: Oteller, ma\u011fazalar veya modern evler i\u00e7in yumu\u015fak ortam ayd\u0131nlatmalar\u0131 olu\u015fturun.<\/li>\n\n\n\n<li>\u0130\u015fletmeler ve Evler i\u00e7in: Ofisler, al\u0131\u015fveri\u015f merkezleri, oteller ve l\u00fcks konutlar i\u00e7in harika.<\/li>\n<\/ul>\n<\/div><\/div>\n\n\n\n<div class=\"wp-block-group\" style=\"padding-top:var(--wp--preset--spacing--80);padding-bottom:var(--wp--preset--spacing--80)\"><div class=\"wp-block-group__inner-container is-layout-constrained wp-block-group-is-layout-constrained\">\n<h2 class=\"wp-block-heading\" style=\"padding-top:var(--wp--preset--spacing--40);padding-bottom:var(--wp--preset--spacing--40);font-size:25px;font-style:normal;font-weight:600;text-transform:capitalize\">Geli\u015fmi\u015f Ayd\u0131nlatma Sistemleri \u0130\u00e7in \u0130lgili \u00dcr\u00fcnler<\/h2>\n\n\n\n<ul class=\"wp-block-list\">\n<li><a href=\"https:\/\/tangooled.com\/tr\/urun\/black-led-diffuser-aluminum-channel-for-12mm-tape-lights\/\"><mark style=\"background-color:rgba(0, 0, 0, 0)\" class=\"has-inline-color has-vivid-red-color\">12 mm \u015eerit I\u015f\u0131klar i\u00e7in Siyah LED Dif\u00fcz\u00f6r Al\u00fcminyum Kanal<\/mark><\/a><\/li>\n\n\n\n<li><a href=\"https:\/\/tangooled.com\/tr\/urun\/led-strip-light-channel-aluminum-profile-with-diffused-cover-6mm-height\/\"><mark style=\"background-color:rgba(0, 0, 0, 0)\" class=\"has-inline-color has-vivid-red-color\">Dif\u00fcz\u00f6r Kapakl\u0131 6mm Y\u00fckseklikteki LED \u015eerit I\u015f\u0131k Kanal\u0131 Al\u00fcminyum Profili<\/mark><\/a><\/li>\n\n\n\n<li><a href=\"https:\/\/tangooled.com\/tr\/urun\/surface-mount-led-profile-with-frosted-diffuser-for-10mm-rope-lights\/\"><mark style=\"background-color:rgba(0, 0, 0, 0)\" class=\"has-inline-color has-vivid-red-color\">10mm Tel Ayd\u0131nlatmalar\u0131 i\u00e7in Buzlu Dif\u00fcz\u00f6rl\u00fc Y\u00fczeye Montaj LED Profili<\/mark><\/a><\/li>\n<\/ul>\n\n\n\n<p>Bu profiller, y\u00fczey montaj\u0131 ve ge\u00e7i\u015f ayd\u0131nlatmas\u0131 i\u00e7in uyumlu biti\u015fler ve stiller sa\u011flayarak gizli al\u00e7\u0131pan led kanal montajlar\u0131n\u0131 tamamlay\u0131c\u0131d\u0131r.<\/p>\n<\/div><\/div>\n\n\n\n<div class=\"wp-block-group has-background\" style=\"background-color:#f1f1f1;padding-top:var(--wp--preset--spacing--80);padding-bottom:var(--wp--preset--spacing--80)\"><div class=\"wp-block-group__inner-container is-layout-constrained wp-block-group-is-layout-constrained\">\n<p>\u00d6nceden g\u00f6m\u00fcl\u00fc tavan kavisli LED profilimiz, d\u00fczg\u00fcn, g\u00fc\u00e7l\u00fc ve dikkat \u00e7ekmeyen ayd\u0131nlatmaya sahiptir, bu sayede kavisli tavan ve duvarlar\u0131n\u0131z\u0131 canland\u0131r\u0131r. Bu gizli al\u00e7\u0131pan LED kanal\u0131, tasar\u0131m\u0131n\u0131zla uyumlu, kesintisiz \u0131\u015f\u0131k \u00e7izgileri olu\u015fturman\u0131z\u0131 sa\u011flar.<\/p>\n<\/div><\/div>\n\n\n\n<p><\/p>","protected":false},"featured_media":13789,"template":"","meta":{"_acf_changed":true,"_seopress_robots_primary_cat":"none","_seopress_titles_title":"Curved Pre-embedded LED Profile | Hidden Drywall Channel DWP17","_seopress_titles_desc":"The DWP17 is a pre-embedded ceiling curved led profile for creating seamless fluid light lines. This hidden drywall led channel blends into organic architectural shapes for a perfect trimless finish.","_seopress_robots_index":""},"pcb-width":[228],"product-cat":[197],"class_list":{"0":"post-42655","1":"product","2":"type-product","3":"status-publish","4":"has-post-thumbnail","6":"pcb-width-6-12mm","7":"product-cat-plaster-in-profile"},"acf":[],"_links":{"self":[{"href":"https:\/\/tangooled.com\/tr\/wp-json\/wp\/v2\/product\/42655","targetHints":{"allow":["GET"]}}],"collection":[{"href":"https:\/\/tangooled.com\/tr\/wp-json\/wp\/v2\/product"}],"about":[{"href":"https:\/\/tangooled.com\/tr\/wp-json\/wp\/v2\/types\/product"}],"wp:featuredmedia":[{"embeddable":true,"href":"https:\/\/tangooled.com\/tr\/wp-json\/wp\/v2\/media\/13789"}],"wp:attachment":[{"href":"https:\/\/tangooled.com\/tr\/wp-json\/wp\/v2\/media?parent=42655"}],"wp:term":[{"taxonomy":"pcb-width","embeddable":true,"href":"https:\/\/tangooled.com\/tr\/wp-json\/wp\/v2\/pcb-width?post=42655"},{"taxonomy":"product-cat","embeddable":true,"href":"https:\/\/tangooled.com\/tr\/wp-json\/wp\/v2\/product-cat?post=42655"}],"curies":[{"name":"wp","href":"https:\/\/api.w.org\/{rel}","templated":true}]}}