{"id":42653,"date":"2025-12-23T06:02:26","date_gmt":"2025-12-23T14:02:26","guid":{"rendered":"https:\/\/tangooled.com\/?post_type=product&#038;p=42653"},"modified":"2026-01-27T21:08:34","modified_gmt":"2026-01-28T05:08:34","slug":"trimless-drywall-led-channel-for-15mm-led-strip-lights","status":"publish","type":"product","link":"https:\/\/tangooled.com\/tr\/urun\/trimless-drywall-led-channel-for-15mm-led-strip-lights\/","title":{"rendered":"Trimless Kuru Duvar LED Kanal\u0131 15mm LED \u015eerit Ayd\u0131nlatmalar i\u00e7in"},"content":{"rendered":"<div class=\"wp-block-group is-vertical is-layout-flex wp-container-core-group-is-layout-d255d7c4 wp-block-group-is-layout-flex\" style=\"padding-top:var(--wp--preset--spacing--80);padding-bottom:var(--wp--preset--spacing--80)\">\n<p>D\u00fcz kenarl\u0131 al\u00e7\u0131pan LED kanal\u0131m\u0131z, 15 mm LED \u015ferit \u0131\u015f\u0131klar\u0131 i\u00e7in tasarlanm\u0131\u015ft\u0131r ve size do\u011fru, temiz bir \u0131\u015f\u0131k hatt\u0131 bulman\u0131za yard\u0131mc\u0131 olacakt\u0131r. Bu al\u00e7\u0131 i\u00e7ine yerle\u015ftirilen LED profili, do\u011frudan al\u00e7\u0131pan veya s\u0131va levhaya kurulmas\u0131 kolayd\u0131r ve ayd\u0131nlatman\u0131za modern, minimalist bir g\u00f6r\u00fcn\u00fcm kazand\u0131r\u0131r; g\u00f6r\u00fcn\u00fcr bir kenar veya \u00e7er\u00e7eve olmadan. DWP16, flan\u015flar aras\u0131 61.7 mm geni\u015fli\u011fe ve toplamda 13.6 mm y\u00fcksekli\u011fe sahiptir. LED \u015feritler i\u00e7in yap\u0131lan i\u00e7 bo\u015fluk, 20.9 mm geni\u015fli\u011finde olup, 28.8 mm geni\u015fli\u011finde bir kavisli dif\u00fcz\u00f6r ile kaplanm\u0131\u015ft\u0131r. Yerle\u015ftirildi\u011finde ve s\u0131va ile kapland\u0131\u011f\u0131nda, profil tam olarak d\u00fcz durur ve duvardan veya tavandan do\u011frudan gelen geni\u015f, e\u015fit bir \u0131\u015f\u0131k huzmesi verir. Bu g\u00f6z al\u0131c\u0131 ayd\u0131nlatma se\u00e7ene\u011fi, mimarisini geli\u015ftirmek isteyen modern evler ve i\u015fletmeler i\u00e7in harikad\u0131r.<\/p>\n<\/div>\n\n\n\n<div class=\"wp-block-group has-background\" style=\"background-color:#f1f1f1;padding-top:var(--wp--preset--spacing--80);padding-bottom:var(--wp--preset--spacing--80)\"><div class=\"wp-block-group__inner-container is-layout-constrained wp-block-group-is-layout-constrained\">\n<div class=\"wp-block-group is-vertical is-layout-flex wp-container-core-group-is-layout-8cf370e7 wp-block-group-is-layout-flex\">\n<h2 class=\"wp-block-heading\" style=\"padding-top:var(--wp--preset--spacing--40);padding-bottom:var(--wp--preset--spacing--40);font-size:25px;font-style:normal;font-weight:600;text-transform:capitalize\">Neden D\u00fcz Kenarl\u0131 Al\u00e7\u0131pan LED Kanal\u0131m\u0131z\u0131 Se\u00e7melisiniz?<\/h2>\n\n\n\n<ul class=\"wp-block-list\">\n<li>D\u00fcz Kenar Montaj\u0131: S\u0131va i\u00e7inde flan\u015flar, profili \u00fczerindeki s\u0131va ile kaplaman\u0131za olanak tan\u0131r. Hi\u00e7bir kenar g\u00f6r\u00fcnmez. Duvar veya tavana entegre edilmi\u015f, net, d\u00fcz bir \u0131\u015f\u0131k hatt\u0131 gibi g\u00f6r\u00fcn\u00fcr.<\/li>\n\n\n\n<li>15 mm LED \u015eeritlerle Uyumlu: Alan, Philips Hue veya \u00e7ift s\u0131ral\u0131 COB LED \u015feritleri gibi g\u00fc\u00e7l\u00fc, y\u00fcksek verimli LED \u015feritleri tutacak kadar b\u00fcy\u00fck.<\/li>\n\n\n\n<li>Y\u00fcksek Kaliteli Malzemeler: H\u0131zla so\u011fumas\u0131n\u0131 sa\u011flayan anodize al\u00fcminyum 6063-T5 malzemeden \u00fcretilmi\u015ftir. LED\u2019lerinizi serin tutar, b\u00f6ylece daha uzun \u00f6m\u00fcrl\u00fc olurlar.<\/li>\n\n\n\n<li>Noktas\u0131z Ayd\u0131nlatma: Matla\u015ft\u0131r\u0131lm\u0131\u015f polikarbonat (PC) dif\u00fcz\u00f6r\u00fc, \u0131\u015f\u0131\u011f\u0131 yumu\u015fak ve e\u015fit hale getirir, par\u0131lt\u0131 veya nokta olmaz.<\/li>\n\n\n\n<li>Kesmesi ve Kurulumu Kolay: Uzunlu\u011fu de\u011fi\u015ftirmek i\u00e7in bir testere kullan\u0131n, al\u00e7\u0131pan direklerine veya \u00e7er\u00e7eveye vidalay\u0131n, \u00fczerine s\u0131va yap\u0131n, z\u0131mparalay\u0131n ve boyay\u0131n.<\/li>\n\n\n\n<li>Bir\u00e7ok \u015fey i\u00e7in kullan\u0131labilir: mimari vurgular, alan ayd\u0131nlatmas\u0131, g\u00f6rev ayd\u0131nlatmas\u0131 ve evlerde, i\u015f yerlerinde, ma\u011fazalarda ve otellerde dolayl\u0131 ayd\u0131nlatma i\u00e7in harika.<\/li>\n<\/ul>\n<\/div>\n<\/div><\/div>\n\n\n\n<div class=\"wp-block-group is-vertical is-layout-flex wp-container-core-group-is-layout-d255d7c4 wp-block-group-is-layout-flex\" style=\"padding-top:var(--wp--preset--spacing--80);padding-bottom:var(--wp--preset--spacing--80)\">\n<hr class=\"wp-block-separator has-alpha-channel-opacity\"\/>\n\n\n\n<div class=\"wp-block-media-text has-media-on-the-right is-stacked-on-mobile\" style=\"grid-template-columns:auto 40%\"><div class=\"wp-block-media-text__content\">\n<h2 class=\"wp-block-heading\" style=\"padding-top:var(--wp--preset--spacing--40);padding-bottom:var(--wp--preset--spacing--40);font-size:25px;font-style:normal;font-weight:600;text-transform:capitalize\">Montaj ve Bak\u0131m \u0130pu\u00e7lar\u0131<\/h2>\n\n\n\n<ul class=\"wp-block-list\">\n<li>Al\u00fcminyum kanal ve dif\u00fcz\u00f6r\u00fc do\u011fru boyutta kesmek i\u00e7in ince di\u015fli bir testere kullan\u0131n.<\/li>\n\n\n\n<li>Direkler veya sa\u011flam \u00e7er\u00e7eveye vida ile sabitleyin.<\/li>\n\n\n\n<li>Delik olan flan\u015flara al\u00e7\u0131 s\u0131vas\u0131 s\u00fcr\u00fcn.<\/li>\n\n\n\n<li>Kuruduktan sonra, p\u00fcr\u00fczs\u00fczle\u015fene kadar z\u0131mparalay\u0131n ve duvarlar veya tavandaki renge uyacak \u015fekilde boyay\u0131n.<\/li>\n\n\n\n<li>LED \u015ferit \u0131\u015f\u0131klar\u0131 yerle\u015ftirin, fi\u015fe tak\u0131n ve keyfini \u00e7\u0131kar\u0131n!<\/li>\n<\/ul>\n<\/div><figure class=\"wp-block-media-text__media\"><img loading=\"lazy\" decoding=\"async\" width=\"500\" height=\"500\" src=\"https:\/\/tangooled.com\/wp-content\/uploads\/2025\/12\/dwp16-ins.webp\" alt=\"trimless drywall led channel for 15mm led strip lights\" class=\"wp-image-42919 size-full\" srcset=\"https:\/\/tangooled.com\/wp-content\/uploads\/2025\/12\/dwp16-ins.webp 500w, https:\/\/tangooled.com\/wp-content\/uploads\/2025\/12\/dwp16-ins-300x300.webp 300w, https:\/\/tangooled.com\/wp-content\/uploads\/2025\/12\/dwp16-ins-150x150.webp 150w\" sizes=\"auto, (max-width: 500px) 100vw, 500px\" \/><\/figure><\/div>\n<\/div>\n\n\n\n<div class=\"wp-block-group has-background\" style=\"background-color:#f1f1f1f2;padding-top:var(--wp--preset--spacing--80);padding-bottom:var(--wp--preset--spacing--80)\"><div class=\"wp-block-group__inner-container is-layout-constrained wp-block-group-is-layout-constrained\">\n<h2 class=\"wp-block-heading\" style=\"padding-top:var(--wp--preset--spacing--40);padding-bottom:var(--wp--preset--spacing--40);font-size:25px;font-style:normal;font-weight:600\">Bu d\u00fcz kenarl\u0131 al\u00e7\u0131pan LED kanal\u0131n\u0131 nas\u0131l kullanabilirsiniz<\/h2>\n\n\n\n<ul class=\"wp-block-list\">\n<li>Mimari Ayd\u0131nlatma: Temiz ve keskin ayd\u0131nlatma hatlar\u0131 yarat\u0131n ve duvarlar ve tavanlar i\u00e7inde kaybolsun. Temiz, modern bir tasar\u0131m i\u00e7in harika.<\/li>\n\n\n\n<li>Duvar ve Tavan Entegrasyonu: I\u015f\u0131k armat\u00fcr\u00fcn\u00fc gizlemek ve yaln\u0131zca \u0131\u015f\u0131\u011f\u0131n g\u00f6r\u00fcnmesini sa\u011flamak i\u00e7in al\u00e7\u0131pan i\u00e7ine yerle\u015ftirin.<\/li>\n\n\n\n<li>Ortam ve g\u00f6rev ayd\u0131nlatmas\u0131: oturma alanlar\u0131, mutfaklar, koridorlar, ofisler ve ma\u011fazalar i\u00e7in harika.<\/li>\n\n\n\n<li>Dekoratif Duvar \u00dcst Ayd\u0131nlatmas\u0131: P\u00fcr\u00fczl\u00fc y\u00fczeyleri yumu\u015fak \u0131\u015f\u0131k ile y\u0131kamak i\u00e7in dikey veya yatay olarak yerle\u015ftirebilirsiniz.<\/li>\n\n\n\n<li>Kovuk ve al\u00e7ak tavan ayd\u0131nlatmas\u0131: M\u00fckemmel dolayl\u0131 ayd\u0131nlatma i\u00e7in \u0131\u015f\u0131k kayna\u011f\u0131n\u0131 tamamen gizleyin.<\/li>\n<\/ul>\n<\/div><\/div>\n\n\n\n<div class=\"wp-block-group is-vertical is-layout-flex wp-container-core-group-is-layout-d255d7c4 wp-block-group-is-layout-flex\" style=\"padding-top:var(--wp--preset--spacing--80);padding-bottom:var(--wp--preset--spacing--80)\">\n<h2 class=\"wp-block-heading\" style=\"padding-top:var(--wp--preset--spacing--40);padding-bottom:var(--wp--preset--spacing--40);font-size:25px;font-style:normal;font-weight:600;text-transform:capitalize\">\u0130lgili \u00dcr\u00fcnler &amp; Ba\u011flant\u0131lar<\/h2>\n\n\n\n<ul class=\"wp-block-list\">\n<li>G\u00f6z at\u0131n <a href=\"https:\/\/tangooled.com\/tr\/urun\/black-led-diffuser-aluminum-channel-for-12mm-tape-lights\/\"><mark style=\"background-color:rgba(0, 0, 0, 0)\" class=\"has-inline-color has-vivid-red-color\">12 mm bant \u0131\u015f\u0131klar\u0131 i\u00e7in siyah LED dif\u00f6re al\u00fcminyum kanal<\/mark><\/a> daha k\u00fc\u00e7\u00fck \u015feritler i\u00e7in.<\/li>\n\n\n\n<li>Ke\u015ffedin <a href=\"https:\/\/tangooled.com\/tr\/urun\/surface-mount-led-profile-with-frosted-diffuser-for-10mm-rope-lights\/\"><mark style=\"background-color:rgba(0, 0, 0, 0)\" class=\"has-inline-color has-vivid-red-color\">10 mm iplikler i\u00e7in mat dif\u00f6re sahip y\u00fczeye montaj LED profili<\/mark><\/a> y\u00fczey montaj\u0131 gerekiyorsa.<\/li>\n\n\n\n<li>G\u00f6r\u00fcn\u00fcm <a href=\"https:\/\/tangooled.com\/tr\/urun\/22x15mm-led-light-channel-aluminum-extrusion-for-flexible-strips\/\"><mark style=\"background-color:rgba(0, 0, 0, 0)\" class=\"has-inline-color has-vivid-red-color\">Esnek \u015feritler i\u00e7in 22x15mm LED \u0131\u015f\u0131k kanal\u0131 al\u00fcminyum ekstr\u00fczyon<\/mark><\/a> alternatif ekstr\u00fczyon se\u00e7enekleri i\u00e7in.<\/li>\n\n\n\n<li>Kurulumunuzu tamamlay\u0131n<mark style=\"background-color:rgba(0, 0, 0, 0)\" class=\"has-inline-color has-vivid-red-color\"> <a href=\"https:\/\/tangooled.com\/tr\/urun\/aluminum-u-channel-with-curved-led-diffuser-inner-16mm\/\">kavisli LED dif\u00fcz\u00f6rl\u00fc al\u00fcminyum U kanal\u0131 16mm i\u00e7<\/a> <\/mark>kavisli \u0131\u015f\u0131k hatlar\u0131 i\u00e7in.<\/li>\n\n\n\n<li>E\u011fer tavanlar i\u00e7in d\u00fcz kenar tasar\u0131m\u0131 ar\u0131yorsan\u0131z, kontrol edin <a href=\"https:\/\/tangooled.com\/tr\/urun\/flush-mount-22mm-groove-use-aluminum-drywall-led-channel\/\"><mark style=\"background-color:rgba(0, 0, 0, 0)\" class=\"has-inline-color has-vivid-red-color\">d\u00fcz montaj 22mm oluk kullanarak al\u00fcminyum al\u00e7\u0131pan LED kanal\u0131<\/mark><\/a>.<\/li>\n<\/ul>\n<\/div>\n\n\n\n<div class=\"wp-block-group\" style=\"padding-top:0;padding-bottom:0\"><div class=\"wp-block-group__inner-container is-layout-constrained wp-block-group-is-layout-constrained\">\n<p>Bug\u00fcn d\u00fcz kenarl\u0131 al\u00e7\u0131pan LED kanal al\u0131n ve odan\u0131z\u0131n g\u00f6r\u00fcn\u00fcm\u00fcn\u00fc temiz, modern ve mimari ayd\u0131nlatma ile de\u011fi\u015ftirin. Sadece d\u00fcz bir \u0131\u015f\u0131k ve g\u00f6r\u00fcn\u00fcr bir kenar istemeyenler i\u00e7in harika.<\/p>\n<\/div><\/div>\n\n\n\n<p><\/p>","protected":false},"featured_media":13783,"template":"","meta":{"_acf_changed":true,"_seopress_robots_primary_cat":"none","_seopress_titles_title":"Trimless Drywall LED Channel | Wide 15mm Strip Housing DWP16","_seopress_titles_desc":"The DWP16 is a high-performance trimless drywall led channel optimized for 15mm led strip lights. Create a flawless, integrated linear light finish in plasterboards and ceilings.","_seopress_robots_index":""},"pcb-width":[229],"product-cat":[197],"class_list":{"0":"post-42653","1":"product","2":"type-product","3":"status-publish","4":"has-post-thumbnail","6":"pcb-width-15-20mm","7":"product-cat-plaster-in-profile"},"acf":[],"_links":{"self":[{"href":"https:\/\/tangooled.com\/tr\/wp-json\/wp\/v2\/product\/42653","targetHints":{"allow":["GET"]}}],"collection":[{"href":"https:\/\/tangooled.com\/tr\/wp-json\/wp\/v2\/product"}],"about":[{"href":"https:\/\/tangooled.com\/tr\/wp-json\/wp\/v2\/types\/product"}],"wp:featuredmedia":[{"embeddable":true,"href":"https:\/\/tangooled.com\/tr\/wp-json\/wp\/v2\/media\/13783"}],"wp:attachment":[{"href":"https:\/\/tangooled.com\/tr\/wp-json\/wp\/v2\/media?parent=42653"}],"wp:term":[{"taxonomy":"pcb-width","embeddable":true,"href":"https:\/\/tangooled.com\/tr\/wp-json\/wp\/v2\/pcb-width?post=42653"},{"taxonomy":"product-cat","embeddable":true,"href":"https:\/\/tangooled.com\/tr\/wp-json\/wp\/v2\/product-cat?post=42653"}],"curies":[{"name":"wp","href":"https:\/\/api.w.org\/{rel}","templated":true}]}}