{"id":42651,"date":"2025-12-23T05:59:15","date_gmt":"2025-12-23T13:59:15","guid":{"rendered":"https:\/\/tangooled.com\/?post_type=product&#038;p=42651"},"modified":"2026-02-01T22:35:57","modified_gmt":"2026-02-02T06:35:57","slug":"plaster-in-led-profile-2m-3m-for-gypsum-ceiling-recessed","status":"publish","type":"product","link":"https:\/\/tangooled.com\/tr\/urun\/plaster-in-led-profile-2m-3m-for-gypsum-ceiling-recessed\/","title":{"rendered":"Al\u00e7\u0131 tavan g\u00f6mme i\u00e7in 2m &#038; 3m'lik al\u00e7\u0131 i\u00e7inde LED profili"},"content":{"rendered":"<div class=\"wp-block-group is-vertical is-layout-flex wp-container-core-group-is-layout-d255d7c4 wp-block-group-is-layout-flex\" style=\"padding-top:var(--wp--preset--spacing--80);padding-bottom:var(--wp--preset--spacing--80)\">\n<p>Se\u00e7im i\u00e7in al\u00e7\u0131 i\u00e7inde 2m'lik ve al\u00e7\u0131 i\u00e7inde 3m'lik LED profilleri sunuyoruz. Bu profesyonel al\u00fcminyum kanallar, al\u00e7\u0131 duvarlar ve tavanlarda g\u00f6mme alanlarda kurulum i\u00e7in yap\u0131lm\u0131\u015ft\u0131r. Tamamen d\u00fczg\u00fcn, temiz ve kenars\u0131z bir biti\u015f sa\u011flamak i\u00e7in tasarlanm\u0131\u015ft\u0131r. Profil, montaj s\u0131ras\u0131nda \u00fcst\u00fc al\u00e7\u0131 ile kaplanan \u00f6zel kanatlara sahiptir. Bu, t\u00fcm al\u00fcminyum yap\u0131y\u0131 ve entegre LED \u015ferit \u0131\u015f\u0131\u011f\u0131n\u0131 gizler. Bu ak\u0131ll\u0131 al\u00e7\u0131 i\u00e7i yakla\u015f\u0131m, yaln\u0131zca yumu\u015fak, homojen ve noktalar olmadan bir \u0131\u015f\u0131k g\u00f6r\u00fcnmesini sa\u011flar. Keskin, modern bir g\u00f6r\u00fcn\u00fcm olu\u015fturur ve belirgin kenar veya t\u00fcmsek yoktur.<\/p>\n<\/div>\n\n\n\n<div class=\"wp-block-group has-background is-vertical is-layout-flex wp-container-core-group-is-layout-d255d7c4 wp-block-group-is-layout-flex\" style=\"background-color:#f1f1f1;padding-top:var(--wp--preset--spacing--80);padding-bottom:var(--wp--preset--spacing--80)\">\n<div class=\"wp-block-group is-vertical is-layout-flex wp-container-core-group-is-layout-8cf370e7 wp-block-group-is-layout-flex\">\n<h2 class=\"wp-block-heading\" style=\"padding-top:var(--wp--preset--spacing--40);padding-bottom:var(--wp--preset--spacing--40);font-size:25px;font-style:normal;font-weight:600;text-transform:capitalize\">Neden 2m veya 3m uzunlu\u011fundaki Al\u00e7\u0131 \u0130n LED Profilimizi Kullanmal\u0131s\u0131n\u0131z?<\/h2>\n\n\n\n<ul class=\"wp-block-list\">\n<li>Tavanlar ve duvarlarda montaj i\u00e7in yap\u0131ld\u0131, b\u00f6ylece d\u00fcz ve p\u00fcr\u00fczs\u00fczd\u00fcr.<\/li>\n\n\n\n<li>D\u00fcz ve p\u00fcr\u00fczs\u00fcz bir biti\u015f i\u00e7in al\u00e7\u0131y\u0131 tutan kanatlara sahiptir.<\/li>\n\n\n\n<li>Works with various LED strip lights that are 10\u201315mm wide.<\/li>\n\n\n\n<li>\u0130ki uzunlukta mevcuttur: 2 metre ve 3 metre.<\/li>\n\n\n\n<li>Il\u0131ma dayanabilen sa\u011flam 6063 T5 al\u00fcminyumdan yap\u0131lm\u0131\u015ft\u0131r.<\/li>\n\n\n\n<li>Il\u0131ma dayanabilen g\u00fc\u00e7l\u00fc 6063 T5 al\u00fcminyumdan yap\u0131lm\u0131\u015ft\u0131r.&nbsp;<\/li>\n\n\n\n<li>I\u015f\u0131\u011f\u0131 yumu\u015fak ve noktas\u0131z hale getiren bir frosted polikarbonat dif\u00fcz\u00f6r ile gelir.<\/li>\n<\/ul>\n<\/div>\n<\/div>\n\n\n\n<div class=\"wp-block-group is-vertical is-layout-flex wp-container-core-group-is-layout-d255d7c4 wp-block-group-is-layout-flex\" style=\"padding-top:var(--wp--preset--spacing--80);padding-bottom:var(--wp--preset--spacing--80)\">\n<hr class=\"wp-block-separator has-alpha-channel-opacity\"\/>\n\n\n\n<div class=\"wp-block-media-text has-media-on-the-right is-stacked-on-mobile\" style=\"grid-template-columns:auto 40%\"><div class=\"wp-block-media-text__content\">\n<h2 class=\"wp-block-heading\" style=\"padding-top:var(--wp--preset--spacing--40);padding-bottom:var(--wp--preset--spacing--40);font-size:25px;font-style:normal;font-weight:600;text-transform:capitalize\">Nas\u0131l kullan\u0131l\u0131r<\/h2>\n\n\n\n<p>Our plaster-in led profile&nbsp;2m or 3m fits into a groove created in your gypsum ceiling. Once you&#8217;ve screwed the profile into place:<\/p>\n\n\n\n<ul class=\"wp-block-list\">\n<li>Kanatlar\u0131n \u00fczerine al\u00e7\u0131 koyun.<\/li>\n\n\n\n<li>Al\u00e7\u0131y\u0131 d\u00fczg\u00fcnle\u015ftirin.<\/li>\n\n\n\n<li>Y\u00fcksek kaliteli bir LED \u015feridi yerle\u015ftirin.<\/li>\n\n\n\n<li>Opal dif\u00fcz\u00f6r\u00fc yerine koyun.<\/li>\n\n\n\n<li>Temiz, p\u00fcr\u00fczs\u00fcz LED ayd\u0131nlatma hatt\u0131n\u0131z\u0131 a\u00e7\u0131n.<\/li>\n<\/ul>\n<\/div><figure class=\"wp-block-media-text__media\"><img loading=\"lazy\" decoding=\"async\" width=\"500\" height=\"500\" src=\"https:\/\/tangooled.com\/wp-content\/uploads\/2025\/12\/dwp15-ins.webp\" alt=\"plaster in led profile 2m &amp; 3m for gypsum ceiling recessed\" class=\"wp-image-42914 size-full\" srcset=\"https:\/\/tangooled.com\/wp-content\/uploads\/2025\/12\/dwp15-ins.webp 500w, https:\/\/tangooled.com\/wp-content\/uploads\/2025\/12\/dwp15-ins-300x300.webp 300w, https:\/\/tangooled.com\/wp-content\/uploads\/2025\/12\/dwp15-ins-150x150.webp 150w\" sizes=\"auto, (max-width: 500px) 100vw, 500px\" \/><\/figure><\/div>\n<\/div>\n\n\n\n<div class=\"wp-block-group has-background is-vertical is-layout-flex wp-container-core-group-is-layout-b429018a wp-block-group-is-layout-flex\" style=\"background-color:#f1f1f1f2;padding-top:var(--wp--preset--spacing--70);padding-bottom:var(--wp--preset--spacing--70)\">\n<h2 class=\"wp-block-heading\" style=\"padding-top:var(--wp--preset--spacing--40);padding-bottom:var(--wp--preset--spacing--40);font-size:25px;font-style:normal;font-weight:600\">Bu Yerler \u0130\u00e7in Harika<\/h2>\n\n\n\n<ul class=\"wp-block-list\">\n<li>Evler: Oturma odalar\u0131nda, mutfaklarda ve koridorlarda ayd\u0131nlatma.<\/li>\n\n\n\n<li>Ofisler: Modern tavanda veya duvarlarda ayd\u0131nlatma.<\/li>\n\n\n\n<li>Oteller ve ma\u011fazalar: Markan\u0131z\u0131 sergilemek i\u00e7in keskin, kenars\u0131z \u0131\u015f\u0131k hatlar\u0131 kullan\u0131n.<\/li>\n\n\n\n<li>Mimarl\u0131k projeleri: Tavanlar\u0131, k\u00f6\u015feleri ve ni\u015fleri vurgulamak.<\/li>\n\n\n\n<li>G\u00f6rev Ayd\u0131nlatmas\u0131: \u0130yi \u0131\u015f\u0131\u011f\u0131n \u00f6nemli oldu\u011fu yerler, \u00f6rne\u011fin mutfaklar ve \u00e7al\u0131\u015fma alanlar\u0131.<\/li>\n<\/ul>\n<\/div>\n\n\n\n<div class=\"wp-block-group is-vertical is-layout-flex wp-container-core-group-is-layout-d255d7c4 wp-block-group-is-layout-flex\" style=\"padding-top:var(--wp--preset--spacing--80);padding-bottom:var(--wp--preset--spacing--80)\">\n<h2 class=\"wp-block-heading\" style=\"padding-top:var(--wp--preset--spacing--40);padding-bottom:var(--wp--preset--spacing--40);font-size:25px;font-style:normal;font-weight:600;text-transform:capitalize\">\u0130lgili \u00dcr\u00fcnler Hakk\u0131nda Daha Fazla Bilgi Edinin<\/h2>\n\n\n\n<ul class=\"wp-block-list\">\n<li>Bunu kontrol edin <a href=\"https:\/\/tangooled.com\/tr\/urun\/black-led-profile-with-black-diffuser-for-10mm-led-strip-light\/\"><mark style=\"background-color:rgba(0, 0, 0, 0)\" class=\"has-inline-color has-vivid-red-color\">10mm LED \u015ferit \u0131\u015f\u0131k i\u00e7in siyah dif\u00fcz\u00f6rl\u00fc siyah LED profili <\/mark><\/a>uyumlu aksesuarlar i\u00e7in.<\/li>\n\n\n\n<li>Ke\u015ffedin <a href=\"https:\/\/tangooled.com\/tr\/urun\/25x14m-surface-mounted-led-light-aluminum-profile\/\"><mark style=\"background-color:rgba(0, 0, 0, 0)\" class=\"has-inline-color has-vivid-red-color\">Y\u00fczeye montajl\u0131 25x14m LED \u0131\u015f\u0131k al\u00fcminyum profili y\u00fczeye montaj i\u00e7in<\/mark><\/a> se\u00e7enekleri.<\/li>\n\n\n\n<li>Daha d\u00fc\u015f\u00fck y\u00fckseklikte k\u00fc\u00e7\u00fck bir profile mi ihtiyac\u0131n\u0131z var? Deneyin <a href=\"https:\/\/tangooled.com\/tr\/urun\/led-strip-light-channel-aluminum-profile-with-diffused-cover-6mm-height\/\"><mark style=\"background-color:rgba(0, 0, 0, 0)\" class=\"has-inline-color has-vivid-red-color\">Dif\u00fcz\u00f6r kapakl\u0131 6mm y\u00fckseklikteki LED \u015ferit \u0131\u015f\u0131k kanal\u0131 al\u00fcminyum profil<\/mark><\/a>.<\/li>\n<\/ul>\n<\/div>\n\n\n\n<div class=\"wp-block-group has-background\" style=\"background-color:#f1f1f1;padding-top:var(--wp--preset--spacing--80);padding-bottom:var(--wp--preset--spacing--80)\"><div class=\"wp-block-group__inner-container is-layout-constrained wp-block-group-is-layout-constrained\">\n<h2 class=\"wp-block-heading\" style=\"padding-top:var(--wp--preset--spacing--40);padding-bottom:var(--wp--preset--spacing--40);font-size:25px;font-style:normal;font-weight:600;text-transform:capitalize\">son s\u00f6zler<\/h2>\n\n\n\n<p style=\"padding-right:var(--wp--preset--spacing--50);padding-left:var(--wp--preset--spacing--50)\">Al\u00e7\u0131 tavan\u0131n\u0131za g\u00f6mme ayd\u0131nlatma kurmak i\u00e7in bir sonraki projeniz i\u00e7in al\u00e7\u0131 i\u00e7inde LED profili 2m veya al\u00e7\u0131 i\u00e7inde LED profili 3m'i se\u00e7in. Uzun s\u00fcreli ve m\u00fckemmel bir yumu\u015fak \u0131\u015f\u0131k sa\u011flayan p\u00fcr\u00fczs\u00fcz, d\u00fcz bir biti\u015fin tad\u0131n\u0131 \u00e7\u0131kar\u0131n. Kenars\u0131z g\u00f6mme al\u00fcminyum profiller hem profesyoneller hem de ev tasar\u0131mc\u0131lar\u0131 i\u00e7in \u00fcretilmi\u015ftir. Mek\u00e2n\u0131n\u0131z\u0131 modern, ayd\u0131nl\u0131k ve \u015f\u0131k hale getirecekler.<\/p>\n<\/div><\/div>\n\n\n\n<p><\/p>","protected":false},"featured_media":13779,"template":"","meta":{"_acf_changed":true,"_seopress_robots_primary_cat":"none","_seopress_titles_title":"Plaster-in LED Profile 2m & 3m | Recessed Gypsum Ceiling Channel DWP15","_seopress_titles_desc":"The DWP15 is a professional plaster-in led profile available in 2m and 3m lengths. Designed for recessed gypsum ceiling installation, this trimless channel ensures a seamless linear light finish for large-scale projects.","_seopress_robots_index":""},"pcb-width":[229],"product-cat":[197],"class_list":{"0":"post-42651","1":"product","2":"type-product","3":"status-publish","4":"has-post-thumbnail","6":"pcb-width-15-20mm","7":"product-cat-plaster-in-profile"},"acf":[],"_links":{"self":[{"href":"https:\/\/tangooled.com\/tr\/wp-json\/wp\/v2\/product\/42651","targetHints":{"allow":["GET"]}}],"collection":[{"href":"https:\/\/tangooled.com\/tr\/wp-json\/wp\/v2\/product"}],"about":[{"href":"https:\/\/tangooled.com\/tr\/wp-json\/wp\/v2\/types\/product"}],"wp:featuredmedia":[{"embeddable":true,"href":"https:\/\/tangooled.com\/tr\/wp-json\/wp\/v2\/media\/13779"}],"wp:attachment":[{"href":"https:\/\/tangooled.com\/tr\/wp-json\/wp\/v2\/media?parent=42651"}],"wp:term":[{"taxonomy":"pcb-width","embeddable":true,"href":"https:\/\/tangooled.com\/tr\/wp-json\/wp\/v2\/pcb-width?post=42651"},{"taxonomy":"product-cat","embeddable":true,"href":"https:\/\/tangooled.com\/tr\/wp-json\/wp\/v2\/product-cat?post=42651"}],"curies":[{"name":"wp","href":"https:\/\/api.w.org\/{rel}","templated":true}]}}