{"id":42649,"date":"2025-12-23T05:56:05","date_gmt":"2025-12-23T13:56:05","guid":{"rendered":"https:\/\/tangooled.com\/?post_type=product&#038;p=42649"},"modified":"2026-01-27T21:04:35","modified_gmt":"2026-01-28T05:04:35","slug":"inner-25mm-width-led-drywall-corner-profile-for-down-direction-lighting","status":"publish","type":"product","link":"https:\/\/tangooled.com\/tr\/urun\/inner-25mm-width-led-drywall-corner-profile-for-down-direction-lighting\/","title":{"rendered":"A\u015fa\u011f\u0131 y\u00f6nde ayd\u0131nlatma i\u00e7in i\u00e7i 25mm geni\u015fli\u011finde led al\u00e7\u0131pan k\u00f6\u015fe profili"},"content":{"rendered":"<div class=\"wp-block-group is-vertical is-layout-flex wp-container-core-group-is-layout-d255d7c4 wp-block-group-is-layout-flex\" style=\"padding-top:var(--wp--preset--spacing--80);padding-bottom:var(--wp--preset--spacing--80)\">\n<p>Our 25mm inner width LED drywall profile is a smart and stylish solution for recessed corner lighting. It fits well in the corners of drywall or gypsum and makes wonderful light lines. It&#8217;s good for professionals and DIYers. The trimless corner lighting effect from this drywall corner light channel goes well with your walls. Instead of huge frames or trimmings, you&#8217;ll see beautiful light coming from a large, strong aluminum\u00a0housing with no dots. The profile&#8217;s shape\u00a0makes it reflect light down and away from the corner. This makes directional downlighting that works well for wall grazing, accent lighting, or gentle ambient lighting in living rooms, hotels, businesses, or stores.<\/p>\n<\/div>\n\n\n\n<div class=\"wp-block-group has-background is-vertical is-layout-flex wp-container-core-group-is-layout-d255d7c4 wp-block-group-is-layout-flex\" style=\"background-color:#f1f1f1;padding-top:var(--wp--preset--spacing--80);padding-bottom:var(--wp--preset--spacing--80)\">\n<div class=\"wp-block-group is-vertical is-layout-flex wp-container-core-group-is-layout-8cf370e7 wp-block-group-is-layout-flex\">\n<h2 class=\"wp-block-heading\" style=\"padding-top:var(--wp--preset--spacing--40);padding-bottom:var(--wp--preset--spacing--40);font-size:25px;font-style:normal;font-weight:600;text-transform:capitalize\">Neden \u0130\u00e7 Geni\u015fli\u011fi 25mm Olan LED Al\u00e7\u0131pan Profilimizi Se\u00e7melisiniz?<\/h2>\n\n\n\n<ul class=\"wp-block-list\">\n<li>S\u0131f\u0131r trim, al\u00e7\u0131ya entegre tasar\u0131m: Al\u00e7\u0131pan k\u00f6\u015felerine, temiz bir finish i\u00e7in gizli bir \u00e7er\u00e7eve ile ba\u011flan\u0131r.<\/li>\n\n\n\n<li>Inner\u00a025mm wide\u00a0channel: This lets you use high-output LED tape to make the light brighter because it fits wide LED strips.<\/li>\n\n\n\n<li>I\u015f\u0131k y\u00f6n\u00fc a\u015fa\u011f\u0131: A\u00e7\u0131l\u0131 \u0131\u015f\u0131k, duvarlar\u0131 m\u00fckemmel bir \u015fekilde ayd\u0131nlat\u0131r ve a\u015f\u0131r\u0131 parlak olmadan ho\u015f bir par\u0131lt\u0131 yarat\u0131r.<\/li>\n\n\n\n<li>G\u00fc\u00e7l\u00fc malzeme: Anodize 6063-T5 al\u00fcminyum g\u00fc\u00e7l\u00fcd\u00fcr ve uzun \u00f6m\u00fcrl\u00fcd\u00fcr, ayn\u0131 zamanda \u0131s\u0131y\u0131 kolayca d\u0131\u015far\u0131 atar.<\/li>\n\n\n\n<li>D\u00fczg\u00fcn \u0131\u015f\u0131k \u00e7\u0131k\u0131\u015f\u0131: Opal dif\u00fcz\u00f6r, \u0131\u015f\u0131\u011f\u0131n e\u015fit \u015fekilde yay\u0131lmas\u0131n\u0131 sa\u011flar, b\u00f6ylece karanl\u0131k noktalar olu\u015fmaz.<\/li>\n<\/ul>\n<\/div>\n<\/div>\n\n\n\n<div class=\"wp-block-group is-vertical is-layout-flex wp-container-core-group-is-layout-d255d7c4 wp-block-group-is-layout-flex\" style=\"padding-top:var(--wp--preset--spacing--80);padding-bottom:var(--wp--preset--spacing--80)\">\n<hr class=\"wp-block-separator has-alpha-channel-opacity\"\/>\n\n\n\n<div class=\"wp-block-media-text has-media-on-the-right is-stacked-on-mobile\" style=\"grid-template-columns:auto 40%\"><div class=\"wp-block-media-text__content\">\n<h2 class=\"wp-block-heading\" style=\"padding-top:var(--wp--preset--spacing--40);padding-bottom:var(--wp--preset--spacing--40);font-size:25px;font-style:normal;font-weight:600;text-transform:capitalize\">Kurulumu ve kullan\u0131m\u0131 basit<\/h2>\n\n\n\n<ul class=\"wp-block-list\">\n<li>Fits standard drywall thickness, so it&#8217;s easy to put up on walls and ceilings.\u00a0<\/li>\n\n\n\n<li>Onlar\u0131 al\u00e7\u0131 ve s\u0131va ile kaplaman\u0131z\u0131 sa\u011flayan deliklere sahip al\u00e7\u0131 flan\u015flar\u0131 vard\u0131r.<\/li>\n\n\n\n<li>Snap-in opal dif\u00fcz\u00f6r, \u0131\u015f\u0131\u011f\u0131 yumu\u015fat\u0131r ve e\u015fit da\u011f\u0131t\u0131r ve LED noktalar\u0131n\u0131 gizler.\u00a0<\/li>\n\n\n\n<li>Bunu bir miter testeresi kullanarak yerinde kesebilirsiniz.<\/li>\n\n\n\n<li>RGB, y\u00fcksek CRI ve dimmable \u015feritler gibi bir\u00e7ok LED \u015ferit \u0131\u015f\u0131\u011f\u0131 ile \u00e7al\u0131\u015f\u0131r.<\/li>\n<\/ul>\n<\/div><figure class=\"wp-block-media-text__media\"><img loading=\"lazy\" decoding=\"async\" width=\"500\" height=\"500\" src=\"https:\/\/tangooled.com\/wp-content\/uploads\/2025\/12\/dwp14-ins.webp\" alt=\"A\u015fa\u011f\u0131 y\u00f6nde ayd\u0131nlatma i\u00e7in i\u00e7i 25mm geni\u015fli\u011finde led al\u00e7\u0131pan k\u00f6\u015fe profili\" class=\"wp-image-42904 size-full\" srcset=\"https:\/\/tangooled.com\/wp-content\/uploads\/2025\/12\/dwp14-ins.webp 500w, https:\/\/tangooled.com\/wp-content\/uploads\/2025\/12\/dwp14-ins-300x300.webp 300w, https:\/\/tangooled.com\/wp-content\/uploads\/2025\/12\/dwp14-ins-150x150.webp 150w\" sizes=\"auto, (max-width: 500px) 100vw, 500px\" \/><\/figure><\/div>\n<\/div>\n\n\n\n<div class=\"wp-block-group has-background\" style=\"background-color:#f1f1f1f2;padding-top:var(--wp--preset--spacing--80);padding-bottom:var(--wp--preset--spacing--80)\"><div class=\"wp-block-group__inner-container is-layout-constrained wp-block-group-is-layout-constrained\">\n<h2 class=\"wp-block-heading\" style=\"padding-top:var(--wp--preset--spacing--40);padding-bottom:var(--wp--preset--spacing--40);font-size:25px;font-style:normal;font-weight:600\">Bu Profili Nerelerde Kullanabilirsiniz?<\/h2>\n\n\n\n<ul class=\"wp-block-list\">\n<li>Duvar-tavan cove'lar\u0131: Duvarlar ve tavanlar boyunca s\u00fcz\u00fclen \u0131\u015f\u0131k \u00e7izgileri tavana y\u00fckseklik kazand\u0131r\u0131r.<\/li>\n\n\n\n<li>Dikey k\u00f6\u015feler: Duvardan tavana kadar giden ayd\u0131nlatma, oday\u0131 daha g\u00fczel ve ilgin\u00e7 hale getirir.<\/li>\n\n\n\n<li>stairwells and hallways: Safe light that doesn&#8217;t produce glare for lengthy hallways and staircases.<\/li>\n\n\n\n<li>Perakende ve konaklama: Sergilere ve mimari ayr\u0131nt\u0131lara dikkat \u00e7ekmek i\u00e7in yumu\u015fak \u0131\u015f\u0131k vurgular\u0131 kullan\u0131n.\u00a0<\/li>\n<\/ul>\n<\/div><\/div>\n\n\n\n<div class=\"wp-block-group is-vertical is-layout-flex wp-container-core-group-is-layout-d255d7c4 wp-block-group-is-layout-flex\" style=\"padding-top:var(--wp--preset--spacing--80);padding-bottom:var(--wp--preset--spacing--80)\">\n<h2 class=\"wp-block-heading\" style=\"padding-top:var(--wp--preset--spacing--40);padding-bottom:var(--wp--preset--spacing--40);font-size:25px;font-style:normal;font-weight:600;text-transform:capitalize\">Daha Fazla Profil Ke\u015ffedin<\/h2>\n\n\n\n<ul class=\"wp-block-list\">\n<li>G\u00f6z at\u0131n<mark style=\"background-color:rgba(0, 0, 0, 0)\" class=\"has-inline-color has-vivid-red-color\"> <a href=\"https:\/\/tangooled.com\/tr\/urun\/25x14m-surface-mounted-led-light-aluminum-profile\/\">Y\u00fczeye monte edilebilen 25x14mm LED \u0131\u015f\u0131k al\u00fcminyum profili<\/a><\/mark> y\u00fczey montajlar\u0131 i\u00e7in.<\/li>\n\n\n\n<li>Daha k\u00fc\u00e7\u00fck bir boyuta m\u0131 ihtiyac\u0131n\u0131z var? \u015euna bak\u0131n <a href=\"https:\/\/tangooled.com\/tr\/urun\/18x9mm-led-tape-light-profile-for-surface-installation\/\"><mark style=\"background-color:rgba(0, 0, 0, 0)\" class=\"has-inline-color has-vivid-red-color\">18x9mm LED \u015ferit \u0131\u015f\u0131k profili<\/mark><\/a> kompakt kurulumlar i\u00e7in.<\/li>\n\n\n\n<li>A\u00e7\u0131l\u0131 ayd\u0131nlatma ihtiya\u00e7lar\u0131n\u0131z i\u00e7in, deneyin <a href=\"https:\/\/tangooled.com\/tr\/urun\/aluminum-profile-with-60-degree-lens-led-diffuser\/\"><mark style=\"background-color:rgba(0, 0, 0, 0)\" class=\"has-inline-color has-vivid-red-color\">60 derece lensli al\u00fcminyum profil LED dif\u00fcz\u00f6r<\/mark><\/a>.<\/li>\n<\/ul>\n<\/div>\n\n\n\n<div class=\"wp-block-group has-background\" style=\"background-color:#f1f1f1;padding-top:var(--wp--preset--spacing--80);padding-bottom:var(--wp--preset--spacing--80)\"><div class=\"wp-block-group__inner-container is-layout-constrained wp-block-group-is-layout-constrained\">\n<h2 class=\"wp-block-heading\" style=\"padding-top:var(--wp--preset--spacing--40);padding-bottom:var(--wp--preset--spacing--40);font-size:25px;font-style:normal;font-weight:600;text-transform:capitalize\">\u00f6zet<\/h2>\n\n\n\n<p style=\"padding-right:var(--wp--preset--spacing--50);padding-left:var(--wp--preset--spacing--50)\">A\u015fa\u011f\u0131 y\u00f6nde ayd\u0131nlatma i\u00e7in i\u00e7i 25mm geni\u015fli\u011finde LED al\u00e7\u0131pan k\u00f6\u015fe profilimiz, odan\u0131z\u0131n hissini de\u011fi\u015ftirir. Ev mimari ayd\u0131nlatmas\u0131ndan perakende ve konaklama kurulumlar\u0131na kadar her \u015feyi temiz ve parlak g\u00f6sterir. Kurulumu kolay ve uzun \u00f6m\u00fcrl\u00fc oldu\u011fu i\u00e7in, kusursuz bir al\u00e7\u0131pan ayd\u0131nlatma kurulumu i\u00e7in harika bir se\u00e7imdir.<\/p>\n<\/div><\/div>\n\n\n\n<p><\/p>","protected":false},"featured_media":13772,"template":"","meta":{"_acf_changed":true,"_seopress_robots_primary_cat":"none","_seopress_titles_title":"25mm Wide Drywall LED Profile | Downlight Corner Channel DWP14 | TANGOOLED","_seopress_titles_desc":"The DWP14 is a high-output 25mm inner width led drywall profile for down-direction corner lighting. Achieve a trimless, powerful linear glow at wall junctions with this wide aluminum channel.","_seopress_robots_index":""},"pcb-width":[230],"product-cat":[197],"class_list":{"0":"post-42649","1":"product","2":"type-product","3":"status-publish","4":"has-post-thumbnail","6":"pcb-width-20-25mm","7":"product-cat-plaster-in-profile"},"acf":[],"_links":{"self":[{"href":"https:\/\/tangooled.com\/tr\/wp-json\/wp\/v2\/product\/42649","targetHints":{"allow":["GET"]}}],"collection":[{"href":"https:\/\/tangooled.com\/tr\/wp-json\/wp\/v2\/product"}],"about":[{"href":"https:\/\/tangooled.com\/tr\/wp-json\/wp\/v2\/types\/product"}],"wp:featuredmedia":[{"embeddable":true,"href":"https:\/\/tangooled.com\/tr\/wp-json\/wp\/v2\/media\/13772"}],"wp:attachment":[{"href":"https:\/\/tangooled.com\/tr\/wp-json\/wp\/v2\/media?parent=42649"}],"wp:term":[{"taxonomy":"pcb-width","embeddable":true,"href":"https:\/\/tangooled.com\/tr\/wp-json\/wp\/v2\/pcb-width?post=42649"},{"taxonomy":"product-cat","embeddable":true,"href":"https:\/\/tangooled.com\/tr\/wp-json\/wp\/v2\/product-cat?post=42649"}],"curies":[{"name":"wp","href":"https:\/\/api.w.org\/{rel}","templated":true}]}}