{"id":42647,"date":"2025-12-23T05:53:30","date_gmt":"2025-12-23T13:53:30","guid":{"rendered":"https:\/\/tangooled.com\/?post_type=product&#038;p=42647"},"modified":"2026-01-27T20:57:00","modified_gmt":"2026-01-28T04:57:00","slug":"inner-20mm-width-led-plaster-in-channel-profile","status":"publish","type":"product","link":"https:\/\/tangooled.com\/tr\/urun\/inner-20mm-width-led-plaster-in-channel-profile\/","title":{"rendered":"\u0130\u00e7 geni\u015fli\u011fi 20 mm olan LED al\u00e7\u0131 profil kanal\u0131"},"content":{"rendered":"<div class=\"wp-block-group is-vertical is-layout-flex wp-container-core-group-is-layout-d255d7c4 wp-block-group-is-layout-flex\" style=\"padding-top:var(--wp--preset--spacing--80);padding-bottom:var(--wp--preset--spacing--80)\">\n<p>\u0130\u00e7 geni\u015fli\u011fi 20 mm olan LED al\u00e7\u0131 profili, p\u00fcr\u00fczs\u00fcz ve net bir \u0131\u015f\u0131k yayar. Bu \u00fcr\u00fcn, al\u00e7\u0131 levha veya al\u00e7\u0131yla m\u00fckemmel uyum sa\u011flayarak modern bir g\u00f6r\u00fcn\u00fcm i\u00e7in idealdir ve sade, \u00e7er\u00e7evesiz bir biti\u015f b\u0131rak\u0131r. Bu&nbsp;DWP13 kanal\u0131&nbsp;23.1 mm y\u00fcksekli\u011finde ve flangeleri boyunca 64.2 mm geni\u015fli\u011findedir. \u0130\u00e7 b\u00f6lme 20 mm geni\u015fli\u011finde ve 9.8 mm derinli\u011finde tipik LED \u015feritlerini tutabilir. \u00c7e\u015fitli LED \u015feritleriyle \u00e7al\u0131\u015f\u0131r ve \u00e7ok fazla \u0131\u015f\u0131k yayar. Bu, evler, ofisler ve perakendeciler i\u00e7in harika bir \u00fcr\u00fcnd\u00fcr. Verdi\u011fi \u0131\u015f\u0131k yumu\u015fak ama g\u00fc\u00e7l\u00fcd\u00fcr ve mimari ile iyi uyum sa\u011flar.<\/p>\n<\/div>\n\n\n\n<div class=\"wp-block-group has-background is-vertical is-layout-flex wp-container-core-group-is-layout-d255d7c4 wp-block-group-is-layout-flex\" style=\"background-color:#f1f1f1;padding-top:var(--wp--preset--spacing--80);padding-bottom:var(--wp--preset--spacing--80)\">\n<div class=\"wp-block-group is-vertical is-layout-flex wp-container-core-group-is-layout-8cf370e7 wp-block-group-is-layout-flex\">\n<h2 class=\"wp-block-heading\" style=\"padding-top:var(--wp--preset--spacing--40);padding-bottom:var(--wp--preset--spacing--40);font-size:25px;font-style:normal;font-weight:600;text-transform:capitalize\">Neden Bu LED Al\u00e7\u0131 Kanal\u0131n\u0131 Se\u00e7meliyim?<\/h2>\n\n\n\n<ul class=\"wp-block-list\">\n<li>\u00c7er\u00e7evesiz ve montajda s\u0131f\u0131r: Kanal, al\u00e7\u0131n\u0131n alt\u0131na yerle\u015ftirilir ve temiz, p\u00fcr\u00fczs\u00fcz bir \u0131\u015f\u0131k hatt\u0131 olu\u015fturur.<\/li>\n\n\n\n<li>\u0130\u00e7 geni\u015fli\u011fi 20 mm: P\u0131r\u0131l p\u0131r\u0131l, e\u015fit \u0131\u015f\u0131k veren b\u00fcy\u00fck LED \u015feritleriyle uyumludur.<\/li>\n\n\n\n<li>Dayan\u0131kl\u0131 al\u00fcminyumdan yap\u0131lm\u0131\u015f g\u00f6vde: LED'leri g\u00fcvende tutar ve \u0131s\u0131y\u0131 kolayca d\u0131\u015far\u0131 atar.<\/li>\n\n\n\n<li>Dotless light diffusion: The soft opal cover\u00a0gets rid of glare and hot spots.<\/li>\n\n\n\n<li>Montaj\u0131 kolay: Al\u00e7\u0131 levha direklerine sabitleyin, al\u00e7\u0131 ile kaplay\u0131n ve ard\u0131ndan tasar\u0131m\u0131n\u0131za uyacak \u015fekilde boyay\u0131n.<\/li>\n<\/ul>\n<\/div>\n<\/div>\n\n\n\n<div class=\"wp-block-group is-vertical is-layout-flex wp-container-core-group-is-layout-d255d7c4 wp-block-group-is-layout-flex\" style=\"padding-top:var(--wp--preset--spacing--80);padding-bottom:var(--wp--preset--spacing--80)\">\n<hr class=\"wp-block-separator has-alpha-channel-opacity\"\/>\n\n\n\n<div class=\"wp-block-media-text has-media-on-the-right is-stacked-on-mobile\" style=\"grid-template-columns:auto 40%\"><div class=\"wp-block-media-text__content\">\n<h2 class=\"wp-block-heading\" style=\"padding-top:var(--wp--preset--spacing--40);padding-bottom:var(--wp--preset--spacing--40);font-size:25px;font-style:normal;font-weight:600;text-transform:capitalize\">Kurulum nas\u0131l yap\u0131l\u0131r<\/h2>\n\n\n\n<ul class=\"wp-block-list\">\n<li>Place the aluminum\u00a0profile in the drywall or plasterboard.<\/li>\n\n\n\n<li>Delikleri olan flangelerine al\u00e7\u0131 koyun.<\/li>\n\n\n\n<li>Z\u0131mpara ka\u011f\u0131d\u0131 ile d\u00fczle\u015ftirin ve duvar\u0131n rengiyle ayn\u0131 renge boyay\u0131n.<\/li>\n\n\n\n<li>20 mm geni\u015fli\u011fe kadar LED \u015feritleri kullanabilirsiniz.<\/li>\n\n\n\n<li>I\u015f\u0131\u011f\u0131n daha yumu\u015fak olmas\u0131 i\u00e7in dif\u00fcz\u00f6r\u00fc tak\u0131n.<\/li>\n\n\n\n<li>Son olarak u\u00e7 kapaklar\u0131 tak\u0131n.<\/li>\n<\/ul>\n<\/div><figure class=\"wp-block-media-text__media\"><img loading=\"lazy\" decoding=\"async\" width=\"500\" height=\"500\" src=\"https:\/\/tangooled.com\/wp-content\/uploads\/2025\/12\/dwp13-ins.webp\" alt=\"\u0130\u00e7 geni\u015fli\u011fi 20 mm olan LED al\u00e7\u0131 profil kanal\u0131\" class=\"wp-image-42876 size-full\" srcset=\"https:\/\/tangooled.com\/wp-content\/uploads\/2025\/12\/dwp13-ins.webp 500w, https:\/\/tangooled.com\/wp-content\/uploads\/2025\/12\/dwp13-ins-300x300.webp 300w, https:\/\/tangooled.com\/wp-content\/uploads\/2025\/12\/dwp13-ins-150x150.webp 150w\" sizes=\"auto, (max-width: 500px) 100vw, 500px\" \/><\/figure><\/div>\n<\/div>\n\n\n\n<div class=\"wp-block-group has-background is-vertical is-layout-flex wp-container-core-group-is-layout-b429018a wp-block-group-is-layout-flex\" style=\"background-color:#f1f1f1f2;padding-top:var(--wp--preset--spacing--70);padding-bottom:var(--wp--preset--spacing--70)\">\n<h2 class=\"wp-block-heading\" style=\"padding-top:var(--wp--preset--spacing--40);padding-bottom:var(--wp--preset--spacing--40);font-size:25px;font-style:normal;font-weight:600\">Bunu Nas\u0131l Kullanabilirsiniz<\/h2>\n\n\n\n<p>\u0130\u00e7 geni\u015fli\u011fi 20 mm olan LED al\u00e7\u0131 profil kanal\u0131m\u0131z bir\u00e7ok ayd\u0131nlatma ihtiyac\u0131n\u0131 kar\u015f\u0131layabilir:<\/p>\n\n\n\n<ul class=\"wp-block-list\">\n<li>Ev ayd\u0131nlatmas\u0131: mutfaklar (tezgahlar\u0131n ve arka mekanlar\u0131n alt\u0131nda), yatak odalar\u0131, koridorlar ve oturma odalar\u0131.<\/li>\n\n\n\n<li>Perakende, ofisler, otel lobileri ve restoranlar gibi \u015firketler i\u00e7in ayd\u0131nlatma.<\/li>\n\n\n\n<li>Mimari detaylar, cove ayd\u0131nlatmas\u0131, duvar y\u0131kama ya da zemin ve tavanlarda \u00f6ne \u00e7\u0131kan hatlar.<\/li>\n\n\n\n<li>G\u00f6rev ayd\u0131nlatmas\u0131: masalar, mutfak tezgahlar\u0131 ve \u00e7al\u0131\u015fma alanlar\u0131 i\u00e7in \u0131\u015f\u0131klar.<\/li>\n\n\n\n<li>\u00d6zel yap\u0131lar: Al\u00e7\u0131 veya al\u00e7\u0131 duvarlara m\u00fckemmel uyum sa\u011flayan d\u00fcz, keskin \u0131\u015f\u0131k hatlar\u0131 yap\u0131n.<\/li>\n<\/ul>\n<\/div>\n\n\n\n<div class=\"wp-block-group is-vertical is-layout-flex wp-container-core-group-is-layout-d255d7c4 wp-block-group-is-layout-flex\" style=\"padding-top:var(--wp--preset--spacing--80);padding-bottom:var(--wp--preset--spacing--80)\">\n<h2 class=\"wp-block-heading\" style=\"padding-top:var(--wp--preset--spacing--40);padding-bottom:var(--wp--preset--spacing--40);font-size:25px;font-style:normal;font-weight:600;text-transform:capitalize\">Be\u011fenebilece\u011finiz \u0130lgili \u00dcr\u00fcnler:<\/h2>\n\n\n\n<ul class=\"wp-block-list\">\n<li><a href=\"https:\/\/tangooled.com\/tr\/urun\/black-led-profile-with-black-diffuser-for-10mm-led-strip-light\/\"><mark style=\"background-color:rgba(0, 0, 0, 0)\" class=\"has-inline-color has-vivid-red-color\">10mm LED \u015eerit Ayd\u0131nlatma i\u00e7in Siyah Dif\u00fcz\u00f6rl\u00fc Siyah LED Profili<\/mark><\/a> \u2014 For slim, black finish lighting.<\/li>\n\n\n\n<li><mark style=\"background-color:rgba(0, 0, 0, 0)\" class=\"has-inline-color has-vivid-red-color\"><a href=\"https:\/\/tangooled.com\/tr\/urun\/surface-mount-led-profile-with-frosted-diffuser-for-10mm-rope-lights\/\">10mm Tel Ayd\u0131nlatmalar\u0131 i\u00e7in Buzlu Dif\u00fcz\u00f6rl\u00fc Y\u00fczeye Montaj LED Profili<\/a> <\/mark>\u2014 Easy surface mount option.<\/li>\n\n\n\n<li><a href=\"https:\/\/tangooled.com\/tr\/urun\/led-strip-light-channel-aluminum-profile-with-diffused-cover-6mm-height\/\"><mark style=\"background-color:rgba(0, 0, 0, 0)\" class=\"has-inline-color has-vivid-red-color\">Dif\u00fcz\u00f6r Kapakl\u0131 6mm Y\u00fckseklikteki LED \u015eerit I\u015f\u0131k Kanal\u0131 Al\u00fcminyum Profili<\/mark><\/a> \u2014 Low profile LED channel.<\/li>\n\n\n\n<li><a href=\"https:\/\/tangooled.com\/tr\/urun\/trimless-drywall-led-channel-for-15mm-led-strip-lights\/\"><mark style=\"background-color:rgba(0, 0, 0, 0)\" class=\"has-inline-color has-vivid-red-color\">15 mm LED \u015eerit I\u015f\u0131klar\u0131 i\u00e7in \u00c7er\u00e7evesiz Al\u00e7\u0131 Levha LED Kanal\u0131<\/mark><\/a> \u2014 Wider channel for bigger LED tapes.<\/li>\n\n\n\n<li><a href=\"https:\/\/tangooled.com\/tr\/urun\/inner-20mm-width-led-plaster-in-channel-profile\/\"><mark style=\"background-color:rgba(0, 0, 0, 0)\" class=\"has-inline-color has-vivid-red-color\">\u0130\u00e7 Geni\u015fli\u011fi 20 mm LED Al\u00e7\u0131 Kanal Profili<\/mark><\/a> \u2014 Exact match for this product&#8217;s specs.<\/li>\n<\/ul>\n<\/div>\n\n\n\n<div class=\"wp-block-group has-background\" style=\"background-color:#f1f1f1;padding-top:var(--wp--preset--spacing--80);padding-bottom:var(--wp--preset--spacing--80)\"><div class=\"wp-block-group__inner-container is-layout-constrained wp-block-group-is-layout-constrained\">\n<h2 class=\"wp-block-heading\" style=\"padding-top:var(--wp--preset--spacing--40);padding-bottom:var(--wp--preset--spacing--40);font-size:25px;font-style:normal;font-weight:600;text-transform:capitalize\">\u00d6zet<\/h2>\n\n\n\n<p style=\"padding-right:var(--wp--preset--spacing--50);padding-left:var(--wp--preset--spacing--50)\">Our 20mm inner width led plaster in profile is an ideal option for clean, trimless linear LED illumination. It works with wide\u00a0LED strips, puts off smooth, dotless light, and fits right in with drywall or plasterboard. It has a robust anodized body that makes it last longer and keeps heat under control. Today, you can get professional-grade lighting that fits exactly and looks beautiful in homes, businesses, and stores.<\/p>\n<\/div><\/div>\n\n\n\n<p><\/p>","protected":false},"featured_media":13767,"template":"","meta":{"_acf_changed":true,"_seopress_robots_primary_cat":"none","_seopress_titles_title":"20mm Inner Width LED Plaster-in Profile DWP13 | TANGOOLED","_seopress_titles_desc":"The DWP13 is a 20mm inner width led plaster in profile designed for high-output lighting. Accommodates double-row or wide LED strips for a seamless, trimless finish in drywalls.","_seopress_robots_index":""},"pcb-width":[229],"product-cat":[197],"class_list":{"0":"post-42647","1":"product","2":"type-product","3":"status-publish","4":"has-post-thumbnail","6":"pcb-width-15-20mm","7":"product-cat-plaster-in-profile"},"acf":[],"_links":{"self":[{"href":"https:\/\/tangooled.com\/tr\/wp-json\/wp\/v2\/product\/42647","targetHints":{"allow":["GET"]}}],"collection":[{"href":"https:\/\/tangooled.com\/tr\/wp-json\/wp\/v2\/product"}],"about":[{"href":"https:\/\/tangooled.com\/tr\/wp-json\/wp\/v2\/types\/product"}],"wp:featuredmedia":[{"embeddable":true,"href":"https:\/\/tangooled.com\/tr\/wp-json\/wp\/v2\/media\/13767"}],"wp:attachment":[{"href":"https:\/\/tangooled.com\/tr\/wp-json\/wp\/v2\/media?parent=42647"}],"wp:term":[{"taxonomy":"pcb-width","embeddable":true,"href":"https:\/\/tangooled.com\/tr\/wp-json\/wp\/v2\/pcb-width?post=42647"},{"taxonomy":"product-cat","embeddable":true,"href":"https:\/\/tangooled.com\/tr\/wp-json\/wp\/v2\/product-cat?post=42647"}],"curies":[{"name":"wp","href":"https:\/\/api.w.org\/{rel}","templated":true}]}}