{"id":42644,"date":"2025-12-23T05:49:56","date_gmt":"2025-12-23T13:49:56","guid":{"rendered":"https:\/\/tangooled.com\/?post_type=product&#038;p=42644"},"modified":"2026-01-27T20:48:59","modified_gmt":"2026-01-28T04:48:59","slug":"flush-mount-22mm-groove-use-aluminum-drywall-led-channel","status":"publish","type":"product","link":"https:\/\/tangooled.com\/tr\/urun\/flush-mount-22mm-groove-use-aluminum-drywall-led-channel\/","title":{"rendered":"22 mm derinlikte al\u00fcminyum al\u00e7\u0131pan LED kanal\u0131 montaj\u0131"},"content":{"rendered":"<div class=\"wp-block-group is-vertical is-layout-flex wp-container-core-group-is-layout-d255d7c4 wp-block-group-is-layout-flex\" style=\"padding-top:var(--wp--preset--spacing--80);padding-bottom:var(--wp--preset--spacing--80)\">\n<p>Our 22mm groove drywall LED channel flush mount will add style and light to your room. The aluminum LED channel fits well into drywall grooves, making it seem clean and trimless. The flange is 64.4 mm wide, the inner channel is 20 mm deep, and the overall height is 23.3 mm. The interior cavity is 20mm wide and 20mm deep, which is just right for housing standard LED strips. Once it&#8217;s in place, the profile is completely covered in the drywall, and only the diffused light source can be seen. You can use it to make a modern, streamlined architectural light that fits within walls or ceilings. The light will cascade over the surface below, making any modern space look more elegant.<\/p>\n<\/div>\n\n\n\n<div class=\"wp-block-group has-background\" style=\"background-color:#f1f1f1;padding-top:var(--wp--preset--spacing--80);padding-bottom:var(--wp--preset--spacing--80)\"><div class=\"wp-block-group__inner-container is-layout-constrained wp-block-group-is-layout-constrained\">\n<div class=\"wp-block-group is-vertical is-layout-flex wp-container-core-group-is-layout-8cf370e7 wp-block-group-is-layout-flex\">\n<h2 class=\"wp-block-heading\" style=\"padding-top:var(--wp--preset--spacing--40);padding-bottom:var(--wp--preset--spacing--40);font-size:25px;font-style:normal;font-weight:600;text-transform:capitalize\">Neden 22 mm Derinlikte Al\u00e7\u0131pan LED Kanal\u0131m\u0131z\u0131 Se\u00e7melisiniz?<\/h2>\n\n\n\n<ul class=\"wp-block-list\">\n<li>Kurulumu Kolay: Deliklere sahip flan\u015flar, kanal\u0131 hemen al\u00e7\u0131yla kaplaman\u0131z\u0131 sa\u011flar. Flush montaj i\u00e7in, al\u00e7\u0131pan\u0131n\u0131zla bir b\u00fct\u00fcn haline gelir, b\u00f6ylece trim gerekmez.<\/li>\n\n\n\n<li>Cool Aluminum Body: Our profile is made of anodized aluminum, which helps keep LEDs\u00a0cool. This keeps your LED strips safe, which makes them last longer and shine brighter.<\/li>\n\n\n\n<li>Noktas\u0131z I\u015f\u0131k Etkisi: LED noktalar\u0131n\u0131n g\u00f6r\u00fcnmesini engellemek i\u00e7in bu\u011fulu dif\u00fcz\u00f6r\u00fc kullan\u0131n. I\u015f\u0131\u011f\u0131n p\u00fcr\u00fczs\u00fcz ve e\u015fit \u015fekilde da\u011f\u0131lmas\u0131n\u0131 sa\u011flay\u0131n.<\/li>\n\n\n\n<li>Compatible with regular LED strips: It can hold strips that are up to 20mm wide\u00a0in its 22mm groove.<\/li>\n\n\n\n<li>Kesimi ve Montaj\u0131 Kolay: Profilinizi projenize uyacak \u015fekilde kesin ve al\u00e7\u0131pan oluklar\u0131na flush ba\u011flamak i\u00e7in vidalar kullan\u0131n.<\/li>\n\n\n\n<li>U\u00e7 kapaklar\u0131yla birlikte gelir: U\u00e7 kapaklar\u0131, u\u00e7lar\u0131 korur. Bunlardan biri, kablolar\u0131n ge\u00e7mesi i\u00e7in bir delik i\u00e7erir; bu da temiz bir g\u00f6r\u00fcn\u00fcm sa\u011flar.<\/li>\n<\/ul>\n<\/div>\n<\/div><\/div>\n\n\n\n<div class=\"wp-block-group is-vertical is-layout-flex wp-container-core-group-is-layout-d255d7c4 wp-block-group-is-layout-flex\" style=\"padding-top:var(--wp--preset--spacing--80);padding-bottom:var(--wp--preset--spacing--80)\">\n<hr class=\"wp-block-separator has-alpha-channel-opacity\"\/>\n\n\n\n<div class=\"wp-block-media-text has-media-on-the-right is-stacked-on-mobile\" style=\"grid-template-columns:auto 40%\"><div class=\"wp-block-media-text__content\">\n<h2 class=\"wp-block-heading\" style=\"padding-top:var(--wp--preset--spacing--40);padding-bottom:var(--wp--preset--spacing--40);font-size:25px;font-style:normal;font-weight:600;text-transform:capitalize\">Flush Montaj 22 mm Derinlikte Al\u00e7\u0131pan LED Kanal\u0131n\u0131n Kurulumu<\/h2>\n\n\n\n<ul class=\"wp-block-list\">\n<li>Oluk Kesin: Al\u00e7\u0131pana 23 mm geni\u015fli\u011finde bir oluk kesin.<\/li>\n\n\n\n<li>Kanal\u0131 Sabitleyin: Al\u00fcminyum kanal\u0131, olukla seviyede olacak \u015fekilde vidalarla sabitleyin.<\/li>\n\n\n\n<li>Flan\u015flar\u0131n \u00dczerini Al\u00e7\u0131yla Kapat\u0131n: Deliklere sahip flan\u015flar\u0131 kapatmak i\u00e7in birle\u015fim bile\u015fi\u011fi veya al\u00e7\u0131 kullan\u0131n. Kurumas\u0131n\u0131 bekleyin ve sonra d\u00fczg\u00fcn bir hale getirin.<\/li>\n\n\n\n<li>LED \u015eeridi Kurun: LED \u015ferit bant\u0131n\u0131z\u0131 kanal\u0131n i\u00e7ine yerle\u015ftirin.<\/li>\n\n\n\n<li>Snap-On Dif\u00fcz\u00f6r: I\u015f\u0131klar\u0131 kapatmak ve \u0131\u015f\u0131\u011f\u0131n e\u015fit da\u011f\u0131l\u0131m\u0131n\u0131 sa\u011flamak i\u00e7in bu\u011fulu dif\u00fcz\u00f6r\u00fc kullan\u0131n.<\/li>\n<\/ul>\n<\/div><figure class=\"wp-block-media-text__media\"><img loading=\"lazy\" decoding=\"async\" width=\"500\" height=\"500\" src=\"https:\/\/tangooled.com\/wp-content\/uploads\/2025\/12\/dwp12-ins.webp\" alt=\"22 mm derinlikte al\u00fcminyum al\u00e7\u0131pan LED kanal\u0131 montaj\u0131\" class=\"wp-image-42873 size-full\" srcset=\"https:\/\/tangooled.com\/wp-content\/uploads\/2025\/12\/dwp12-ins.webp 500w, https:\/\/tangooled.com\/wp-content\/uploads\/2025\/12\/dwp12-ins-300x300.webp 300w, https:\/\/tangooled.com\/wp-content\/uploads\/2025\/12\/dwp12-ins-150x150.webp 150w\" sizes=\"auto, (max-width: 500px) 100vw, 500px\" \/><\/figure><\/div>\n<\/div>\n\n\n\n<div class=\"wp-block-group has-background\" style=\"background-color:#f1f1f1f2;padding-top:var(--wp--preset--spacing--80);padding-bottom:var(--wp--preset--spacing--80)\"><div class=\"wp-block-group__inner-container is-layout-constrained wp-block-group-is-layout-constrained\">\n<h2 class=\"wp-block-heading\" style=\"padding-top:var(--wp--preset--spacing--40);padding-bottom:var(--wp--preset--spacing--40);font-size:25px;font-style:normal;font-weight:600\">22 mm Derinlikte Al\u00e7\u0131pan LED Kanal\u0131m\u0131z i\u00e7in Kullan\u0131m Alanlar\u0131<\/h2>\n\n\n\n<ul class=\"wp-block-list\">\n<li>Mimari Ayd\u0131nlatma: Temiz, modern hatlara sahip duvarlar ve tavanlar i\u00e7in harika.<\/li>\n\n\n\n<li>K\u00f6\u015fe ve Al\u00e7\u0131pan Ayd\u0131nlatma: Tavan k\u00f6\u015felerine veya duvar girintilerine \u0131\u015f\u0131k koyarak yumu\u015fak, dolayl\u0131 \u0131\u015f\u0131k elde edin.<\/li>\n\n\n\n<li>Perakende ve Ticari Alanlar: Showroomlar ve ofisler, \u015f\u0131k, y\u00fcksek kaliteli ayd\u0131nlatmayla daha iyi g\u00f6r\u00fcn\u00fcr.<\/li>\n\n\n\n<li>Vurgu Duvarlar\u0131: Noktas\u0131z ayd\u0131nlatmay\u0131 kullanarak sanat eserlerine, ni\u015flere veya tasar\u0131m unsurlar\u0131na dikkat \u00e7ekin. Bu kanal, her projeye uyumlu bir tasar\u0131m ve e\u015fit ayd\u0131nlatma \u00e7\u0131kt\u0131s\u0131 sunar.<\/li>\n<\/ul>\n<\/div><\/div>\n\n\n\n<div class=\"wp-block-group is-vertical is-layout-flex wp-container-core-group-is-layout-d255d7c4 wp-block-group-is-layout-flex\" style=\"padding-top:var(--wp--preset--spacing--80);padding-bottom:var(--wp--preset--spacing--80)\">\n<h2 class=\"wp-block-heading\" style=\"padding-top:var(--wp--preset--spacing--40);padding-bottom:var(--wp--preset--spacing--40);font-size:25px;font-style:normal;font-weight:600;text-transform:capitalize\">Projeniz i\u00e7in \u0130lgili Tangooled \u00dcr\u00fcnler<\/h2>\n\n\n\n<ul class=\"wp-block-list\">\n<li>Ke\u015ffedin <a href=\"https:\/\/tangooled.com\/tr\/urun\/black-led-diffuser-aluminum-channel-for-12mm-tape-lights\/\"><mark style=\"background-color:rgba(0, 0, 0, 0)\" class=\"has-inline-color has-vivid-red-color\">12 mm bant \u0131\u015f\u0131klar\u0131 i\u00e7in siyah LED dif\u00f6re al\u00fcminyum kanal<\/mark><\/a> \u2013 perfect for matching black tape strips.<\/li>\n\n\n\n<li>\u015eunu deneyin <a href=\"https:\/\/tangooled.com\/tr\/urun\/surface-mount-led-profile-with-frosted-diffuser-for-10mm-rope-lights\/\"><mark style=\"background-color:rgba(0, 0, 0, 0)\" class=\"has-inline-color has-vivid-red-color\">10 mm iplikler i\u00e7in mat dif\u00f6re sahip y\u00fczeye montaj LED profili <\/mark><\/a>kolay y\u00fczey montajlar\u0131 i\u00e7in.<\/li>\n\n\n\n<li>G\u00f6z at\u0131n <a href=\"https:\/\/tangooled.com\/tr\/urun\/22mm-surface-led-aluminum-strip-channel-with-opal-diffuser\/\"><mark style=\"background-color:rgba(0, 0, 0, 0)\" class=\"has-inline-color has-vivid-red-color\">22mm y\u00fczey LED al\u00fcminyum \u015ferit kanal\u0131 opal dif\u00fcz\u00f6r ile <\/mark><\/a>flush, dif\u00fcz bir \u0131\u015f\u0131k \u00e7izgisi i\u00e7in.<\/li>\n\n\n\n<li>K\u00fc\u00e7\u00fck projeler i\u00e7in, \u015funlara bak\u0131n: <a href=\"https:\/\/tangooled.com\/tr\/urun\/10mm-led-profile-aluminum-channel-for-8mm-led-tape-lights\/\"><mark style=\"background-color:rgba(0, 0, 0, 0)\" class=\"has-inline-color has-vivid-red-color\">8mm LED \u015ferit lambalar i\u00e7in 10mm LED profili al\u00fcminyum kanal\u0131<\/mark><\/a>.<\/li>\n\n\n\n<li>K\u00f6\u015fe ayd\u0131nlatma i\u00e7in, ke\u015ffedin: <a href=\"https:\/\/tangooled.com\/tr\/urun\/corner-mount-right-angle-diffuser-aluminum-led-extrusion-profile-inner-12mm\/\"><mark style=\"background-color:rgba(0, 0, 0, 0)\" class=\"has-inline-color has-vivid-red-color\">k\u00f6\u015fe montaj\u0131 dik a\u00e7\u0131l\u0131 dif\u00fcz\u00f6r al\u00fcminyum LED ekstr\u00fczyon profili i\u00e7 12 mm<\/mark><\/a>.<\/li>\n<\/ul>\n<\/div>\n\n\n\n<div class=\"wp-block-group has-background\" style=\"background-color:#f1f1f1;padding-top:var(--wp--preset--spacing--80);padding-bottom:var(--wp--preset--spacing--80)\"><div class=\"wp-block-group__inner-container is-layout-constrained wp-block-group-is-layout-constrained\">\n<h2 class=\"wp-block-heading\" style=\"padding-top:var(--wp--preset--spacing--40);padding-bottom:var(--wp--preset--spacing--40);font-size:25px;font-style:normal;font-weight:600;text-transform:capitalize\">\u00d6zet<\/h2>\n\n\n\n<p style=\"padding-right:var(--wp--preset--spacing--50);padding-left:var(--wp--preset--spacing--50)\">Flush montaj 22mm derinlikte al\u00e7\u0131pan LED kanal\u0131, profesyonel, temiz ve g\u00f6mme LED ayd\u0131nlatma elde etmek i\u00e7in harika bir \u00e7\u00f6z\u00fcmd\u00fcr. Y\u00fcksek kaliteli anodize al\u00fcminyumdan yap\u0131lm\u0131\u015ft\u0131r ve al\u00e7\u0131pan oluklar\u0131na uyum sa\u011flar. 20 mm'ye kadar geni\u015fli\u011fe sahip LED \u015feritlerini tutabilir. Mud-in flan\u015f\u0131, al\u00e7\u0131ya entegre etmek i\u00e7in daha kolay hale getirir, bu da duvar veya tavan ayd\u0131nlatmalar\u0131n\u0131 d\u00fczg\u00fcn bir y\u00fczeye kavu\u015fturur. Tutarl\u0131 lineer ayd\u0131nlatma, noktas\u0131z \u0131\u015f\u0131ma ve LED'lerinizi koruyan sa\u011flam ekstr\u00fczyonlarla mekan\u0131n\u0131z\u0131n g\u00f6r\u00fcn\u00fcm\u00fcn\u00fc ne kadar kolay de\u011fi\u015ftirebilece\u011finizi \u00f6\u011frenin. Burada listelenen Tangooled al\u00fcminyum LED profillerine t\u0131klayarak \u00fcr\u00fcn hakk\u0131nda daha fazla bilgi edinin.<\/p>\n<\/div><\/div>\n\n\n\n<p><\/p>","protected":false},"featured_media":13762,"template":"","meta":{"_acf_changed":true,"_seopress_robots_primary_cat":"none","_seopress_titles_title":"22mm Groove Drywall LED Channel Plaster-in DWP12 | TANGOOLED","_seopress_titles_desc":"The DWP12 is a 22mm groove drywall led channel with a slim 10mm depth. Designed for wider linear light effects, this plaster-in aluminum profile integrates seamlessly into ceilings for a trimless finish.","_seopress_robots_index":""},"pcb-width":[229],"product-cat":[197],"class_list":{"0":"post-42644","1":"product","2":"type-product","3":"status-publish","4":"has-post-thumbnail","6":"pcb-width-15-20mm","7":"product-cat-plaster-in-profile"},"acf":[],"_links":{"self":[{"href":"https:\/\/tangooled.com\/tr\/wp-json\/wp\/v2\/product\/42644","targetHints":{"allow":["GET"]}}],"collection":[{"href":"https:\/\/tangooled.com\/tr\/wp-json\/wp\/v2\/product"}],"about":[{"href":"https:\/\/tangooled.com\/tr\/wp-json\/wp\/v2\/types\/product"}],"wp:featuredmedia":[{"embeddable":true,"href":"https:\/\/tangooled.com\/tr\/wp-json\/wp\/v2\/media\/13762"}],"wp:attachment":[{"href":"https:\/\/tangooled.com\/tr\/wp-json\/wp\/v2\/media?parent=42644"}],"wp:term":[{"taxonomy":"pcb-width","embeddable":true,"href":"https:\/\/tangooled.com\/tr\/wp-json\/wp\/v2\/pcb-width?post=42644"},{"taxonomy":"product-cat","embeddable":true,"href":"https:\/\/tangooled.com\/tr\/wp-json\/wp\/v2\/product-cat?post=42644"}],"curies":[{"name":"wp","href":"https:\/\/api.w.org\/{rel}","templated":true}]}}