{"id":42642,"date":"2025-12-23T05:44:07","date_gmt":"2025-12-23T13:44:07","guid":{"rendered":"https:\/\/tangooled.com\/?post_type=product&#038;p=42642"},"modified":"2026-01-27T20:45:43","modified_gmt":"2026-01-28T04:45:43","slug":"10mm-deep-recessed-drywall-led-strip-channel","status":"publish","type":"product","link":"https:\/\/tangooled.com\/tr\/urun\/10mm-deep-recessed-drywall-led-strip-channel\/","title":{"rendered":"10mm derin g\u00f6mme al\u00e7\u0131pan LED \u015ferit kanal\u0131"},"content":{"rendered":"<div class=\"wp-block-group is-vertical is-layout-flex wp-container-core-group-is-layout-d255d7c4 wp-block-group-is-layout-flex\" style=\"padding-top:var(--wp--preset--spacing--80);padding-bottom:var(--wp--preset--spacing--80)\">\n<p>Our 10mm deep drywall LED channel is perfect for modern, stylish lighting that fits perfectly against drywall walls and ceilings. This high-quality profile fits flawlessly inside drywall or plasterboard, whether it&#8217;s recessed or &#8220;plaster-in.&#8221; It generates light that is smooth and lovely, with no hard shadows or framing that is easy to see. It can hold LED strips that are up to 20mm wide and works well with both COB and standard SMD LED tapes. The recessed drywall LED strip channel keeps the LED tape safe, and the smooth PC frost diffuser that comes with it spreads the light evenly and without glare.<\/p>\n<\/div>\n\n\n\n<div class=\"wp-block-group has-background is-vertical is-layout-flex wp-container-core-group-is-layout-d255d7c4 wp-block-group-is-layout-flex\" style=\"background-color:#f1f1f1;padding-top:var(--wp--preset--spacing--80);padding-bottom:var(--wp--preset--spacing--80)\">\n<div class=\"wp-block-group is-vertical is-layout-flex wp-container-core-group-is-layout-8cf370e7 wp-block-group-is-layout-flex\">\n<h2 class=\"wp-block-heading\" style=\"padding-top:var(--wp--preset--spacing--40);padding-bottom:var(--wp--preset--spacing--40);font-size:25px;font-style:normal;font-weight:600;text-transform:capitalize\">Neden 10mm Derin Al\u00e7\u0131pan LED Kanal\u0131m\u0131z\u0131 Se\u00e7melisiniz?<\/h2>\n\n\n\n<ul class=\"wp-block-list\">\n<li>Y\u00fcksek kaliteli al\u00fcminyum ekstr\u00fczyonla \u0131s\u0131 giderme etkisi elde edersiniz, bu da LED \u015feritlerinizi korur.<\/li>\n\n\n\n<li>Boyanabilir kasa, duvar veya tavan renginizle tam entegrasyon sa\u011flar.<\/li>\n\n\n\n<li>PC dif\u00fcz\u00f6r, parlak noktalar olmadan lekesiz \u0131\u015f\u0131k da\u011f\u0131l\u0131m\u0131 sa\u011flar.<\/li>\n\n\n\n<li>Trimless g\u00f6mme LED kanal g\u00f6r\u00fcn\u00fcm\u00fcn\u00fc arayan mimari ayd\u0131nlatma tasar\u0131mlar\u0131 i\u00e7in idealdir.<\/li>\n\n\n\n<li>Yeni yap\u0131lar ve yenilemelerde kolay kurulum destekler, genel m\u00fcteahhit projeleri veya DIY i\u00e7in m\u00fckemmeldir.<\/li>\n<\/ul>\n<\/div>\n<\/div>\n\n\n\n<div class=\"wp-block-group is-vertical is-layout-flex wp-container-core-group-is-layout-d255d7c4 wp-block-group-is-layout-flex\" style=\"padding-top:var(--wp--preset--spacing--80);padding-bottom:var(--wp--preset--spacing--80)\">\n<hr class=\"wp-block-separator has-alpha-channel-opacity\"\/>\n\n\n\n<div class=\"wp-block-media-text has-media-on-the-right is-stacked-on-mobile\" style=\"grid-template-columns:auto 40%\"><div class=\"wp-block-media-text__content\">\n<h2 class=\"wp-block-heading\" style=\"padding-top:var(--wp--preset--spacing--40);padding-bottom:var(--wp--preset--spacing--40);font-size:25px;font-style:normal;font-weight:600;text-transform:capitalize\">Bu g\u00f6mme al\u00e7\u0131 i\u00e7ine Kanal DWP11'i nas\u0131l kullan\u0131rs\u0131n\u0131z<\/h2>\n\n\n\n<ul class=\"wp-block-list\">\n<li>Al\u00e7\u0131 levhan\u0131zdaki veya al\u00e7\u0131pan\u0131n\u0131zdaki oluk derinli\u011finin do\u011fru oldu\u011funu (10mm) kontrol edin.<\/li>\n\n\n\n<li>Al\u00fcminyum kanal\u0131 olu\u011fa yerle\u015ftirin ve d\u00fczg\u00fcn bir \u015fekilde ta\u015f\u0131y\u0131c\u0131lara veya arkal\u0131klara ba\u011fl\u0131 oldu\u011fundan emin olun.<\/li>\n\n\n\n<li>Flan\u015flardaki delikleri doldurmak ve y\u00fczeyi d\u00fczle\u015ftirmek i\u00e7in ek bile\u015fen veya al\u00e7\u0131 kullan\u0131n.<\/li>\n\n\n\n<li>Ayg\u0131t\u0131 tamamen gizleyen p\u00fcr\u00fczs\u00fcz bir y\u00fczey olu\u015fturmak i\u00e7in al\u00e7\u0131pan\u0131 z\u0131mparalay\u0131n ve boyay\u0131n.<\/li>\n\n\n\n<li>LED \u015ferit \u0131\u015f\u0131\u011f\u0131n\u0131 kanala yerle\u015ftirin ve \u0131\u015f\u0131\u011f\u0131n e\u015fit \u015fekilde yay\u0131lmas\u0131n\u0131 sa\u011flamak i\u00e7in donuk dif\u00fcz\u00f6r kapa\u011f\u0131n\u0131 tak\u0131n.<\/li>\n<\/ul>\n<\/div><figure class=\"wp-block-media-text__media\"><img loading=\"lazy\" decoding=\"async\" width=\"500\" height=\"500\" src=\"https:\/\/tangooled.com\/wp-content\/uploads\/2025\/12\/dwp11-ins.webp\" alt=\"10mm derin g\u00f6mme al\u00e7\u0131pan LED \u015ferit kanal\u0131\" class=\"wp-image-42866 size-full\" srcset=\"https:\/\/tangooled.com\/wp-content\/uploads\/2025\/12\/dwp11-ins.webp 500w, https:\/\/tangooled.com\/wp-content\/uploads\/2025\/12\/dwp11-ins-300x300.webp 300w, https:\/\/tangooled.com\/wp-content\/uploads\/2025\/12\/dwp11-ins-150x150.webp 150w\" sizes=\"auto, (max-width: 500px) 100vw, 500px\" \/><\/figure><\/div>\n<\/div>\n\n\n\n<div class=\"wp-block-group has-background\" style=\"background-color:#f1f1f1f2;padding-top:var(--wp--preset--spacing--80);padding-bottom:var(--wp--preset--spacing--80)\"><div class=\"wp-block-group__inner-container is-layout-constrained wp-block-group-is-layout-constrained\">\n<h2 class=\"wp-block-heading\" style=\"padding-top:var(--wp--preset--spacing--40);padding-bottom:var(--wp--preset--spacing--40);font-size:25px;font-style:normal;font-weight:600\">Ger\u00e7ek Kullan\u0131m Senaryolar\u0131<\/h2>\n\n\n\n<ul class=\"wp-block-list\">\n<li>Duvar ile tavan aras\u0131ndaki \u0131\u015f\u0131k ge\u00e7i\u015f \u00e7izgileri, g\u00fczel g\u00f6r\u00fcn\u00fcr ve \u0131\u015f\u0131k kapal\u0131yken kaybolur.<\/li>\n\n\n\n<li>Modern tavan aksan \u0131\u015f\u0131klar\u0131, oday\u0131 s\u0131cak ve davetkar hale getirir.<\/li>\n\n\n\n<li>Merdivenler ve koridorlar i\u00e7in g\u00fcvenli ve \u015f\u0131k ayd\u0131nlatma.<\/li>\n\n\n\n<li>\u0130\u015fletmeler, oteller ve restoranlar i\u00e7in temiz ve profesyonel g\u00f6r\u00fcn\u00fcml\u00fc ortam ayd\u0131nlatmas\u0131.<\/li>\n\n\n\n<li>Al\u00e7\u0131 levha \u00fczerinde m\u00fckemmel LED ayd\u0131nlatmas\u0131 elde etmek i\u00e7in hem profesyonellerin hem de amat\u00f6rlerin kulland\u0131\u011f\u0131 budur.<\/li>\n<\/ul>\n<\/div><\/div>\n\n\n\n<div class=\"wp-block-group is-vertical is-layout-flex wp-container-core-group-is-layout-d255d7c4 wp-block-group-is-layout-flex\" style=\"padding-top:var(--wp--preset--spacing--80);padding-bottom:var(--wp--preset--spacing--80)\">\n<h2 class=\"wp-block-heading\" style=\"padding-top:var(--wp--preset--spacing--40);padding-bottom:var(--wp--preset--spacing--40);font-size:25px;font-style:normal;font-weight:600;text-transform:capitalize\">Be\u011fenebilece\u011finiz \u0130lgili \u00dcr\u00fcnler<\/h2>\n\n\n\n<ul class=\"wp-block-list\">\n<li><a href=\"https:\/\/tangooled.com\/tr\/urun\/black-led-profile-with-black-diffuser-for-10mm-led-strip-light\/\"><mark style=\"background-color:rgba(0, 0, 0, 0)\" class=\"has-inline-color has-vivid-red-color\">10mm LED \u015ferit \u0131\u015f\u0131\u011f\u0131 i\u00e7in siyah dif\u00fcz\u00f6rl\u00fc siyah LED profili<\/mark><\/a><\/li>\n\n\n\n<li><a href=\"https:\/\/tangooled.com\/tr\/urun\/surface-mount-led-profile-with-frosted-diffuser-for-10mm-rope-lights\/\"><mark style=\"background-color:rgba(0, 0, 0, 0)\" class=\"has-inline-color has-vivid-red-color\">10 mm kablo \u0131\u015f\u0131klar\u0131 i\u00e7in frosted dif\u00fcz\u00f6rl\u00fc y\u00fczey montaj LED profili<\/mark><\/a><\/li>\n\n\n\n<li><a href=\"https:\/\/tangooled.com\/tr\/urun\/led-light-diffuser-channel-aluminum-15x12mm-for-10mm-led-strips\/\"><mark style=\"background-color:rgba(0, 0, 0, 0)\" class=\"has-inline-color has-vivid-red-color\">10mm LED \u015feritler i\u00e7in 15x12mm LED \u0131\u015f\u0131k da\u011f\u0131t\u0131c\u0131 kanal\u0131 al\u00fcminyum<\/mark><\/a><\/li>\n\n\n\n<li><a href=\"https:\/\/tangooled.com\/tr\/urun\/recessed-led-strip-lighting-channel-17x15mm-for-10mm-tape-lights\/\"><mark style=\"background-color:rgba(0, 0, 0, 0)\" class=\"has-inline-color has-vivid-red-color\">10mm \u015ferit \u0131\u015f\u0131klar\u0131 i\u00e7in 17x15mm g\u00f6mme LED al\u00fcminyum profili<\/mark><\/a><\/li>\n<\/ul>\n<\/div>\n\n\n\n<div class=\"wp-block-group has-background\" style=\"background-color:#f1f1f1;padding-top:var(--wp--preset--spacing--80);padding-bottom:var(--wp--preset--spacing--80)\"><div class=\"wp-block-group__inner-container is-layout-constrained wp-block-group-is-layout-constrained\">\n<h2 class=\"wp-block-heading\" style=\"padding-top:var(--wp--preset--spacing--40);padding-bottom:var(--wp--preset--spacing--40);font-size:25px;font-style:normal;font-weight:600;text-transform:capitalize\">\u00d6zet: Modern, Trimless Ayd\u0131nlatma i\u00e7in M\u00fckemmel<\/h2>\n\n\n\n<p style=\"padding-right:var(--wp--preset--spacing--50);padding-left:var(--wp--preset--spacing--50)\">10mm derin g\u00f6mme al\u00e7\u0131pan LED \u015ferit kanal\u0131m\u0131z, duvara d\u00fcz veya al\u00e7\u0131 i\u00e7ine yerle\u015ftirilen LED profillerinin tak\u0131lmas\u0131 i\u00e7in en iyi ekstr\u00fczyonlu al\u00fcminyum kanald\u0131r. Farkl\u0131 y\u00fczey se\u00e7enekleri sunar ve lekesiz ayd\u0131nlatma sa\u011flar. 20mm geni\u015fli\u011finde COB ve SMD LED \u015feritlerini tutabilir. Bu kanal, evler, ofisler, perakende ve oteller i\u00e7in mimari LED \u015ferit ayd\u0131nlatma se\u00e7eneklerinin tamamen yeni bir d\u00fcnyas\u0131n\u0131 a\u00e7ar.<\/p>\n<\/div><\/div>\n\n\n\n<p><\/p>","protected":false},"featured_media":13757,"template":"","meta":{"_acf_changed":true,"_seopress_robots_primary_cat":"none","_seopress_titles_title":"10mm Deep Drywall LED Channel | Recessed Plaster-in DWP11 | TANGOOLED","_seopress_titles_desc":"The DWP11 is a 10mm deep drywall led channel designed for a seamless plaster-in finish. Optimized for recessed installation in ceilings and walls, this slim aluminum profile creates a clean linear light path.","_seopress_robots_index":""},"pcb-width":[229],"product-cat":[197],"class_list":{"0":"post-42642","1":"product","2":"type-product","3":"status-publish","4":"has-post-thumbnail","6":"pcb-width-15-20mm","7":"product-cat-plaster-in-profile"},"acf":[],"_links":{"self":[{"href":"https:\/\/tangooled.com\/tr\/wp-json\/wp\/v2\/product\/42642","targetHints":{"allow":["GET"]}}],"collection":[{"href":"https:\/\/tangooled.com\/tr\/wp-json\/wp\/v2\/product"}],"about":[{"href":"https:\/\/tangooled.com\/tr\/wp-json\/wp\/v2\/types\/product"}],"wp:featuredmedia":[{"embeddable":true,"href":"https:\/\/tangooled.com\/tr\/wp-json\/wp\/v2\/media\/13757"}],"wp:attachment":[{"href":"https:\/\/tangooled.com\/tr\/wp-json\/wp\/v2\/media?parent=42642"}],"wp:term":[{"taxonomy":"pcb-width","embeddable":true,"href":"https:\/\/tangooled.com\/tr\/wp-json\/wp\/v2\/pcb-width?post=42642"},{"taxonomy":"product-cat","embeddable":true,"href":"https:\/\/tangooled.com\/tr\/wp-json\/wp\/v2\/product-cat?post=42642"}],"curies":[{"name":"wp","href":"https:\/\/api.w.org\/{rel}","templated":true}]}}