{"id":42637,"date":"2025-12-23T05:39:57","date_gmt":"2025-12-23T13:39:57","guid":{"rendered":"https:\/\/tangooled.com\/?post_type=product&#038;p=42637"},"modified":"2026-02-01T22:31:35","modified_gmt":"2026-02-02T06:31:35","slug":"drywall-led-channel-with-outer-square-diffuser-inner-width-12mm","status":"publish","type":"product","link":"https:\/\/tangooled.com\/tr\/urun\/drywall-led-channel-with-outer-square-diffuser-inner-width-12mm\/","title":{"rendered":"D\u0131\u015fta kare dif\u00fcz\u00f6rl\u00fc, i\u00e7 geni\u015fli\u011fi 12mm olan al\u00e7\u0131pan LED kanal\u0131"},"content":{"rendered":"<div class=\"wp-block-group is-vertical is-layout-flex wp-container-core-group-is-layout-d255d7c4 wp-block-group-is-layout-flex\" style=\"padding-top:var(--wp--preset--spacing--80);padding-bottom:var(--wp--preset--spacing--80)\">\n<p>DWP10 al\u00e7\u0131pan LED kanal\u0131m\u0131z, odan\u0131z\u0131 temiz, p\u00fcr\u00fczs\u00fcz bir \u0131\u015f\u0131kla ayd\u0131nlatacak. Bu tasar\u0131m, modern, kenars\u0131z mimari ayd\u0131nlatma i\u00e7in uygundur ve al\u00e7\u0131pan veya al\u00e7\u0131 levha ile in\u015fa edilen tavanlara m\u00fckemmel uyum sa\u011flar. Kanal geni\u015fli\u011fi 56.2mm ve derinli\u011fi 23.1mm'dir, dolay\u0131s\u0131yla 12mm geni\u015fli\u011finde LED \u015feritler s\u0131\u011facakt\u0131r. D\u0131\u015ftaki kare dif\u00fcz\u00f6r, \u0131\u015f\u0131\u011f\u0131 e\u015fit ve g\u00fczel bir \u015fekilde yayarak tavandan do\u011fuyormu\u015f gibi g\u00f6r\u00fcnen bir par\u0131lt\u0131 verir. Bu profil, l\u00fcks evler ve i\u015f yerleri i\u00e7in uygundur.<\/p>\n<\/div>\n\n\n\n<div class=\"wp-block-group has-background is-vertical is-layout-flex wp-container-core-group-is-layout-d255d7c4 wp-block-group-is-layout-flex\" style=\"background-color:#f1f1f1;padding-top:var(--wp--preset--spacing--80);padding-bottom:var(--wp--preset--spacing--80)\">\n<div class=\"wp-block-group\"><div class=\"wp-block-group__inner-container is-layout-constrained wp-block-group-is-layout-constrained\">\n<h2 class=\"wp-block-heading\" style=\"padding-top:var(--wp--preset--spacing--40);padding-bottom:var(--wp--preset--spacing--40);font-size:25px;font-style:normal;font-weight:600;text-transform:capitalize\">Neden DWP10 Al\u00e7\u0131pan LED Kanal\u0131m\u0131z\u0131 Se\u00e7melisiniz?<\/h2>\n\n\n\n<ul class=\"wp-block-list\">\n<li>T\u00fcm kenarlar\u0131 al\u00e7\u0131pan i\u00e7inde gizleyen p\u00fcr\u00fczs\u00fcz, d\u00fcz bir y\u00fczey.<\/li>\n\n\n\n<li>S\u0131cak havan\u0131n ka\u00e7mas\u0131n\u0131 sa\u011flayan ve LED'lerin daha uzun \u00f6m\u00fcrl\u00fc olmas\u0131n\u0131 sa\u011flayan, g\u00fc\u00e7l\u00fc anodize al\u00fcminyumdan yap\u0131lm\u0131\u015ft\u0131r.<\/li>\n\n\n\n<li>COB, RGBW ve ayarlanabilir beyaz \u015feritler gibi pop\u00fcler 12mm geni\u015fli\u011finde LED \u015feritleri ile uyumludur.<\/li>\n\n\n\n<li>Kare d\u0131\u015f dif\u00fcz\u00f6r\u00fc, cesur, modern bir g\u00f6r\u00fcn\u00fcm sa\u011flar ve hotspotlar\u0131 gizler.&nbsp;<\/li>\n\n\n\n<li>D\u00fczg\u00fcn, profesyonel bir i\u015f i\u00e7in u\u00e7 kapaklar ve vidalar ile birlikte gelir.<\/li>\n\n\n\n<li>Mudlama i\u00e7in \u00f6nceden delikli parmakl\u0131klarla kolayca al\u00e7\u0131pan i\u00e7ine g\u00f6m\u00fcl\u00fcr.<\/li>\n<\/ul>\n<\/div><\/div>\n<\/div>\n\n\n\n<div class=\"wp-block-group is-vertical is-layout-flex wp-container-core-group-is-layout-d255d7c4 wp-block-group-is-layout-flex\" style=\"padding-top:var(--wp--preset--spacing--80);padding-bottom:var(--wp--preset--spacing--80)\">\n<hr class=\"wp-block-separator has-alpha-channel-opacity\"\/>\n\n\n\n<div class=\"wp-block-media-text has-media-on-the-right is-stacked-on-mobile\" style=\"grid-template-columns:auto 40%\"><div class=\"wp-block-media-text__content\">\n<h2 class=\"wp-block-heading\" style=\"padding-top:var(--wp--preset--spacing--40);padding-bottom:var(--wp--preset--spacing--40);font-size:25px;font-style:normal;font-weight:600;text-transform:capitalize\">Nas\u0131l Kurulur<\/h2>\n\n\n\n<ul class=\"wp-block-list\">\n<li>Kanal\u0131 \u00e7er\u00e7eveye veya al\u00e7\u0131pan arka plana vidalarla ba\u011flamak i\u00e7in delikli parmakl\u0131k \u00fczerinden vidalar\u0131 kullan\u0131n.<\/li>\n\n\n\n<li>Al\u00e7\u0131pan\u0131, kanal\u0131n kenarlar\u0131na uyacak \u015fekilde yerle\u015ftirin.<\/li>\n\n\n\n<li>Parmakl\u0131klar\u0131n \u00fczerine al\u00e7\u0131 veya birle\u015fim bile\u015fi\u011fi uygulay\u0131p p\u00fcr\u00fczs\u00fcz hale getirmek i\u00e7in z\u0131mparalay\u0131n.<\/li>\n\n\n\n<li>Temiz bir g\u00f6r\u00fcn\u00fcm i\u00e7in duvar\u0131n\u0131z\u0131 boyay\u0131n.<\/li>\n\n\n\n<li>12mm geni\u015fli\u011findeki LED \u015feritlerinizi kanala yerle\u015ftirin.<\/li>\n\n\n\n<li>Kablolar\u0131 birle\u015ftirip kare dif\u00fcz\u00f6r\u00fc yerine oturtun.<\/li>\n<\/ul>\n<\/div><figure class=\"wp-block-media-text__media\"><img loading=\"lazy\" decoding=\"async\" width=\"500\" height=\"500\" src=\"https:\/\/tangooled.com\/wp-content\/uploads\/2025\/12\/dwp10-ins.webp\" alt=\"D\u0131\u015fta kare dif\u00fcz\u00f6rl\u00fc, i\u00e7 geni\u015fli\u011fi 12mm olan al\u00e7\u0131pan LED kanal\u0131\" class=\"wp-image-42863 size-full\" srcset=\"https:\/\/tangooled.com\/wp-content\/uploads\/2025\/12\/dwp10-ins.webp 500w, https:\/\/tangooled.com\/wp-content\/uploads\/2025\/12\/dwp10-ins-300x300.webp 300w, https:\/\/tangooled.com\/wp-content\/uploads\/2025\/12\/dwp10-ins-150x150.webp 150w\" sizes=\"auto, (max-width: 500px) 100vw, 500px\" \/><\/figure><\/div>\n<\/div>\n\n\n\n<div class=\"wp-block-group has-background is-vertical is-layout-flex wp-container-core-group-is-layout-b429018a wp-block-group-is-layout-flex\" style=\"background-color:#f1f1f1f2;padding-top:var(--wp--preset--spacing--70);padding-bottom:var(--wp--preset--spacing--70)\">\n<h2 class=\"wp-block-heading\" style=\"padding-top:var(--wp--preset--spacing--40);padding-bottom:var(--wp--preset--spacing--40);font-size:25px;font-style:normal;font-weight:600\">Bir\u00e7ok ayd\u0131nlatma ihtiyac\u0131 i\u00e7in harika<\/h2>\n\n\n\n<p>D\u0131\u015ftaki kare dif\u00fcz\u00f6r\u00fc ve i\u00e7 geni\u015fli\u011fi 12mm olan al\u00e7\u0131pan LED kanal\u0131m\u0131z, a\u015fa\u011f\u0131daki gibi bir\u00e7ok farkl\u0131 projede \u00e7al\u0131\u015f\u0131r:<\/p>\n\n\n\n<ul class=\"wp-block-list\">\n<li>Duvara ve tavana yerle\u015ftirilen, d\u00fczg\u00fcn bir \u0131\u015f\u0131k \u00e7izgisi yaratan ayd\u0131nlatma.&nbsp;<\/li>\n\n\n\n<li>Trim olmadan vurgulu ayd\u0131nlatmaya ihtiya\u00e7 duyan modern mutfaklar ve oturma alanlar\u0131.<\/li>\n\n\n\n<li>Profesyonel mimari ayd\u0131nlatma gerektiren perakende ve i\u015f yerleri.<\/li>\n\n\n\n<li>Dramatik bir etki i\u00e7in ni\u015f ayd\u0131nlatma ve zemin- tavana kadar olan \u0131\u015f\u0131k \u00e7izgileri.<\/li>\n<\/ul>\n<\/div>\n\n\n\n<div class=\"wp-block-group is-vertical is-layout-flex wp-container-core-group-is-layout-d255d7c4 wp-block-group-is-layout-flex\" style=\"padding-top:var(--wp--preset--spacing--80);padding-bottom:var(--wp--preset--spacing--80)\">\n<h2 class=\"wp-block-heading\" style=\"padding-top:var(--wp--preset--spacing--40);padding-bottom:var(--wp--preset--spacing--40);font-size:25px;font-style:normal;font-weight:600;text-transform:capitalize\">Gerekli Olabilecek \u0130lgili \u00dcr\u00fcnler<\/h2>\n\n\n\n<ul class=\"wp-block-list\">\n<li>Ke\u015ffedin <a href=\"https:\/\/tangooled.com\/tr\/urun\/black-led-diffuser-aluminum-channel-for-12mm-tape-lights\/\"><mark style=\"background-color:rgba(0, 0, 0, 0)\" class=\"has-inline-color has-vivid-red-color\">12 mm bant \u0131\u015f\u0131klar\u0131 i\u00e7in siyah LED dif\u00f6re al\u00fcminyum kanal<\/mark><\/a> \u015f\u0131k, modern bir siyah kaplama i\u00e7in.<\/li>\n\n\n\n<li>\u015eunu deneyin <a href=\"https:\/\/tangooled.com\/tr\/urun\/led-strip-light-channel-aluminum-profile-with-diffused-cover-6mm-height\/\"><mark style=\"background-color:rgba(0, 0, 0, 0)\" class=\"has-inline-color has-vivid-red-color\">Dif\u00fcz\u00f6r kapakl\u0131 6mm y\u00fckseklikteki LED \u015ferit \u0131\u015f\u0131k kanal\u0131 al\u00fcminyum profil<\/mark><\/a> Daha ince bir profil istiyorsan\u0131z.<\/li>\n\n\n\n<li>Y\u00fczey montaj se\u00e7enekleri i\u00e7in, kontrol edin <a href=\"https:\/\/tangooled.com\/tr\/urun\/surface-mount-led-profile-with-frosted-diffuser-for-10mm-rope-lights\/\"><mark style=\"background-color:rgba(0, 0, 0, 0)\" class=\"has-inline-color has-vivid-red-color\">10 mm iplikler i\u00e7in mat dif\u00f6re sahip y\u00fczeye montaj LED profili<\/mark><\/a>.<\/li>\n<\/ul>\n<\/div>\n\n\n\n<div class=\"wp-block-group is-vertical is-layout-flex wp-container-core-group-is-layout-d255d7c4 wp-block-group-is-layout-flex\" style=\"padding-top:var(--wp--preset--spacing--80);padding-bottom:var(--wp--preset--spacing--80)\">\n<h2 class=\"wp-block-heading\" style=\"padding-top:var(--wp--preset--spacing--40);padding-bottom:var(--wp--preset--spacing--40);font-size:25px;font-style:normal;font-weight:600;text-transform:capitalize\">\u00d6zet<\/h2>\n\n\n\n<p>Our drywall led channel, featuring an outside square diffuser and an inner width of 12mm, provides you with a lighting solution that is completely hidden and doesn&#8217;t need any trim. It is robust, simple to set up, and works with a variety of 12mm LED strips. Its square diffuser gives off gentle, even light, which is great for both home and business projects.<\/p>\n<\/div>\n\n\n\n<p><\/p>","protected":false},"featured_media":13752,"template":"","meta":{"_acf_changed":true,"_seopress_robots_primary_cat":"none","_seopress_titles_title":"Square Diffuser Plaster-in LED Profile | 12mm Inner Width DWP10","_seopress_titles_desc":"The DWP10 is a unique plaster-in led profile featuring an outer square diffuser for a wider light beam. With a 12mm inner width, this aluminum channel provides a modern architectural look for ceilings and drywalls.","_seopress_robots_index":""},"pcb-width":[228],"product-cat":[197],"class_list":{"0":"post-42637","1":"product","2":"type-product","3":"status-publish","4":"has-post-thumbnail","6":"pcb-width-6-12mm","7":"product-cat-plaster-in-profile"},"acf":[],"_links":{"self":[{"href":"https:\/\/tangooled.com\/tr\/wp-json\/wp\/v2\/product\/42637","targetHints":{"allow":["GET"]}}],"collection":[{"href":"https:\/\/tangooled.com\/tr\/wp-json\/wp\/v2\/product"}],"about":[{"href":"https:\/\/tangooled.com\/tr\/wp-json\/wp\/v2\/types\/product"}],"wp:featuredmedia":[{"embeddable":true,"href":"https:\/\/tangooled.com\/tr\/wp-json\/wp\/v2\/media\/13752"}],"wp:attachment":[{"href":"https:\/\/tangooled.com\/tr\/wp-json\/wp\/v2\/media?parent=42637"}],"wp:term":[{"taxonomy":"pcb-width","embeddable":true,"href":"https:\/\/tangooled.com\/tr\/wp-json\/wp\/v2\/pcb-width?post=42637"},{"taxonomy":"product-cat","embeddable":true,"href":"https:\/\/tangooled.com\/tr\/wp-json\/wp\/v2\/product-cat?post=42637"}],"curies":[{"name":"wp","href":"https:\/\/api.w.org\/{rel}","templated":true}]}}