{"id":42634,"date":"2025-12-23T05:35:09","date_gmt":"2025-12-23T13:35:09","guid":{"rendered":"https:\/\/tangooled.com\/?post_type=product&#038;p=42634"},"modified":"2026-02-01T22:21:38","modified_gmt":"2026-02-02T06:21:38","slug":"20mm-deep-mud-in-drywall-led-profile-for-10mm-tape-light","status":"publish","type":"product","link":"https:\/\/tangooled.com\/tr\/urun\/20mm-deep-mud-in-drywall-led-profile-for-10mm-tape-light\/","title":{"rendered":"10 mm bant \u0131\u015f\u0131k i\u00e7in 20 mm derinlikte al\u00e7\u0131pan led profili"},"content":{"rendered":"<div class=\"wp-block-group is-vertical is-layout-flex wp-container-core-group-is-layout-d255d7c4 wp-block-group-is-layout-flex\" style=\"padding-top:var(--wp--preset--spacing--80);padding-bottom:var(--wp--preset--spacing--80)\">\n<p>DWP09 20 mm derinlikteki al\u00e7\u0131pan LED profilimiz, al\u00e7\u0131pan uygulamalar\u0131 i\u00e7in \u00f6zel olarak \u00fcretilmi\u015ftir. G\u00f6r\u00fcn\u00fcr \u00e7er\u00e7eve veya kenar olmaks\u0131z\u0131n d\u00fczg\u00fcn, temiz \u0131\u015f\u0131k \u00e7izgileri olu\u015fturur. Profil 56.6 mm geni\u015fli\u011findedir ve yerle\u015fik kanal derinli\u011fi 23.2 mm ile i\u00e7 y\u00fcksekli\u011fi 20.0 mm\u2019dir. Dayan\u0131kl\u0131 6063-T5 anodize al\u00fcminyumdan yap\u0131lm\u0131\u015ft\u0131r. 12.2 mm i\u00e7 geni\u015fli\u011fi, normal tek s\u0131ral\u0131, RGB ve COB versiyonlar\u0131 dahil olmak \u00fczere 10 mm LED \u015feritleri i\u00e7in tam olarak uygundur. Dayan\u0131kl\u0131 malzeme, \u0131\u015f\u0131k \u015feridinizin serin kalmas\u0131n\u0131 sa\u011flayan ve \u00f6mr\u00fcn\u00fc uzatan bir \u0131s\u0131yla birle\u015fim g\u00f6vdesi i\u015flevi g\u00f6r\u00fcr.<\/p>\n<\/div>\n\n\n\n<div class=\"wp-block-group has-background is-vertical is-layout-flex wp-container-core-group-is-layout-d255d7c4 wp-block-group-is-layout-flex\" style=\"background-color:#f1f1f1;padding-top:var(--wp--preset--spacing--80);padding-bottom:var(--wp--preset--spacing--80)\">\n<div class=\"wp-block-group is-vertical is-layout-flex wp-container-core-group-is-layout-8cf370e7 wp-block-group-is-layout-flex\">\n<h2 class=\"wp-block-heading\" style=\"padding-top:var(--wp--preset--spacing--40);padding-bottom:var(--wp--preset--spacing--40);font-size:25px;font-style:normal;font-weight:600;text-transform:capitalize\">Neden Bu 20mm Derin Al\u00e7\u0131pan LED Profilini Tercih Etmelisiniz?<\/h2>\n\n\n\n<ul class=\"wp-block-list\">\n<li>D\u00fcz y\u00fczey: Kenarlarda, pisli\u011fin yap\u0131\u015fmas\u0131n\u0131 sa\u011flayan k\u00fc\u00e7\u00fck delikler (perfore flan\u015flar) vard\u0131r. Kuruduktan sonra duvar\u0131n\u0131z\u0131n bir par\u00e7as\u0131 gibi g\u00f6r\u00fcn\u00fcr.<\/li>\n\n\n\n<li>G\u00fc\u00e7l\u00fc Is\u0131 Emici: Metal kabuk, LED \u015feritleri so\u011fuk tutar, bu da \u00f6m\u00fcrlerini uzat\u0131r.<\/li>\n\n\n\n<li>Noktas\u0131z ayd\u0131nlatma: \u00dczerinde tak\u0131lan bir opal dif\u00fcz\u00f6r kapa\u011f\u0131 ile gelir. Bu, \u0131\u015f\u0131\u011f\u0131 e\u015fit ve yumu\u015fak bir \u015fekilde da\u011f\u0131t\u0131r, nokta veya s\u0131cak noktalar olmadan.<\/li>\n\n\n\n<li>Fits perfectly: Made for regular drywall (1\/2&#8243; or 5\/8&#8243;) to make sure it stays in place.<\/li>\n\n\n\n<li>LED \u015feridi korur: Toz ve hasar uzak tutar ve montaj\u0131 kolayla\u015ft\u0131r\u0131r.<\/li>\n\n\n\n<li>trim to size: You may get it in 1 or 2 meters and it&#8217;s easy to trim to the right length.<\/li>\n<\/ul>\n<\/div>\n<\/div>\n\n\n\n<div class=\"wp-block-group\" style=\"padding-top:var(--wp--preset--spacing--80);padding-bottom:var(--wp--preset--spacing--80)\"><div class=\"wp-block-group__inner-container is-layout-constrained wp-block-group-is-layout-constrained\">\n<div class=\"wp-block-media-text has-media-on-the-right is-stacked-on-mobile\" style=\"grid-template-columns:auto 40%\"><div class=\"wp-block-media-text__content\">\n<h2 class=\"wp-block-heading\" style=\"padding-top:var(--wp--preset--spacing--40);padding-bottom:var(--wp--preset--spacing--40);font-size:25px;font-style:normal;font-weight:600;text-transform:capitalize\">Nas\u0131l Kullan\u0131l\u0131r?<\/h2>\n\n\n\n<ul class=\"wp-block-list\">\n<li>Al\u00fcminyum profili duvar veya tavan iskeletine sabitleyin.<\/li>\n\n\n\n<li>Deliklerin oldu\u011fu kanatlara al\u00e7\u0131pan harc\u0131 s\u00fcr\u00fcn.<\/li>\n\n\n\n<li>Harc\u0131n kurumas\u0131n\u0131 bekleyin, sonra z\u0131mparalay\u0131n.<\/li>\n\n\n\n<li>10 mm bant \u0131\u015f\u0131\u011f\u0131 kanala yerle\u015ftirin.<\/li>\n\n\n\n<li>D\u00fczg\u00fcn ve noktalar olmadan \u0131\u015f\u0131k i\u00e7in dif\u00fcz\u00f6r\u00fc tak\u0131n.<\/li>\n\n\n\n<li>LED \u015feridi g\u00fc\u00e7 ve kontrol sistemine ba\u011flay\u0131n.<\/li>\n<\/ul>\n<\/div><figure class=\"wp-block-media-text__media\"><img loading=\"lazy\" decoding=\"async\" width=\"500\" height=\"500\" src=\"https:\/\/tangooled.com\/wp-content\/uploads\/2025\/12\/dwp09-ins.webp\" alt=\"10 mm bant \u0131\u015f\u0131k i\u00e7in 20 mm derinlikte al\u00e7\u0131pan led profili\" class=\"wp-image-42811 size-full\" srcset=\"https:\/\/tangooled.com\/wp-content\/uploads\/2025\/12\/dwp09-ins.webp 500w, https:\/\/tangooled.com\/wp-content\/uploads\/2025\/12\/dwp09-ins-300x300.webp 300w, https:\/\/tangooled.com\/wp-content\/uploads\/2025\/12\/dwp09-ins-150x150.webp 150w\" sizes=\"auto, (max-width: 500px) 100vw, 500px\" \/><\/figure><\/div>\n<\/div><\/div>\n\n\n\n<div class=\"wp-block-group has-background\" style=\"background-color:#f1f1f1f2;padding-top:var(--wp--preset--spacing--80);padding-bottom:var(--wp--preset--spacing--80)\"><div class=\"wp-block-group__inner-container is-layout-constrained wp-block-group-is-layout-constrained\">\n<h2 class=\"wp-block-heading\" style=\"padding-top:var(--wp--preset--spacing--40);padding-bottom:var(--wp--preset--spacing--40);font-size:25px;font-style:normal;font-weight:600;text-transform:capitalize\">Bu noktas\u0131z al\u00e7\u0131pan kanal\u0131 nerelerde kullanabilirsiniz?<\/h2>\n\n\n\n<ul class=\"wp-block-list\">\n<li>Duvar veya tavanda k\u00f6\u015fesiz \u0131\u015f\u0131k \u00e7izgileri yapmak i\u00e7in g\u00f6mme ayd\u0131nlatma.<\/li>\n\n\n\n<li>Mutfak veya \u00e7al\u0131\u015fma alanlar\u0131nda dolaplar\u0131n veya raflar\u0131n arkas\u0131ndaki ayd\u0131nlatma.<\/li>\n\n\n\n<li>\u015eekilleri ve alanlar\u0131 ortaya \u00e7\u0131karan mimari ve dekoratif ayd\u0131nlatma.<\/li>\n\n\n\n<li>At\u00f6lyeler, oyun odalar\u0131 ve yarat\u0131c\u0131 \u00e7al\u0131\u015fmalar i\u00e7in modern LED \u015feritler.<\/li>\n<\/ul>\n<\/div><\/div>\n\n\n\n<div class=\"wp-block-group is-vertical is-layout-flex wp-container-core-group-is-layout-d255d7c4 wp-block-group-is-layout-flex\" style=\"padding-top:var(--wp--preset--spacing--80);padding-bottom:var(--wp--preset--spacing--80)\">\n<h2 class=\"wp-block-heading\" style=\"padding-top:var(--wp--preset--spacing--40);padding-bottom:var(--wp--preset--spacing--40);font-size:25px;font-style:normal;font-weight:600;text-transform:capitalize\">\u0130lgili \u00fcr\u00fcnler<\/h2>\n\n\n\n<ul class=\"wp-block-list\">\n<li>Ke\u015ffet <a href=\"https:\/\/tangooled.com\/tr\/urun\/surface-mount-led-profile-with-frosted-diffuser-for-10mm-rope-lights\/\"><mark style=\"background-color:rgba(0, 0, 0, 0)\" class=\"has-inline-color has-vivid-red-color\">10 mm kablo \u0131\u015f\u0131klar\u0131 i\u00e7in frosted dif\u00fcz\u00f6rl\u00fc y\u00fczey montaj LED profili<\/mark><\/a> kolay y\u00fczey montaj \u00e7\u00f6z\u00fcmleri i\u00e7in.<\/li>\n\n\n\n<li>Kontrol et <a href=\"https:\/\/tangooled.com\/tr\/urun\/led-light-diffuser-channel-aluminum-15x12mm-for-10mm-led-strips\/\"><mark style=\"background-color:rgba(0, 0, 0, 0)\" class=\"has-inline-color has-vivid-red-color\">10mm LED \u015feritler i\u00e7in 15x12mm LED \u0131\u015f\u0131k da\u011f\u0131t\u0131c\u0131 kanal\u0131 al\u00fcminyum<\/mark><\/a> Daha ince bir profil istiyorsan\u0131z.<\/li>\n\n\n\n<li>Bul <a href=\"https:\/\/tangooled.com\/tr\/urun\/recessed-aluminum-channel-with-ceiling-buckle-for-led-10mm-strip-light\/\"><mark style=\"background-color:rgba(0, 0, 0, 0)\" class=\"has-inline-color has-vivid-red-color\">Tavan tokas\u0131 ile g\u00f6mme LED al\u00fcminyum profili<\/mark><\/a> kanallar\u0131 tavanlara h\u0131zl\u0131ca sabitlemek sizin ihtiyac\u0131n\u0131zd\u0131r.<\/li>\n<\/ul>\n<\/div>\n\n\n\n<div class=\"wp-block-group has-background\" style=\"background-color:#f1f1f1;padding-top:var(--wp--preset--spacing--80);padding-bottom:var(--wp--preset--spacing--80)\"><div class=\"wp-block-group__inner-container is-layout-constrained wp-block-group-is-layout-constrained\">\n<p>20 mm derin al\u00e7\u0131pan led profilimiz, temiz, d\u00fczenli ve profesyonel LED \u015ferit montajlar\u0131 i\u00e7in m\u00fckemmel bir se\u00e7imdir. Y\u00fcksek kaliteli malzemelerden \u00fcretilmi\u015ftir ve sorunsuz al\u00e7\u0131pan montaj\u0131 i\u00e7in tasarlanm\u0131\u015ft\u0131r, bu profil 10 mm bant \u0131\u015f\u0131\u011f\u0131n\u0131z\u0131n y\u0131llarca yumu\u015fak, d\u00fczg\u00fcn ve dayan\u0131kl\u0131 ayd\u0131nlatma sa\u011flamas\u0131n\u0131 garanti eder.<\/p>\n<\/div><\/div>\n\n\n\n<p><\/p>","protected":false},"featured_media":13743,"template":"","meta":{"_acf_changed":true,"_seopress_robots_primary_cat":"none","_seopress_titles_title":"20mm Deep Drywall LED Profile | Dot-Free Mud-in Channel DWP09","_seopress_titles_desc":"The DWP09 is a professional 20mm deep drywall led profile designed for 10mm tape lights. Its deep-recessed design ensures a dot-free, seamless linear light finish in plasterboards.","_seopress_robots_index":""},"pcb-width":[228],"product-cat":[197],"class_list":{"0":"post-42634","1":"product","2":"type-product","3":"status-publish","4":"has-post-thumbnail","6":"pcb-width-6-12mm","7":"product-cat-plaster-in-profile"},"acf":[],"_links":{"self":[{"href":"https:\/\/tangooled.com\/tr\/wp-json\/wp\/v2\/product\/42634","targetHints":{"allow":["GET"]}}],"collection":[{"href":"https:\/\/tangooled.com\/tr\/wp-json\/wp\/v2\/product"}],"about":[{"href":"https:\/\/tangooled.com\/tr\/wp-json\/wp\/v2\/types\/product"}],"wp:featuredmedia":[{"embeddable":true,"href":"https:\/\/tangooled.com\/tr\/wp-json\/wp\/v2\/media\/13743"}],"wp:attachment":[{"href":"https:\/\/tangooled.com\/tr\/wp-json\/wp\/v2\/media?parent=42634"}],"wp:term":[{"taxonomy":"pcb-width","embeddable":true,"href":"https:\/\/tangooled.com\/tr\/wp-json\/wp\/v2\/pcb-width?post=42634"},{"taxonomy":"product-cat","embeddable":true,"href":"https:\/\/tangooled.com\/tr\/wp-json\/wp\/v2\/product-cat?post=42634"}],"curies":[{"name":"wp","href":"https:\/\/api.w.org\/{rel}","templated":true}]}}