{"id":42633,"date":"2025-12-23T05:29:47","date_gmt":"2025-12-23T13:29:47","guid":{"rendered":"https:\/\/tangooled.com\/?post_type=product&#038;p=42633"},"modified":"2026-01-27T20:11:23","modified_gmt":"2026-01-28T04:11:23","slug":"inside-corner-tile-trim-led-aluminum-profile-for-12mm-strips","status":"publish","type":"product","link":"https:\/\/tangooled.com\/tr\/urun\/inside-corner-tile-trim-led-aluminum-profile-for-12mm-strips\/","title":{"rendered":"12mm \u015eeritler i\u00e7in \u0130\u00e7 K\u00f6\u015fe Fayans Trim LED Al\u00fcminyum Profili"},"content":{"rendered":"<div class=\"wp-block-group is-vertical is-layout-flex wp-container-core-group-is-layout-d255d7c4 wp-block-group-is-layout-flex\" style=\"padding-top:var(--wp--preset--spacing--80);padding-bottom:var(--wp--preset--spacing--80)\">\n<p>DWP08 i\u00e7 k\u00f6\u015fe fayans trim LED profilimiz, fayanslar\u0131n\u0131z\u0131n k\u00f6\u015felerini ayd\u0131nl\u0131k ve d\u00fczenli hale getirir. Bu profesyonel anodik kaplama al\u00fcminyum profil, i\u00e7 mekanlarda 90 derecelik k\u00f6\u015felerde al\u00e7\u0131 veya fayans yerle\u015ftirmek i\u00e7in \u00f6zel olarak \u00fcretilmi\u015ftir. Geni\u015fli\u011fi 58mm'dir ve 25mm veya 36mm geni\u015fli\u011finde al\u00e7\u0131 flan\u015flara sahiptir. 12mm LED \u015feritlerini g\u00fcvenli bir \u015fekilde ve g\u00f6r\u00fcnmeden tutabilir. Sa\u011flam yap\u0131s\u0131 LED'leri korur ve \u0131s\u0131y\u0131 da\u011f\u0131tarak uzun \u00f6m\u00fcrl\u00fc olmalar\u0131n\u0131 sa\u011flar. Mutfaklar, banyolar, du\u015fa kabinler ve di\u011fer fayans kapl\u0131 alanlar i\u00e7in kesintisiz, p\u00fcr\u00fczs\u00fcz lineer ayd\u0131nlatma sa\u011flamak i\u00e7in kullan\u0131n.<\/p>\n<\/div>\n\n\n\n<div class=\"wp-block-group has-background is-vertical is-layout-flex wp-container-core-group-is-layout-d255d7c4 wp-block-group-is-layout-flex\" style=\"background-color:#f1f1f1;padding-top:var(--wp--preset--spacing--80);padding-bottom:var(--wp--preset--spacing--80)\">\n<div class=\"wp-block-group is-vertical is-layout-flex wp-container-core-group-is-layout-8cf370e7 wp-block-group-is-layout-flex\">\n<h2 class=\"wp-block-heading\" style=\"padding-top:var(--wp--preset--spacing--40);padding-bottom:var(--wp--preset--spacing--40);font-size:25px;font-style:normal;font-weight:600;text-transform:capitalize\">Neden \u0130\u00e7 K\u00f6\u015fe Fayans Trim LED Profilimizi Tercih Etmelisiniz?<\/h2>\n\n\n\n<ul class=\"wp-block-list\">\n<li>Tan\u0131nm\u0131\u015f COB ve SMD \u015ferit ayd\u0131nlatmalar\u0131 gibi 12mm LED \u015ferit lambalarla iyi \u00e7al\u0131\u015f\u0131r.<\/li>\n\n\n\n<li>G\u00fc\u00e7l\u00fc ve \u0131s\u0131n\u0131n ka\u00e7mas\u0131na izin veren 6063-T5 anodize al\u00fcminyumdan yap\u0131lm\u0131\u015ft\u0131r.<\/li>\n\n\n\n<li>I\u015f\u0131\u011f\u0131 yumu\u015fak ve noktas\u0131z hale getiren buzlu veya opal bir dif\u00fcz\u00f6r ile gelir.\u00a0<\/li>\n\n\n\n<li>Montaj aya\u011f\u0131nda, profilin fayans derzine veya ince har\u00e7la sa\u011flam bir \u015fekilde tutturulmas\u0131n\u0131 sa\u011flayan delikler bulunmaktad\u0131r. Dekorunuza uymas\u0131 i\u00e7in g\u00fcm\u00fc\u015f, siyah veya beyaz se\u00e7enekleri mevcuttur.<\/li>\n\n\n\n<li>1m, 2m veya 3m uzunluklarda gelir ve her projeye kolayca uyacak \u015fekilde kesilebilir.<\/li>\n\n\n\n<li>Kenarlar\u0131 d\u00fczenli tutmak ve kablolar\u0131 ge\u00e7irmenizi kolayla\u015ft\u0131rmak i\u00e7in son kapaklarla birlikte gelir.<\/li>\n<\/ul>\n<\/div>\n<\/div>\n\n\n\n<div class=\"wp-block-group is-vertical is-layout-flex wp-container-core-group-is-layout-d255d7c4 wp-block-group-is-layout-flex\" style=\"padding-top:var(--wp--preset--spacing--80);padding-bottom:var(--wp--preset--spacing--80)\">\n<hr class=\"wp-block-separator has-alpha-channel-opacity\"\/>\n\n\n\n<div class=\"wp-block-media-text has-media-on-the-right is-stacked-on-mobile\" style=\"grid-template-columns:auto 40%\"><div class=\"wp-block-media-text__content\">\n<h2 class=\"wp-block-heading\" style=\"padding-top:var(--wp--preset--spacing--40);padding-bottom:var(--wp--preset--spacing--40);font-size:25px;font-style:normal;font-weight:600;text-transform:capitalize\">\u0130\u00e7 K\u00f6\u015fe Fayans Trim LED Profilini Nas\u0131l Kullanmal\u0131<\/h2>\n\n\n\n<ul class=\"wp-block-list\">\n<li>Perforasyonlu flanj\u0131 ince har\u00e7 veya fayans yap\u0131\u015ft\u0131r\u0131c\u0131s\u0131na yerle\u015ftirin.<\/li>\n\n\n\n<li>P\u00fcr\u00fczs\u00fcz bir y\u00fczey elde etmek i\u00e7in, fayanslar\u0131n kenarlar\u0131n\u0131 profil ile ayn\u0131 hizada olmas\u0131n\u0131 sa\u011flay\u0131n.<\/li>\n\n\n\n<li>K\u00f6\u015felerde keskin, e\u015fit ayd\u0131nlatma sa\u011flamak i\u00e7in 12mm LED \u015feridinizi i\u00e7ine yerle\u015ftirin.<\/li>\n\n\n\n<li>P\u00fcr\u00fczs\u00fcz bir \u0131\u015f\u0131k elde etmek i\u00e7in buzlu dif\u00fcz\u00f6r kapa\u011f\u0131n\u0131 \u00fcst\u00fcne yerle\u015ftirin.<\/li>\n<\/ul>\n<\/div><figure class=\"wp-block-media-text__media\"><img loading=\"lazy\" decoding=\"async\" width=\"500\" height=\"500\" src=\"https:\/\/tangooled.com\/wp-content\/uploads\/2025\/12\/dwp08-ins.webp\" alt=\"inside corner tile trim led aluminum profile for 12mm strips\" class=\"wp-image-42807 size-full\" srcset=\"https:\/\/tangooled.com\/wp-content\/uploads\/2025\/12\/dwp08-ins.webp 500w, https:\/\/tangooled.com\/wp-content\/uploads\/2025\/12\/dwp08-ins-300x300.webp 300w, https:\/\/tangooled.com\/wp-content\/uploads\/2025\/12\/dwp08-ins-150x150.webp 150w\" sizes=\"auto, (max-width: 500px) 100vw, 500px\" \/><\/figure><\/div>\n<\/div>\n\n\n\n<div class=\"wp-block-group has-background\" style=\"background-color:#f1f1f1f2;padding-top:var(--wp--preset--spacing--80);padding-bottom:var(--wp--preset--spacing--80)\"><div class=\"wp-block-group__inner-container is-layout-constrained wp-block-group-is-layout-constrained\">\n<h2 class=\"wp-block-heading\" style=\"padding-top:var(--wp--preset--spacing--40);padding-bottom:var(--wp--preset--spacing--40);font-size:25px;font-style:normal;font-weight:600\">En \u00dcst \u0130\u00e7 K\u00f6\u015fe Fayans Trim LED Profil Uygulamalar\u0131<\/h2>\n\n\n\n<ul class=\"wp-block-list\">\n<li>Mutfak S\u0131rt Ayd\u0131nlatmalar\u0131: Tezgah k\u00f6\u015felerini \u00f6ne \u00e7\u0131karmak i\u00e7in parlak g\u00f6rev veya vurgu ayd\u0131nlatmas\u0131 kullan\u0131n.<\/li>\n\n\n\n<li>Koridorlar ve Merdivenler: Ad\u0131mlar ve k\u00f6\u015felerin \u00fczerine hatlar eklemek onlar\u0131 daha g\u00fcvenli ve modern hale getirecektir.<\/li>\n\n\n\n<li>Tavan ve duvarlarda ni\u015f ayd\u0131nlatmas\u0131: Dolayl\u0131 k\u00f6\u015fe \u0131\u015f\u0131\u011f\u0131 kullanarak tavanlar\u0131n daha y\u00fcksek g\u00f6r\u00fcnmesini sa\u011flay\u0131n.<\/li>\n\n\n\n<li>Duvarlar ve Zeminler Aras\u0131ndaki De\u011fi\u015fimler: Ayd\u0131nlatmal\u0131 pervazlar veya s\u00fcp\u00fcrgelikler olu\u015fturun.<\/li>\n\n\n\n<li>Perakende ve ticari sergiler: Raflar\u0131, sergileri ve mimari kenarlar\u0131 vurgulamak i\u00e7in ayd\u0131nlatma kullan\u0131n.<\/li>\n<\/ul>\n<\/div><\/div>\n\n\n\n<div class=\"wp-block-group is-vertical is-layout-flex wp-container-core-group-is-layout-d255d7c4 wp-block-group-is-layout-flex\" style=\"padding-top:var(--wp--preset--spacing--80);padding-bottom:var(--wp--preset--spacing--80)\">\n<h2 class=\"wp-block-heading\" style=\"font-size:25px;font-style:normal;font-weight:600;text-transform:capitalize\">Be\u011fenebilece\u011finiz \u0130lgili \u00dcr\u00fcnler<\/h2>\n\n\n\n<ul class=\"wp-block-list\">\n<li><a href=\"https:\/\/tangooled.com\/tr\/urun\/black-led-diffuser-aluminum-channel-for-12mm-tape-lights\/\"><mark style=\"background-color:rgba(0, 0, 0, 0)\" class=\"has-inline-color has-vivid-red-color\">12 mm \u015eerit I\u015f\u0131klar i\u00e7in Siyah LED Dif\u00fcz\u00f6r Al\u00fcminyum Kanal<\/mark><\/a> \u2014 Perfect match for dark designs.<\/li>\n\n\n\n<li><a href=\"https:\/\/tangooled.com\/tr\/urun\/18x18mm-led-strip-corner-profile-for-12mm-led-strips\/\"><mark style=\"background-color:rgba(0, 0, 0, 0)\" class=\"has-inline-color has-vivid-red-color\">12mm LED \u015eeritler i\u00e7in 18x18mm LED K\u00f6\u015fe Profili<\/mark><\/a> \u2014 Great for sharp corner lighting.<\/li>\n\n\n\n<li><a href=\"https:\/\/tangooled.com\/tr\/urun\/led-profile-under-cabinet-corner-lighting-for-led-strip-12mm\/\"><mark style=\"background-color:rgba(0, 0, 0, 0)\" class=\"has-inline-color has-vivid-red-color\">LED \u015eerit 12mm i\u00e7in Dolap Alt\u0131 K\u00f6\u015fe Ayd\u0131nlatmas\u0131<\/mark><\/a> \u2014 Ideal for kitchen under cabinet corners.<\/li>\n<\/ul>\n<\/div>\n\n\n\n<p><\/p>","protected":false},"featured_media":13738,"template":"","meta":{"_acf_changed":true,"_seopress_robots_primary_cat":"none","_seopress_titles_title":"Inside Corner Tile Trim LED Profile | 12mm Internal Corner DWP08 | TANGOOLED","_seopress_titles_desc":"The DWP08 is a specialized inside corner tile trim led profile for 12mm strips. Perfect for creating ambient lighting in tile corners of bathrooms and showers while providing a clean trim finish.","_seopress_robots_index":""},"pcb-width":[228],"product-cat":[197],"class_list":{"0":"post-42633","1":"product","2":"type-product","3":"status-publish","4":"has-post-thumbnail","6":"pcb-width-6-12mm","7":"product-cat-plaster-in-profile"},"acf":[],"_links":{"self":[{"href":"https:\/\/tangooled.com\/tr\/wp-json\/wp\/v2\/product\/42633","targetHints":{"allow":["GET"]}}],"collection":[{"href":"https:\/\/tangooled.com\/tr\/wp-json\/wp\/v2\/product"}],"about":[{"href":"https:\/\/tangooled.com\/tr\/wp-json\/wp\/v2\/types\/product"}],"wp:featuredmedia":[{"embeddable":true,"href":"https:\/\/tangooled.com\/tr\/wp-json\/wp\/v2\/media\/13738"}],"wp:attachment":[{"href":"https:\/\/tangooled.com\/tr\/wp-json\/wp\/v2\/media?parent=42633"}],"wp:term":[{"taxonomy":"pcb-width","embeddable":true,"href":"https:\/\/tangooled.com\/tr\/wp-json\/wp\/v2\/pcb-width?post=42633"},{"taxonomy":"product-cat","embeddable":true,"href":"https:\/\/tangooled.com\/tr\/wp-json\/wp\/v2\/product-cat?post=42633"}],"curies":[{"name":"wp","href":"https:\/\/api.w.org\/{rel}","templated":true}]}}