{"id":42628,"date":"2025-12-23T05:26:22","date_gmt":"2025-12-23T13:26:22","guid":{"rendered":"https:\/\/tangooled.com\/?post_type=product&#038;p=42628"},"modified":"2026-01-27T20:09:10","modified_gmt":"2026-01-28T04:09:10","slug":"outside-corner-tile-led-strip-profile-for-12mm-light-tape","status":"publish","type":"product","link":"https:\/\/tangooled.com\/tr\/urun\/outside-corner-tile-led-strip-profile-for-12mm-light-tape\/","title":{"rendered":"12mm I\u015f\u0131k \u015eeridi i\u00e7in D\u0131\u015f K\u00f6\u015fe Fayans LED Profil"},"content":{"rendered":"<div class=\"wp-block-group is-vertical is-layout-flex wp-container-core-group-is-layout-d255d7c4 wp-block-group-is-layout-flex\" style=\"padding-top:var(--wp--preset--spacing--80);padding-bottom:var(--wp--preset--spacing--80)\">\n<p>Our DWP07 Outside corner tile LED profile will make your tiled corners glow. This high-quality aluminum\u00a0profile is made to hold and protect your 12mm light tape while making the corners of your outdoor tiles seem clean and smooth. It is 46.8mm broad and 21.5mm deep. The profile is made of durable anodized aluminum, which functions as a heat sink to keep your LEDs cool and safe. The inbuilt opal diffuser makes the light gentle and dot-free, which makes it great for kitchens, baths, staircases, and other tiled areas.<\/p>\n<\/div>\n\n\n\n<div class=\"wp-block-group has-background is-vertical is-layout-flex wp-container-core-group-is-layout-d255d7c4 wp-block-group-is-layout-flex\" style=\"background-color:#f1f1f1;padding-top:var(--wp--preset--spacing--80);padding-bottom:var(--wp--preset--spacing--80)\">\n<div class=\"wp-block-group is-vertical is-layout-flex wp-container-core-group-is-layout-8cf370e7 wp-block-group-is-layout-flex\">\n<h2 class=\"wp-block-heading\" style=\"padding-top:var(--wp--preset--spacing--40);padding-bottom:var(--wp--preset--spacing--40);font-size:25px;font-style:normal;font-weight:600;text-transform:capitalize\">Neden Bu D\u0131\u015f K\u00f6\u015fe Fayans LED Profiline \u0130htiyac\u0131n\u0131z Var<\/h2>\n\n\n\n<ul class=\"wp-block-list\">\n<li>Fayans k\u00f6\u015felerinin yontulmas\u0131n\u0131 ve \u00e7atlamas\u0131n\u0131 \u00f6nler.<\/li>\n\n\n\n<li>Ayd\u0131nlatma kenarlar\u0131n\u0131 modern ve \u015f\u0131k bir g\u00f6r\u00fcn\u00fcm kazand\u0131r\u0131r.<\/li>\n\n\n\n<li>Perforatik flan\u015f, fayans harc\u0131na etkili bir \u015fekilde yap\u0131\u015farak olduk\u00e7a sa\u011flam olmas\u0131n\u0131 sa\u011flar.<\/li>\n\n\n\n<li>Hem \u0131slak hem de kuru yerlerde kullan\u0131labilir.<\/li>\n\n\n\n<li>Banyonuza, mutfak\u0131n\u0131za, merdiveninize veya duvar\u0131n\u0131za ayd\u0131nlatmay\u0131 keskin ve parlak hale getirir.<\/li>\n\n\n\n<li>Bir\u00e7ok SMD veya COB LED \u015feridi ile noktas\u0131z bir par\u0131lt\u0131 olu\u015fturur.<\/li>\n<\/ul>\n<\/div>\n<\/div>\n\n\n\n<div class=\"wp-block-group is-vertical is-layout-flex wp-container-core-group-is-layout-d255d7c4 wp-block-group-is-layout-flex\" style=\"padding-top:var(--wp--preset--spacing--80);padding-bottom:var(--wp--preset--spacing--80)\">\n<hr class=\"wp-block-separator has-alpha-channel-opacity\"\/>\n\n\n\n<div class=\"wp-block-media-text has-media-on-the-right is-stacked-on-mobile\" style=\"grid-template-columns:auto 40%\"><div class=\"wp-block-media-text__content\">\n<h2 class=\"wp-block-heading\" style=\"padding-top:var(--wp--preset--spacing--40);padding-bottom:var(--wp--preset--spacing--40);font-size:25px;font-style:normal;font-weight:600;text-transform:capitalize\">Nas\u0131l Kurulur<\/h2>\n\n\n\n<ul class=\"wp-block-list\">\n<li>Fayans k\u00f6\u015fesinin temiz ve kuru olmas\u0131n\u0131 sa\u011flay\u0131n.<\/li>\n\n\n\n<li>Perforatik flan\u015f\u0131 yerinde tutmak i\u00e7in fayans yap\u0131\u015ft\u0131r\u0131c\u0131s\u0131 veya ince har\u00e7 kullan\u0131n.<\/li>\n\n\n\n<li>LED \u015feridi kanalda takmadan \u00f6nce yap\u0131\u015ft\u0131r\u0131c\u0131n\u0131n kurumas\u0131n\u0131 bekleyin.<\/li>\n\n\n\n<li>Opal dif\u00fcz\u00f6r kapa\u011f\u0131n\u0131 profilde yerine oturtarak tak\u0131n.<\/li>\n\n\n\n<li>U\u00e7 kapaklar\u0131 ile u\u00e7lar\u0131 kilitleyin. B\u00f6lge nemli ise, kenarlar\u0131 kapatmak i\u00e7in silikon kullan\u0131n.<\/li>\n\n\n\n<li>LED \u015feritleri g\u00fcce ba\u011flay\u0131n ve en iyi sonu\u00e7lar i\u00e7in dimmer veya ak\u0131ll\u0131 kontrol kullan\u0131n.<\/li>\n<\/ul>\n<\/div><figure class=\"wp-block-media-text__media\"><img loading=\"lazy\" decoding=\"async\" width=\"500\" height=\"500\" src=\"https:\/\/tangooled.com\/wp-content\/uploads\/2025\/12\/dwp07-ins.webp\" alt=\"outside corner tile led strip profile for 12mm light tape\" class=\"wp-image-42805 size-full\" srcset=\"https:\/\/tangooled.com\/wp-content\/uploads\/2025\/12\/dwp07-ins.webp 500w, https:\/\/tangooled.com\/wp-content\/uploads\/2025\/12\/dwp07-ins-300x300.webp 300w, https:\/\/tangooled.com\/wp-content\/uploads\/2025\/12\/dwp07-ins-150x150.webp 150w\" sizes=\"auto, (max-width: 500px) 100vw, 500px\" \/><\/figure><\/div>\n<\/div>\n\n\n\n<div class=\"wp-block-group has-background is-vertical is-layout-flex wp-container-core-group-is-layout-b429018a wp-block-group-is-layout-flex\" style=\"background-color:#f1f1f1f2;padding-top:var(--wp--preset--spacing--70);padding-bottom:var(--wp--preset--spacing--70)\">\n<h2 class=\"wp-block-heading\" style=\"padding-top:var(--wp--preset--spacing--40);padding-bottom:var(--wp--preset--spacing--40);font-size:25px;font-style:normal;font-weight:600\">D\u0131\u015f K\u00f6\u015fe Fayans LED Profilini Nerelerde Kullanabilirsiniz<\/h2>\n\n\n\n<p>Bu d\u0131\u015f k\u00f6\u015fe fayans LED profilini fayans ve \u0131\u015f\u0131\u011f\u0131n bulu\u015ftu\u011fu bir\u00e7ok alanda kullanabilirsiniz:<\/p>\n\n\n\n<ul class=\"wp-block-list\">\n<li>Islak Alanlar ve Du\u015flar: Du\u015f duvarlar\u0131n\u0131z\u0131n veya ni\u015flerin k\u00f6\u015felerine \u0131\u015f\u0131k ekleyin.<\/li>\n\n\n\n<li>Mutfaktaki Arka Duvardan: Arka duvar\u0131n kenarlar\u0131na \u0131\u015f\u0131k ekleyin.<\/li>\n\n\n\n<li>Fayansl\u0131 Merdivenler: Merdivenlerin yanlar\u0131na takarak g\u00fcvenli ve estetik g\u00f6r\u00fcnmesini sa\u011flay\u0131n.<\/li>\n\n\n\n<li>Duvardaki \u00d6zellikler ve Ni\u015fler: Duvarlardaki fayans k\u00f6\u015felerini veya ni\u015fleri sergileyin.<\/li>\n\n\n\n<li>Taban ve Skirting: Fayans\u0131n yer veya duvar ile birle\u015fti\u011fi yerlerde parlayacak hale getirin.<\/li>\n<\/ul>\n<\/div>\n\n\n\n<div class=\"wp-block-group is-vertical is-layout-flex wp-container-core-group-is-layout-d255d7c4 wp-block-group-is-layout-flex\" style=\"padding-top:var(--wp--preset--spacing--80);padding-bottom:var(--wp--preset--spacing--80)\">\n<h2 class=\"wp-block-heading\" style=\"padding-top:var(--wp--preset--spacing--40);padding-bottom:var(--wp--preset--spacing--40);font-size:25px;font-style:normal;font-weight:600;text-transform:capitalize\">\u0130lgili \u00dcr\u00fcnler ve Daha Fazla Bilgi<\/h2>\n\n\n\n<ul class=\"wp-block-list\">\n<li><a href=\"https:\/\/tangooled.com\/tr\/urun\/black-led-diffuser-aluminum-channel-for-12mm-tape-lights\/\"><mark style=\"background-color:rgba(0, 0, 0, 0)\" class=\"has-inline-color has-vivid-red-color\">12mm \u015ferit \u0131\u015f\u0131klar\u0131 i\u00e7in siyah LED dif\u00fcz\u00f6rl\u00fc al\u00fcminyum kanal<\/mark><\/a>-\u015e\u0131k siyah kaplamalar i\u00e7in m\u00fckemmel.<\/li>\n\n\n\n<li><a href=\"https:\/\/tangooled.com\/tr\/urun\/18x18mm-led-strip-corner-profile-for-12mm-led-strips\/\"><mark style=\"background-color:rgba(0, 0, 0, 0)\" class=\"has-inline-color has-vivid-red-color\">12mm \u015ferit \u0131\u015f\u0131k i\u00e7in 18x18mm LED \u015ferit k\u00f6\u015fe profili<\/mark><\/a>-ba\u015fka harika bir ekleme se\u00e7ene\u011fi.<\/li>\n\n\n\n<li><a href=\"https:\/\/tangooled.com\/tr\/urun\/aluminum-drywall-led-skirting-profile-for-12mm-tape-light\/\"><mark style=\"background-color:rgba(0, 0, 0, 0)\" class=\"has-inline-color has-vivid-red-color\">12mm \u015ferit \u0131\u015f\u0131k i\u00e7in al\u00fcminyum al\u00e7\u0131pan LED kenar profili<\/mark><\/a> \u2013 for use around drywall edges.<\/li>\n\n\n\n<li><a href=\"https:\/\/tangooled.com\/tr\/urun\/led-profile-under-cabinet-corner-lighting-for-led-strip-12mm\/\"><mark style=\"background-color:rgba(0, 0, 0, 0)\" class=\"has-inline-color has-vivid-red-color\">LED \u015feritler i\u00e7in dolap alt k\u00f6\u015fe ayd\u0131nlatmas\u0131 LED profili 12mm<\/mark><\/a> \u2013 good for kitchen cabinet accent lighting.<\/li>\n<\/ul>\n<\/div>\n\n\n\n<div class=\"wp-block-group has-background\" style=\"background-color:#f1f1f1;padding-top:var(--wp--preset--spacing--80);padding-bottom:var(--wp--preset--spacing--80)\"><div class=\"wp-block-group__inner-container is-layout-constrained wp-block-group-is-layout-constrained\">\n<h2 class=\"wp-block-heading\" style=\"padding-top:var(--wp--preset--spacing--40);padding-bottom:var(--wp--preset--spacing--40);font-size:25px;font-style:normal;font-weight:600;text-transform:capitalize\">\u00d6zet<\/h2>\n\n\n\n<p style=\"padding-right:var(--wp--preset--spacing--50);padding-left:var(--wp--preset--spacing--50)\">Bu d\u0131\u015f k\u00f6\u015fe fayans LED profili, fayans k\u00f6\u015felerini d\u00fczenli ve uzun s\u00fcreli bir \u015fekilde ayd\u0131nlatman\u0131n en iyi yoludur. Fayans\u0131 korur, LED'lerin daha iyi \u00e7al\u0131\u015fmas\u0131n\u0131 sa\u011flar ve hem evlerde hem de i\u015f yerlerinde harika g\u00f6r\u00fcn\u00fcr. Dayan\u0131kl\u0131 al\u00fcminyum yap\u0131s\u0131, p\u00fcr\u00fczs\u00fcz dif\u00fcz\u00f6r\u00fc ve fayans dostu flan\u015f\u0131 sayesinde kurulumu kolay ve uzun \u00f6m\u00fcrl\u00fcd\u00fcr. En iyi sonu\u00e7lar i\u00e7in y\u00fcksek kaliteli LED \u015ferit \u0131\u015f\u0131klarla kullan\u0131n ve \u0131slak yerlerde iyi bir \u015fekilde m\u00fch\u00fcrlendi\u011finden emin olun.<\/p>\n<\/div><\/div>\n\n\n\n<p><\/p>","protected":false},"featured_media":13733,"template":"","meta":{"_acf_changed":true,"_seopress_robots_primary_cat":"none","_seopress_titles_title":"Outside Corner Tile LED Profile | 12mm LED Tile Trim Channel DWP07 | TANGOOLED","_seopress_titles_desc":"The DWP07 is a premium outside corner tile led profile designed for 12mm light tapes. This aluminum tile trim profile protects tile edges while providing seamless corner lighting in bathrooms and kitchens.","_seopress_robots_index":""},"pcb-width":[228],"product-cat":[197],"class_list":{"0":"post-42628","1":"product","2":"type-product","3":"status-publish","4":"has-post-thumbnail","6":"pcb-width-6-12mm","7":"product-cat-plaster-in-profile"},"acf":[],"_links":{"self":[{"href":"https:\/\/tangooled.com\/tr\/wp-json\/wp\/v2\/product\/42628","targetHints":{"allow":["GET"]}}],"collection":[{"href":"https:\/\/tangooled.com\/tr\/wp-json\/wp\/v2\/product"}],"about":[{"href":"https:\/\/tangooled.com\/tr\/wp-json\/wp\/v2\/types\/product"}],"wp:featuredmedia":[{"embeddable":true,"href":"https:\/\/tangooled.com\/tr\/wp-json\/wp\/v2\/media\/13733"}],"wp:attachment":[{"href":"https:\/\/tangooled.com\/tr\/wp-json\/wp\/v2\/media?parent=42628"}],"wp:term":[{"taxonomy":"pcb-width","embeddable":true,"href":"https:\/\/tangooled.com\/tr\/wp-json\/wp\/v2\/pcb-width?post=42628"},{"taxonomy":"product-cat","embeddable":true,"href":"https:\/\/tangooled.com\/tr\/wp-json\/wp\/v2\/product-cat?post=42628"}],"curies":[{"name":"wp","href":"https:\/\/api.w.org\/{rel}","templated":true}]}}