{"id":42606,"date":"2025-12-23T02:20:43","date_gmt":"2025-12-23T10:20:43","guid":{"rendered":"https:\/\/tangooled.com\/?post_type=product&#038;p=42606"},"modified":"2026-02-01T22:12:19","modified_gmt":"2026-02-02T06:12:19","slug":"ceiling-plaster-in-led-profile-for-9mm-deep-groove","status":"publish","type":"product","link":"https:\/\/tangooled.com\/tr\/urun\/ceiling-plaster-in-led-profile-for-9mm-deep-groove\/","title":{"rendered":"Plaster i\u00e7inde 9mm derin oyuklu LED profili"},"content":{"rendered":"<div class=\"wp-block-group is-vertical is-layout-flex wp-container-core-group-is-layout-d255d7c4 wp-block-group-is-layout-flex\" style=\"padding-top:var(--wp--preset--spacing--80);padding-bottom:var(--wp--preset--spacing--80)\">\n<p>Our 9mm deep plaster in LED profile is aimed to make ceilings look clean and modern by adding lighting that doesn&#8217;t have seams or trim. The profile is 56.6mm wide and 13.1mm deep, so it fits well into walls and plasterboard and entirely covers the fixture. It is composed of high-quality anodized aluminum 6063-T5 and has a wide flange so it may be flush-mounted. It also helps keep LED strips cool and makes them last longer by acting as a heat sink. The opal diffuser softens the light and removes dots, making it great for usage in architecture.<\/p>\n<\/div>\n\n\n\n<div class=\"wp-block-group has-background is-vertical is-layout-flex wp-container-core-group-is-layout-d255d7c4 wp-block-group-is-layout-flex\" style=\"background-color:#f1f1f1;padding-top:var(--wp--preset--spacing--80);padding-bottom:var(--wp--preset--spacing--80)\">\n<div class=\"wp-block-group is-vertical is-layout-flex wp-container-core-group-is-layout-8cf370e7 wp-block-group-is-layout-flex\">\n<h2 class=\"wp-block-heading\" style=\"padding-top:var(--wp--preset--spacing--40);padding-bottom:var(--wp--preset--spacing--40);font-size:25px;font-style:normal;font-weight:600;text-transform:capitalize\">Neden 9mm derin plaster i\u00e7inde LED Profilimizi Se\u00e7melisiniz?<\/h2>\n\n\n\n<ul class=\"wp-block-list\">\n<li>Efekti gizlemek i\u00e7in al\u00e7\u0131pan veya al\u00e7\u0131yla m\u00fckemmel \u00e7al\u0131\u015f\u0131r.<\/li>\n\n\n\n<li>Anodize al\u00fcminyum, \u0131s\u0131y\u0131 daha iyi tutmaya yard\u0131mc\u0131 olur.<\/li>\n\n\n\n<li>Temiz bir g\u00f6r\u00fcn\u00fcm i\u00e7in u\u00e7 kapaklar\u0131 ile birlikte gelir.<\/li>\n\n\n\n<li>En fazla 12 mm geni\u015fli\u011finde COB LED \u015feritleri, normal yo\u011funlukta LED \u015feritler ve y\u00fcksek yo\u011funlukta LED \u015feritlerle kullan\u0131labilir.<\/li>\n\n\n\n<li>RGB+W ve dimlenebilir teknoloji ile \u00e7al\u0131\u015f\u0131r, b\u00f6ylece \u0131\u015f\u0131klar\u0131n\u0131zla ortam\u0131 de\u011fi\u015ftirebilirsiniz.<\/li>\n\n\n\n<li>Ambiyans, g\u00f6rev ve vurgu ayd\u0131nlatmas\u0131 i\u00e7in iyi \u00e7al\u0131\u015f\u0131r.<\/li>\n<\/ul>\n<\/div>\n<\/div>\n\n\n\n<div class=\"wp-block-group is-vertical is-layout-flex wp-container-core-group-is-layout-d255d7c4 wp-block-group-is-layout-flex\" style=\"padding-top:var(--wp--preset--spacing--80);padding-bottom:var(--wp--preset--spacing--80)\">\n<hr class=\"wp-block-separator has-alpha-channel-opacity\"\/>\n\n\n\n<div class=\"wp-block-media-text has-media-on-the-right is-stacked-on-mobile\" style=\"grid-template-columns:auto 40%\"><div class=\"wp-block-media-text__content\">\n<h2 class=\"wp-block-heading\" style=\"padding-top:var(--wp--preset--spacing--40);padding-bottom:var(--wp--preset--spacing--40);font-size:25px;font-style:normal;font-weight:600;text-transform:capitalize\">Bu ince tavan kanal\u0131 nas\u0131l \u00e7al\u0131\u015f\u0131r<\/h2>\n\n\n\n<p>Bu ince tavan kanal\u0131, al\u00e7\u0131 veya s\u0131va katmanlar\u0131na giren delikli kanatlara sahiptir. Bu, kenara kadar s\u0131va yapmay\u0131 kolayla\u015ft\u0131r\u0131r ve size bo\u015fluk veya g\u00f6r\u00fcn\u00fcr kenar olmadan, d\u00fcz montaj g\u00f6r\u00fcn\u00fcm\u00fc sa\u011flar. Opal LED dif\u00fcz\u00f6r ile \u00e7al\u0131\u015farak, modern mimari ayd\u0131nlatma i\u00e7in m\u00fckemmel olan, d\u00fczg\u00fcn ve noktas\u0131z LED \u0131\u015f\u0131k hatlar\u0131 sa\u011flar. Cove ayd\u0131nlatma, duvar-parlatma efektleri ve di\u011fer dolayl\u0131 ayd\u0131nlatma t\u00fcrleri ile uyumludur.<\/p>\n<\/div><figure class=\"wp-block-media-text__media\"><img loading=\"lazy\" decoding=\"async\" width=\"500\" height=\"500\" src=\"https:\/\/tangooled.com\/wp-content\/uploads\/2025\/12\/dwp06-ins.webp\" alt=\"ceiling plaster in led profile for 9mm deep groove\" class=\"wp-image-42784 size-full\" srcset=\"https:\/\/tangooled.com\/wp-content\/uploads\/2025\/12\/dwp06-ins.webp 500w, https:\/\/tangooled.com\/wp-content\/uploads\/2025\/12\/dwp06-ins-300x300.webp 300w, https:\/\/tangooled.com\/wp-content\/uploads\/2025\/12\/dwp06-ins-150x150.webp 150w\" sizes=\"auto, (max-width: 500px) 100vw, 500px\" \/><\/figure><\/div>\n<\/div>\n\n\n\n<div class=\"wp-block-group has-background is-vertical is-layout-flex wp-container-core-group-is-layout-b429018a wp-block-group-is-layout-flex\" style=\"background-color:#f1f1f1f2;padding-top:var(--wp--preset--spacing--70);padding-bottom:var(--wp--preset--spacing--70)\">\n<h2 class=\"wp-block-heading\" style=\"padding-top:var(--wp--preset--spacing--40);padding-bottom:var(--wp--preset--spacing--40);font-size:25px;font-style:normal;font-weight:600\">\u0130deal Kullan\u0131m Senaryolar\u0131<\/h2>\n\n\n\n<p>9mm derin plaster i\u00e7inde LED profilimiz, a\u015fa\u011f\u0131daki bir\u00e7ok ayd\u0131nlatma projesi i\u00e7in m\u00fckemmeldir:<\/p>\n\n\n\n<ul class=\"wp-block-list\">\n<li>Minimalist Tavan ve Duvar Ayd\u0131nlatmas\u0131: Evlerde ve ofislerde gizli, \u015f\u0131k \u0131\u015f\u0131k hatlar\u0131 olu\u015fturun.<\/li>\n\n\n\n<li>Duvarlardan Tavana Ge\u00e7i\u015fler: Cove ayd\u0131nlatma ve as\u0131l\u0131 tavan efektleri i\u00e7in m\u00fckemmeldir.<\/li>\n\n\n\n<li>Perakende ve Ticari Alanlar: Ma\u011fazalar\u0131 ve sergi alanlar\u0131n\u0131 daha ho\u015f hale getirmek i\u00e7in mimari ayd\u0131nlatma kullan\u0131n.<\/li>\n\n\n\n<li>Vurgu Ayd\u0131nlatmas\u0131: Ni\u015fler, \u00fcstler veya raflar\u0131 vurgulamak i\u00e7in yumu\u015fak, temiz \u0131\u015f\u0131k kullan\u0131n.<\/li>\n\n\n\n<li>G\u00f6rev ayd\u0131nlatmas\u0131: Mutfak adalar\u0131 veya \u00e7al\u0131\u015fma alanlar\u0131 \u00fczerinde \u00e7ok parlak olmayan ama ayd\u0131nl\u0131k bir \u0131\u015f\u0131k elde edin.<\/li>\n<\/ul>\n<\/div>\n\n\n\n<div class=\"wp-block-group is-vertical is-layout-flex wp-container-core-group-is-layout-d255d7c4 wp-block-group-is-layout-flex\" style=\"padding-top:var(--wp--preset--spacing--80);padding-bottom:var(--wp--preset--spacing--80)\">\n<h2 class=\"wp-block-heading\" style=\"padding-top:var(--wp--preset--spacing--40);padding-bottom:var(--wp--preset--spacing--40);font-size:25px;font-style:normal;font-weight:600;text-transform:capitalize\">\u0130lgili Tangooled \u00dcr\u00fcnleri<\/h2>\n\n\n\n<ul class=\"wp-block-list\">\n<li>8mm LED \u015ferit i\u00e7in ince plaster i\u00e7inde LED tavan profili<\/li>\n\n\n\n<li>12mm tavan yar\u0131\u011f\u0131 i\u00e7in al\u00e7\u0131pan LED profili<\/li>\n\n\n\n<li>y\u00fczeye montaj i\u00e7in 18x9mm LED bant \u0131\u015f\u0131k profili<\/li>\n\n\n\n<li>10mm LED \u015ferit \u0131\u015f\u0131\u011f\u0131 i\u00e7in siyah dif\u00fcz\u00f6rl\u00fc siyah LED profili<\/li>\n<\/ul>\n<\/div>\n\n\n\n<div class=\"wp-block-group has-background\" style=\"background-color:#f1f1f1;padding-top:var(--wp--preset--spacing--80);padding-bottom:var(--wp--preset--spacing--80)\"><div class=\"wp-block-group__inner-container is-layout-constrained wp-block-group-is-layout-constrained\">\n<h2 class=\"wp-block-heading\" style=\"padding-top:var(--wp--preset--spacing--40);padding-bottom:var(--wp--preset--spacing--40);font-size:25px;font-style:normal;font-weight:600;text-transform:capitalize\">\u00d6zet<\/h2>\n\n\n\n<p style=\"padding-right:var(--wp--preset--spacing--50);padding-left:var(--wp--preset--spacing--50)\">Bu 9mm derin plaster i\u00e7inde LED profili, tavanlarda ve duvarlarda trim olmadan LED \u0131\u015f\u0131klar\u0131 kurman\u0131n en iyi yoludur. Al\u00fcminyum ekstr\u00fczyonu, opal dif\u00fcz\u00f6r\u00fc ve kolay montaj\u0131 ile g\u00fczel mimari ayd\u0131nlatmalar yapabilirsiniz. Bu profil, al\u00e7\u0131pan, al\u00e7\u0131 veya jips gibi tavanlarla iyi \u00e7al\u0131\u015f\u0131r ve farkl\u0131 renk ve t\u00fcrde LED \u015feritlerini ta\u015f\u0131yabilir.<\/p>\n<\/div><\/div>\n\n\n\n<p><\/p>","protected":false},"featured_media":13728,"template":"","meta":{"_acf_changed":true,"_seopress_robots_primary_cat":"none","_seopress_titles_title":"9mm Deep Plaster-in LED Profile | Slim Ceiling Groove Channel DWP06","_seopress_titles_desc":"The DWP06 is a slim 9mm deep plaster in led profile designed for shallow ceiling grooves. This trimless aluminum channel provides a seamless finish in thin plasterboards without structural interference.","_seopress_robots_index":""},"pcb-width":[228],"product-cat":[197],"class_list":{"0":"post-42606","1":"product","2":"type-product","3":"status-publish","4":"has-post-thumbnail","6":"pcb-width-6-12mm","7":"product-cat-plaster-in-profile"},"acf":[],"_links":{"self":[{"href":"https:\/\/tangooled.com\/tr\/wp-json\/wp\/v2\/product\/42606","targetHints":{"allow":["GET"]}}],"collection":[{"href":"https:\/\/tangooled.com\/tr\/wp-json\/wp\/v2\/product"}],"about":[{"href":"https:\/\/tangooled.com\/tr\/wp-json\/wp\/v2\/types\/product"}],"wp:featuredmedia":[{"embeddable":true,"href":"https:\/\/tangooled.com\/tr\/wp-json\/wp\/v2\/media\/13728"}],"wp:attachment":[{"href":"https:\/\/tangooled.com\/tr\/wp-json\/wp\/v2\/media?parent=42606"}],"wp:term":[{"taxonomy":"pcb-width","embeddable":true,"href":"https:\/\/tangooled.com\/tr\/wp-json\/wp\/v2\/pcb-width?post=42606"},{"taxonomy":"product-cat","embeddable":true,"href":"https:\/\/tangooled.com\/tr\/wp-json\/wp\/v2\/product-cat?post=42606"}],"curies":[{"name":"wp","href":"https:\/\/api.w.org\/{rel}","templated":true}]}}