{"id":42605,"date":"2025-12-23T02:16:16","date_gmt":"2025-12-23T10:16:16","guid":{"rendered":"https:\/\/tangooled.com\/?post_type=product&#038;p=42605"},"modified":"2026-01-27T20:02:09","modified_gmt":"2026-01-28T04:02:09","slug":"inner-12mm-width-single-flange-led-plasterboard-profile","status":"publish","type":"product","link":"https:\/\/tangooled.com\/tr\/urun\/inner-12mm-width-single-flange-led-plasterboard-profile\/","title":{"rendered":"i\u00e7 12 mm geni\u015flikte tek kenarl\u0131 al\u00e7\u0131pan profili"},"content":{"rendered":"<div class=\"wp-block-group is-vertical is-layout-flex wp-container-core-group-is-layout-d255d7c4 wp-block-group-is-layout-flex\" style=\"padding-top:var(--wp--preset--spacing--80);padding-bottom:var(--wp--preset--spacing--80)\">\n<p>DWP05 \u0130\u00e7 12 mm Geni\u015flikte tek kenarl\u0131 LED al\u00e7\u0131pan profilimiz, duvarlarda ve tavanlarda b\u00f6ylesine p\u00fcr\u00fczs\u00fcz, kenars\u0131z ayd\u0131nlatma hatlar\u0131 olu\u015fturmak i\u00e7in harikad\u0131r. Bu al\u00fcminyum ekstr\u00fczyon, al\u00e7\u0131 i\u00e7ine yerle\u015ftirilmek \u00fczere tasarlanm\u0131\u015ft\u0131r, bu nedenle kanal, al\u00e7\u0131pan\u0131n alt\u0131nda gizlenmi\u015ftir ve temiz, modern bir etki yarat\u0131r. Geni\u015fli\u011fi 36.0 mm ve derinli\u011fi 11.3 mm olan bu profil, 12.2 mm i\u00e7 kanal\u0131 ile 12 mm geni\u015fli\u011findeki LED \u015feritler i\u00e7in m\u00fckemmel bir uyum sa\u011flar. E\u015fsiz tek kenarl\u0131 tasar\u0131m\u0131, al\u00e7\u0131n\u0131n ayd\u0131nlatma a\u00e7\u0131kl\u0131\u011f\u0131na kadar itilmesine olanak tan\u0131r, b\u00f6ylece d\u00fczg\u00fcn bir y\u00fczey g\u00f6r\u00fcn\u00fcm\u00fc elde edilir. Dayan\u0131kl\u0131 6063-T5 anodize al\u00fcminyumdan \u00fcretilmi\u015ftir, m\u00fckemmel \u0131s\u0131 da\u011f\u0131l\u0131m\u0131 sa\u011flar ve d\u00fczg\u00fcn bir \u0131\u015f\u0131k hatt\u0131 i\u00e7in mat dif\u00fcz\u00f6r i\u00e7erir.<\/p>\n<\/div>\n\n\n\n<div class=\"wp-block-group has-background is-vertical is-layout-flex wp-container-core-group-is-layout-d255d7c4 wp-block-group-is-layout-flex\" style=\"background-color:#f1f1f1;padding-top:var(--wp--preset--spacing--80);padding-bottom:var(--wp--preset--spacing--80)\">\n<div class=\"wp-block-group is-vertical is-layout-flex wp-container-core-group-is-layout-8cf370e7 wp-block-group-is-layout-flex\">\n<h2 class=\"wp-block-heading\" style=\"padding-top:var(--wp--preset--spacing--40);padding-bottom:var(--wp--preset--spacing--40);font-size:25px;font-style:normal;font-weight:600;text-transform:capitalize\">Neden bu i\u00e7 12 mm LED al\u00e7\u0131pan profilini se\u00e7melisiniz?<\/h2>\n\n\n\n<ul class=\"wp-block-list\">\n<li>Kusursuz entegre ayd\u0131nlatma: Al\u00e7\u0131ya yerle\u015ftirilen al\u00fcminyum profil tamamen gizlenir, bu y\u00fczden belirgin s\u0131n\u0131rlar yoktur.<\/li>\n\n\n\n<li>Noktas\u0131z LED \u0131\u015f\u0131klar: P\u00fcr\u00fczs\u00fcz, sabit \u0131\u015f\u0131k elde etmek i\u00e7in y\u00fcksek yo\u011funluklu LED \u015feritlerle kullan\u0131n.<\/li>\n\n\n\n<li>G\u00fc\u00e7l\u00fc ve \u0131s\u0131ya dayan\u0131kl\u0131: Ekstr\u00fcde al\u00fcminyum kanal, LED'lerin daha uzun \u00f6m\u00fcrl\u00fc olmas\u0131n\u0131 sa\u011flamak i\u00e7in bir \u0131s\u0131 emici olarak i\u015flev g\u00f6r\u00fcr.<\/li>\n\n\n\n<li>Birle\u015ftirmesi basit: Sadece vidalay\u0131n veya al\u00e7\u0131pan'a sabitleyin, kenar\u0131 al\u00e7\u0131 ile kaplay\u0131n ve boyay\u0131n. Sonra LED \u015feridi yerle\u015ftirin ve dif\u00fcz\u00f6r\u00fc tak\u0131n.<\/li>\n\n\n\n<li>Minimalist g\u00f6r\u00fcn\u00fcm: B\u00fcy\u00fck kenar s\u00fcslemeleri olmadan p\u00fcr\u00fczs\u00fcz, temiz bir biti\u015f gerektiren modern i\u00e7 mekanlar i\u00e7in harika.<\/li>\n\n\n\n<li>Duvar y\u0131kama profili ve s\u00fcsl\u00fc ayd\u0131nlatma kanal\u0131 tasar\u0131mlar\u0131 i\u00e7in idealdir.<\/li>\n<\/ul>\n<\/div>\n<\/div>\n\n\n\n<div class=\"wp-block-group is-vertical is-layout-flex wp-container-core-group-is-layout-d255d7c4 wp-block-group-is-layout-flex\" style=\"padding-top:var(--wp--preset--spacing--80);padding-bottom:var(--wp--preset--spacing--80)\">\n<hr class=\"wp-block-separator has-alpha-channel-opacity\"\/>\n\n\n\n<div class=\"wp-block-media-text has-media-on-the-right is-stacked-on-mobile\" style=\"grid-template-columns:auto 40%\"><div class=\"wp-block-media-text__content\">\n<h2 class=\"wp-block-heading\" style=\"padding-top:var(--wp--preset--spacing--40);padding-bottom:var(--wp--preset--spacing--40);font-size:25px;font-style:normal;font-weight:600;text-transform:capitalize\">12 mm \u0130\u00e7 Geni\u015flik LED Al\u00e7\u0131pan Profilini Nas\u0131l Kullanabiliriz<\/h2>\n\n\n\n<ul class=\"wp-block-list\">\n<li>Al\u00fcminyum ekstr\u00fczyonu do\u011fru uzunlu\u011fa kesin.<\/li>\n\n\n\n<li>Tek kenar\u0131 al\u00e7\u0131pan veya al\u00e7\u0131 \u00fczerine sabitleyin.<\/li>\n\n\n\n<li>Put plaster over the perforated flange to make the LED extrusion look like it&#8217;s flush.<\/li>\n\n\n\n<li>Y\u00fczeyi p\u00fcr\u00fczs\u00fczle\u015ftirip boyay\u0131n, profili gizleyin.<\/li>\n\n\n\n<li>LED \u015feridinizi (12 mm'ye kadar) kanal\u0131n i\u00e7ine yerle\u015ftirin.<\/li>\n\n\n\n<li>I\u015f\u0131\u011f\u0131n e\u015fit \u015fekilde yay\u0131lmas\u0131 ve g\u00fczel bir par\u0131lt\u0131 vermesi i\u00e7in opal dif\u00fcz\u00f6r\u00fc \u0131\u015f\u0131\u011fa tak\u0131n.<\/li>\n<\/ul>\n<\/div><figure class=\"wp-block-media-text__media\"><img loading=\"lazy\" decoding=\"async\" width=\"500\" height=\"500\" src=\"https:\/\/tangooled.com\/wp-content\/uploads\/2025\/12\/dwp05-ins.webp\" alt=\"i\u00e7 12 mm geni\u015flikte tek kenarl\u0131 al\u00e7\u0131pan profili\" class=\"wp-image-42781 size-full\" srcset=\"https:\/\/tangooled.com\/wp-content\/uploads\/2025\/12\/dwp05-ins.webp 500w, https:\/\/tangooled.com\/wp-content\/uploads\/2025\/12\/dwp05-ins-300x300.webp 300w, https:\/\/tangooled.com\/wp-content\/uploads\/2025\/12\/dwp05-ins-150x150.webp 150w\" sizes=\"auto, (max-width: 500px) 100vw, 500px\" \/><\/figure><\/div>\n<\/div>\n\n\n\n<div class=\"wp-block-group has-background is-vertical is-layout-flex wp-container-core-group-is-layout-b429018a wp-block-group-is-layout-flex\" style=\"background-color:#f1f1f1f2;padding-top:var(--wp--preset--spacing--70);padding-bottom:var(--wp--preset--spacing--70)\">\n<h2 class=\"wp-block-heading\" style=\"padding-top:var(--wp--preset--spacing--40);padding-bottom:var(--wp--preset--spacing--40);font-size:25px;font-style:normal;font-weight:600\">Nerelerde Kullan\u0131l\u0131r?<\/h2>\n\n\n\n<ul class=\"wp-block-list\">\n<li>Duvarlar ve tavanlara entegre edilmi\u015f ayd\u0131nlatma.<\/li>\n\n\n\n<li>G\u00f6lge bo\u015flu\u011fu profilleri veya kenars\u0131z LED profiller yapmak.&nbsp;<\/li>\n\n\n\n<li>Evler ve i\u015fyerlerinde arka ayd\u0131nlatma ve vurgu ayd\u0131nlatmas\u0131.<\/li>\n\n\n\n<li>Ofislerde, otellerde ve ma\u011fazalarda modern, profesyonel biti\u015f ayd\u0131nlatmas\u0131.&nbsp;<\/li>\n\n\n\n<li>Duvar y\u0131kama ve dolayl\u0131 ambiyans ayd\u0131nlatmas\u0131 i\u00e7in kesintisiz lineer LED profilleri.<\/li>\n<\/ul>\n<\/div>\n\n\n\n<div class=\"wp-block-group is-vertical is-layout-flex wp-container-core-group-is-layout-d255d7c4 wp-block-group-is-layout-flex\" style=\"padding-top:var(--wp--preset--spacing--80);padding-bottom:var(--wp--preset--spacing--80)\">\n<h2 class=\"wp-block-heading\" style=\"padding-top:var(--wp--preset--spacing--40);padding-bottom:var(--wp--preset--spacing--40);font-size:25px;font-style:normal;font-weight:600;text-transform:capitalize\">Be\u011fenebilece\u011finiz \u0130lgili \u00dcr\u00fcnler<\/h2>\n\n\n\n<p>Koleksiyonumuzdan benzeri ayd\u0131nlatma profilleri ve aksesuarlar\u0131 ke\u015ffedin:<\/p>\n\n\n\n<ul class=\"wp-block-list\">\n<li><a href=\"https:\/\/tangooled.com\/tr\/urun\/black-led-diffuser-aluminum-channel-for-12mm-tape-lights\/\"><mark style=\"background-color:rgba(0, 0, 0, 0)\" class=\"has-inline-color has-vivid-red-color\">12 mm bant i\u015f\u0131klar\u0131 i\u00e7in siyah LED dif\u00fcz\u00f6r al\u00fcminyum kanal\u0131<\/mark><\/a><\/li>\n\n\n\n<li><a href=\"https:\/\/tangooled.com\/tr\/urun\/aluminum-profile-with-60-degree-lens-led-diffuser\/\"><mark style=\"background-color:rgba(0, 0, 0, 0)\" class=\"has-inline-color has-vivid-red-color\">60 derece lensli al\u00fcminyum profil LED dif\u00fcz\u00f6r<\/mark>r<\/a><\/li>\n\n\n\n<li><a href=\"https:\/\/tangooled.com\/tr\/urun\/18x18mm-led-strip-corner-profile-for-12mm-led-strips\/\"><mark style=\"background-color:rgba(0, 0, 0, 0)\" class=\"has-inline-color has-vivid-red-color\">12 mm LED \u015feritler i\u00e7in 18x18 mm k\u00f6\u015fe profili<\/mark><\/a><\/li>\n<\/ul>\n<\/div>\n\n\n\n<div class=\"wp-block-group has-background\" style=\"background-color:#f1f1f1;padding-top:var(--wp--preset--spacing--80);padding-bottom:var(--wp--preset--spacing--80)\"><div class=\"wp-block-group__inner-container is-layout-constrained wp-block-group-is-layout-constrained\">\n<h2 class=\"wp-block-heading\" style=\"padding-top:var(--wp--preset--spacing--40);padding-bottom:var(--wp--preset--spacing--40);font-size:25px;font-style:normal;font-weight:600;text-transform:capitalize\">\u00d6zet<\/h2>\n\n\n\n<p style=\"padding-right:var(--wp--preset--spacing--50);padding-left:var(--wp--preset--spacing--50)\">\u00c7er\u00e7eve i\u00e7i kenars\u0131z yerle\u015fik ayd\u0131nlatma arayan mimarlar, tasar\u0131mc\u0131lar ve in\u015faat\u00e7\u0131lar, 12 mm geni\u015fli\u011finde tek kenarl\u0131 LED al\u00e7\u0131pan profilimizi \u00e7ok sevecekler. 12 mm LED \u015feritlerle m\u00fckemmel bir uyum sa\u011flayan, \u0131s\u0131y\u0131 iyi da\u011f\u0131tan ve temiz, p\u00fcr\u00fczs\u00fcz bir y\u00fczey biti\u015fi sunan bu profil, evinizi modern ve \u015f\u0131k k\u0131lmak i\u00e7in duvarlar\u0131n\u0131z\u0131 y\u0131kamak, ni\u015flerinizi ayd\u0131nlatmak veya herhangi bir lineer LED profili projesi i\u00e7in harika bir se\u00e7enektir.<\/p>\n<\/div><\/div>\n\n\n\n<p><\/p>","protected":false},"featured_media":13723,"template":"","meta":{"_acf_changed":true,"_seopress_robots_primary_cat":"none","_seopress_titles_title":"12mm Inner Width LED Plasterboard Profile | Single Flange DWP05","_seopress_titles_desc":"The DWP05 is a professional single flange led plasterboard profile featuring a 12mm inner width. Designed for edge installations and corner accents, this trimless aluminum channel fits 12mm LED strips perfectly.","_seopress_robots_index":""},"pcb-width":[228],"product-cat":[197],"class_list":{"0":"post-42605","1":"product","2":"type-product","3":"status-publish","4":"has-post-thumbnail","6":"pcb-width-6-12mm","7":"product-cat-plaster-in-profile"},"acf":[],"_links":{"self":[{"href":"https:\/\/tangooled.com\/tr\/wp-json\/wp\/v2\/product\/42605","targetHints":{"allow":["GET"]}}],"collection":[{"href":"https:\/\/tangooled.com\/tr\/wp-json\/wp\/v2\/product"}],"about":[{"href":"https:\/\/tangooled.com\/tr\/wp-json\/wp\/v2\/types\/product"}],"wp:featuredmedia":[{"embeddable":true,"href":"https:\/\/tangooled.com\/tr\/wp-json\/wp\/v2\/media\/13723"}],"wp:attachment":[{"href":"https:\/\/tangooled.com\/tr\/wp-json\/wp\/v2\/media?parent=42605"}],"wp:term":[{"taxonomy":"pcb-width","embeddable":true,"href":"https:\/\/tangooled.com\/tr\/wp-json\/wp\/v2\/pcb-width?post=42605"},{"taxonomy":"product-cat","embeddable":true,"href":"https:\/\/tangooled.com\/tr\/wp-json\/wp\/v2\/product-cat?post=42605"}],"curies":[{"name":"wp","href":"https:\/\/api.w.org\/{rel}","templated":true}]}}