{"id":42603,"date":"2025-12-23T02:13:31","date_gmt":"2025-12-23T10:13:31","guid":{"rendered":"https:\/\/tangooled.com\/?post_type=product&#038;p=42603"},"modified":"2026-01-27T19:51:59","modified_gmt":"2026-01-28T03:51:59","slug":"led-plaster-profile-inside-corner-led-channel","status":"publish","type":"product","link":"https:\/\/tangooled.com\/tr\/urun\/led-plaster-profile-inside-corner-led-channel\/","title":{"rendered":"led s\u0131va profili i\u00e7 k\u00f6\u015fe led kanal\u0131-DWP04"},"content":{"rendered":"<div class=\"wp-block-group is-vertical is-layout-flex wp-container-core-group-is-layout-d255d7c4 wp-block-group-is-layout-flex\" style=\"padding-top:var(--wp--preset--spacing--80);padding-bottom:var(--wp--preset--spacing--80)\">\n<p>\u0130\u00e7 k\u00f6\u015fe i\u00e7in led s\u0131va profilimiz, al\u00e7\u0131pan ve al\u00e7\u0131 levha i\u00e7 k\u00f6\u015felerine s\u0131va uygulamak i\u00e7in en iyi al\u00fcminyum kanallardan biridir. Bu trimsiz i\u00e7 k\u00f6\u015fe kanal\u0131 DWP04, t\u00fcm donan\u0131m ve ayd\u0131nlatma par\u00e7alar\u0131n\u0131 gizler, size g\u00f6r\u00fcn\u00fcr kenar veya trim olmadan temiz bir \u0131\u015f\u0131k ak\u0131\u015f\u0131 sa\u011flar. Kesit, 90 derece k\u00f6\u015feye uyum sa\u011flayan d\u00fczensiz bir V \u015fekli g\u00f6sterir. Ana \u00f6zellikleri 46mm geni\u015fli\u011finde, 25.5mm derinli\u011finde ve i\u00e7 \u015ferit ba\u011flant\u0131s\u0131 i\u00e7in 9.7mm geni\u015fli\u011findedir. \u0130ki duvar\u0131n birle\u015fti\u011fi noktay\u0131 ayd\u0131nlatmak i\u00e7in ak\u0131ll\u0131ca kullan\u0131l\u0131r ve duvarlar\u0131n \u00fczerinde yumu\u015fak, dolayl\u0131 bir \u0131\u015f\u0131k h\u00fczmesi g\u00f6nderir. Bu tasar\u0131m, binalara nazik ayd\u0131nlatma efektleri eklemek i\u00e7in harikad\u0131r.<\/p>\n<\/div>\n\n\n\n<div class=\"wp-block-group has-background is-vertical is-layout-flex wp-container-core-group-is-layout-d255d7c4 wp-block-group-is-layout-flex\" style=\"background-color:#f1f1f1;padding-top:var(--wp--preset--spacing--80);padding-bottom:var(--wp--preset--spacing--80)\">\n<div class=\"wp-block-group is-vertical is-layout-flex wp-container-core-group-is-layout-8cf370e7 wp-block-group-is-layout-flex\">\n<h2 class=\"wp-block-heading\" style=\"padding-top:var(--wp--preset--spacing--40);padding-bottom:var(--wp--preset--spacing--40);font-size:25px;font-style:normal;font-weight:600;text-transform:capitalize\">Neden \u0130\u00e7 K\u00f6\u015fe LED S\u0131va Profilimizi Se\u00e7melisiniz?<\/h2>\n\n\n\n<ul class=\"wp-block-list\">\n<li>Trimsiz ve G\u00f6m\u00fcl\u00fc: Flan\u015flardaki deliklerin \u00fczerinden s\u0131va yapmak profili temiz, modern bir g\u00f6r\u00fcn\u00fcm kazand\u0131r\u0131r.<\/li>\n\n\n\n<li>Perfect Inside Corners: Made just for 90\u00b0 internal drywall corners, these are great for walls that meet ceilings or walls that meet walls.<\/li>\n\n\n\n<li>Noktalar olmadan \u0131\u015f\u0131k: PC opal dif\u00fcz\u00f6r \u0131\u015f\u0131\u011f\u0131 daha yumu\u015fak hale getirir ve parlak noktalar\u0131 ortadan kald\u0131rarak e\u015fit bir ayd\u0131nlatma sa\u011flar.<\/li>\n\n\n\n<li>Dayan\u0131kl\u0131 al\u00fcminyum: LED \u015feritlerinizi bir \u0131s\u0131 emici olarak korur ve daha uzun \u00f6m\u00fcrl\u00fc olmalar\u0131n\u0131 sa\u011flar.<\/li>\n\n\n\n<li>Montaj\u0131 basit: Sadece al\u00e7\u0131pan\u0131n i\u00e7ine vida ile sabitleyin, s\u0131va ile kaplay\u0131n ve ard\u0131ndan LED \u015feritleri ve dif\u00fcz\u00f6r\u00fc ekleyin.<\/li>\n<\/ul>\n<\/div>\n<\/div>\n\n\n\n<div class=\"wp-block-group is-vertical is-layout-flex wp-container-core-group-is-layout-d255d7c4 wp-block-group-is-layout-flex\" style=\"padding-top:var(--wp--preset--spacing--80);padding-bottom:var(--wp--preset--spacing--80)\">\n<hr class=\"wp-block-separator has-alpha-channel-opacity\"\/>\n\n\n\n<div class=\"wp-block-media-text has-media-on-the-right is-stacked-on-mobile\" style=\"grid-template-columns:auto 40%\"><div class=\"wp-block-media-text__content\">\n<h2 class=\"wp-block-heading\" style=\"padding-top:var(--wp--preset--spacing--40);padding-bottom:var(--wp--preset--spacing--40);font-size:25px;font-style:normal;font-weight:600;text-transform:capitalize\">\u0130\u00e7 K\u00f6\u015fe LED S\u0131va Profilinizi Nas\u0131l Kurmal\u0131s\u0131n\u0131z?<\/h2>\n\n\n\n<ul class=\"wp-block-list\">\n<li>Al\u00fcminyum kanal\u0131 al\u00e7\u0131pan\u0131n i\u00e7 k\u00f6\u015fesine sa\u011flam bir \u015fekilde vidalay\u0131n.<\/li>\n\n\n\n<li>Flan\u015flar\u0131n \u00fczerinden dikkatlice s\u0131va uygulay\u0131n, kenarlar\u0131 duvarla kayna\u015facak \u015fekilde suland\u0131r\u0131lm\u0131\u015f birle\u015fim harc\u0131 kullanarak inceltin.<\/li>\n\n\n\n<li>S\u0131va kuruduktan ve temizlendikten sonra, LED \u015feridinizi kanala yerle\u015ftirin.<\/li>\n\n\n\n<li>Opal dif\u00fcz\u00f6r\u00fc yerle\u015ftirin, \u0131\u015f\u0131k efektinin m\u00fckemmel ve noktas\u0131z oldu\u011fundan emin olun.<\/li>\n<\/ul>\n<\/div><figure class=\"wp-block-media-text__media\"><img loading=\"lazy\" decoding=\"async\" width=\"500\" height=\"500\" src=\"https:\/\/tangooled.com\/wp-content\/uploads\/2025\/12\/dwp04-ins.webp\" alt=\"led plaster profile inside corner led channel\" class=\"wp-image-42779 size-full\" srcset=\"https:\/\/tangooled.com\/wp-content\/uploads\/2025\/12\/dwp04-ins.webp 500w, https:\/\/tangooled.com\/wp-content\/uploads\/2025\/12\/dwp04-ins-300x300.webp 300w, https:\/\/tangooled.com\/wp-content\/uploads\/2025\/12\/dwp04-ins-150x150.webp 150w\" sizes=\"auto, (max-width: 500px) 100vw, 500px\" \/><\/figure><\/div>\n<\/div>\n\n\n\n<div class=\"wp-block-group has-background is-vertical is-layout-flex wp-container-core-group-is-layout-b429018a wp-block-group-is-layout-flex\" style=\"background-color:#f1f1f1f2;padding-top:var(--wp--preset--spacing--70);padding-bottom:var(--wp--preset--spacing--70)\">\n<h2 class=\"wp-block-heading\" style=\"padding-top:var(--wp--preset--spacing--40);padding-bottom:var(--wp--preset--spacing--40);font-size:25px;font-style:normal;font-weight:600\">Trimsiz \u0130\u00e7 K\u00f6\u015fe DWP04 i\u00e7in \u0130deal Uygulamalar<\/h2>\n\n\n\n<ul class=\"wp-block-list\">\n<li>Mimari K\u00f6\u015feler: Modern bir g\u00f6r\u00fcn\u00fcm i\u00e7in, duvarlar\u0131n veya tavanlar\u0131n i\u00e7 k\u0131s\u0131mlar\u0131ndaki temiz k\u00f6\u015felere dikkat \u00e7ekin.<\/li>\n\n\n\n<li>Koridorlar ve oturma odalar\u0131: Duvardan duvara veya duvardan tavana giden hatlar boyunca ortamdaki \u0131\u015f\u0131\u011f\u0131 olu\u015fturun.<\/li>\n\n\n\n<li>Mutfaklar ve dolaplar: Dolaplar\u0131n alt\u0131nda veya ayak k\u0131s\u0131mlar\u0131nda ayd\u0131nlatma i\u00e7in i\u00e7 k\u00f6\u015feleri kullan\u0131n.<\/li>\n\n\n\n<li>Perakende ve ticaret: Sergi yerlerini belirlemek i\u00e7in parlak, e\u015fit ayd\u0131nlatma kullan\u0131n.<\/li>\n\n\n\n<li>Otel Lobileri ve Misafirperverlik: Otelin i\u00e7 k\u0131sm\u0131na y\u00fcksek kaliteli, rahats\u0131z etmeyen ayd\u0131nlatma unsurlar\u0131 ekleyin.<\/li>\n<\/ul>\n<\/div>\n\n\n\n<div class=\"wp-block-group is-vertical is-layout-flex wp-container-core-group-is-layout-d255d7c4 wp-block-group-is-layout-flex\" style=\"padding-top:var(--wp--preset--spacing--80);padding-bottom:var(--wp--preset--spacing--80)\">\n<h2 class=\"wp-block-heading\" style=\"padding-top:var(--wp--preset--spacing--40);padding-bottom:var(--wp--preset--spacing--40);font-size:25px;font-style:normal;font-weight:600;text-transform:capitalize\">\u0130lgili \u00dcr\u00fcnler ve \u00c7\u00f6z\u00fcmler<\/h2>\n\n\n\n<ul class=\"wp-block-list\">\n<li> Ke\u015ffet <a href=\"https:\/\/tangooled.com\/tr\/urun\/black-led-diffuser-aluminum-channel-for-12mm-tape-lights\/\"><mark style=\"background-color:rgba(0, 0, 0, 0)\" class=\"has-inline-color has-vivid-red-color\">12 mm \u015eerit I\u015f\u0131klar i\u00e7in Siyah LED Dif\u00fcz\u00f6r Al\u00fcminyum Kanal<\/mark><\/a> e\u015fle\u015fen y\u00fczey finisaj\u0131 i\u00e7in siyah.<\/li>\n\n\n\n<li>Bize bak\u0131n <a href=\"https:\/\/tangooled.com\/tr\/urun\/led-strip-light-channel-aluminum-profile-with-diffused-cover-6mm-height\/\"><mark style=\"background-color:rgba(0, 0, 0, 0)\" class=\"has-inline-color has-vivid-red-color\">Dif\u00fcz\u00f6r Kapakl\u0131 6mm Y\u00fckseklikteki LED \u015eerit I\u015f\u0131k Kanal\u0131 Al\u00fcminyum Profili<\/mark><\/a> koordineli d\u00fcz profiller i\u00e7in.<\/li>\n\n\n\n<li>G\u00f6z at\u0131n<a href=\"https:\/\/tangooled.com\/tr\/urun\/plasterboard-led-profile-for-12mm-ceiling-slot\/\"> <mark style=\"background-color:rgba(0, 0, 0, 0)\" class=\"has-inline-color has-vivid-red-color\">12mm Tavan Yuvay\u0131 LED Profili <\/mark><\/a>tavan ni\u015fi se\u00e7enekleri i\u00e7in.<\/li>\n\n\n\n<li>\u0130\u00e7 Bulun <a href=\"https:\/\/tangooled.com\/tr\/urun\/inside-corner-tile-trim-led-aluminum-profile-for-12mm-strips\/\"><mark style=\"background-color:rgba(0, 0, 0, 0)\" class=\"has-inline-color has-vivid-red-color\">K\u00f6\u015fe Fayans Trim LED Al\u00fcminyum Profili 12mm \u015eeritler i\u00e7in<\/mark><\/a> fayans kenar\u0131 ayd\u0131nlatma ihtiya\u00e7lar\u0131 i\u00e7in.<\/li>\n<\/ul>\n<\/div>\n\n\n\n<div class=\"wp-block-group\" style=\"padding-top:var(--wp--preset--spacing--80);padding-bottom:var(--wp--preset--spacing--80)\"><div class=\"wp-block-group__inner-container is-layout-constrained wp-block-group-is-layout-constrained\">\n<p style=\"font-size:20px\">\u0130\u00e7 k\u00f6\u015fe LED s\u0131va profilimizi kullanarak duvarlar\u0131n\u0131z ve tavanlar\u0131n\u0131zla iyi b\u00fct\u00fcnle\u015fen gizli ayd\u0131nlatma ile profesyonel, modern bir tasar\u0131m olu\u015fturabilirsiniz. Bu, trimsiz ve noktalar olmadan, da\u011f\u0131lm\u0131\u015f ayd\u0131nlatma isteyen ki\u015filer i\u00e7in m\u00fckemmel bir se\u00e7enektir.&nbsp;<\/p>\n<\/div><\/div>\n\n\n\n<p><\/p>","protected":false},"featured_media":13718,"template":"","meta":{"_acf_changed":true,"_seopress_robots_primary_cat":"none","_seopress_titles_title":"Inside Corner LED Plaster Profile | Trimless Internal Corner DWP04","_seopress_titles_desc":"The DWP04 is a professional led plaster profile for inside corner applications. This trimless internal corner channel hides the LED source within wall junctions for a seamless upward or downward glow.","_seopress_robots_index":""},"pcb-width":[228],"product-cat":[197],"class_list":{"0":"post-42603","1":"product","2":"type-product","3":"status-publish","4":"has-post-thumbnail","6":"pcb-width-6-12mm","7":"product-cat-plaster-in-profile"},"acf":[],"_links":{"self":[{"href":"https:\/\/tangooled.com\/tr\/wp-json\/wp\/v2\/product\/42603","targetHints":{"allow":["GET"]}}],"collection":[{"href":"https:\/\/tangooled.com\/tr\/wp-json\/wp\/v2\/product"}],"about":[{"href":"https:\/\/tangooled.com\/tr\/wp-json\/wp\/v2\/types\/product"}],"wp:featuredmedia":[{"embeddable":true,"href":"https:\/\/tangooled.com\/tr\/wp-json\/wp\/v2\/media\/13718"}],"wp:attachment":[{"href":"https:\/\/tangooled.com\/tr\/wp-json\/wp\/v2\/media?parent=42603"}],"wp:term":[{"taxonomy":"pcb-width","embeddable":true,"href":"https:\/\/tangooled.com\/tr\/wp-json\/wp\/v2\/pcb-width?post=42603"},{"taxonomy":"product-cat","embeddable":true,"href":"https:\/\/tangooled.com\/tr\/wp-json\/wp\/v2\/product-cat?post=42603"}],"curies":[{"name":"wp","href":"https:\/\/api.w.org\/{rel}","templated":true}]}}