{"id":42600,"date":"2025-12-23T02:08:14","date_gmt":"2025-12-23T10:08:14","guid":{"rendered":"https:\/\/tangooled.com\/?post_type=product&#038;p=42600"},"modified":"2026-01-27T19:51:57","modified_gmt":"2026-01-28T03:51:57","slug":"plasterboard-led-profile-out-corner-lighting-channel","status":"publish","type":"product","link":"https:\/\/tangooled.com\/tr\/urun\/plasterboard-led-profile-out-corner-lighting-channel\/","title":{"rendered":"D\u0131\u015f K\u00f6\u015feler i\u00e7in Al\u00e7\u0131pan LED Profili"},"content":{"rendered":"<div class=\"wp-block-group is-vertical is-layout-flex wp-container-core-group-is-layout-d255d7c4 wp-block-group-is-layout-flex\" style=\"padding-top:var(--wp--preset--spacing--80);padding-bottom:var(--wp--preset--spacing--80)\">\n<p>Want to light up your space with clean, modern style? Our plasterboard LED profile (DWP03) is designed to light the corners of buildings that are 90 degrees outside. This aluminum profile works like a corner bead. It goes straight into your drywall or plasterboard, protecting the edge and keeping your LED strip light in place. Completing this profile is totally &#8220;mudded in.&#8221; It is 46mm wide at its widest point, with a 12.3mm light aperture, and has plaster flanges that are 21mm and 10mm broad. This method gives your wall a smooth, trim-free finish with no visible screws or trim\u2014just a line of light that becomes an integral part of the wall.<\/p>\n<\/div>\n\n\n\n<div class=\"wp-block-group has-background is-vertical is-layout-flex wp-container-core-group-is-layout-d255d7c4 wp-block-group-is-layout-flex\" style=\"background-color:#f1f1f1;padding-top:var(--wp--preset--spacing--80);padding-bottom:var(--wp--preset--spacing--80)\">\n<div class=\"wp-block-group is-vertical is-layout-flex wp-container-core-group-is-layout-8cf370e7 wp-block-group-is-layout-flex\">\n<h2 class=\"wp-block-heading\" style=\"padding-top:var(--wp--preset--spacing--40);padding-bottom:var(--wp--preset--spacing--40);font-size:25px;font-style:normal;font-weight:600;text-transform:capitalize\">Neden Al\u00e7\u0131pan LED Profilimizi D\u0131\u015f K\u00f6\u015fe i\u00e7in Se\u00e7melisiniz?<\/h2>\n\n\n\n<ul class=\"wp-block-list\">\n<li>Dayan\u0131kl\u0131 Yap\u0131: Sa\u011flam 6063-T5 anodize al\u00fcminyum, k\u00f6\u015felerinizi hasardan korur.<\/li>\n\n\n\n<li>Diki\u015f veya kenar yok: Delikli flan\u015flar, al\u00e7\u0131n\u0131n yap\u0131\u015fmas\u0131n\u0131 kolayla\u015ft\u0131r\u0131r ve size g\u00fczel bir d\u00fcz y\u00fczey verir.<\/li>\n\n\n\n<li>LED'leriniz i\u00e7in Is\u0131 Da\u011f\u0131t\u0131c\u0131: Al\u00fcminyum \u0131s\u0131 da\u011f\u0131t\u0131c\u0131, LED \u015feridin \u0131s\u0131s\u0131n\u0131 \u00e7eker ve lambalar\u0131n daha uzun \u00f6m\u00fcrl\u00fc olmas\u0131na yard\u0131mc\u0131 olur.<\/li>\n\n\n\n<li>Dots Yok: PC opal dif\u00fcz\u00f6r, \u0131\u015f\u0131\u011f\u0131 daha yumu\u015fak hale getirir, b\u00f6ylece p\u00fcr\u00fczs\u00fcz bir par\u0131lt\u0131 sa\u011flar.<\/li>\n\n\n\n<li>Bir\u00e7ok LED \u015eeridi ile Uyumludur: COB \u015feritleri gibi 12mm'ye kadar geni\u015fli\u011fe sahip \u015ferit lambalar\u0131n\u0131 tutabilir.<\/li>\n<\/ul>\n<\/div>\n<\/div>\n\n\n\n<div class=\"wp-block-group is-vertical is-layout-flex wp-container-core-group-is-layout-d255d7c4 wp-block-group-is-layout-flex\" style=\"padding-top:var(--wp--preset--spacing--80);padding-bottom:var(--wp--preset--spacing--80)\">\n<hr class=\"wp-block-separator has-alpha-channel-opacity\"\/>\n\n\n\n<div class=\"wp-block-media-text has-media-on-the-right is-stacked-on-mobile\" style=\"grid-template-columns:auto 40%\"><div class=\"wp-block-media-text__content\">\n<h2 class=\"wp-block-heading\" style=\"padding-top:var(--wp--preset--spacing--40);padding-bottom:var(--wp--preset--spacing--40);font-size:25px;font-style:normal;font-weight:600;text-transform:capitalize\">Trimsiz D\u0131\u015f K\u00f6\u015fe kanal\u0131 dWP03'\u00fc Nas\u0131l Kullan\u0131rs\u0131n\u0131z<\/h2>\n\n\n\n<ul class=\"wp-block-list\">\n<li>Profili Sabitleyin: Al\u00fcminyum kanal\u0131 al\u00e7\u0131pan k\u00f6\u015fe \u00e7er\u00e7evesine sabitleyin.<\/li>\n\n\n\n<li>Al\u00e7\u0131: Flan\u015flar\u0131 al\u00e7\u0131 ile kaplay\u0131n, duvarla d\u00fcz ve p\u00fcr\u00fczs\u00fcz olana kadar.<\/li>\n\n\n\n<li>Z\u0131mpara ve Boya: Duvar\u0131n\u0131z\u0131 normal \u015fekilde bitirin.<\/li>\n\n\n\n<li>LED'leri Yerle\u015ftirin: LED \u015feridinizi kanala yerle\u015ftirin.<\/li>\n\n\n\n<li>Dif\u00fcz\u00f6r\u00fc Yerine Yerle\u015ftirin: Yumu\u015fak ve tutarl\u0131 \u0131\u015f\u0131k almak i\u00e7in opal kaplamay\u0131 tak\u0131n.<\/li>\n<\/ul>\n<\/div><figure class=\"wp-block-media-text__media\"><img loading=\"lazy\" decoding=\"async\" width=\"500\" height=\"500\" src=\"https:\/\/tangooled.com\/wp-content\/uploads\/2025\/12\/dwp03-ins.webp\" alt=\"plasterboard led profile out corner lighting channel\" class=\"wp-image-42774 size-full\" srcset=\"https:\/\/tangooled.com\/wp-content\/uploads\/2025\/12\/dwp03-ins.webp 500w, https:\/\/tangooled.com\/wp-content\/uploads\/2025\/12\/dwp03-ins-300x300.webp 300w, https:\/\/tangooled.com\/wp-content\/uploads\/2025\/12\/dwp03-ins-150x150.webp 150w\" sizes=\"auto, (max-width: 500px) 100vw, 500px\" \/><\/figure><\/div>\n<\/div>\n\n\n\n<div class=\"wp-block-group has-background is-vertical is-layout-flex wp-container-core-group-is-layout-b429018a wp-block-group-is-layout-flex\" style=\"background-color:#f1f1f1f2;padding-top:var(--wp--preset--spacing--70);padding-bottom:var(--wp--preset--spacing--70)\">\n<h2 class=\"wp-block-heading\" style=\"padding-top:var(--wp--preset--spacing--40);padding-bottom:var(--wp--preset--spacing--40);font-size:25px;font-style:normal;font-weight:600\">Bu Profili Kullanmak i\u00e7in En \u0130yi Yerler<\/h2>\n\n\n\n<ul class=\"wp-block-list\">\n<li>Duvar ve s\u00fctun k\u00f6\u015feleri: Evlerde ve ofislerde duvarlar ve s\u00fctunlar\u0131n k\u00f6\u015felerini ayd\u0131nlat\u0131n.<\/li>\n\n\n\n<li>Soffitler ve Bulkheadler: Tavan\u0131n kenarlar\u0131na dikkat \u00e7ekmek i\u00e7in d\u00fczg\u00fcn hatlar kullan\u0131n.<\/li>\n\n\n\n<li>G\u00f6mme raflar ve ni\u015fler: Sergi alanlar\u0131n\u0131 \u00e7er\u00e7eveleyin ve ayd\u0131nlat\u0131n.<\/li>\n\n\n\n<li>\u0130\u015f ve ev kullan\u0131m\u0131 i\u00e7in: \u015e\u0131k oturma odalar\u0131, mutfaklar, ge\u00e7itler ve i\u015f yeri resepsiyonlar\u0131 i\u00e7in harika.<\/li>\n<\/ul>\n<\/div>\n\n\n\n<div class=\"wp-block-group is-vertical is-layout-flex wp-container-core-group-is-layout-d255d7c4 wp-block-group-is-layout-flex\" style=\"padding-top:var(--wp--preset--spacing--80);padding-bottom:var(--wp--preset--spacing--80)\">\n<h2 class=\"wp-block-heading\" style=\"padding-top:var(--wp--preset--spacing--40);padding-bottom:var(--wp--preset--spacing--40);font-size:25px;font-style:normal;font-weight:600;text-transform:capitalize\">ho\u015funuza gidebilecek ilgili \u00fcr\u00fcnler<\/h2>\n\n\n\n<ul class=\"wp-block-list\">\n<li><a href=\"https:\/\/tangooled.com\/tr\/urun\/black-led-diffuser-aluminum-channel-for-12mm-tape-lights\/\"><mark style=\"background-color:rgba(0, 0, 0, 0)\" class=\"has-inline-color has-vivid-red-color\">12 mm bant i\u015f\u0131klar\u0131 i\u00e7in siyah LED dif\u00fcz\u00f6r al\u00fcminyum kanal\u0131<\/mark><\/a><\/li>\n\n\n\n<li><a href=\"https:\/\/tangooled.com\/tr\/urun\/surface-mount-led-profile-with-frosted-diffuser-for-10mm-rope-lights\/\"><mark style=\"background-color:rgba(0, 0, 0, 0)\" class=\"has-inline-color has-vivid-red-color\">10 mm kablo \u0131\u015f\u0131klar\u0131 i\u00e7in frosted dif\u00fcz\u00f6rl\u00fc y\u00fczey montaj LED profili<\/mark><\/a><\/li>\n\n\n\n<li><a href=\"https:\/\/tangooled.com\/tr\/urun\/18x18mm-led-strip-corner-profile-for-12mm-led-strips\/\"><mark style=\"background-color:rgba(0, 0, 0, 0)\" class=\"has-inline-color has-vivid-red-color\">12 mm LED \u015feritler i\u00e7in 18x18 mm k\u00f6\u015fe profili<\/mark><\/a><\/li>\n\n\n\n<li><a href=\"https:\/\/tangooled.com\/tr\/urun\/recessed-aluminum-profile-17x8mm-for-led-strip-lighting\/\"><mark style=\"background-color:rgba(0, 0, 0, 0)\" class=\"has-inline-color has-vivid-red-color\">LED \u015ferit ayd\u0131nlatmas\u0131 i\u00e7in 17x8 mm g\u00f6mme al\u00fcminyum profili<\/mark><\/a><\/li>\n\n\n\n<li><a href=\"https:\/\/tangooled.com\/tr\/urun\/plasterboard-led-profile-out-corner-lighting-channel\/\"><mark style=\"background-color:rgba(0, 0, 0, 0)\" class=\"has-inline-color has-vivid-red-color\">Al\u00e7\u0131pan LED profili d\u0131\u015f k\u00f6\u015fe ayd\u0131nlatma kanal\u0131<\/mark><\/a><\/li>\n<\/ul>\n<\/div>\n\n\n\n<div class=\"wp-block-group\"><div class=\"wp-block-group__inner-container is-layout-constrained wp-block-group-is-layout-constrained\">\n<p style=\"font-size:20px\">Bu d\u0131\u015f k\u00f6\u015fe al\u00e7\u0131pan LED profili, duvarlar\u0131n\u0131za hayat verecek ve size ideal, trimsiz g\u00f6mme al\u00fcminyum profil ayd\u0131nlatmas\u0131 sa\u011flayacakt\u0131r. Bug\u00fcn sipari\u015f verin, eviniz i\u00e7in g\u00fczel, mimari k\u00f6\u015fe ayd\u0131nlatmas\u0131 yarat\u0131n, uzun \u00f6m\u00fcrl\u00fc ve harika g\u00f6r\u00fcnecek!<\/p>\n<\/div><\/div>\n\n\n\n<p><\/p>","protected":false},"featured_media":13713,"template":"","meta":{"_acf_changed":true,"_seopress_robots_primary_cat":"none","_seopress_titles_title":"Plasterboard LED Profile for Out Corners | Trimless External Corner DWP03 | TANGOOLED","_seopress_titles_desc":"This DWP03 is a specialized plasterboard led profile for out corner installations. This trimless external corner channel creates a seamless vertical or horizontal light at wall edges.","_seopress_robots_index":""},"pcb-width":[228],"product-cat":[197],"class_list":{"0":"post-42600","1":"product","2":"type-product","3":"status-publish","4":"has-post-thumbnail","6":"pcb-width-6-12mm","7":"product-cat-plaster-in-profile"},"acf":[],"_links":{"self":[{"href":"https:\/\/tangooled.com\/tr\/wp-json\/wp\/v2\/product\/42600","targetHints":{"allow":["GET"]}}],"collection":[{"href":"https:\/\/tangooled.com\/tr\/wp-json\/wp\/v2\/product"}],"about":[{"href":"https:\/\/tangooled.com\/tr\/wp-json\/wp\/v2\/types\/product"}],"wp:featuredmedia":[{"embeddable":true,"href":"https:\/\/tangooled.com\/tr\/wp-json\/wp\/v2\/media\/13713"}],"wp:attachment":[{"href":"https:\/\/tangooled.com\/tr\/wp-json\/wp\/v2\/media?parent=42600"}],"wp:term":[{"taxonomy":"pcb-width","embeddable":true,"href":"https:\/\/tangooled.com\/tr\/wp-json\/wp\/v2\/pcb-width?post=42600"},{"taxonomy":"product-cat","embeddable":true,"href":"https:\/\/tangooled.com\/tr\/wp-json\/wp\/v2\/product-cat?post=42600"}],"curies":[{"name":"wp","href":"https:\/\/api.w.org\/{rel}","templated":true}]}}