{"id":42599,"date":"2025-12-23T02:05:38","date_gmt":"2025-12-23T10:05:38","guid":{"rendered":"https:\/\/tangooled.com\/?post_type=product&#038;p=42599"},"modified":"2026-01-27T19:53:31","modified_gmt":"2026-01-28T03:53:31","slug":"plasterboard-led-profile-for-12mm-ceiling-slot","status":"publish","type":"product","link":"https:\/\/tangooled.com\/tr\/urun\/plasterboard-led-profile-for-12mm-ceiling-slot\/","title":{"rendered":"12mm tavan yar\u0131\u011f\u0131 i\u00e7in al\u00e7\u0131pan LED profili"},"content":{"rendered":"<div class=\"wp-block-group is-vertical is-layout-flex wp-container-core-group-is-layout-d255d7c4 wp-block-group-is-layout-flex\" style=\"padding-top:var(--wp--preset--spacing--80);padding-bottom:var(--wp--preset--spacing--80)\">\n<p>Our DWP02 plasterboard LED profile for 12mm ceiling slot lets you have seamless architectural illumination. This high-quality aluminum extrusion is made to fit well into plasterboard and drywall, giving it a trimless look. This profile is 53mm wide and 13mm deep, and it is made for a 12mm ceiling slot installation as a plasterboard LED profile. The 12.5 mm light opening\u00a0gives a focused downlight, and the wide\u00a0mounting flanges make it easy and safe to install.<\/p>\n\n\n\n<p>12mm tavan yar\u0131\u011f\u0131 i\u00e7in al\u00e7\u0131pan LED profilimiz, evinizde veya i\u015f yerinizde \u015f\u0131k, modern \u0131\u015f\u0131k hatlar\u0131 olu\u015fturmak i\u00e7in m\u00fckemmeldir. 12.5mm al\u00e7\u0131pan (drywall) i\u00e7erisine \u00e7ok iyi uyum sa\u011flar, b\u00f6ylece \u0131\u015f\u0131k kayna\u011f\u0131n\u0131 tavan\u0131n\u0131zda veya duvarlar\u0131n\u0131zda gizleyebilirsiniz. Bu \u00fcr\u00fcn, LED \u015ferit \u0131\u015f\u0131klar\u0131n\u0131z\u0131n temiz ve \u00e7ekici g\u00f6r\u00fcnmesine yard\u0131mc\u0131 olur.<\/p>\n<\/div>\n\n\n\n<div class=\"wp-block-group has-background is-vertical is-layout-flex wp-container-core-group-is-layout-d255d7c4 wp-block-group-is-layout-flex\" style=\"background-color:#f1f1f1;padding-top:var(--wp--preset--spacing--80);padding-bottom:var(--wp--preset--spacing--80)\">\n<div class=\"wp-block-group is-vertical is-layout-flex wp-container-core-group-is-layout-8cf370e7 wp-block-group-is-layout-flex\">\n<h2 class=\"wp-block-heading\" style=\"padding-top:var(--wp--preset--spacing--40);padding-bottom:var(--wp--preset--spacing--40);font-size:25px;font-style:normal;font-weight:600;text-transform:capitalize\">Bu al\u00e7\u0131pan LED profilini 12mm tavan yar\u0131\u011f\u0131 i\u00e7in harika k\u0131lan nedir?<\/h2>\n\n\n\n<ul class=\"wp-block-list\">\n<li>\u00c7er\u00e7evesiz ve \u00e7er\u00e7evesiz tasar\u0131m: Al\u00e7\u0131pan i\u00e7erisine d\u00fcz bir \u015fekilde oturur, belirgin kenarlar veya \u00e7er\u00e7eveler yoktur.<\/li>\n\n\n\n<li>Sa\u011flam al\u00fcminyum malzeme: Y\u00fcksek kaliteli 6063-T5 anodize al\u00fcminyumdan yap\u0131lm\u0131\u015ft\u0131r. LED'lerinizi so\u011fuk tutar ve daha uzun s\u00fcre \u00e7al\u0131\u015fmas\u0131n\u0131 sa\u011flamak i\u00e7in \u0131s\u0131n\u0131n emilmesini sa\u011flar.<\/li>\n\n\n\n<li>12mm LED \u015eeritlere Uyumlu: 12mm geni\u015fli\u011fine kadar LED \u015feritlerle \u00e7al\u0131\u015f\u0131r, bu da bir\u00e7ok standard ve y\u00fcksek yo\u011funluklu LED \u0131\u015f\u0131klar i\u00e7in m\u00fckemmeldir.<\/li>\n\n\n\n<li>P\u00fcr\u00fczs\u00fcz Dif\u00fcz\u00f6r Kapa\u011f\u0131: Dif\u00fcz\u00f6r, mat PMMA veya polikarbonattan yap\u0131lm\u0131\u015ft\u0131r. Parlak noktalar olmadan, \u0131\u015f\u0131\u011f\u0131 yumu\u015fak ve d\u00fczg\u00fcn hale getirir.<\/li>\n\n\n\n<li>Kurulumu basit: P\u00fcr\u00fczs\u00fcz, gizlenmi\u015f bir g\u00f6r\u00fcn\u00fcm sa\u011flamak i\u00e7in al\u00e7\u0131 ile kaplanmak \u00fczere tasarlanm\u0131\u015ft\u0131r.<\/li>\n\n\n\n<li>Mevcut Uzunluklar: 2m veya 3m uzunluklarda sat\u0131n alabilirsiniz. Gerekti\u011fi gibi kesilebilir.<\/li>\n\n\n\n<li>Tam Kiti: Bir al\u00fcminyum profil, bir dif\u00fcz\u00f6r ve iki u\u00e7 kapa\u011f\u0131 (birinde kablo i\u00e7in bir delik var) ile gelir.<\/li>\n<\/ul>\n<\/div>\n<\/div>\n\n\n\n<div class=\"wp-block-group is-vertical is-layout-flex wp-container-core-group-is-layout-d255d7c4 wp-block-group-is-layout-flex\" style=\"padding-top:var(--wp--preset--spacing--80);padding-bottom:var(--wp--preset--spacing--80)\">\n<hr class=\"wp-block-separator has-alpha-channel-opacity\"\/>\n\n\n\n<div class=\"wp-block-media-text has-media-on-the-right is-stacked-on-mobile\" style=\"grid-template-columns:auto 40%\"><div class=\"wp-block-media-text__content\">\n<h2 class=\"wp-block-heading\" style=\"padding-top:var(--wp--preset--spacing--40);padding-bottom:var(--wp--preset--spacing--40);font-size:25px;font-style:normal;font-weight:600;text-transform:capitalize\">Kolay Kurulum K\u0131lavuzu<\/h2>\n\n\n\n<ul class=\"wp-block-list\">\n<li>Al\u00e7\u0131pan i\u00e7erisinde (tavan veya duvar i\u00e7in) 12mm geni\u015fli\u011finde bir yar\u0131k a\u00e7\u0131n.<\/li>\n\n\n\n<li>Al\u00fcminyum profili yar\u0131k i\u00e7erisine sabitlemek i\u00e7in vida veya montaj klipsleri kullan\u0131n.<\/li>\n\n\n\n<li>Al\u00e7\u0131pan ve profilin kenarlar\u0131na al\u00e7\u0131 veya ince bir kaplama uygulay\u0131n.<\/li>\n\n\n\n<li>12mm LED \u015ferit \u0131\u015f\u0131\u011f\u0131n\u0131z\u0131 kanala yerle\u015ftirin.<\/li>\n\n\n\n<li>Dif\u00fcz\u00f6r kapa\u011f\u0131n\u0131 profilin \u00fczerine yerle\u015ftirin.<\/li>\n\n\n\n<li>LED \u015feridi tak\u0131n ve p\u00fcr\u00fczs\u00fcz ve \u00e7er\u00e7evesiz ayd\u0131nlatman\u0131n tad\u0131n\u0131 \u00e7\u0131kar\u0131n!&nbsp;<\/li>\n<\/ul>\n<\/div><figure class=\"wp-block-media-text__media\"><img loading=\"lazy\" decoding=\"async\" width=\"500\" height=\"500\" src=\"https:\/\/tangooled.com\/wp-content\/uploads\/2025\/12\/dwp02-ins.webp\" alt=\"12mm tavan yar\u0131\u011f\u0131 i\u00e7in al\u00e7\u0131pan LED profili\" class=\"wp-image-42769 size-full\" srcset=\"https:\/\/tangooled.com\/wp-content\/uploads\/2025\/12\/dwp02-ins.webp 500w, https:\/\/tangooled.com\/wp-content\/uploads\/2025\/12\/dwp02-ins-300x300.webp 300w, https:\/\/tangooled.com\/wp-content\/uploads\/2025\/12\/dwp02-ins-150x150.webp 150w\" sizes=\"auto, (max-width: 500px) 100vw, 500px\" \/><\/figure><\/div>\n<\/div>\n\n\n\n<div class=\"wp-block-group has-background is-vertical is-layout-flex wp-container-core-group-is-layout-b429018a wp-block-group-is-layout-flex\" style=\"background-color:#f1f1f1f2;padding-top:var(--wp--preset--spacing--70);padding-bottom:var(--wp--preset--spacing--70)\">\n<h2 class=\"wp-block-heading\" style=\"padding-top:var(--wp--preset--spacing--40);padding-bottom:var(--wp--preset--spacing--40);font-size:25px;font-style:normal;font-weight:600;text-transform:capitalize\">Bu \u00e7er\u00e7evesiz profili nas\u0131l kullanabilirim?<\/h2>\n\n\n\n<p>12mm tavan yar\u0131\u011f\u0131 i\u00e7in al\u00e7\u0131pan LED profilimiz harikad\u0131r:<\/p>\n\n\n\n<ul class=\"wp-block-list\">\n<li>Tavanlar ve duvarlarda modern lineer ayd\u0131nlatma&nbsp;<\/li>\n\n\n\n<li>Mimari coves ve g\u00f6mme \u0131\u015f\u0131k yar\u0131klar\u0131 olu\u015fturma<\/li>\n\n\n\n<li>Mutfak ve banyo tavan ayd\u0131nlatmalar\u0131&nbsp;<\/li>\n\n\n\n<li>Otel ve i\u015f koridorlar\u0131 i\u00e7in \u015f\u0131k \u0131\u015f\u0131klar&nbsp;<\/li>\n<\/ul>\n<\/div>\n\n\n\n<div class=\"wp-block-group is-vertical is-layout-flex wp-container-core-group-is-layout-d255d7c4 wp-block-group-is-layout-flex\" style=\"padding-top:var(--wp--preset--spacing--80);padding-bottom:var(--wp--preset--spacing--80)\">\n<h2 class=\"wp-block-heading\" style=\"padding-top:var(--wp--preset--spacing--40);padding-bottom:var(--wp--preset--spacing--40);font-size:25px;font-style:normal;font-weight:600;text-transform:capitalize\">\u00dcr\u00fcn Yelpazemizden \u0130lgili \u00dcr\u00fcnler<\/h2>\n\n\n\n<ul class=\"wp-block-list\">\n<li> <a href=\"https:\/\/tangooled.com\/tr\/urun\/black-led-diffuser-aluminum-channel-for-12mm-tape-lights\/\"><mark style=\"background-color:rgba(0, 0, 0, 0)\" class=\"has-inline-color has-vivid-red-color\">12 mm \u015eerit I\u015f\u0131klar i\u00e7in Siyah LED Dif\u00fcz\u00f6r Al\u00fcminyum Kanal<\/mark><\/a> \u2013 Stylish black finish alternative for 12mm strips.<\/li>\n\n\n\n<li> <a href=\"https:\/\/tangooled.com\/tr\/urun\/led-strip-light-channel-aluminum-profile-with-diffused-cover-6mm-height\/\"><mark style=\"background-color:rgba(0, 0, 0, 0)\" class=\"has-inline-color has-vivid-red-color\">Dif\u00fcz\u00f6r Kapakl\u0131 6mm Y\u00fckseklikteki LED \u015eerit I\u015f\u0131k Kanal\u0131 Al\u00fcminyum Profili<\/mark><\/a> \u2013 Slim profile option for low height ceilings.<\/li>\n\n\n\n<li><a href=\"https:\/\/tangooled.com\/tr\/urun\/18x18mm-led-strip-corner-profile-for-12mm-led-strips\/\"><mark style=\"background-color:rgba(0, 0, 0, 0)\" class=\"has-inline-color has-vivid-red-color\">12mm LED \u015eeritler i\u00e7in 18x18mm LED K\u00f6\u015fe Profili<\/mark><\/a> \u2013 Perfect for corner lighting with 12mm LED tape.<\/li>\n\n\n\n<li><a href=\"https:\/\/tangooled.com\/tr\/urun\/plasterboard-led-profile-for-12mm-ceiling-slot\/\"><mark style=\"background-color:rgba(0, 0, 0, 0)\" class=\"has-inline-color has-vivid-red-color\">12mm Tavan Yuvay\u0131 LED Profili<\/mark><\/a> \u2013 Our key product for amazing recessed plasterboard lighting<\/li>\n<\/ul>\n<\/div>\n\n\n\n<div class=\"wp-block-group\" style=\"padding-top:var(--wp--preset--spacing--80);padding-bottom:var(--wp--preset--spacing--80)\"><div class=\"wp-block-group__inner-container is-layout-constrained wp-block-group-is-layout-constrained\">\n<p style=\"font-size:20px\">12mm tavan yar\u0131\u011f\u0131 i\u00e7in al\u00e7\u0131pan LED profilimizi se\u00e7in ve zarif, gizli ve temiz lineer ayd\u0131nlatman\u0131n keyfini \u00e7\u0131kar\u0131n. Bu, al\u00e7\u0131pan LED al\u00fcminyum profil d\u00fczeninize m\u00fckemmel bir ekleme sa\u011flar ve mimarlar\u0131n ve tasar\u0131mc\u0131lar\u0131n sevdi\u011fi al\u00e7\u0131 i\u00e7inde bir LED \u00e7\u00f6z\u00fcm\u00fc sunar.<\/p>\n<\/div><\/div>\n\n\n\n<p><\/p>","protected":false},"featured_media":13708,"template":"","meta":{"_acf_changed":true,"_seopress_robots_primary_cat":"none","_seopress_titles_title":"Plasterboard LED Profile for 12mm Ceiling Slot | Trimless DWP02","_seopress_titles_desc":"This DWP02 plasterboard led profile designed for a 12mm ceiling slot. Achieve a seamless, trimless finish with this aluminum profile optimized for 12mm strips.","_seopress_robots_index":""},"pcb-width":[228],"product-cat":[197],"class_list":{"0":"post-42599","1":"product","2":"type-product","3":"status-publish","4":"has-post-thumbnail","6":"pcb-width-6-12mm","7":"product-cat-plaster-in-profile"},"acf":[],"_links":{"self":[{"href":"https:\/\/tangooled.com\/tr\/wp-json\/wp\/v2\/product\/42599","targetHints":{"allow":["GET"]}}],"collection":[{"href":"https:\/\/tangooled.com\/tr\/wp-json\/wp\/v2\/product"}],"about":[{"href":"https:\/\/tangooled.com\/tr\/wp-json\/wp\/v2\/types\/product"}],"wp:featuredmedia":[{"embeddable":true,"href":"https:\/\/tangooled.com\/tr\/wp-json\/wp\/v2\/media\/13708"}],"wp:attachment":[{"href":"https:\/\/tangooled.com\/tr\/wp-json\/wp\/v2\/media?parent=42599"}],"wp:term":[{"taxonomy":"pcb-width","embeddable":true,"href":"https:\/\/tangooled.com\/tr\/wp-json\/wp\/v2\/pcb-width?post=42599"},{"taxonomy":"product-cat","embeddable":true,"href":"https:\/\/tangooled.com\/tr\/wp-json\/wp\/v2\/product-cat?post=42599"}],"curies":[{"name":"wp","href":"https:\/\/api.w.org\/{rel}","templated":true}]}}