{"id":42421,"date":"2025-12-22T02:04:24","date_gmt":"2025-12-22T10:04:24","guid":{"rendered":"https:\/\/tangooled.com\/?post_type=product&#038;p=42421"},"modified":"2026-02-02T02:05:22","modified_gmt":"2026-02-02T10:05:22","slug":"large-size-led-ring-profile-with-round-diffuser-made-by-100x80-profile","status":"publish","type":"product","link":"https:\/\/tangooled.com\/tr\/urun\/large-size-led-ring-profile-with-round-diffuser-made-by-100x80-profile\/","title":{"rendered":"100&#215;80 profilden yap\u0131lm\u0131\u015f b\u00fcy\u00fck boy LED halka profili ile yuvarlak dif\u00fcz\u00f6r"},"content":{"rendered":"<div class=\"wp-block-group is-vertical is-layout-flex wp-container-core-group-is-layout-d255d7c4 wp-block-group-is-layout-flex\" style=\"padding-top:var(--wp--preset--spacing--80);padding-bottom:var(--wp--preset--spacing--80)\">\n<p>100x80mm b\u00fcy\u00fck LED halka profili, odan\u0131za yumu\u015fak, e\u015fit \u0131\u015f\u0131k ile modern bir g\u00f6r\u00fcn\u00fcm kazand\u0131rmak i\u00e7in tasarlanm\u0131\u015ft\u0131r. Dayan\u0131kl\u0131 al\u00fcminyumdan \u00fcretilen bu profil ayd\u0131nlatma sistemi, LED \u015feritleri d\u00f6ng\u00fc halinde bar\u0131nd\u0131rmak i\u00e7in idealdir. \u00d6l\u00e7e\u011fi dolay\u0131s\u0131yla, otel lobileri veya y\u00fcksek kaliteli ambiyans ayd\u0131nlatmas\u0131 gerektiren ticari atriyumlar i\u00e7in m\u00fckemmel bir \u015fekilde uygundur.<\/p>\n\n\n\n<p>Bu b\u00fcy\u00fck yuvarlak \u0131\u015f\u0131k armat\u00fcr\u00fcn\u00fcn \u00e7ap\u0131n\u0131 600mm'den 3000mm'ye kadar de\u011fi\u015ftirebilirsiniz. Profilin d\u0131\u015f\u0131n\u0131, evinizin i\u00e7 k\u0131sm\u0131yla tam olarak e\u015fle\u015fecek \u015fekilde renk de\u011fi\u015ftirebilirsiniz. TG-C10080, b\u00fcy\u00fck alanlarda iyi \u00e7al\u0131\u015fan parlak, y\u00fcksek kaliteli ve \u015f\u0131k ayd\u0131nlatma sunar.<\/p>\n<\/div>\n\n\n\n<div class=\"wp-block-group has-background is-vertical is-layout-flex wp-container-core-group-is-layout-d255d7c4 wp-block-group-is-layout-flex\" style=\"background-color:#f1f1f1;padding-top:var(--wp--preset--spacing--80);padding-bottom:var(--wp--preset--spacing--80)\">\n<div class=\"wp-block-group is-vertical is-layout-flex wp-container-core-group-is-layout-8cf370e7 wp-block-group-is-layout-flex\">\n<h2 class=\"wp-block-heading\" style=\"padding-top:var(--wp--preset--spacing--40);padding-bottom:var(--wp--preset--spacing--40);font-size:25px;font-style:normal;font-weight:600;text-transform:capitalize\">Neden TG-C10080 B\u00fcy\u00fck LED Halka Profilimizi Tercih Etmelisiniz?<\/h2>\n\n\n\n<ul class=\"wp-block-list\">\n<li>Uzun s\u00fcren dayan\u0131kl\u0131 al\u00fcminyum ekstr\u00fczyondan yap\u0131ld\u0131.<\/li>\n\n\n\n<li>Yumu\u015fak, d\u00fczg\u00fcn \u0131\u015f\u0131k vermek i\u00e7in polikarbonattan yap\u0131lm\u0131\u015f yuvarlak bir dif\u00fcz\u00f6re sahip.<\/li>\n\n\n\n<li>30mm'ye kadar LED \u015feritlerle iyi \u00e7al\u0131\u015f\u0131r ve DALI veya 0-10V gibi dimlenebilir s\u00fcr\u00fcc\u00fclerle kullan\u0131labilir.<\/li>\n\n\n\n<li>Bir\u00e7ok renkte anodize g\u00fcm\u00fc\u015f veya toz kaplama y\u00fczey se\u00e7enekleri ile mevcut.<\/li>\n\n\n\n<li>U\u00e7ak kablolar\u0131 ile ask\u0131ya al\u0131nabilir veya y\u00fczeye monte edilebilir.<\/li>\n\n\n\n<li>\u00d6zel \u00e7ap 5 metreye kadar.<\/li>\n\n\n\n<li>Ticari ayd\u0131nlatma, mimari ayd\u0131nlatma ve g\u00fczel ifade par\u00e7alar\u0131 i\u00e7in harika.<\/li>\n<\/ul>\n<\/div>\n<\/div>\n\n\n\n<div class=\"wp-block-group is-vertical is-layout-flex wp-container-core-group-is-layout-d255d7c4 wp-block-group-is-layout-flex\" style=\"padding-top:var(--wp--preset--spacing--80);padding-bottom:var(--wp--preset--spacing--80)\">\n<h2 class=\"wp-block-heading\" style=\"padding-top:var(--wp--preset--spacing--40);padding-bottom:var(--wp--preset--spacing--40);font-size:25px;font-style:normal;font-weight:600;text-transform:capitalize\">Bu B\u00fcy\u00fck LED Halka Profilini Bir\u00e7ok Yerde Kullan\u0131n<\/h2>\n\n\n\n<p>B\u00fcy\u00fck LED halka profilimiz \u015funlarda harika g\u00f6r\u00fcnmektedir:<\/p>\n\n\n\n<ul class=\"wp-block-list\">\n<li>Kurumsal genel merkezler ve ofis lobileri<\/li>\n\n\n\n<li>Otel atriyumlar\u0131 ve etkinlik alanlar\u0131<\/li>\n\n\n\n<li>Showroomlar ve al\u0131\u015fveri\u015f merkezleri gibi perakende alanlar\u0131\u00a0<\/li>\n\n\n\n<li>\u00dcniversiteler ve konferans odalar\u0131\u00a0<\/li>\n\n\n\n<li>Y\u00fcksek tavanl\u0131 modern oturma odalar\u0131<\/li>\n<\/ul>\n<\/div>\n\n\n\n<div class=\"wp-block-group has-background is-vertical is-layout-flex wp-container-core-group-is-layout-b429018a wp-block-group-is-layout-flex\" style=\"background-color:#f1f1f1f2;padding-top:var(--wp--preset--spacing--70);padding-bottom:var(--wp--preset--spacing--70)\">\n<h2 class=\"wp-block-heading\" style=\"padding-top:var(--wp--preset--spacing--40);padding-bottom:var(--wp--preset--spacing--40);font-size:25px;font-style:normal;font-weight:600\">\u00d6zet<\/h2>\n\n\n\n<p style=\"padding-right:var(--wp--preset--spacing--50);padding-left:var(--wp--preset--spacing--50)\">The TG-C10080 large LED ring profile is a modern LED light accessory\u00a0that provides architectural lighting a fresh look. The strong aluminum housing makes it seem professional and makes it durable. This type of light gives off gentle, steady light that is easy to put up, whether you need a statement light in a lobby or ambient light in a showroom.<\/p>\n<\/div>\n\n\n\n<p><\/p>","protected":false},"featured_media":20012,"template":"","meta":{"_acf_changed":true,"_seopress_robots_primary_cat":"none","_seopress_titles_title":"100x80mm Large LED Ring Profile Light Body C10080 | TANGOOLED","_seopress_titles_desc":"The 100x80mm aluminum channel is used to make custom diameter large LED ring profile for LED circular lighting.","_seopress_robots_index":""},"pcb-width":[233],"product-cat":[202],"class_list":{"0":"post-42421","1":"product","2":"type-product","3":"status-publish","4":"has-post-thumbnail","6":"pcb-width-50-90mm","7":"product-cat-circular-profile"},"acf":[],"_links":{"self":[{"href":"https:\/\/tangooled.com\/tr\/wp-json\/wp\/v2\/product\/42421","targetHints":{"allow":["GET"]}}],"collection":[{"href":"https:\/\/tangooled.com\/tr\/wp-json\/wp\/v2\/product"}],"about":[{"href":"https:\/\/tangooled.com\/tr\/wp-json\/wp\/v2\/types\/product"}],"wp:featuredmedia":[{"embeddable":true,"href":"https:\/\/tangooled.com\/tr\/wp-json\/wp\/v2\/media\/20012"}],"wp:attachment":[{"href":"https:\/\/tangooled.com\/tr\/wp-json\/wp\/v2\/media?parent=42421"}],"wp:term":[{"taxonomy":"pcb-width","embeddable":true,"href":"https:\/\/tangooled.com\/tr\/wp-json\/wp\/v2\/pcb-width?post=42421"},{"taxonomy":"product-cat","embeddable":true,"href":"https:\/\/tangooled.com\/tr\/wp-json\/wp\/v2\/product-cat?post=42421"}],"curies":[{"name":"wp","href":"https:\/\/api.w.org\/{rel}","templated":true}]}}