{"id":42395,"date":"2025-12-22T02:01:44","date_gmt":"2025-12-22T10:01:44","guid":{"rendered":"https:\/\/tangooled.com\/?post_type=product&#038;p=42395"},"modified":"2026-02-02T02:04:52","modified_gmt":"2026-02-02T10:04:52","slug":"custom-circular-ring-light-shape-by-50x80mm-aluminum-profile","status":"publish","type":"product","link":"https:\/\/tangooled.com\/tr\/urun\/custom-circular-ring-light-shape-by-50x80mm-aluminum-profile\/","title":{"rendered":"50x80mm al\u00fcminyum profilden \u00f6zel dairesel halka \u0131\u015f\u0131k \u015fekli"},"content":{"rendered":"<div class=\"wp-block-group is-vertical is-layout-flex wp-container-core-group-is-layout-d255d7c4 wp-block-group-is-layout-flex\" style=\"padding-top:var(--wp--preset--spacing--80);padding-bottom:var(--wp--preset--spacing--80)\">\n<p>\u00d6zel 50x80mm profil halka \u0131\u015f\u0131k \u015feklimiz, daha geli\u015fmi\u015f ayd\u0131nlatma se\u00e7enekleri isteyen i\u015fletmeler, mimarlar ve tasar\u0131mc\u0131lar i\u00e7in harika bir tercihtir. Bu y\u00fcksek kaliteli halka profili, dayan\u0131kl\u0131 ve hafif 6063-T5 ekstr\u00fcde al\u00fcminyumdan yap\u0131lm\u0131\u015ft\u0131r. Bu armat\u00fcr\u00fc bir\u00e7ok farkl\u0131 \u015fekilde \u00f6zelle\u015ftirebilirsiniz. \u00d6rne\u011fin, \u00e7ap\u0131n\u0131 600mm'den 3000mm'ye kadar de\u011fi\u015ftirerek alan\u0131n\u0131za uygun hale getirebilirsiniz. D\u0131\u015f taraf\u0131n rengini markan\u0131za veya tasar\u0131m ihtiya\u00e7lar\u0131n\u0131za uyum sa\u011flamas\u0131 i\u00e7in de de\u011fi\u015ftirebilirsiniz. Ofisler, oteller, ma\u011fazalar ve di\u011fer i\u015f giri\u015fimleri i\u00e7in istedi\u011finiz gibi yap\u0131yoruz.<\/p>\n<\/div>\n\n\n\n<div class=\"wp-block-group has-background is-vertical is-layout-flex wp-container-core-group-is-layout-d255d7c4 wp-block-group-is-layout-flex\" style=\"background-color:#f1f1f1;padding-top:var(--wp--preset--spacing--80);padding-bottom:var(--wp--preset--spacing--80)\">\n<div class=\"wp-block-group is-vertical is-layout-flex wp-container-core-group-is-layout-8cf370e7 wp-block-group-is-layout-flex\">\n<h2 class=\"wp-block-heading\" style=\"padding-top:var(--wp--preset--spacing--40);padding-bottom:var(--wp--preset--spacing--40);font-size:25px;font-style:normal;font-weight:600;text-transform:capitalize\">Neden \u00d6zel 50x80mm Profil Hava I\u015f\u0131\u011f\u0131m\u0131z\u0131 Se\u00e7melisiniz?<\/h2>\n\n\n\n<ul class=\"wp-block-list\">\n<li>50mm geni\u015fli\u011finde ve 80mm y\u00fcksekli\u011finde sa\u011flam bir al\u00fcminyum kasa ile \u00fcretilmi\u015ftir, b\u00f6ylece bir\u00e7ok alana s\u0131\u011fabilir.<\/li>\n\n\n\n<li>Yuvarlak LED sark\u0131t \u0131\u015f\u0131k, \u00e7ap\u0131 600mm'den 5000mm'den fazla olan herhangi bir boyuta uyacak \u015fekilde yap\u0131labilir.<\/li>\n\n\n\n<li>I\u015f\u0131\u011f\u0131n yumu\u015fak ve e\u015fit olmas\u0131n\u0131 sa\u011flamak i\u00e7in, son derece verimli SMD2835 LED PCB kartlar\u0131 ve donuk polikarbonat dif\u00fcz\u00f6r kullan\u0131l\u0131r.&nbsp;<\/li>\n\n\n\n<li>\u00dc\u00e7 y\u0131ll\u0131k garanti ile birlikte gelir, b\u00f6ylece \u00e7al\u0131\u015faca\u011f\u0131ndan emin olabilirsiniz.<\/li>\n\n\n\n<li>\u0130\u015fletmeler ve evler i\u00e7in harika, ofisler, lobiler, galeriler ve restoranlar gibi.<\/li>\n<\/ul>\n<\/div>\n<\/div>\n\n\n\n<div class=\"wp-block-group is-vertical is-layout-flex wp-container-core-group-is-layout-d255d7c4 wp-block-group-is-layout-flex\" style=\"padding-top:var(--wp--preset--spacing--80);padding-bottom:var(--wp--preset--spacing--80)\">\n<h2 class=\"wp-block-heading\" style=\"padding-top:var(--wp--preset--spacing--40);padding-bottom:var(--wp--preset--spacing--40);font-size:25px;font-style:normal;font-weight:600;text-transform:capitalize\">\u00d6zel 50x80mm Profil Hava I\u015f\u0131\u011f\u0131n\u0131n Uygulamalar\u0131<\/h2>\n\n\n\n<ul class=\"wp-block-list\">\n<li>\u0130\u015fletmeler i\u00e7in ofis ayd\u0131nlatmas\u0131: a\u00e7\u0131k ofis alanlar\u0131 ve toplant\u0131 odalar\u0131 i\u00e7in modern ve \u015f\u0131k bir stil.<\/li>\n\n\n\n<li>Otel lobisinde ayd\u0131nlatma: misafirleri kar\u015f\u0131lamak i\u00e7in \u015f\u0131k bir k\u00fcresel sark\u0131t \u0131\u015f\u0131k armat\u00fcr\u00fc.<\/li>\n\n\n\n<li>Ma\u011faza vitrin ayd\u0131nlatmas\u0131: dikkat \u00e7ekmek i\u00e7in g\u00fc\u00e7l\u00fc, net \u0131\u015f\u0131k kullan\u0131n.<\/li>\n\n\n\n<li>Restoranlar ve barlar: alan\u0131 rahat hissettirmek i\u00e7in s\u0131cak beyaz \u0131\u015f\u0131k veya canl\u0131 hissettirmek i\u00e7in so\u011fuk beyaz \u0131\u015f\u0131k kullan\u0131n.<\/li>\n\n\n\n<li>Modern yemek odalar\u0131 ve y\u00fcksek tavanl\u0131 geni\u015f alanlar i\u00e7in g\u00fc\u00e7l\u00fc bir izlenim.<\/li>\n\n\n\n<li>Kamu ve kurumsal alanlar: \u00fcniversite lobileri, m\u00fczeler ve havalimanlar\u0131 gibi yerlerde iyi \u00e7al\u0131\u015f\u0131r.<\/li>\n<\/ul>\n<\/div>\n\n\n\n<div class=\"wp-block-group has-background is-vertical is-layout-flex wp-container-core-group-is-layout-b429018a wp-block-group-is-layout-flex\" style=\"background-color:#f1f1f1f2;padding-top:var(--wp--preset--spacing--70);padding-bottom:var(--wp--preset--spacing--70)\">\n<h2 class=\"wp-block-heading\" style=\"padding-top:var(--wp--preset--spacing--40);padding-bottom:var(--wp--preset--spacing--40);font-size:25px;font-style:normal;font-weight:600\">Be\u011fenebilece\u011finiz \u0130lgili \u00dcr\u00fcnler<\/h2>\n\n\n\n<ul class=\"wp-block-list\">\n<li>G\u00f6z at\u0131n <a href=\"https:\/\/tangooled.com\/tr\/urun\/black-led-profile-with-black-diffuser-for-10mm-led-strip-light\/\"><mark style=\"background-color:rgba(0, 0, 0, 0)\" class=\"has-inline-color has-vivid-red-color\">10mm LED \u015ferit \u0131\u015f\u0131k i\u00e7in siyah dif\u00fcz\u00f6rl\u00fc siyah LED profili<\/mark><\/a>, do\u011frusal montajlar i\u00e7in m\u00fckemmel.<\/li>\n\n\n\n<li>Y\u00fczeye montaj i\u00e7in, bak\u0131n <a href=\"https:\/\/tangooled.com\/tr\/urun\/surface-mount-led-profile-with-frosted-diffuser-for-10mm-rope-lights\/\"><mark style=\"background-color:rgba(0, 0, 0, 0)\" class=\"has-inline-color has-vivid-red-color\">10 mm iplikler i\u00e7in mat dif\u00f6re sahip y\u00fczeye montaj LED profili<\/mark><\/a> yumu\u015fak \u0131\u015f\u0131k dif\u00fczyonu ile.<\/li>\n\n\n\n<li>Ke\u015ffedin <a href=\"https:\/\/tangooled.com\/tr\/urun\/18x9mm-led-tape-light-profile-for-surface-installation\/\"><mark style=\"background-color:rgba(0, 0, 0, 0)\" class=\"has-inline-color has-vivid-red-color\">y\u00fczeye montaj i\u00e7in 18x9mm LED bant \u0131\u015f\u0131k profili<\/mark><\/a> yo\u011fun ayd\u0131nlatma ihtiyac\u0131 i\u00e7in.<\/li>\n\n\n\n<li>\u015e\u0131k bir g\u00f6r\u00fcn\u00fcm i\u00e7in, deneyin <a href=\"https:\/\/tangooled.com\/tr\/urun\/aluminum-profile-with-60-degree-lens-led-diffuser\/\"><mark style=\"background-color:rgba(0, 0, 0, 0)\" class=\"has-inline-color has-vivid-red-color\">60 derece lensli al\u00fcminyum profil LED dif\u00fcz\u00f6r <\/mark><\/a>odaklanm\u0131\u015f \u0131\u015f\u0131k huzmesi i\u00e7in.<\/li>\n<\/ul>\n<\/div>\n\n\n\n<div class=\"wp-block-group\" style=\"padding-top:var(--wp--preset--spacing--80);padding-bottom:var(--wp--preset--spacing--80)\"><div class=\"wp-block-group__inner-container is-layout-constrained wp-block-group-is-layout-constrained\">\n<p>Oday\u0131 \u015f\u0131k, g\u00fc\u00e7l\u00fc ve g\u00f6z al\u0131c\u0131 bir stille ayd\u0131nlatmak i\u00e7in 50x80mm profil halka \u0131\u015f\u0131k \u015feklimizi se\u00e7in. Herhangi bir ortam i\u00e7in modern ayd\u0131nlatma sa\u011flamak \u00fczere y\u00fcksek CRI LED'ler ekleyin. Ba\u015flamak i\u00e7in l\u00fctfen hemen bizimle ileti\u015fime ge\u00e7in!<\/p>\n<\/div><\/div>\n\n\n\n<p><\/p>","protected":false},"featured_media":20013,"template":"","meta":{"_acf_changed":true,"_seopress_robots_primary_cat":"none","_seopress_titles_title":"Custom 50x80mm Profile Ring Light Shape | Large Halo Body C5080","_seopress_titles_desc":"This C5080 channel is used to make any custom profile ring light shape of different diameters for grand-scale pendants. Features a massive 80mm depth for superior heat sink performance and internal driver storage.","_seopress_robots_index":""},"pcb-width":[231],"product-cat":[202],"class_list":{"0":"post-42395","1":"product","2":"type-product","3":"status-publish","4":"has-post-thumbnail","6":"pcb-width-25-35mm","7":"product-cat-circular-profile"},"acf":[],"_links":{"self":[{"href":"https:\/\/tangooled.com\/tr\/wp-json\/wp\/v2\/product\/42395","targetHints":{"allow":["GET"]}}],"collection":[{"href":"https:\/\/tangooled.com\/tr\/wp-json\/wp\/v2\/product"}],"about":[{"href":"https:\/\/tangooled.com\/tr\/wp-json\/wp\/v2\/types\/product"}],"wp:featuredmedia":[{"embeddable":true,"href":"https:\/\/tangooled.com\/tr\/wp-json\/wp\/v2\/media\/20013"}],"wp:attachment":[{"href":"https:\/\/tangooled.com\/tr\/wp-json\/wp\/v2\/media?parent=42395"}],"wp:term":[{"taxonomy":"pcb-width","embeddable":true,"href":"https:\/\/tangooled.com\/tr\/wp-json\/wp\/v2\/pcb-width?post=42395"},{"taxonomy":"product-cat","embeddable":true,"href":"https:\/\/tangooled.com\/tr\/wp-json\/wp\/v2\/product-cat?post=42395"}],"curies":[{"name":"wp","href":"https:\/\/api.w.org\/{rel}","templated":true}]}}