{"id":42383,"date":"2025-12-22T01:50:53","date_gmt":"2025-12-22T09:50:53","guid":{"rendered":"https:\/\/tangooled.com\/?post_type=product&#038;p=42383"},"modified":"2026-02-02T02:04:30","modified_gmt":"2026-02-02T10:04:30","slug":"led-ring-light-housing-made-by-50x50mm-aluminum-channel","status":"publish","type":"product","link":"https:\/\/tangooled.com\/tr\/urun\/led-ring-light-housing-made-by-50x50mm-aluminum-channel\/","title":{"rendered":"50x50mm al\u00fcminyum kanal-C5050 ile yap\u0131lan LED halka \u0131\u015f\u0131k konutlar\u0131"},"content":{"rendered":"<div class=\"wp-block-group is-vertical is-layout-flex wp-container-core-group-is-layout-d255d7c4 wp-block-group-is-layout-flex\" style=\"padding-top:var(--wp--preset--spacing--80);padding-bottom:var(--wp--preset--spacing--80)\">\n<p>50x50mm LED kanal halkas\u0131 ayd\u0131nlatma konutumuz, g\u00fc\u00e7l\u00fc ve parlak \u0131\u015f\u0131k olu\u015fturman\u0131z\u0131 sa\u011flayacak. Bu 50x50mm al\u00fcminyum profil y\u00fcksek kaliteli 6063-T5 al\u00fcminyum ala\u015f\u0131m\u0131ndan yap\u0131lm\u0131\u015ft\u0131r, bu da net ve e\u015fit bir halka bi\u00e7iminde \u0131\u015f\u0131k kayna\u011f\u0131 yap\u0131m\u0131nda m\u00fckemmeldir. Evlerde, st\u00fcdyolarda, ma\u011fazalarda ve ofislerde m\u00fckemmel \u00e7al\u0131\u015f\u0131r. Temiz, p\u00fcr\u00fczs\u00fcz bir g\u00fcm\u00fc\u015f toz kaplama veya anodize kaplama profili tamamlar. Bu dairesel profilin \u00e7ap\u0131 600mm'den 3000mm'ye kadar herhangi bir \u015fey olabilir. Evdeki di\u011fer unsurlarla uyumlu bir renk se\u00e7erek toz kaplaman\u0131n g\u00f6r\u00fcn\u00fcm\u00fcn\u00fc de de\u011fi\u015ftirebilirsiniz.<\/p>\n<\/div>\n\n\n\n<div class=\"wp-block-group has-background is-vertical is-layout-flex wp-container-core-group-is-layout-d255d7c4 wp-block-group-is-layout-flex\" style=\"background-color:#f1f1f1;padding-top:var(--wp--preset--spacing--80);padding-bottom:var(--wp--preset--spacing--80)\">\n<div class=\"wp-block-group is-vertical is-layout-flex wp-container-core-group-is-layout-8cf370e7 wp-block-group-is-layout-flex\">\n<h2 class=\"wp-block-heading\" style=\"padding-top:var(--wp--preset--spacing--40);padding-bottom:var(--wp--preset--spacing--40);font-size:25px;font-style:normal;font-weight:600;text-transform:capitalize\">\u00d6nemli \u00d6zellikler ve Avantajlar<\/h2>\n\n\n\n<ul class=\"wp-block-list\">\n<li>Size of the profile: 50&#215;50 mm. It works with a lot of COB LEDs and LED strips.\u00a0<\/li>\n\n\n\n<li>Yap\u0131ld\u0131\u011f\u0131 6063-T5 al\u00fcminyum sa\u011flamd\u0131r ve so\u011futmaya yard\u0131mc\u0131 olur.<\/li>\n\n\n\n<li>I\u015f\u0131k, PC polikarbonat (buzlu) dif\u00fcz\u00f6r\u00fc ile p\u00fcr\u00fczs\u00fczd\u00fcr.<\/li>\n\n\n\n<li>Siyah toz kaplama ve anodize g\u00fcm\u00fc\u015f kaplama aras\u0131nda se\u00e7im yapabilirsiniz. <\/li>\n\n\n\n<li>RGBW, iki renkli LED halkalar\u0131 ve di\u011fer ayd\u0131nlatma t\u00fcrleri ile \u00e7al\u0131\u015f\u0131r.<\/li>\n\n\n\n<li>Binalar\u0131 ayd\u0131nlatmak, foto\u011fraf \u00e7ekmek ve seminer d\u00fczenlemek i\u00e7in harika.<\/li>\n<\/ul>\n<\/div>\n<\/div>\n\n\n\n<div class=\"wp-block-group is-vertical is-layout-flex wp-container-core-group-is-layout-d255d7c4 wp-block-group-is-layout-flex\" style=\"padding-top:var(--wp--preset--spacing--80);padding-bottom:var(--wp--preset--spacing--80)\">\n<h2 class=\"wp-block-heading\" style=\"padding-top:var(--wp--preset--spacing--40);padding-bottom:var(--wp--preset--spacing--40);font-size:25px;font-style:normal;font-weight:600;text-transform:capitalize\">Bir\u00e7ok Kullan\u0131m \u0130\u00e7in Yap\u0131lm\u0131\u015f<\/h2>\n\n\n\n<p>Bu 50x50mm LED kanal halkas\u0131 ayd\u0131nlatma konutu, bir\u00e7ok harika ayd\u0131nlatma projesine ba\u015flamak i\u00e7in basit bir yoldur. Bununla yapabilirsiniz:<\/p>\n\n\n\n<ul class=\"wp-block-list\">\n<li>Toplant\u0131 odalar\u0131 ve ticari ofisler<\/li>\n\n\n\n<li>Otel lobileri ve atriyumlar<\/li>\n\n\n\n<li>Perakende sergi salonlar\u0131 ve butikler<\/li>\n\n\n\n<li>Evlerde ya\u015fam ve yemek alanlar\u0131<\/li>\n\n\n\n<li>Sanat st\u00fcdyolar\u0131 ve yarat\u0131c\u0131 \u00e7al\u0131\u015fma alanlar\u0131<\/li>\n<\/ul>\n<\/div>\n\n\n\n<div class=\"wp-block-group has-background is-vertical is-layout-flex wp-container-core-group-is-layout-b429018a wp-block-group-is-layout-flex\" style=\"background-color:#f1f1f1f2;padding-top:var(--wp--preset--spacing--70);padding-bottom:var(--wp--preset--spacing--70)\">\n<h2 class=\"wp-block-heading\" style=\"padding-top:var(--wp--preset--spacing--40);padding-bottom:var(--wp--preset--spacing--40);font-size:25px;font-style:normal;font-weight:600\">Bu LED \u015ferit \u0131\u015f\u0131klar\u0131yla \u00e7al\u0131\u015f\u0131r<\/h2>\n\n\n\n<ul class=\"wp-block-list\">\n<li>LED strips with a high CRI (Ra > 90) for accurate colors.<\/li>\n\n\n\n<li>Tek renkte beyaz LED \u015feritler (3000K, 4000K veya 6000K).<\/li>\n\n\n\n<li>Renkleri RGB'den RGBW'ye de\u011fi\u015ftiren \u015feritler.<\/li>\n\n\n\n<li>Profili kanalda s\u0131k\u0131 oturan, geni\u015fli\u011fi 20mm'ye kadar olan \u015feritler.<\/li>\n<\/ul>\n<\/div>\n\n\n\n<div class=\"wp-block-group\" style=\"padding-top:var(--wp--preset--spacing--80);padding-bottom:var(--wp--preset--spacing--80)\"><div class=\"wp-block-group__inner-container is-layout-constrained wp-block-group-is-layout-constrained\">\n<p>TG-C5050 50x50mm LED kanal halkas\u0131 ayd\u0131nlatma konutu m\u00fckemmel bir se\u00e7enektir. Dayan\u0131kl\u0131l\u0131\u011f\u0131, \u015f\u0131kl\u0131\u011f\u0131 ve iyi \u0131\u015f\u0131\u011f\u0131 bir araya getirir. Kendi profesyonel, uzun \u00f6m\u00fcrl\u00fc halka ayd\u0131nlatman\u0131z\u0131 yapmaya bug\u00fcn ba\u015flay\u0131n!<\/p>\n\n\n\n<p><\/p>\n<\/div><\/div>","protected":false},"featured_media":20011,"template":"","meta":{"_acf_changed":true,"_seopress_robots_primary_cat":"none","_seopress_titles_title":"50x50mm LED Channel Ring Light Housing C5050 | TANGOOLED","_seopress_titles_desc":"The C5050 is a heavy-duty 50x50mm led channel ring light housing for large-scale pendants. The diameters can be customized with the requested sizes.","_seopress_robots_index":""},"pcb-width":[230],"product-cat":[202],"class_list":{"0":"post-42383","1":"product","2":"type-product","3":"status-publish","4":"has-post-thumbnail","6":"pcb-width-20-25mm","7":"product-cat-circular-profile"},"acf":[],"_links":{"self":[{"href":"https:\/\/tangooled.com\/tr\/wp-json\/wp\/v2\/product\/42383","targetHints":{"allow":["GET"]}}],"collection":[{"href":"https:\/\/tangooled.com\/tr\/wp-json\/wp\/v2\/product"}],"about":[{"href":"https:\/\/tangooled.com\/tr\/wp-json\/wp\/v2\/types\/product"}],"wp:featuredmedia":[{"embeddable":true,"href":"https:\/\/tangooled.com\/tr\/wp-json\/wp\/v2\/media\/20011"}],"wp:attachment":[{"href":"https:\/\/tangooled.com\/tr\/wp-json\/wp\/v2\/media?parent=42383"}],"wp:term":[{"taxonomy":"pcb-width","embeddable":true,"href":"https:\/\/tangooled.com\/tr\/wp-json\/wp\/v2\/pcb-width?post=42383"},{"taxonomy":"product-cat","embeddable":true,"href":"https:\/\/tangooled.com\/tr\/wp-json\/wp\/v2\/product-cat?post=42383"}],"curies":[{"name":"wp","href":"https:\/\/api.w.org\/{rel}","templated":true}]}}