{"id":42382,"date":"2025-12-22T01:43:24","date_gmt":"2025-12-22T09:43:24","guid":{"rendered":"https:\/\/tangooled.com\/?post_type=product&#038;p=42382"},"modified":"2026-02-02T02:04:08","modified_gmt":"2026-02-02T10:04:08","slug":"40x40mm-aluminum-profile-pendant-ring-light-shell","status":"publish","type":"product","link":"https:\/\/tangooled.com\/tr\/urun\/40x40mm-aluminum-profile-pendant-ring-light-shell\/","title":{"rendered":"40x40mm Al\u00fcminyum Profil Asma Halka I\u015f\u0131k Kabuk \u2013 C4040"},"content":{"rendered":"<div class=\"wp-block-group is-vertical is-layout-flex wp-container-core-group-is-layout-d255d7c4 wp-block-group-is-layout-flex\" style=\"padding-top:var(--wp--preset--spacing--80);padding-bottom:var(--wp--preset--spacing--80)\">\n<p>Our 40x40mm aluminum profile ring light shell is designed to look great and give off a lot of light. The 40mm wide and 40mm tall profile is made of strong 6063-T5 aluminum that can safely hold LED light strips in a perfect ring shape. It&#8217;s fantastic for producing pendant ring lights that hang from the ceiling and look sleek and bright.<\/p>\n\n\n\n<p>Profil, bitmi\u015f halka lamban\u0131z\u0131n temiz, \u015f\u0131k bir g\u00f6r\u00fcn\u00fcm kazanmas\u0131 i\u00e7in d\u00fczg\u00fcn bir \u015fekilde daireye b\u00fck\u00fcl\u00fcr. K\u00fc\u00e7\u00fck halkalardan (600mm) b\u00fcy\u00fck halkalara (5000mm) kadar bir\u00e7ok farkl\u0131 boyut se\u00e7ebilirsiniz. Mat siyah, mat beyaz veya parlak g\u00fcm\u00fc\u015f gibi standart renkler aras\u0131ndan se\u00e7im yapabilir veya \u00f6zel bir boya i\u015flemi tercih edebilirsiniz.<\/p>\n<\/div>\n\n\n\n<div class=\"wp-block-group has-background is-vertical is-layout-flex wp-container-core-group-is-layout-d255d7c4 wp-block-group-is-layout-flex\" style=\"background-color:#f1f1f1;padding-top:var(--wp--preset--spacing--80);padding-bottom:var(--wp--preset--spacing--80)\">\n<div class=\"wp-block-group is-vertical is-layout-flex wp-container-core-group-is-layout-8cf370e7 wp-block-group-is-layout-flex\">\n<h2 class=\"wp-block-heading\" style=\"padding-top:var(--wp--preset--spacing--40);padding-bottom:var(--wp--preset--spacing--40);font-size:25px;font-style:normal;font-weight:600;text-transform:capitalize\">Neden Bu 40x40mm Al\u00fcminyum Profil Ask\u0131 Halka Lamba Kabu\u011funu Se\u00e7melisiniz?<\/h2>\n\n\n\n<ul class=\"wp-block-list\">\n<li>G\u00fc\u00e7l\u00fc ve Parlak: G\u00fc\u00e7l\u00fc ve \u0131s\u0131y\u0131 iyi iletebilen 6063-T5 al\u00fcminyumdan yap\u0131lm\u0131\u015f.<\/li>\n\n\n\n<li>P\u00fcr\u00fczs\u00fcz Daire: G\u00fczel bir halka olu\u015fturmak i\u00e7in diki\u015f olmadan b\u00fck\u00fclm\u00fc\u015ft\u00fcr.<\/li>\n\n\n\n<li>LED \u015eeritlerle Uyumlu: En iyi dif\u00fcz\u00f6rler, geni\u015fli\u011fi 35mm'ye kadar olan LED \u015feritler i\u00e7in uygundur.<\/li>\n\n\n\n<li>Bir\u00e7ok renk se\u00e7ene\u011fi: Siyah, beyaz, g\u00fcm\u00fc\u015f veya istedi\u011finiz herhangi bir rengi se\u00e7ebilirsiniz.<\/li>\n\n\n\n<li>Bir\u00e7ok farkl\u0131 boyut: 600mm'den 5000mm'ye kadar \u00e7ap\u0131 olan halkalar.<\/li>\n\n\n\n<li>Asmas\u0131 Kolay: Tavan par\u00e7alar\u0131 ve \u00e7elik teller kullanarak asabilirsiniz.<\/li>\n<\/ul>\n<\/div>\n<\/div>\n\n\n\n<div class=\"wp-block-group is-vertical is-layout-flex wp-container-core-group-is-layout-d255d7c4 wp-block-group-is-layout-flex\" style=\"padding-top:var(--wp--preset--spacing--80);padding-bottom:var(--wp--preset--spacing--80)\">\n<h2 class=\"wp-block-heading\" style=\"padding-top:var(--wp--preset--spacing--40);padding-bottom:var(--wp--preset--spacing--40);font-size:25px;font-style:normal;font-weight:600;text-transform:capitalize\">Bu Uygulamalar \u0130\u00e7in M\u00fckemmeldir<\/h2>\n\n\n\n<ul class=\"wp-block-list\">\n<li>Toplant\u0131 odalar\u0131 ve ticari ofisler<\/li>\n\n\n\n<li>Otel lobileri ve atriyumlar<\/li>\n\n\n\n<li>Perakende sergi salonlar\u0131 ve butikler<\/li>\n\n\n\n<li>Evlerde ya\u015fam ve yemek alanlar\u0131<\/li>\n\n\n\n<li>Sanat st\u00fcdyolar\u0131 ve yarat\u0131c\u0131 \u00e7al\u0131\u015fma alanlar\u0131<\/li>\n<\/ul>\n<\/div>\n\n\n\n<div class=\"wp-block-group has-background is-vertical is-layout-flex wp-container-core-group-is-layout-b429018a wp-block-group-is-layout-flex\" style=\"background-color:#f1f1f1f2;padding-top:var(--wp--preset--spacing--70);padding-bottom:var(--wp--preset--spacing--70)\">\n<h2 class=\"wp-block-heading\" style=\"padding-top:var(--wp--preset--spacing--40);padding-bottom:var(--wp--preset--spacing--40);font-size:25px;font-style:normal;font-weight:600\">Bu LED \u015ferit \u0131\u015f\u0131klar\u0131yla \u00e7al\u0131\u015f\u0131r<\/h2>\n\n\n\n<ul class=\"wp-block-list\">\n<li>LED strips with a high CRI (Ra > 90) for accurate colors.<\/li>\n\n\n\n<li>Tek renkte beyaz LED \u015feritler (3000K, 4000K veya 6000K).<\/li>\n\n\n\n<li>Renkleri RGB'den RGBW'ye de\u011fi\u015ftiren \u015feritler.<\/li>\n\n\n\n<li>Profili kanalda s\u0131k\u0131 oturan, geni\u015fli\u011fi 20mm'ye kadar olan \u015feritler.<\/li>\n<\/ul>\n<\/div>\n\n\n\n<div class=\"wp-block-group is-vertical is-layout-flex wp-container-core-group-is-layout-d255d7c4 wp-block-group-is-layout-flex\" style=\"padding-top:var(--wp--preset--spacing--80);padding-bottom:var(--wp--preset--spacing--80)\">\n<h2 class=\"wp-block-heading\" style=\"padding-top:var(--wp--preset--spacing--40);padding-bottom:var(--wp--preset--spacing--40);font-size:25px;font-style:normal;font-weight:600;text-transform:capitalize\">\u00f6zet<\/h2>\n\n\n\n<p>The 40x40mm aluminum profile pendant ring lamp shell is a strong, stylish, and adaptable choice for lighting. It contains LED strips and does a great job of controlling heat. It&#8217;s great for homes, businesses, hotels, and retailers. The metal ring is smooth and curved, which gives it a modern and clean style. This profile comes in a wide range of colors and sizes, so you can find one that works for your taste and space.<br>Bu mimari i\u00e7in tasarlanm\u0131\u015f LED ekstr\u00fczyon kanal\u0131, mekan\u0131n\u0131z\u0131 harika g\u00f6sterecek. \u015eimdi sipari\u015f verin, \u015f\u0131k, parlak ve uzun s\u00fcre dayanacak bir ayd\u0131nlatma \u00e7\u00f6z\u00fcm\u00fc i\u00e7in.<\/p>\n<\/div>\n\n\n\n<p><\/p>","protected":false},"featured_media":20010,"template":"","meta":{"_acf_changed":true,"_seopress_robots_primary_cat":"none","_seopress_titles_title":"40x40mm Aluminum Profile Ring Light Shell C4040 | TANGOOLED","_seopress_titles_desc":"The C4040 is a robust 40x40mm aluminum profile that is used to make different diameter ring light shells for circular halo lighting with ample space for high-power strips.","_seopress_robots_index":""},"pcb-width":[230],"product-cat":[202],"class_list":{"0":"post-42382","1":"product","2":"type-product","3":"status-publish","4":"has-post-thumbnail","6":"pcb-width-20-25mm","7":"product-cat-circular-profile"},"acf":[],"_links":{"self":[{"href":"https:\/\/tangooled.com\/tr\/wp-json\/wp\/v2\/product\/42382","targetHints":{"allow":["GET"]}}],"collection":[{"href":"https:\/\/tangooled.com\/tr\/wp-json\/wp\/v2\/product"}],"about":[{"href":"https:\/\/tangooled.com\/tr\/wp-json\/wp\/v2\/types\/product"}],"wp:featuredmedia":[{"embeddable":true,"href":"https:\/\/tangooled.com\/tr\/wp-json\/wp\/v2\/media\/20010"}],"wp:attachment":[{"href":"https:\/\/tangooled.com\/tr\/wp-json\/wp\/v2\/media?parent=42382"}],"wp:term":[{"taxonomy":"pcb-width","embeddable":true,"href":"https:\/\/tangooled.com\/tr\/wp-json\/wp\/v2\/pcb-width?post=42382"},{"taxonomy":"product-cat","embeddable":true,"href":"https:\/\/tangooled.com\/tr\/wp-json\/wp\/v2\/product-cat?post=42382"}],"curies":[{"name":"wp","href":"https:\/\/api.w.org\/{rel}","templated":true}]}}