{"id":42226,"date":"2025-12-17T20:32:15","date_gmt":"2025-12-18T04:32:15","guid":{"rendered":"https:\/\/tangooled.com\/?post_type=product&#038;p=42226"},"modified":"2026-02-02T01:58:15","modified_gmt":"2026-02-02T09:58:15","slug":"fl04-wide-flanged-in-ground-led-profile","status":"publish","type":"product","link":"https:\/\/tangooled.com\/tr\/urun\/fl04-wide-flanged-in-ground-led-profile\/","title":{"rendered":"FL04: 26 mm Geni\u015f Flan\u015fl\u0131 Yere G\u00f6m\u00fcl\u00fc LED Kanal\u0131"},"content":{"rendered":"<div class=\"wp-block-group is-vertical is-layout-flex wp-container-core-group-is-layout-d255d7c4 wp-block-group-is-layout-flex\" style=\"padding-top:var(--wp--preset--spacing--80);padding-bottom:var(--wp--preset--spacing--80)\">\n<p>This FL04 wide flanged In-ground LED channel is 26mm deep and 27.4mm wide, it fits well in concrete, wood, or stone without any gaps. The 12.4mm internal chamber is great for high-performance LED strips, as\u00a0it helps maintain consistent temperature\u00a0over time.<\/p>\n\n\n\n<p>Aya\u015f trafi\u011fini ve hafif ara\u00e7 y\u00fcklerini kald\u0131racak kadar g\u00fc\u00e7l\u00fcd\u00fcr, bu sayede y\u00fcksek kaliteli al\u00fcminyum yap\u0131dad\u0131r. Bu hava ko\u015fullar\u0131na dayan\u0131kl\u0131 kanal, giri\u015f yollar\u0131n\u0131, bah\u00e7e y\u00fcr\u00fcy\u00fc\u015f yollar\u0131n\u0131 ve ticari koridorlar\u0131 temiz, sabit bir \u015fekilde ayd\u0131nlat\u0131r ve onlar\u0131 k\u00f6kl\u00fc bir bi\u00e7imde de\u011fi\u015ftirir. Bu flan\u015fl\u0131 \u00e7\u00f6z\u00fcm, yat\u0131r\u0131m\u0131n\u0131z\u0131 hava \u015fartlar\u0131ndan korur ve evinize profesyonel, d\u00fc\u015f\u00fck profilli bir ayd\u0131nlatma biti\u015fi sunarak d\u0131\u015far\u0131da veya i\u00e7eride daha g\u00fcvenli hale getirir.<\/p>\n<\/div>\n\n\n\n<div class=\"wp-block-group has-background is-vertical is-layout-flex wp-container-core-group-is-layout-d255d7c4 wp-block-group-is-layout-flex\" style=\"background-color:#f1f1f1;padding-top:var(--wp--preset--spacing--80);padding-bottom:var(--wp--preset--spacing--80)\">\n<div class=\"wp-block-group is-vertical is-layout-flex wp-container-core-group-is-layout-8cf370e7 wp-block-group-is-layout-flex\">\n<h2 class=\"wp-block-heading\" style=\"padding-top:var(--wp--preset--spacing--40);padding-bottom:var(--wp--preset--spacing--40);font-size:25px;font-style:normal;font-weight:600;text-transform:capitalize\">Neden Geni\u015f Flan\u015fl\u0131 Yer Alt\u0131 LED Kanal\u0131m\u0131z\u0131 Se\u00e7melisiniz?<\/h2>\n\n\n\n<ul class=\"wp-block-list\">\n<li>Sa\u011flam ve uzun \u00f6m\u00fcrl\u00fc: Ayak trafi\u011fini ve k\u00f6t\u00fc hava ko\u015fullar\u0131n\u0131 kald\u0131rabilen anodize al\u00fcminyumdan yap\u0131lm\u0131\u015ft\u0131r.<\/li>\n\n\n\n<li>Temiz Kenar Bitiri\u015fi: Flan\u015f, ta\u015f ve beton \u00fczerindeki p\u00fcr\u00fczl\u00fc kenarlar\u0131 gizler, b\u00f6ylece temiz g\u00f6r\u00fcn\u00fcrler.<\/li>\n\n\n\n<li>Su Ge\u00e7irmez Koruma: Do\u011fru bir \u015fekilde kapat\u0131ld\u0131\u011f\u0131nda, suyu, tozu ve ha\u015fereleri d\u0131\u015far\u0131da tutabilir \u00e7\u00fcnk\u00fc IP67 derecesine sahiptir.<\/li>\n\n\n\n<li>Lekesiz I\u015f\u0131k: Opak dif\u00fcz\u00f6r, \u0131\u015f\u0131\u011f\u0131 yumu\u015fak ve d\u00fczg\u00fcn hale getirir, lekeler veya parlamalar olu\u015fturmaz.<\/li>\n\n\n\n<li>Seramik, beton, ta\u015f, ah\u015fap ve daha fazlas\u0131 gibi bir\u00e7ok farkl\u0131 zemin t\u00fcr\u00fcnde kullanabilirsiniz.<\/li>\n\n\n\n<li>Geni\u015f LED \u015eeritlere Uyar: \u0130\u00e7 geni\u015flik, 12 mm'ye kadar olan LED \u015feritleri tutabilir ve su ge\u00e7irmez LED \u015feritlerle de uyumludur.<\/li>\n<\/ul>\n<\/div>\n<\/div>\n\n\n\n<div class=\"wp-block-group\" style=\"padding-top:var(--wp--preset--spacing--60);padding-bottom:var(--wp--preset--spacing--60)\"><div class=\"wp-block-group__inner-container is-layout-constrained wp-block-group-is-layout-constrained\">\n<div class=\"wp-block-media-text has-media-on-the-right is-stacked-on-mobile\" style=\"grid-template-columns:auto 40%\"><div class=\"wp-block-media-text__content\">\n<h2 class=\"wp-block-heading\" style=\"padding-top:var(--wp--preset--spacing--40);padding-bottom:var(--wp--preset--spacing--40);font-size:25px;font-style:normal;font-weight:600;text-transform:capitalize\">Kurulum i\u00e7in basit ad\u0131mlar<\/h2>\n\n\n\n<ul class=\"wp-block-list\">\n<li>Yolunuza veya giri\u015f yola bir oluk a\u00e7\u0131n.<\/li>\n\n\n\n<li>Al\u00fcminyum kanal\u0131 olu\u011fa yerle\u015ftirin.<\/li>\n\n\n\n<li>LED \u015feridinizi kanal\u0131n i\u00e7ine yerle\u015ftirin.<\/li>\n\n\n\n<li>Onu sabitleyin ve dif\u00fcz\u00f6r\u00fc a\u00e7\u0131n.<\/li>\n\n\n\n<li>Seal the ends with silicone and end caps so that water can&#8217;t get in.<\/li>\n<\/ul>\n<\/div><figure class=\"wp-block-media-text__media\"><img loading=\"lazy\" decoding=\"async\" width=\"500\" height=\"500\" src=\"https:\/\/tangooled.com\/wp-content\/uploads\/2025\/12\/fl04-ins-1.webp\" alt=\"26mm flanged in ground led channel for path lighting\" class=\"wp-image-42256 size-full\" srcset=\"https:\/\/tangooled.com\/wp-content\/uploads\/2025\/12\/fl04-ins-1.webp 500w, https:\/\/tangooled.com\/wp-content\/uploads\/2025\/12\/fl04-ins-1-300x300.webp 300w, https:\/\/tangooled.com\/wp-content\/uploads\/2025\/12\/fl04-ins-1-150x150.webp 150w\" sizes=\"auto, (max-width: 500px) 100vw, 500px\" \/><\/figure><\/div>\n<\/div><\/div>\n\n\n\n<div class=\"wp-block-group has-background is-vertical is-layout-flex wp-container-core-group-is-layout-b429018a wp-block-group-is-layout-flex\" style=\"background-color:#f1f1f1f2;padding-top:var(--wp--preset--spacing--70);padding-bottom:var(--wp--preset--spacing--70)\">\n<h2 class=\"wp-block-heading\" style=\"padding-top:var(--wp--preset--spacing--40);padding-bottom:var(--wp--preset--spacing--40);font-size:25px;font-style:normal;font-weight:600;text-transform:capitalize\">Bu yol ayd\u0131nlatma LED kanal\u0131 ile ne yapabilirsiniz?<\/h2>\n\n\n\n<p>26 mm flan\u015fl\u0131 yer alt\u0131 LED kanal\u0131m\u0131z, bir\u00e7ok \u015fey i\u00e7in harikad\u0131r, \u00f6rne\u011fin:<\/p>\n\n\n\n<ul class=\"wp-block-list\">\n<li>Bah\u00e7e yollar\u0131 ve y\u00fcr\u00fcy\u00fc\u015f yollar\u0131: Y\u00fcr\u00fcy\u00fc\u015f yollar\u0131n\u0131z\u0131 \u0131\u015f\u0131kla g\u00fcvenli ve g\u00fczel hale getirin.<\/li>\n\n\n\n<li>Giri\u015f yollar\u0131 ve Garaj Alanlar\u0131: Bu alanlar\u0131, giri\u015f yollar\u0131 ve kenarlar\u0131 boyunca sabit, parlak bir \u0131\u015f\u0131lt\u0131 ile ayd\u0131nlat\u0131n.<\/li>\n\n\n\n<li>Platform ve Teras Kenarlar\u0131: Kenarlar\u0131 ve basamaklar\u0131 g\u00f6rebilmek i\u00e7in d\u00fcz olacak \u015fekilde yerle\u015ftirin.<\/li>\n\n\n\n<li>Umumi Alanlar: Parklar ve meydanlar, insanlar\u0131 g\u00fcvenli tutmak ve ihtiya\u00e7 duyduklar\u0131 yere y\u00f6nlendirmek i\u00e7in harika yerlerdir.<\/li>\n<\/ul>\n\n\n\n<p style=\"padding-right:var(--wp--preset--spacing--50);padding-left:var(--wp--preset--spacing--50)\">10 mm LED \u015ferit \u0131\u015f\u0131k i\u00e7in siyah dif\u00fcz\u00f6rl\u00fc siyah LED profilimize g\u00f6z at\u0131n<a href=\"https:\/\/tangooled.com\/tr\/urun\/black-led-profile-with-black-diffuser-for-10mm-led-strip-light\/\"><mark style=\"background-color:rgba(0, 0, 0, 0)\" class=\"has-inline-color has-vivid-red-color\"> burada<\/mark><\/a> ve<a href=\"https:\/\/tangooled.com\/tr\/urun\/led-strip-light-channel-aluminum-profile-with-diffused-cover-6mm-height\/\"><mark style=\"background-color:rgba(0, 0, 0, 0)\" class=\"has-inline-color has-vivid-red-color\"> <\/mark><\/a>Dif\u00fcz\u00f6r kapakl\u0131 6 mm y\u00fckseklikte led \u015ferit ayd\u0131nlatma kanal\u0131 al\u00fcminyum profil <a href=\"https:\/\/tangooled.com\/tr\/urun\/led-strip-light-channel-aluminum-profile-with-diffused-cover-6mm-height\/\"><mark style=\"background-color:rgba(0, 0, 0, 0)\" class=\"has-inline-color has-vivid-red-color\">burada<\/mark><\/a> daha fazla se\u00e7enek i\u00e7in.<\/p>\n<\/div>\n\n\n\n<div class=\"wp-block-group\" style=\"padding-top:var(--wp--preset--spacing--80);padding-bottom:var(--wp--preset--spacing--80)\"><div class=\"wp-block-group__inner-container is-layout-constrained wp-block-group-is-layout-constrained\">\n<h2 class=\"wp-block-heading\" style=\"padding-top:var(--wp--preset--spacing--40);padding-bottom:var(--wp--preset--spacing--40);font-size:25px;font-style:normal;font-weight:600;text-transform:capitalize\">\u00d6zet<\/h2>\n\n\n\n<p>26 mm flan\u015fl\u0131 yer alt\u0131 LED kanal\u0131m\u0131z, giri\u015f yollar\u0131n\u0131, teraslar\u0131, y\u00fcr\u00fcy\u00fc\u015f yollar\u0131n\u0131 ve platformlar\u0131 ayd\u0131nlatmak i\u00e7in sa\u011flam, d\u00fczenli ve su ge\u00e7irmez bir yoludur. LED \u015feritlerini yerinde tutar ve onlar\u0131 toz ve sudan korur. Flan\u015f, p\u00fcr\u00fczl\u00fc kenarlar\u0131 kapatarak temiz g\u00f6r\u00fcnmesini sa\u011flar. Anodize al\u00fcminyumdan \u00fcretildi\u011fi i\u00e7in birle\u015ftirilmesi kolayd\u0131r ve uzun s\u00fcre dayan\u0131r.<\/p>\n<\/div><\/div>","protected":false},"featured_media":13539,"template":"","meta":{"_acf_changed":true,"_seopress_robots_primary_cat":"none","_seopress_titles_title":"Wide Flanged In-Ground LED Profile | 26mm Path Lighting FL04 | TANGOOLED","_seopress_titles_desc":"The FL04 is a wide flanged in-ground led profile with a 26mm aperture. This heavy-duty aluminum channel is designed to house wider LED strips for bold, recessed path lighting with an easy-to-install flange.","_seopress_robots_index":""},"pcb-width":[228],"product-cat":[199],"class_list":{"0":"post-42226","1":"product","2":"type-product","3":"status-publish","4":"has-post-thumbnail","6":"pcb-width-6-12mm","7":"product-cat-inground-profile"},"acf":[],"_links":{"self":[{"href":"https:\/\/tangooled.com\/tr\/wp-json\/wp\/v2\/product\/42226","targetHints":{"allow":["GET"]}}],"collection":[{"href":"https:\/\/tangooled.com\/tr\/wp-json\/wp\/v2\/product"}],"about":[{"href":"https:\/\/tangooled.com\/tr\/wp-json\/wp\/v2\/types\/product"}],"wp:featuredmedia":[{"embeddable":true,"href":"https:\/\/tangooled.com\/tr\/wp-json\/wp\/v2\/media\/13539"}],"wp:attachment":[{"href":"https:\/\/tangooled.com\/tr\/wp-json\/wp\/v2\/media?parent=42226"}],"wp:term":[{"taxonomy":"pcb-width","embeddable":true,"href":"https:\/\/tangooled.com\/tr\/wp-json\/wp\/v2\/pcb-width?post=42226"},{"taxonomy":"product-cat","embeddable":true,"href":"https:\/\/tangooled.com\/tr\/wp-json\/wp\/v2\/product-cat?post=42226"}],"curies":[{"name":"wp","href":"https:\/\/api.w.org\/{rel}","templated":true}]}}