{"id":42224,"date":"2025-12-17T20:28:24","date_gmt":"2025-12-18T04:28:24","guid":{"rendered":"https:\/\/tangooled.com\/?post_type=product&#038;p=42224"},"modified":"2026-02-02T01:57:51","modified_gmt":"2026-02-02T09:57:51","slug":"26mm-floor-recessed-led-aluminum-channel-for-12mm-strips","status":"publish","type":"product","link":"https:\/\/tangooled.com\/tr\/urun\/26mm-floor-recessed-led-aluminum-channel-for-12mm-strips\/","title":{"rendered":"12 mm \u015feritler i\u00e7in 26 mm yerle g\u00f6m\u00fcl\u00fc al\u00fcminyum LED kanal\u0131"},"content":{"rendered":"<div class=\"wp-block-group is-vertical is-layout-flex wp-container-core-group-is-layout-d255d7c4 wp-block-group-is-layout-flex\" style=\"padding-top:var(--wp--preset--spacing--80);padding-bottom:var(--wp--preset--spacing--80)\">\n<p>26mm g\u00f6mme LED al\u00fcminyum kanal\u0131m\u0131z, lineer zemin ayd\u0131nlatmas\u0131 i\u00e7in tasarlanm\u0131\u015ft\u0131r. Bu g\u00fc\u00e7l\u00fc al\u00fcminyum profil, iskeleler, ara\u00e7 yollar\u0131, bah\u00e7eler ve kald\u0131r\u0131mlar i\u00e7in m\u00fckemmel bir \u015fekilde uyacak \u015fekilde \u00fcretilmi\u015ftir. LED \u015feritleri di\u011fer hi\u00e7bir \u015feyden daha iyi korur; bu da onlar\u0131n i\u00e7 ve d\u0131\u015f mekanda g\u00fcvenilir ve s\u00fcrekli \u00e7al\u0131\u015fmas\u0131n\u0131 sa\u011flar.<\/p>\n\n\n\n<p>Bu 26mm zemin g\u00f6mme kanal\u0131, yaya trafi\u011fini ve m\u00fctevaz\u0131 ara\u00e7 a\u011f\u0131rl\u0131klar\u0131n\u0131 kald\u0131rabilen y\u00fcksek kaliteli, a\u011f\u0131r hizmet al\u00fcminyumdan yap\u0131lm\u0131\u015ft\u0131r ve ayn\u0131 zamanda etkili bir \u0131s\u0131 emici g\u00f6revi g\u00f6r\u00fcr. Keskin noktalar\u0131 ortadan kald\u0131rarak, s\u00fcrekli ve duraks\u0131z bir \u0131\u015f\u0131k hatt\u0131 olu\u015fturur, bu da her yeri daha iyi hale getirir. Bu esnek \u00e7\u00f6z\u00fcm, bah\u00e7e yollar\u0131, ara\u00e7 yollar\u0131, koridorlar ve yo\u011fun kamu alanlar\u0131 gibi hem d\u0131\u015f hem de i\u00e7 mekanlarda harika bir \u015fekilde \u00e7al\u0131\u015f\u0131r.<\/p>\n<\/div>\n\n\n\n<div class=\"wp-block-group has-background is-vertical is-layout-flex wp-container-core-group-is-layout-d255d7c4 wp-block-group-is-layout-flex\" style=\"background-color:#f1f1f1;padding-top:var(--wp--preset--spacing--80);padding-bottom:var(--wp--preset--spacing--80)\">\n<div class=\"wp-block-group is-vertical is-layout-flex wp-container-core-group-is-layout-8cf370e7 wp-block-group-is-layout-flex\">\n<h2 class=\"wp-block-heading\" style=\"padding-top:var(--wp--preset--spacing--40);padding-bottom:var(--wp--preset--spacing--40);font-size:25px;font-style:normal;font-weight:600;text-transform:capitalize\">Neden 26mm Zemin G\u00f6mme LED Al\u00fcminyum Kanal\u0131m\u0131z\u0131 Se\u00e7melisiniz?<\/h2>\n\n\n\n<ul class=\"wp-block-list\">\n<li>G\u00fc\u00e7l\u00fc ve Dayan\u0131kl\u0131: Zemin kanal\u0131, LED \u015feritlerinizi serin ve g\u00fcvende tutan 6063-T5 al\u00fcminyumdan yap\u0131lm\u0131\u015ft\u0131r.<\/li>\n\n\n\n<li>D\u00fcz ve Temiz G\u00f6r\u00fcn\u00fcm: Bu zemin g\u00f6mme kanal\u0131, fayans, ah\u015fap veya beton gibi zeminlere m\u00fckemmel bir \u015fekilde oturur.<\/li>\n\n\n\n<li>P\u00fcr\u00fczs\u00fcz I\u015f\u0131k: Opal dif\u00fcz\u00f6r kapa\u011f\u0131, sert alanlar\u0131 ortadan kald\u0131r\u0131r ve \u0131\u015f\u0131\u011f\u0131n e\u015fit \u015fekilde da\u011f\u0131lmas\u0131n\u0131 sa\u011flar.<\/li>\n\n\n\n<li>12mm Geni\u015fli\u011findeki LED \u015eeritlere Uygun: Kanal, 12mm geni\u015fli\u011finde veya daha dar olan LED \u015feritler i\u00e7in m\u00fckemmel boyuttad\u0131r.<\/li>\n\n\n\n<li>Water-Resistant: Works with waterproof LED strips\uff0c making it suitable for damp locations or covered outdoor walkways.<\/li>\n\n\n\n<li>Kesilmesi Kolay: 2 ve 3 metre uzunluklar\u0131nda gelir, b\u00f6ylece ihtiyac\u0131n\u0131za g\u00f6re istedi\u011finiz uzunlukta kesebilirsiniz.<\/li>\n<\/ul>\n<\/div>\n<\/div>\n\n\n\n<div class=\"wp-block-group is-vertical is-layout-flex wp-container-core-group-is-layout-d255d7c4 wp-block-group-is-layout-flex\" style=\"padding-top:var(--wp--preset--spacing--80);padding-bottom:var(--wp--preset--spacing--80)\">\n<hr class=\"wp-block-separator has-alpha-channel-opacity\"\/>\n\n\n\n<div class=\"wp-block-media-text has-media-on-the-right is-stacked-on-mobile\" style=\"grid-template-columns:auto 40%\"><div class=\"wp-block-media-text__content\">\n<h2 class=\"wp-block-heading\" style=\"padding-top:var(--wp--preset--spacing--40);padding-bottom:var(--wp--preset--spacing--40);font-size:25px;font-style:normal;font-weight:600;text-transform:capitalize\">Kurulum \u0130pu\u00e7lar\u0131<\/h2>\n\n\n\n<ul class=\"wp-block-list\">\n<li>Al\u00fcminyum kanal\u0131 ve dif\u00fcz\u00f6r\u00fc do\u011fru uzunlukta kesmek i\u00e7in ince bir testere kullan\u0131n.<\/li>\n\n\n\n<li>Kanal\u0131, zemin \u00fczerindeki bir oluk veya deli\u011fe yerle\u015ftirin.<\/li>\n\n\n\n<li>12mm geni\u015fli\u011findeki LED \u015feridi kanala yerle\u015ftirin.<\/li>\n\n\n\n<li>I\u015f\u0131\u011f\u0131 yumu\u015fatmak i\u00e7in opal dif\u00fcz\u00f6r\u00fc tak\u0131n.<\/li>\n\n\n\n<li>LED \u015feritlerin u\u00e7lar\u0131n\u0131 korumak i\u00e7in u\u00e7 kapaklar\u0131 tak\u0131n.<\/li>\n\n\n\n<li>Kanal d\u0131\u015far\u0131da veya \u0131slak yerlerde kullan\u0131lacaksa kenarlar\u0131n\u0131 silikonla m\u00fch\u00fcrleyin.<\/li>\n<\/ul>\n<\/div><figure class=\"wp-block-media-text__media\"><img loading=\"lazy\" decoding=\"async\" width=\"500\" height=\"500\" src=\"https:\/\/tangooled.com\/wp-content\/uploads\/2025\/12\/fl04-ins.webp\" alt=\"26mm floor recessed led aluminum channel for 12mm led strips\" class=\"wp-image-42248 size-full\" srcset=\"https:\/\/tangooled.com\/wp-content\/uploads\/2025\/12\/fl04-ins.webp 500w, https:\/\/tangooled.com\/wp-content\/uploads\/2025\/12\/fl04-ins-300x300.webp 300w, https:\/\/tangooled.com\/wp-content\/uploads\/2025\/12\/fl04-ins-150x150.webp 150w\" sizes=\"auto, (max-width: 500px) 100vw, 500px\" \/><\/figure><\/div>\n<\/div>\n\n\n\n<div class=\"wp-block-group has-background is-vertical is-layout-flex wp-container-core-group-is-layout-b429018a wp-block-group-is-layout-flex\" style=\"background-color:#f1f1f1f2;padding-top:var(--wp--preset--spacing--70);padding-bottom:var(--wp--preset--spacing--70)\">\n<h2 class=\"wp-block-heading\" style=\"padding-top:var(--wp--preset--spacing--40);padding-bottom:var(--wp--preset--spacing--40);font-size:25px;font-style:normal;font-weight:600\">26mm Zemin G\u00f6mme LED Al\u00fcminyum Kanal\u0131 Nerelerde Kullan\u0131l\u0131r?<\/h2>\n\n\n\n<p>Bu LED kanal\u0131 bir\u00e7ok farkl\u0131 yerde kullan\u0131labilir:<\/p>\n\n\n\n<ul class=\"wp-block-list\">\n<li>Ev ve Ofis Zeminleri: Fayans, ah\u015fap, laminat veya beton zeminlerde iyi \u00e7al\u0131\u015f\u0131r.<\/li>\n\n\n\n<li>Yollar ve Koridorlar: G\u00fcvenli ve \u015f\u0131k bir \u015fekilde yolu ayd\u0131nlatmaya yard\u0131mc\u0131 olur.<\/li>\n\n\n\n<li>Islak Alanlar ve Banyolar: IP67 su ge\u00e7irmez LED \u015feritler kullan\u0131n ve alan\u0131n iyi bir \u015fekilde m\u00fch\u00fcrlendi\u011finden emin olun.<\/li>\n\n\n\n<li>D\u0131\u015f Mekan Verandalar\u0131 ve Iskeleler: Su ge\u00e7irmez hale getirildi\u011finde d\u0131\u015far\u0131daki yollar \u00fczerinde g\u00fczelce \u00e7al\u0131\u015f\u0131r.<\/li>\n\n\n\n<li>Merdivenler: Merdivenlere g\u00fcvenli ve modern g\u00f6r\u00fcnmeleri i\u00e7in \u0131\u015f\u0131k ekleyin.<\/li>\n<\/ul>\n<\/div>\n\n\n\n<div class=\"wp-block-group\" style=\"padding-top:var(--wp--preset--spacing--70);padding-bottom:var(--wp--preset--spacing--70)\"><div class=\"wp-block-group__inner-container is-layout-constrained wp-block-group-is-layout-constrained\">\n<h2 class=\"wp-block-heading\" style=\"padding-top:var(--wp--preset--spacing--40);padding-bottom:var(--wp--preset--spacing--40);font-size:25px;font-style:normal;font-weight:600;text-transform:capitalize\">Bu ilgili \u00fcr\u00fcnleri de be\u011fenebilirsiniz<\/h2>\n\n\n\n<ul class=\"wp-block-list\">\n<li>Ke\u015ffedin <a href=\"https:\/\/tangooled.com\/tr\/urun\/black-led-diffuser-aluminum-channel-for-12mm-tape-lights\/\"><mark style=\"background-color:rgba(0, 0, 0, 0)\" class=\"has-inline-color has-vivid-red-color\">12 mm bant \u0131\u015f\u0131klar\u0131 i\u00e7in siyah LED dif\u00f6re al\u00fcminyum kanal <\/mark><\/a>\u015f\u0131k bir siyah y\u00fczey i\u00e7in.<\/li>\n\n\n\n<li>G\u00f6z at\u0131n <a href=\"https:\/\/tangooled.com\/tr\/urun\/18x18mm-led-strip-corner-profile-for-12mm-led-strips\/\"><mark style=\"background-color:rgba(0, 0, 0, 0)\" class=\"has-inline-color has-vivid-red-color\">12 mm LED \u015feritler i\u00e7in 18x18 mm k\u00f6\u015fe profili<\/mark><\/a> k\u00f6\u015fe ayd\u0131nlatma ihtiya\u00e7lar\u0131 i\u00e7in.<\/li>\n\n\n\n<li>Y\u00fczey montaj se\u00e7enekleri i\u00e7in, bak\u0131n <a href=\"https:\/\/tangooled.com\/tr\/urun\/surface-mount-led-profile-with-frosted-diffuser-for-10mm-rope-lights\/\"><mark style=\"background-color:rgba(0, 0, 0, 0)\" class=\"has-inline-color has-vivid-red-color\">10 mm iplikler i\u00e7in mat dif\u00f6re sahip y\u00fczeye montaj LED profili<\/mark><\/a>.<\/li>\n\n\n\n<li>G\u00f6mme tasar\u0131m\u0131 deneyin<a href=\"https:\/\/tangooled.com\/tr\/urun\/recessed-17mm-led-profile-aluminum-channel-for-12mm-led-strips\/\"><mark style=\"background-color:rgba(0, 0, 0, 0)\" class=\"has-inline-color has-vivid-red-color\">12mm LED \u015feritler i\u00e7in 17mm LED profil al\u00fcminyum kanal\u0131 <\/mark><\/a>farkl\u0131 boyut ihtiya\u00e7lar\u0131 i\u00e7in.<\/li>\n<\/ul>\n<\/div><\/div>\n\n\n\n<div class=\"wp-block-group has-background\" style=\"background-color:#f1f1f1;padding-top:var(--wp--preset--spacing--80);padding-bottom:var(--wp--preset--spacing--80)\"><div class=\"wp-block-group__inner-container is-layout-constrained wp-block-group-is-layout-constrained\">\n<p>Daha fazla ayd\u0131nlatma profili ve fikir i\u00e7in, di\u011fer en \u00e7ok satan \u00fcr\u00fcnlerimizi inceleyin. Bunlar aras\u0131nda <a href=\"https:\/\/tangooled.com\/tr\/urun\/black-led-profile-with-black-diffuser-for-10mm-led-strip-light\/\"><mark style=\"background-color:rgba(0, 0, 0, 0)\" class=\"has-inline-color has-vivid-red-color\">10mm LED \u015ferit \u0131\u015f\u0131k i\u00e7in siyah dif\u00fcz\u00f6rl\u00fc siyah LED profili<\/mark><\/a> ve <a href=\"https:\/\/tangooled.com\/tr\/urun\/25x6mm-low-profile-led-strip-channel-for-10mm-led-strip-light\/\"><mark style=\"background-color:rgba(0, 0, 0, 0)\" class=\"has-inline-color has-vivid-red-color\">10mm \u015feritler i\u00e7in 25x6mm d\u00fc\u015f\u00fck profil LED \u015ferit kanal\u0131<\/mark><\/a>.<\/p>\n<\/div><\/div>\n\n\n\n<p><\/p>","protected":false},"featured_media":13536,"template":"","meta":{"_acf_changed":true,"_seopress_robots_primary_cat":"none","_seopress_titles_title":"26mm Floor Recessed LED Aluminum Channel | FL03 Linear Floor Light | TANGOOLED","_seopress_titles_desc":"The FL03 is a professional 26mm floor recessed led aluminum channel designed for 12mm LED strips. This heavy-duty walk-over profile creates a wide, bold linear light path for commercial and architectural flooring.","_seopress_robots_index":""},"pcb-width":[228],"product-cat":[199],"class_list":{"0":"post-42224","1":"product","2":"type-product","3":"status-publish","4":"has-post-thumbnail","6":"pcb-width-6-12mm","7":"product-cat-inground-profile"},"acf":[],"_links":{"self":[{"href":"https:\/\/tangooled.com\/tr\/wp-json\/wp\/v2\/product\/42224","targetHints":{"allow":["GET"]}}],"collection":[{"href":"https:\/\/tangooled.com\/tr\/wp-json\/wp\/v2\/product"}],"about":[{"href":"https:\/\/tangooled.com\/tr\/wp-json\/wp\/v2\/types\/product"}],"wp:featuredmedia":[{"embeddable":true,"href":"https:\/\/tangooled.com\/tr\/wp-json\/wp\/v2\/media\/13536"}],"wp:attachment":[{"href":"https:\/\/tangooled.com\/tr\/wp-json\/wp\/v2\/media?parent=42224"}],"wp:term":[{"taxonomy":"pcb-width","embeddable":true,"href":"https:\/\/tangooled.com\/tr\/wp-json\/wp\/v2\/pcb-width?post=42224"},{"taxonomy":"product-cat","embeddable":true,"href":"https:\/\/tangooled.com\/tr\/wp-json\/wp\/v2\/product-cat?post=42224"}],"curies":[{"name":"wp","href":"https:\/\/api.w.org\/{rel}","templated":true}]}}