{"id":42222,"date":"2025-12-17T20:25:28","date_gmt":"2025-12-18T04:25:28","guid":{"rendered":"https:\/\/tangooled.com\/?post_type=product&#038;p=42222"},"modified":"2026-02-02T01:57:30","modified_gmt":"2026-02-02T09:57:30","slug":"walkway-embedded-10mm-flanged-slim-led-channel-for-10mm-strip","status":"publish","type":"product","link":"https:\/\/tangooled.com\/tr\/urun\/walkway-embedded-10mm-flanged-slim-led-channel-for-10mm-strip\/","title":{"rendered":"10 mm \u015ferit i\u00e7in 10 mm flan\u015fl\u0131 ince LED kanala g\u00f6m\u00fcl\u00fc y\u00fcr\u00fcy\u00fc\u015f yolu"},"content":{"rendered":"<div class=\"wp-block-group is-vertical is-layout-flex wp-container-core-group-is-layout-d255d7c4 wp-block-group-is-layout-flex\" style=\"padding-top:var(--wp--preset--spacing--80);padding-bottom:var(--wp--preset--spacing--80)\">\n<p>FL02 model recessed zemin LED kanal\u0131, zeminleri ve yollar\u0131 daha g\u00f6r\u00fcn\u00fcr hale getirir. Bu g\u00fc\u00e7l\u00fc al\u00fcminyum profil kolayca monte edilir ve zeminlerde, teraslarda ve yollarda d\u00fczg\u00fcn g\u00f6r\u00fcn\u00fcr. \u0130\u00e7 geni\u015fli\u011fi 12.4mm oldu\u011fu i\u00e7in bir\u00e7ok farkl\u0131 LED \u015feridi ile uyumlu \u00e7al\u0131\u015f\u0131r ve \u0131s\u0131y\u0131 daha kolay ka\u00e7\u0131rarak onlar\u0131n daha uzun \u00f6m\u00fcrl\u00fc olmas\u0131na yard\u0131mc\u0131 olur. D\u00fc\u015f\u00fck profilli tasar\u0131m, tamamen ayak trafi\u011finden korunan p\u00fcr\u00fczs\u00fcz, kesintisiz bir \u0131\u015f\u0131k hatt\u0131 olu\u015fturur; bu da montaj\u0131 g\u00fcvenli ve tak\u0131lmadan uzak hale getirir.<\/p>\n<\/div>\n\n\n\n<div class=\"wp-block-group has-background is-vertical is-layout-flex wp-container-core-group-is-layout-d255d7c4 wp-block-group-is-layout-flex\" style=\"background-color:#f1f1f1;padding-top:var(--wp--preset--spacing--80);padding-bottom:var(--wp--preset--spacing--80)\">\n<div class=\"wp-block-group is-vertical is-layout-flex wp-container-core-group-is-layout-8cf370e7 wp-block-group-is-layout-flex\">\n<h2 class=\"wp-block-heading\" style=\"padding-top:var(--wp--preset--spacing--40);padding-bottom:var(--wp--preset--spacing--40);font-size:25px;font-style:normal;font-weight:600;text-transform:capitalize\">Neden flan\u015fl\u0131 recessed zemin LED kanal\u0131m\u0131z\u0131 se\u00e7melisiniz?<\/h2>\n\n\n\n<ul class=\"wp-block-list\">\n<li>It&#8217;s only about 10mm deep and fits in small spaces.<\/li>\n\n\n\n<li>G\u00fc\u00e7l\u00fc Flan\u015fl\u0131 Kenar: Bu, karolar\u0131n veya betonlar\u0131n kenarlar\u0131n\u0131 g\u00fczel g\u00f6stermektedir.<\/li>\n\n\n\n<li>Ayak trafi\u011fine dayan\u0131kl\u0131: Ayak trafi\u011fini k\u0131rmadan idare edebilecek kadar g\u00fc\u00e7l\u00fc.<\/li>\n\n\n\n<li>Is\u0131 Dostu: Al\u00fcminyum g\u00f6vde LED \u015feritlerini serin tutar, b\u00f6ylece daha uzun \u00f6m\u00fcrl\u00fc olurlar.<\/li>\n\n\n\n<li>Opal dif\u00fcz\u00f6r, \u0131\u015f\u0131\u011f\u0131 e\u015fit \u015fekilde yayarak net ve parlak hale getirir.<\/li>\n<\/ul>\n<\/div>\n<\/div>\n\n\n\n<div class=\"wp-block-group\" style=\"padding-top:var(--wp--preset--spacing--60);padding-bottom:var(--wp--preset--spacing--60)\"><div class=\"wp-block-group__inner-container is-layout-constrained wp-block-group-is-layout-constrained\">\n<div class=\"wp-block-media-text has-media-on-the-right is-stacked-on-mobile\" style=\"grid-template-columns:auto 40%\"><div class=\"wp-block-media-text__content\">\n<h2 class=\"wp-block-heading\" style=\"padding-top:var(--wp--preset--spacing--40);padding-bottom:var(--wp--preset--spacing--40);font-size:25px;font-style:normal;font-weight:600;text-transform:capitalize\">Montaj Ad\u0131mlar\u0131<\/h2>\n\n\n\n<ul class=\"wp-block-list\">\n<li>Kanal i\u00e7in yol veya zemin \u00fczerinde bir oluk a\u00e7\u0131n.<\/li>\n\n\n\n<li>Kanal\u0131 y\u00fczeyle flush olarak yerle\u015ftirin; flan\u015f kenarlar\u0131 kaplayacakt\u0131r.<\/li>\n\n\n\n<li>Kanal\u0131n yerinde kalmas\u0131 i\u00e7in yap\u0131 yap\u0131\u015ft\u0131r\u0131c\u0131, har\u00e7 veya \u00e7imento kullan\u0131n.<\/li>\n\n\n\n<li>The channel can&#8217;t be wider than 12 mm,  put the LED strip inside it.<\/li>\n\n\n\n<li>I\u015f\u0131\u011f\u0131n e\u015fit olmas\u0131 i\u00e7in, opal dif\u00fcz\u00f6r\u00fc \u00fcst\u00fcne yerle\u015ftirin.<\/li>\n\n\n\n<li>U\u00e7 kapaklar\u0131n\u0131 silikonla kapat\u0131n, b\u00f6ylece d\u0131\u015farda su ge\u00e7irmez (IP67) hale gelir.<\/li>\n<\/ul>\n<\/div><figure class=\"wp-block-media-text__media\"><img loading=\"lazy\" decoding=\"async\" width=\"500\" height=\"500\" src=\"https:\/\/tangooled.com\/wp-content\/uploads\/2025\/12\/fl02-ins.webp\" alt=\"walkway embedded 10mm flanged slim led channel for 10mm led strip\" class=\"wp-image-42245 size-full\" srcset=\"https:\/\/tangooled.com\/wp-content\/uploads\/2025\/12\/fl02-ins.webp 500w, https:\/\/tangooled.com\/wp-content\/uploads\/2025\/12\/fl02-ins-300x300.webp 300w, https:\/\/tangooled.com\/wp-content\/uploads\/2025\/12\/fl02-ins-150x150.webp 150w\" sizes=\"auto, (max-width: 500px) 100vw, 500px\" \/><\/figure><\/div>\n<\/div><\/div>\n\n\n\n<div class=\"wp-block-group has-background is-vertical is-layout-flex wp-container-core-group-is-layout-b429018a wp-block-group-is-layout-flex\" style=\"background-color:#f1f1f1f2;padding-top:var(--wp--preset--spacing--70);padding-bottom:var(--wp--preset--spacing--70)\">\n<h2 class=\"wp-block-heading\" style=\"padding-top:var(--wp--preset--spacing--40);padding-bottom:var(--wp--preset--spacing--40);font-size:25px;font-style:normal;font-weight:600\">10mm Flan\u015fl\u0131 \u0130nce LED Kanal\u0131n\u0131 Nas\u0131l Kullan\u0131rs\u0131n\u0131z<\/h2>\n\n\n\n<ul class=\"wp-block-list\">\n<li>D\u00fczg\u00fcn g\u00f6m\u00fcl\u00fc ayd\u0131nlatma, bah\u00e7e y\u00fcr\u00fcy\u00fc\u015f yollar\u0131n\u0131 daha g\u00fcvenli ve daha ayd\u0131nl\u0131k hale getirebilir.<\/li>\n\n\n\n<li>Teras ve a\u00e7\u0131k alanlar i\u00e7in \u0131\u015f\u0131klar: Ah\u015fap veya kompozit teraslara LED kanallar\u0131 yerle\u015ftirerek harika kenar ayd\u0131nlatmas\u0131 elde edin.<\/li>\n\n\n\n<li>\u0130\u00e7 mekan seramik zeminler: Mutfaklar\u0131, banyolar\u0131 ve koridorlar\u0131 d\u00fczg\u00fcn ayd\u0131nlatma ile harika g\u00f6r\u00fcnmesini sa\u011flar.<\/li>\n\n\n\n<li>Parlak, uzun \u00f6m\u00fcrl\u00fc \u0131\u015f\u0131klar kullanarak yol ve s\u0131n\u0131rlar\u0131 s\u00fcr\u00fc\u015f yollar\u0131nda ve garaj zeminlerinde belirtin.<\/li>\n<\/ul>\n<\/div>\n\n\n\n<div class=\"wp-block-group is-vertical is-layout-flex wp-container-core-group-is-layout-d255d7c4 wp-block-group-is-layout-flex\" style=\"padding-top:var(--wp--preset--spacing--80);padding-bottom:var(--wp--preset--spacing--80)\">\n<h2 class=\"wp-block-heading\" style=\"padding-top:var(--wp--preset--spacing--40);padding-bottom:var(--wp--preset--spacing--40);font-size:25px;font-style:normal;font-weight:600;text-transform:capitalize\">Ho\u015flanabilece\u011finiz \u0130lgili \u00dcr\u00fcnler<\/h2>\n\n\n\n<ul class=\"wp-block-list\">\n<li>\u0130nce <mark style=\"background-color:rgba(0, 0, 0, 0)\" class=\"has-inline-color has-vivid-red-color\"><a href=\"https:\/\/tangooled.com\/tr\/urun\/25x6mm-low-profile-led-strip-channel-for-10mm-led-strip-light\/\">10mm LED \u015ferit \u0131\u015f\u0131k i\u00e7in 25x6mm d\u00fc\u015f\u00fck profilli LED \u015ferit kanal\u0131<\/a> <\/mark>daha ince montajlar i\u00e7in.<\/li>\n\n\n\n<li>Bulun <a href=\"https:\/\/tangooled.com\/tr\/urun\/surface-mount-led-profile-with-frosted-diffuser-for-10mm-rope-lights\/\"><mark style=\"background-color:rgba(0, 0, 0, 0)\" class=\"has-inline-color has-vivid-red-color\">10 mm iplikler i\u00e7in mat dif\u00f6re sahip y\u00fczeye montaj LED profili<\/mark><\/a> y\u00fczey montajlar\u0131 i\u00e7in.<\/li>\n\n\n\n<li>De\u011ferlendirin <a href=\"https:\/\/tangooled.com\/tr\/urun\/black-aluminum-u-channel-profile-for-10mm-led-strips\/\"><mark style=\"background-color:rgba(0, 0, 0, 0)\" class=\"has-inline-color has-vivid-red-color\">10mm LED \u015feritler i\u00e7in siyah al\u00fcminyum U profili<\/mark><\/a> renkli bir se\u00e7enek istiyorsan\u0131z.<\/li>\n\n\n\n<li>Kontrol et <a href=\"https:\/\/tangooled.com\/tr\/urun\/led-light-diffuser-channel-aluminum-15x12mm-for-10mm-led-strips\/\"><mark style=\"background-color:rgba(0, 0, 0, 0)\" class=\"has-inline-color has-vivid-red-color\">10mm LED \u015feritler i\u00e7in 15x12mm LED \u0131\u015f\u0131k da\u011f\u0131t\u0131c\u0131 kanal\u0131 al\u00fcminyum<\/mark><\/a> da\u011f\u0131t\u0131lm\u0131\u015f ayd\u0131nlatma ihtiya\u00e7lar\u0131 i\u00e7in.<\/li>\n<\/ul>\n<\/div>\n\n\n\n<div class=\"wp-block-group has-background\" style=\"background-color:#f1f1f1;padding-top:var(--wp--preset--spacing--80);padding-bottom:var(--wp--preset--spacing--80)\"><div class=\"wp-block-group__inner-container is-layout-constrained wp-block-group-is-layout-constrained\">\n<p style=\"padding-right:var(--wp--preset--spacing--50);padding-left:var(--wp--preset--spacing--50)\">Y\u00fcr\u00fcy\u00fc\u015f yollar\u0131 i\u00e7in flan\u015fl\u0131 ince LED kanal\u0131m\u0131z, zeminlerde, teraslarda veya yollarda LED \u015feritlerini yerle\u015ftirmek i\u00e7in \u015f\u0131k, temiz ve uzun \u00f6m\u00fcrl\u00fc bir se\u00e7enektir. Bu kanal, k\u00fc\u00e7\u00fck yap\u0131s\u0131, flan\u015fl\u0131 y\u00fczeyi ve y\u00fckleri ta\u015f\u0131yabilme \u00f6zelli\u011fi sayesinde zeminde g\u00fcvenli ve \u00e7ekici ayd\u0131nlatma i\u00e7in m\u00fckemmeldir.<\/p>\n<\/div><\/div>\n\n\n\n<p><\/p>","protected":false},"featured_media":13529,"template":"","meta":{"_acf_changed":true,"_seopress_robots_primary_cat":"none","_seopress_titles_title":"Recessed Floor LED Channel with Flange | 10mm Slim FL02 Profile | TANGOOLED","_seopress_titles_desc":"The FL02 is a slim recessed floor led channel featuring a 10mm flange for seamless installation. Designed for 10mm LED strips, this aluminum walk-over profile is ideal for walkway and corridor floor lighting.","_seopress_robots_index":""},"pcb-width":[228],"product-cat":[199],"class_list":{"0":"post-42222","1":"product","2":"type-product","3":"status-publish","4":"has-post-thumbnail","6":"pcb-width-6-12mm","7":"product-cat-inground-profile"},"acf":[],"_links":{"self":[{"href":"https:\/\/tangooled.com\/tr\/wp-json\/wp\/v2\/product\/42222","targetHints":{"allow":["GET"]}}],"collection":[{"href":"https:\/\/tangooled.com\/tr\/wp-json\/wp\/v2\/product"}],"about":[{"href":"https:\/\/tangooled.com\/tr\/wp-json\/wp\/v2\/types\/product"}],"wp:featuredmedia":[{"embeddable":true,"href":"https:\/\/tangooled.com\/tr\/wp-json\/wp\/v2\/media\/13529"}],"wp:attachment":[{"href":"https:\/\/tangooled.com\/tr\/wp-json\/wp\/v2\/media?parent=42222"}],"wp:term":[{"taxonomy":"pcb-width","embeddable":true,"href":"https:\/\/tangooled.com\/tr\/wp-json\/wp\/v2\/pcb-width?post=42222"},{"taxonomy":"product-cat","embeddable":true,"href":"https:\/\/tangooled.com\/tr\/wp-json\/wp\/v2\/product-cat?post=42222"}],"curies":[{"name":"wp","href":"https:\/\/api.w.org\/{rel}","templated":true}]}}