{"id":42203,"date":"2025-12-17T05:29:18","date_gmt":"2025-12-17T13:29:18","guid":{"rendered":"https:\/\/tangooled.com\/?post_type=product&#038;p=42203"},"modified":"2026-02-02T02:06:20","modified_gmt":"2026-02-02T10:06:20","slug":"stp07-stair-edge-aluminum-lightweight-profile-10mm","status":"publish","type":"product","link":"https:\/\/tangooled.com\/tr\/urun\/stp07-stair-edge-aluminum-lightweight-profile-10mm\/","title":{"rendered":"10mm \u015eeritler i\u00e7in Hafif Merdiven Kenar\u0131 LED Profili"},"content":{"rendered":"<div class=\"wp-block-group is-vertical is-layout-flex wp-container-core-group-is-layout-d255d7c4 wp-block-group-is-layout-flex\" style=\"padding-top:var(--wp--preset--spacing--80);padding-bottom:var(--wp--preset--spacing--80)\">\n<p>Al\u00fcminyum hafif merdiven kenar profilimiz, 10mm LED \u015feritler i\u00e7in geli\u015ftirilmi\u015ftir ve merdivenlerinizi g\u00fcvenli ve \u015f\u0131k bir \u015fekilde ayd\u0131nlat\u0131r. Bu merdiven ba\u015fl\u0131\u011f\u0131 profilini merdiveninizin kenar\u0131na koyun ve e\u011fik bir a\u00e7\u0131yla t\u00fcm basamak y\u00fczeyini ayd\u0131nlatacakt\u0131r, b\u00f6ylece yukar\u0131 ve a\u015fa\u011f\u0131 her ad\u0131m\u0131 g\u00fcvenlik i\u00e7in g\u00f6rebilirsiniz.<\/p>\n\n\n\n<p>Kaymay\u0131 \u00f6nlemek i\u00e7in di\u015fli bir y\u00fczeye sahip y\u00fcksek kaliteli al\u00fcminyumdan yap\u0131lm\u0131\u015ft\u0131r ve 10mm \u0131\u015f\u0131k \u015feritleri ile \u00e7al\u0131\u015f\u0131r. LED'ler, sert LED noktalar\u0131 olmadan yumu\u015fak ve e\u015fit bir merdiven ayd\u0131nlatma etkisi sunmak i\u00e7in yar\u0131 \u015feffaf veya opal bir dif\u00fcz\u00f6rle kaplanm\u0131\u015ft\u0131r.\u00a0<\/p>\n\n\n\n<p>Bu profil dayan\u0131kl\u0131d\u0131r, kesmesi ve monte etmesi kolayd\u0131r, \u00e7e\u015fitli basamak t\u00fcrlerinde iyi \u00e7al\u0131\u015f\u0131r. Basamaklar\u0131n\u0131z\u0131 parlak, g\u00fcvenli ve \u015f\u0131k g\u00f6r\u00fcnmesini sa\u011flar.<\/p>\n<\/div>\n\n\n\n<div class=\"wp-block-group has-background is-vertical is-layout-flex wp-container-core-group-is-layout-d255d7c4 wp-block-group-is-layout-flex\" style=\"background-color:#f1f1f1;padding-top:var(--wp--preset--spacing--80);padding-bottom:var(--wp--preset--spacing--80)\">\n<div class=\"wp-block-group is-vertical is-layout-flex wp-container-core-group-is-layout-8cf370e7 wp-block-group-is-layout-flex\">\n<h2 class=\"wp-block-heading\" style=\"padding-top:var(--wp--preset--spacing--40);padding-bottom:var(--wp--preset--spacing--40);font-size:25px;font-style:normal;font-weight:600;text-transform:capitalize\">Neden Bu Profili Se\u00e7melisiniz?<\/h2>\n\n\n\n<ul class=\"wp-block-list\">\n<li>LED'lerin daha uzun \u00f6m\u00fcrl\u00fc olmas\u0131 i\u00e7in \u0131s\u0131y\u0131 azaltmak \u00fczere anodize al\u00fcminyum 6063'tan yap\u0131lm\u0131\u015ft\u0131r.<\/li>\n\n\n\n<li>10mm geni\u015fli\u011finde veya daha geni\u015f LED \u015feritleri ile \u00e7al\u0131\u015f\u0131r.<\/li>\n\n\n\n<li>Ayd\u0131nlatmay\u0131 e\u015fit olarak da\u011f\u0131tan mat bir dif\u00fcz\u00f6re sahiptir; parlayan keskin noktalar yoktur.<\/li>\n\n\n\n<li>Suya dayan\u0131kl\u0131 LED \u015feritler ile birle\u015fti\u011finde, i\u00e7 veya d\u0131\u015f mekanda kullan\u0131labilirler.<\/li>\n\n\n\n<li>Ah\u015fap, seramik, beton ve di\u011fer y\u00fczeylerde iyi \u00e7al\u0131\u015f\u0131r.<\/li>\n\n\n\n<li>H\u0131zl\u0131 kurulum i\u00e7in vida ve u\u00e7 kapaklar\u0131 ile birlikte gelir.<\/li>\n\n\n\n<li>Ad\u0131mlara daha g\u00fcvenli hale getirmek i\u00e7in kaymaz bir kenar ekler.<\/li>\n<\/ul>\n<\/div>\n<\/div>\n\n\n\n<div class=\"wp-block-group is-vertical is-layout-flex wp-container-core-group-is-layout-d255d7c4 wp-block-group-is-layout-flex\" style=\"padding-top:var(--wp--preset--spacing--80);padding-bottom:var(--wp--preset--spacing--80)\">\n<hr class=\"wp-block-separator has-alpha-channel-opacity\"\/>\n\n\n\n<div class=\"wp-block-media-text has-media-on-the-right is-stacked-on-mobile\" style=\"grid-template-columns:auto 40%\"><div class=\"wp-block-media-text__content\">\n<h2 class=\"wp-block-heading\" style=\"padding-top:var(--wp--preset--spacing--40);padding-bottom:var(--wp--preset--spacing--40);font-size:25px;font-style:normal;font-weight:600;text-transform:capitalize\">Nas\u0131l Montaj Yap\u0131l\u0131r?<\/h2>\n\n\n\n<ul class=\"wp-block-list\">\n<li>Merdivenlerinizin uzunlu\u011funu belirleyin.<\/li>\n\n\n\n<li>Metal profili do\u011fru uzunlu\u011fa kesin.<\/li>\n\n\n\n<li>Bunu merdivenlerin kenar\u0131na vidalarla sabitleyin.<\/li>\n\n\n\n<li>10mm LED \u015feritlerinizi kanala yerle\u015ftirin.<\/li>\n\n\n\n<li>Mat dif\u00fcz\u00f6r kapa\u011f\u0131n\u0131 monte edin.<\/li>\n\n\n\n<li>LED \u015feritleri g\u00fc\u00e7 kayna\u011f\u0131na ba\u011flay\u0131n.<\/li>\n\n\n\n<li>Merdivenlerinizin kenarlar\u0131nda parlak, yumu\u015fak ve g\u00fcvenli ayd\u0131nlatman\u0131n tad\u0131n\u0131 \u00e7\u0131kar\u0131n!<\/li>\n<\/ul>\n<\/div><figure class=\"wp-block-media-text__media\"><img loading=\"lazy\" decoding=\"async\" width=\"500\" height=\"500\" src=\"https:\/\/tangooled.com\/wp-content\/uploads\/2025\/12\/stp07-ins.webp\" alt=\"stair edge lighting aluminum lightweight profile for 10mm led strip\" class=\"wp-image-42234 size-full\" srcset=\"https:\/\/tangooled.com\/wp-content\/uploads\/2025\/12\/stp07-ins.webp 500w, https:\/\/tangooled.com\/wp-content\/uploads\/2025\/12\/stp07-ins-300x300.webp 300w, https:\/\/tangooled.com\/wp-content\/uploads\/2025\/12\/stp07-ins-150x150.webp 150w\" sizes=\"auto, (max-width: 500px) 100vw, 500px\" \/><\/figure><\/div>\n<\/div>\n\n\n\n<div class=\"wp-block-group has-background is-vertical is-layout-flex wp-container-core-group-is-layout-b429018a wp-block-group-is-layout-flex\" style=\"background-color:#f1f1f1f2;padding-top:var(--wp--preset--spacing--70);padding-bottom:var(--wp--preset--spacing--70)\">\n<h2 class=\"wp-block-heading\" style=\"padding-top:var(--wp--preset--spacing--40);padding-bottom:var(--wp--preset--spacing--40);font-size:25px;font-style:normal;font-weight:600\">Bu Al\u00fcminyum Hafif Merdiven Kenar Profilini Nerelerde Kullanabilirsiniz?<\/h2>\n\n\n\n<ul class=\"wp-block-list\">\n<li>Ev merdivenleri: i\u00e7 veya d\u0131\u015f, ah\u015fap, seramik veya beton.<\/li>\n\n\n\n<li>Ticari binalar: oteller, restoranlar, tiyatrolar, sinemalar ve ma\u011fazalar.<\/li>\n\n\n\n<li>D\u0131\u015far\u0131daki basamaklar: veranda veya bah\u00e7eye giden merdivenler (hava ko\u015fullar\u0131na dayan\u0131kl\u0131 LED'lerle).<\/li>\n\n\n\n<li>\u00d6zel yerler: lobiler, g\u00fcverteler, yollar ve g\u00fcvenli ayd\u0131nlatma gereken di\u011fer her yer.<\/li>\n<\/ul>\n<\/div>\n\n\n\n<div class=\"wp-block-group is-vertical is-layout-flex wp-container-core-group-is-layout-d255d7c4 wp-block-group-is-layout-flex\" style=\"padding-top:var(--wp--preset--spacing--80);padding-bottom:var(--wp--preset--spacing--80)\">\n<h2 class=\"wp-block-heading\" style=\"padding-top:var(--wp--preset--spacing--40);padding-bottom:var(--wp--preset--spacing--40);font-size:25px;font-style:normal;font-weight:600;text-transform:capitalize\">\u00d6zet<\/h2>\n\n\n\n<p>Merdivenleri g\u00fcvenli, \u015f\u0131k ve uzun s\u00fcreli ayd\u0131nlatmak i\u00e7in 10mm LED \u015feritler i\u00e7in al\u00fcminyum hafif merdiven kenar profilimiz en iyi \u00e7\u00f6z\u00fcmd\u00fcr. Kolayca birle\u015ftirilir, g\u00fczel g\u00f6r\u00fcn\u00fcr ve evler, ofisler, tiyatrolar ve d\u0131\u015f mekanlar gibi bir\u00e7ok alanda kullan\u0131labilir. Her ad\u0131mda do\u011frudan \u0131\u015f\u0131k ekleyerek LED'lerinizi koruyun ve alan\u0131n\u0131z\u0131 parlat\u0131n! Al\u00fcminyum merdiven ayd\u0131nlatma profilleri hakk\u0131nda daha fazla bilgi i\u00e7in ilgili \u00fcr\u00fcnlerimize g\u00f6z at\u0131n, \u00f6rne\u011fin <a href=\"https:\/\/tangooled.com\/tr\/urun\/black-led-diffuser-aluminum-channel-for-12mm-tape-lights\/\"><mark style=\"background-color:rgba(0, 0, 0, 0)\" class=\"has-inline-color has-vivid-red-color\">12 mm \u015eerit I\u015f\u0131klar i\u00e7in Siyah LED Dif\u00fcz\u00f6r Al\u00fcminyum Kanal<\/mark><\/a> veya <a href=\"https:\/\/tangooled.com\/tr\/urun\/surface-mount-led-profile-with-frosted-diffuser-for-10mm-rope-lights\/\"><mark style=\"background-color:rgba(0, 0, 0, 0)\" class=\"has-inline-color has-vivid-red-color\">Mat Dif\u00fcz\u00f6rl\u00fc Y\u00fczey Montaj\u0131 LED Profili <\/mark><\/a>farkl\u0131 ayd\u0131nlatma ihtiya\u00e7lar\u0131 i\u00e7in.<\/p>\n<\/div>\n\n\n\n<p><\/p>","protected":false},"featured_media":13618,"template":"","meta":{"_acf_changed":true,"_seopress_robots_primary_cat":"none","_seopress_titles_title":"Lightweight Stair Edge Aluminum Profile | Slim LED Step Light STP07","_seopress_titles_desc":"The STP07 is a slim stair edge aluminum lightweight profile designed for 10mm strip lights. Perfect for residential DIY and minimalist decor, this easy-to-install profile provides subtle step edge lighting.","_seopress_robots_index":""},"pcb-width":[228],"product-cat":[200],"class_list":{"0":"post-42203","1":"product","2":"type-product","3":"status-publish","4":"has-post-thumbnail","6":"pcb-width-6-12mm","7":"product-cat-stair-nosing-profile"},"acf":[],"_links":{"self":[{"href":"https:\/\/tangooled.com\/tr\/wp-json\/wp\/v2\/product\/42203","targetHints":{"allow":["GET"]}}],"collection":[{"href":"https:\/\/tangooled.com\/tr\/wp-json\/wp\/v2\/product"}],"about":[{"href":"https:\/\/tangooled.com\/tr\/wp-json\/wp\/v2\/types\/product"}],"wp:featuredmedia":[{"embeddable":true,"href":"https:\/\/tangooled.com\/tr\/wp-json\/wp\/v2\/media\/13618"}],"wp:attachment":[{"href":"https:\/\/tangooled.com\/tr\/wp-json\/wp\/v2\/media?parent=42203"}],"wp:term":[{"taxonomy":"pcb-width","embeddable":true,"href":"https:\/\/tangooled.com\/tr\/wp-json\/wp\/v2\/pcb-width?post=42203"},{"taxonomy":"product-cat","embeddable":true,"href":"https:\/\/tangooled.com\/tr\/wp-json\/wp\/v2\/product-cat?post=42203"}],"curies":[{"name":"wp","href":"https:\/\/api.w.org\/{rel}","templated":true}]}}