{"id":42202,"date":"2025-12-17T05:22:27","date_gmt":"2025-12-17T13:22:27","guid":{"rendered":"https:\/\/tangooled.com\/?post_type=product&#038;p=42202"},"modified":"2026-01-27T01:56:24","modified_gmt":"2026-01-27T09:56:24","slug":"2-in-1-anti-slip-led-stair-nosing-profile-for-12mm-led-strip","status":"publish","type":"product","link":"https:\/\/tangooled.com\/tr\/urun\/2-in-1-anti-slip-led-stair-nosing-profile-for-12mm-led-strip\/","title":{"rendered":"12mm LED \u015eerit i\u00e7in 2'si 1 Arada kaymaz merdiven kenar\u0131 profili"},"content":{"rendered":"<div class=\"wp-block-group is-vertical is-layout-flex wp-container-core-group-is-layout-d255d7c4 wp-block-group-is-layout-flex\" style=\"padding-top:var(--wp--preset--spacing--80);padding-bottom:var(--wp--preset--spacing--80)\">\n<p>Need your stair tread safe and stylish? Check out our 2-in-1 anti slip stair nosing profile. This stair nosing profile has a 2-in-1 structure that lets you install the light and fix it in place by screwing the light body to the edges of wooden, concrete, or metal stair treads. Then, you can snap the anti-slip part onto it. It&#8217;s easy to install this type of aluminum stair nosing profile, and you can utilize it to enhance or modify your stairway at any time.<\/p>\n\n\n\n<p>Bu 2'si 1 arada al\u00fcminyum merdiven profili sa\u011flamd\u0131r ve dayan\u0131kl\u0131l\u0131k i\u00e7in tasarlanm\u0131\u015ft\u0131r. Kuru i\u00e7 mekanlar i\u00e7in IP20 derecesini korur. D\u0131\u015f mekan merdivenlerinde kullan\u0131ld\u0131\u011f\u0131nda IP67 \u015feritleri se\u00e7erek \u00fcst\u00fcn su ge\u00e7irmezlik sa\u011flayabilirsiniz.<br>Kaymay\u0131 \u00f6nleyici merdiven profili, ayaklar\u0131n\u0131z\u0131n merdivenlerde daha g\u00fcvenli bir \u015fekilde tutunmas\u0131n\u0131 sa\u011flar, \u0131slak veya karanl\u0131k ortamlarda kaymalar\u0131 \u00f6nleyerek merdivenlerden yukar\u0131 ve a\u015fa\u011f\u0131 inmekte g\u00fcvenli\u011fi b\u00fcy\u00fck \u00f6l\u00e7\u00fcde art\u0131r\u0131r.<\/p>\n<\/div>\n\n\n\n<div class=\"wp-block-group has-background is-vertical is-layout-flex wp-container-core-group-is-layout-d255d7c4 wp-block-group-is-layout-flex\" style=\"background-color:#f1f1f1;padding-top:var(--wp--preset--spacing--80);padding-bottom:var(--wp--preset--spacing--80)\">\n<div class=\"wp-block-group is-vertical is-layout-flex wp-container-core-group-is-layout-8cf370e7 wp-block-group-is-layout-flex\">\n<h2 class=\"wp-block-heading\" style=\"padding-top:var(--wp--preset--spacing--40);padding-bottom:var(--wp--preset--spacing--40);font-size:25px;font-style:normal;font-weight:600;text-transform:capitalize\">Neden 2'si 1 arada Kaymay\u0131 \u00d6nleyici Merdiven Profilimizi Se\u00e7melisiniz?<\/h2>\n\n\n\n<ul class=\"wp-block-list\">\n<li>\u0130ki in bir: \u0130ki al\u00fcminyum ekstr\u00fczyon \u015feridi size hem koruma hem de ayd\u0131nlatma sa\u011flar.<\/li>\n\n\n\n<li>Kaymaz Y\u00fczey: Al\u00fcminyum y\u00fczeydeki ince \u00e7izgiler kayman\u0131z\u0131 ve d\u00fc\u015fmenizi engeller.<\/li>\n\n\n\n<li>G\u00fcvenli Ayd\u0131nlatma: I\u015f\u0131klar basamaklar\u0131n \u00fczerine do\u011fru parlar, onlar\u0131 g\u00f6rmeyi zorla\u015ft\u0131rmaz.<\/li>\n\n\n\n<li>Bir araya getirmesi basit: Sadece \u0131\u015f\u0131k b\u00f6l\u00fcm\u00fcn\u00fc vida ile sabitleyin ve kaymay\u0131 \u00f6nleyici \u015feridi tak\u0131n.<\/li>\n<\/ul>\n<\/div>\n<\/div>\n\n\n\n<div class=\"wp-block-group\" style=\"padding-top:var(--wp--preset--spacing--60);padding-bottom:var(--wp--preset--spacing--60)\"><div class=\"wp-block-group__inner-container is-layout-constrained wp-block-group-is-layout-constrained\">\n<div class=\"wp-block-media-text has-media-on-the-right is-stacked-on-mobile\" style=\"grid-template-columns:auto 40%\"><div class=\"wp-block-media-text__content\">\n<h2 class=\"wp-block-heading\" style=\"padding-top:var(--wp--preset--spacing--40);padding-bottom:var(--wp--preset--spacing--40);font-size:25px;font-style:normal;font-weight:600;text-transform:capitalize\">Kurulum Basit<\/h2>\n\n\n\n<ul class=\"wp-block-list\">\n<li>LED \u015feridi al\u00fcminyum ayd\u0131nlatma \u015feridi b\u00f6l\u00fcm\u00fcne yerle\u015ftirin ve basama\u011f\u0131n kenar\u0131na vidalarla sabitleyin.<\/li>\n\n\n\n<li>Kaymay\u0131 \u00f6nleyen al\u00fcminyum \u015feridi \u0131\u015f\u0131k k\u0131sm\u0131na ba\u011flay\u0131n.<\/li>\n\n\n\n<li>Merdiven profilinin her iki taraf\u0131na son kapaklar\u0131 yerle\u015ftirin.<\/li>\n\n\n\n<li>DC LED g\u00fc\u00e7 kayna\u011f\u0131na ba\u011flay\u0131n.<\/li>\n<\/ul>\n<\/div><figure class=\"wp-block-media-text__media\"><img loading=\"lazy\" decoding=\"async\" width=\"500\" height=\"500\" src=\"https:\/\/tangooled.com\/wp-content\/uploads\/2025\/12\/stp06-ins.webp\" alt=\"2 in 1 anti slip led stair nosing profile for 12mm led strip\" class=\"wp-image-42231 size-full\" srcset=\"https:\/\/tangooled.com\/wp-content\/uploads\/2025\/12\/stp06-ins.webp 500w, https:\/\/tangooled.com\/wp-content\/uploads\/2025\/12\/stp06-ins-300x300.webp 300w, https:\/\/tangooled.com\/wp-content\/uploads\/2025\/12\/stp06-ins-150x150.webp 150w\" sizes=\"auto, (max-width: 500px) 100vw, 500px\" \/><\/figure><\/div>\n<\/div><\/div>\n\n\n\n<div class=\"wp-block-group has-background is-vertical is-layout-flex wp-container-core-group-is-layout-b429018a wp-block-group-is-layout-flex\" style=\"background-color:#f1f1f1f2;padding-top:var(--wp--preset--spacing--70);padding-bottom:var(--wp--preset--spacing--70)\">\n<h2 class=\"wp-block-heading\" style=\"padding-top:var(--wp--preset--spacing--40);padding-bottom:var(--wp--preset--spacing--40);font-size:25px;font-style:normal;font-weight:600\">Nerelerde Kullan\u0131l\u0131r?<\/h2>\n\n\n\n<p>2'si 1 arada kaymay\u0131 \u00f6nleyici merdiven profilimiz bir\u00e7ok yer ve merdiven i\u00e7in uygundur:<\/p>\n\n\n\n<ul class=\"wp-block-list\">\n<li>Evler: Koridorlar, bodrumlar, ev sinemalar\u0131 ve seramik veya ah\u015fap merdivenler.<\/li>\n\n\n\n<li>Ticari: Oteller, ofisler, tiyatrolar ve g\u00fcvenli ve ayd\u0131nl\u0131k basamaklara ihtiya\u00e7 duyan ma\u011fazalar.<\/li>\n\n\n\n<li>D\u0131\u015f mekan: \u00dcr\u00fcn d\u0131\u015f mekan kullan\u0131m\u0131 i\u00e7in derecelendirilmi\u015fse, beton veya seramik basamaklarda kullanabilirsiniz (\u00f6zelliklere bak\u0131n).<\/li>\n\n\n\n<li>Zemin t\u00fcrleri: ah\u015fap, seramik, laminat, beton ve hafif hal\u0131 (dikkatle).<\/li>\n<\/ul>\n<\/div>\n\n\n\n<div class=\"wp-block-group is-vertical is-layout-flex wp-container-core-group-is-layout-d255d7c4 wp-block-group-is-layout-flex\" style=\"padding-top:var(--wp--preset--spacing--80);padding-bottom:var(--wp--preset--spacing--80)\">\n<h2 class=\"wp-block-heading\" style=\"padding-top:var(--wp--preset--spacing--40);padding-bottom:var(--wp--preset--spacing--40);font-size:25px;font-style:normal;font-weight:600;text-transform:capitalize\">Serimizden Uygun LED Profilleri<\/h2>\n\n\n\n<p>Farkl\u0131 boyutlar veya efektler i\u00e7in ba\u015fka LED kanallar\u0131 ar\u0131yorsan\u0131z, bu harika se\u00e7eneklere g\u00f6z at\u0131n:<\/p>\n\n\n\n<ul class=\"wp-block-list\">\n<li><a href=\"https:\/\/tangooled.com\/tr\/urun\/black-led-diffuser-aluminum-channel-for-12mm-tape-lights\/\"><mark style=\"background-color:rgba(0, 0, 0, 0)\" class=\"has-inline-color has-vivid-red-color\">12 mm bant i\u015f\u0131klar\u0131 i\u00e7in siyah LED dif\u00fcz\u00f6r al\u00fcminyum kanal\u0131<\/mark><\/a>.<\/li>\n\n\n\n<li><a href=\"https:\/\/tangooled.com\/tr\/urun\/18mm-flexible-led-profile-for-12mm-led-strips\/\"><mark style=\"background-color:rgba(0, 0, 0, 0)\" class=\"has-inline-color has-vivid-red-color\">12mm LED \u015feritler i\u00e7in 18mm esnek LED profili<\/mark><\/a>.<\/li>\n\n\n\n<li><a href=\"https:\/\/tangooled.com\/tr\/urun\/2-in-1-anti-slip-led-stair-nosing-profile-for-12mm-led-strip\/\"><mark style=\"background-color:rgba(0, 0, 0, 0)\" class=\"has-inline-color has-vivid-red-color\">12mm LED \u015ferit i\u00e7in 2'si 1 arada kaymay\u0131 \u00f6nleyici merdiven profili<\/mark><\/a>.<\/li>\n\n\n\n<li><a href=\"https:\/\/tangooled.com\/tr\/urun\/26mm-floor-recessed-led-aluminum-channel-for-12mm-led-strips\/\"><mark style=\"background-color:rgba(0, 0, 0, 0)\" class=\"has-inline-color has-vivid-red-color\">12mm LED \u015feritler i\u00e7in 26mm zemin i\u00e7inde yer alan LED al\u00fcminyum kanal<\/mark><\/a>.<\/li>\n\n\n\n<li><a href=\"https:\/\/tangooled.com\/tr\/urun\/aluminum-drywall-led-skirting-profile-for-12mm-tape-light\/\"><mark style=\"background-color:rgba(0, 0, 0, 0)\" class=\"has-inline-color has-vivid-red-color\">12mm \u015ferit \u0131\u015f\u0131k i\u00e7in al\u00fcminyum al\u00e7\u0131pan LED kenar profili<\/mark><\/a>.<\/li>\n<\/ul>\n<\/div>\n\n\n\n<div class=\"wp-block-group has-background\" style=\"background-color:#f1f1f1;padding-top:var(--wp--preset--spacing--80);padding-bottom:var(--wp--preset--spacing--80)\"><div class=\"wp-block-group__inner-container is-layout-constrained wp-block-group-is-layout-constrained\">\n<h2 class=\"wp-block-heading\" style=\"padding-top:var(--wp--preset--spacing--40);padding-bottom:var(--wp--preset--spacing--40);font-size:25px;font-style:normal;font-weight:600;text-transform:capitalize\">\u00f6zet<\/h2>\n\n\n\n<p style=\"padding-right:var(--wp--preset--spacing--50);padding-left:var(--wp--preset--spacing--50)\">If you want safer, brighter staircases, our 2-in-1 anti-slip stair nosing profile is the ideal solution. It has a robust edge protector that keeps people from slipping and a beautiful, concealed LED light channel for 12mm LED strips. You get superb protection for your stairs with lighting that is clear and doesn&#8217;t glare, and suits many types of floors. This product is easy to put together and will last a long time. It combines safety and beauty.<\/p>\n<\/div><\/div>\n\n\n\n<p><\/p>","protected":false},"featured_media":13613,"template":"","meta":{"_acf_changed":true,"_seopress_robots_primary_cat":"none","_seopress_titles_title":"Anti-Slip LED Stair Nosing Profile STP06 | TANGOOLED","_seopress_titles_desc":"Our 2-in-1 anti slip led stair nosing profile designed for 12mm led strips. Featuring a robust aluminum body and enhanced grip, it provides superior safety and architectural lighting for high-traffic stairs.","_seopress_robots_index":""},"pcb-width":[228],"product-cat":[200],"class_list":{"0":"post-42202","1":"product","2":"type-product","3":"status-publish","4":"has-post-thumbnail","6":"pcb-width-6-12mm","7":"product-cat-stair-nosing-profile"},"acf":[],"_links":{"self":[{"href":"https:\/\/tangooled.com\/tr\/wp-json\/wp\/v2\/product\/42202","targetHints":{"allow":["GET"]}}],"collection":[{"href":"https:\/\/tangooled.com\/tr\/wp-json\/wp\/v2\/product"}],"about":[{"href":"https:\/\/tangooled.com\/tr\/wp-json\/wp\/v2\/types\/product"}],"wp:featuredmedia":[{"embeddable":true,"href":"https:\/\/tangooled.com\/tr\/wp-json\/wp\/v2\/media\/13613"}],"wp:attachment":[{"href":"https:\/\/tangooled.com\/tr\/wp-json\/wp\/v2\/media?parent=42202"}],"wp:term":[{"taxonomy":"pcb-width","embeddable":true,"href":"https:\/\/tangooled.com\/tr\/wp-json\/wp\/v2\/pcb-width?post=42202"},{"taxonomy":"product-cat","embeddable":true,"href":"https:\/\/tangooled.com\/tr\/wp-json\/wp\/v2\/product-cat?post=42202"}],"curies":[{"name":"wp","href":"https:\/\/api.w.org\/{rel}","templated":true}]}}