{"id":42199,"date":"2025-12-17T05:15:25","date_gmt":"2025-12-17T13:15:25","guid":{"rendered":"https:\/\/tangooled.com\/?post_type=product&#038;p=42199"},"modified":"2026-01-31T06:58:03","modified_gmt":"2026-01-31T14:58:03","slug":"surface-mount-aluminum-stair-nosing-profile-for-10mm-led-strip","status":"publish","type":"product","link":"https:\/\/tangooled.com\/tr\/urun\/surface-mount-aluminum-stair-nosing-profile-for-10mm-led-strip\/","title":{"rendered":"10mm LED \u015eerit i\u00e7in y\u00fczey montajl\u0131 al\u00fcminyum merdiven kenar\u0131 profili"},"content":{"rendered":"<div class=\"wp-block-group is-vertical is-layout-flex wp-container-core-group-is-layout-d255d7c4 wp-block-group-is-layout-flex\" style=\"padding-top:var(--wp--preset--spacing--80);padding-bottom:var(--wp--preset--spacing--80)\">\n<p>Merdivenlerinizi daha g\u00fcvenli ve daha ayd\u0131nl\u0131k hale getirin, y\u00fczeye montelenmi\u015f al\u00fcminyum merdiven kenar profili ile. Bu profil, mevcut merdivenlerin alt yap\u0131s\u0131na zarar vermeden merdiven basamaklar\u0131n\u0131n kenar\u0131na do\u011frudan vidalan\u0131r ve mevcut merdivenler i\u00e7in h\u0131zl\u0131 bir ayd\u0131nlatma \u00e7\u00f6z\u00fcm\u00fc sunar. Beton, ah\u015fap ve fayans gibi geni\u015f bir merdiven malzemesi yelpazesi ile uyumludur.<\/p>\n\n\n\n<p>The horizontal stripes on the surface make it easier to perceive and provide you a grip that won&#8217;t slip. Constructed from aluminum alloy, the profile is wear-resistant and ideal for indoor and outdoor use.<br>Bu profilin \u00fc\u00e7 yarar\u0131 vard\u0131r: merdiven kenarlar\u0131n\u0131 korur, kaymaz bir tutu\u015f sa\u011flar ve her ad\u0131mda p\u00fcr\u00fczs\u00fcz, parlamayan bir ayd\u0131nlatma sunar. \u00c7o\u011fu LED \u015feridi ile m\u00fckemmel uyum sa\u011flar ve mevcut merdivenlere kolayca monte edilir, bu da onu evler, ofisler ve kamusal alanlar i\u00e7in ideal k\u0131lar.<\/p>\n<\/div>\n\n\n\n<div class=\"wp-block-group has-background is-vertical is-layout-flex wp-container-core-group-is-layout-d255d7c4 wp-block-group-is-layout-flex\" style=\"background-color:#f1f1f1;padding-top:var(--wp--preset--spacing--80);padding-bottom:var(--wp--preset--spacing--80)\">\n<div class=\"wp-block-group is-vertical is-layout-flex wp-container-core-group-is-layout-8cf370e7 wp-block-group-is-layout-flex\">\n<h2 class=\"wp-block-heading\" style=\"padding-top:var(--wp--preset--spacing--40);padding-bottom:var(--wp--preset--spacing--40);font-size:25px;font-style:normal;font-weight:600;text-transform:capitalize\">Neden Y\u00fczeye Montelenmi\u015f Al\u00fcminyum Merdiven Kenar Profilimizi Tercih Etmelisiniz?<\/h2>\n\n\n\n<ul class=\"wp-block-list\">\n<li>Ate\u015fe dayan\u0131kl\u0131 ve g\u00fc\u00e7l\u00fc 6063-T5 anodize al\u00fcminyumdan yap\u0131lm\u0131\u015ft\u0131r.<\/li>\n\n\n\n<li>\u00c7izgili oluklu y\u00fczey tasar\u0131m\u0131, kaymalar\u0131 \u00f6nlemek i\u00e7in y\u00fczey s\u00fcrt\u00fcnmesini art\u0131r\u0131r.<\/li>\n\n\n\n<li>Y\u00fczeye montaj tasar\u0131m\u0131, ah\u015fap, beton, fayans veya hal\u0131 \u00fczerine basit kurulum sa\u011flar.<\/li>\n\n\n\n<li>I\u015f\u0131\u011f\u0131 nazik ve e\u015fit hale getiren, lekesiz ve sert parlamay\u0131 \u00f6nleyen opal dif\u00fcz\u00f6r kapa\u011f\u0131 ile birlikte gelir.<\/li>\n\n\n\n<li>A\u015fa\u011f\u0131ya do\u011fru \u0131\u015f\u0131k y\u00f6nlendirmesi, bir sonraki ad\u0131m\u0131 g\u00fcvenli bir \u015fekilde ayd\u0131nlat\u0131r.<\/li>\n\n\n\n<li>Her tarz ile uyumlu g\u00fcm\u00fc\u015f, siyah ve bronz se\u00e7enekler ile gelir.<\/li>\n<\/ul>\n<\/div>\n<\/div>\n\n\n\n<div class=\"wp-block-group\" style=\"padding-top:var(--wp--preset--spacing--60);padding-bottom:var(--wp--preset--spacing--60)\"><div class=\"wp-block-group__inner-container is-layout-constrained wp-block-group-is-layout-constrained\">\n<div class=\"wp-block-media-text has-media-on-the-right is-stacked-on-mobile\" style=\"grid-template-columns:auto 40%\"><div class=\"wp-block-media-text__content\">\n<h2 class=\"wp-block-heading\" style=\"padding-top:var(--wp--preset--spacing--40);padding-bottom:var(--wp--preset--spacing--40);font-size:25px;font-style:normal;font-weight:600;text-transform:capitalize\">Montaj Ad\u0131mlar\u0131<\/h2>\n\n\n\n<ul class=\"wp-block-list\">\n<li>Ad\u0131m y\u00fczeyini temiz, kuru ve d\u00fcz oldu\u011fundan emin olunarak haz\u0131rlay\u0131n.<\/li>\n\n\n\n<li>Al\u00fcminyum profili do\u011fru uzunlukta kesmek i\u00e7in bir mitre testeresi kullan\u0131n.<\/li>\n\n\n\n<li>Y\u00fczeye montelenmi\u015f profili merdivenin kenar\u0131na yerle\u015ftirin ve vidalay\u0131n.<\/li>\n\n\n\n<li>10mm LED \u015feridinizi kanala yerle\u015ftirin.<\/li>\n\n\n\n<li>I\u015f\u0131\u011f\u0131n d\u00fczg\u00fcn olmas\u0131n\u0131 sa\u011flamak i\u00e7in opal dif\u00fcz\u00f6r\u00fc yerle\u015ftirin.<\/li>\n<\/ul>\n<\/div><figure class=\"wp-block-media-text__media\"><img loading=\"lazy\" decoding=\"async\" width=\"500\" height=\"500\" src=\"https:\/\/tangooled.com\/wp-content\/uploads\/2025\/12\/stp05-ins.webp\" alt=\"10mm LED \u015eerit i\u00e7in y\u00fczey montajl\u0131 al\u00fcminyum merdiven kenar\u0131 profili\" class=\"wp-image-42218 size-full\" srcset=\"https:\/\/tangooled.com\/wp-content\/uploads\/2025\/12\/stp05-ins.webp 500w, https:\/\/tangooled.com\/wp-content\/uploads\/2025\/12\/stp05-ins-300x300.webp 300w, https:\/\/tangooled.com\/wp-content\/uploads\/2025\/12\/stp05-ins-150x150.webp 150w\" sizes=\"auto, (max-width: 500px) 100vw, 500px\" \/><\/figure><\/div>\n<\/div><\/div>\n\n\n\n<div class=\"wp-block-group has-background is-vertical is-layout-flex wp-container-core-group-is-layout-b429018a wp-block-group-is-layout-flex\" style=\"background-color:#f1f1f1f2;padding-top:var(--wp--preset--spacing--70);padding-bottom:var(--wp--preset--spacing--70)\">\n<h2 class=\"wp-block-heading\" style=\"padding-top:var(--wp--preset--spacing--40);padding-bottom:var(--wp--preset--spacing--40);font-size:25px;font-style:normal;font-weight:600\">Kullan\u0131m Senaryolar\u0131<\/h2>\n\n\n\n<ul class=\"wp-block-list\">\n<li>Evlerdeki merdivenler, bodrumlar ve koridorlar.&nbsp;<\/li>\n\n\n\n<li>Tiyatro ve sinemalarda g\u00fcvenlik ve atmosfer i\u00e7in merdivenler.&nbsp;<\/li>\n\n\n\n<li>Otellerin lobileri ve restoranlarda l\u00fcks ve g\u00fcvenlik i\u00e7in merdivenler.&nbsp;<\/li>\n\n\n\n<li>Ticari binalardaki ofisler ve ma\u011fazalar i\u00e7in merdivenler.<\/li>\n\n\n\n<li>Su ge\u00e7irmez LED \u015feritlerle kullan\u0131ld\u0131\u011f\u0131nda d\u0131\u015f mekan deck'lerde merdivenler.<\/li>\n<\/ul>\n<\/div>\n\n\n\n<div class=\"wp-block-group\" style=\"padding-top:var(--wp--preset--spacing--80);padding-bottom:var(--wp--preset--spacing--80)\"><div class=\"wp-block-group__inner-container is-layout-constrained wp-block-group-is-layout-constrained\">\n<h2 class=\"wp-block-heading\" style=\"padding-top:var(--wp--preset--spacing--40);padding-bottom:var(--wp--preset--spacing--40);font-size:25px;font-style:normal;font-weight:600;text-transform:capitalize\">\u0130lgili \u00dcr\u00fcnler<\/h2>\n\n\n\n<ul class=\"wp-block-list\">\n<li><a href=\"https:\/\/tangooled.com\/tr\/urun\/black-aluminum-u-channel-profile-for-10mm-led-strips\/\"><mark style=\"background-color:rgba(0, 0, 0, 0)\" class=\"has-inline-color has-vivid-red-color\">10mm LED \u015feritler i\u00e7in siyah al\u00fcminyum U kanal\u0131 profili<\/mark><\/a><\/li>\n\n\n\n<li><a href=\"https:\/\/tangooled.com\/tr\/urun\/led-strip-light-channel-aluminum-profile-with-diffused-cover-6mm-height\/\"><mark style=\"background-color:rgba(0, 0, 0, 0)\" class=\"has-inline-color has-vivid-red-color\">10 mm kablo \u0131\u015f\u0131klar\u0131 i\u00e7in frosted dif\u00fcz\u00f6rl\u00fc y\u00fczey montaj LED profili<\/mark><\/a><\/li>\n\n\n\n<li><a href=\"https:\/\/tangooled.com\/tr\/urun\/surface-mount-led-profile-with-frosted-diffuser-for-10mm-rope-lights\/\"><mark style=\"background-color:rgba(0, 0, 0, 0)\" class=\"has-inline-color has-vivid-red-color\">Dif\u00fcz\u00f6r kapakl\u0131 6mm y\u00fckseklikteki LED \u015ferit \u0131\u015f\u0131k kanal\u0131 al\u00fcminyum profil<\/mark><\/a><\/li>\n<\/ul>\n<\/div><\/div>\n\n\n\n<div class=\"wp-block-group has-background\" style=\"background-color:#f1f1f1;padding-top:var(--wp--preset--spacing--80);padding-bottom:var(--wp--preset--spacing--80)\"><div class=\"wp-block-group__inner-container is-layout-constrained wp-block-group-is-layout-constrained\">\n<p style=\"padding-right:var(--wp--preset--spacing--50);padding-left:var(--wp--preset--spacing--50)\">10mm LED \u015feritler i\u00e7in y\u00fczeye montelenmi\u015f al\u00fcminyum merdiven kenar profili ile merdivenlerinizi yenileyin. Kenarlar\u0131 koruyun, kaymaz \u00f6zelliklerle g\u00fcvenli\u011fi art\u0131r\u0131n ve her ad\u0131m\u0131 geli\u015ftiren \u015f\u0131k, parlamayan LED merdiven ayd\u0131nlatmas\u0131 olu\u015fturun. Daha fazla se\u00e7enek i\u00e7in, tamamlay\u0131c\u0131 profiller ve dif\u00fcz\u00f6rler se\u00e7imimize g\u00f6z at\u0131n. <a href=\"https:\/\/tangooled.com\/tr\/led-profiles\/\"><mark style=\"background-color:rgba(0, 0, 0, 0)\" class=\"has-inline-color has-vivid-red-color\">Tangooled<\/mark><\/a>.<\/p>\n<\/div><\/div>\n\n\n\n<p><\/p>","protected":false},"featured_media":13605,"template":"","meta":{"_acf_changed":true,"_seopress_robots_primary_cat":"none","_seopress_titles_title":"Surface Mount Aluminum Stair Nosing Profile STP05 | TANGOOLED","_seopress_titles_desc":"The STP05 is a durable surface mount aluminum stair nosing profile designed for 10mm LED strips. Enhance safety and visibility with this easy-to-install step lighting solution.","_seopress_robots_index":""},"pcb-width":[228],"product-cat":[200],"class_list":{"0":"post-42199","1":"product","2":"type-product","3":"status-publish","4":"has-post-thumbnail","6":"pcb-width-6-12mm","7":"product-cat-stair-nosing-profile"},"acf":[],"_links":{"self":[{"href":"https:\/\/tangooled.com\/tr\/wp-json\/wp\/v2\/product\/42199","targetHints":{"allow":["GET"]}}],"collection":[{"href":"https:\/\/tangooled.com\/tr\/wp-json\/wp\/v2\/product"}],"about":[{"href":"https:\/\/tangooled.com\/tr\/wp-json\/wp\/v2\/types\/product"}],"wp:featuredmedia":[{"embeddable":true,"href":"https:\/\/tangooled.com\/tr\/wp-json\/wp\/v2\/media\/13605"}],"wp:attachment":[{"href":"https:\/\/tangooled.com\/tr\/wp-json\/wp\/v2\/media?parent=42199"}],"wp:term":[{"taxonomy":"pcb-width","embeddable":true,"href":"https:\/\/tangooled.com\/tr\/wp-json\/wp\/v2\/pcb-width?post=42199"},{"taxonomy":"product-cat","embeddable":true,"href":"https:\/\/tangooled.com\/tr\/wp-json\/wp\/v2\/product-cat?post=42199"}],"curies":[{"name":"wp","href":"https:\/\/api.w.org\/{rel}","templated":true}]}}