{"id":42197,"date":"2025-12-17T05:09:00","date_gmt":"2025-12-17T13:09:00","guid":{"rendered":"https:\/\/tangooled.com\/?post_type=product&#038;p=42197"},"modified":"2026-01-27T01:51:07","modified_gmt":"2026-01-27T09:51:07","slug":"recessed-floor-step-edge-lighting-led-profile","status":"publish","type":"product","link":"https:\/\/tangooled.com\/tr\/urun\/recessed-floor-step-edge-lighting-led-profile\/","title":{"rendered":"G\u00f6m\u00fcl\u00fc zemin basamak kenar\u0131 ayd\u0131nlatma LED profili"},"content":{"rendered":"<div class=\"wp-block-group is-vertical is-layout-flex wp-container-core-group-is-layout-d255d7c4 wp-block-group-is-layout-flex\" style=\"padding-top:var(--wp--preset--spacing--80);padding-bottom:var(--wp--preset--spacing--80)\">\n<p>Zeminlerinizi ve basamaklar\u0131n\u0131z\u0131, g\u00f6mme zemin ad\u0131m kenar\u0131 LED profili ile ayd\u0131nlat\u0131n ve g\u00fcvence alt\u0131na al\u0131n. Bu profil, bir k\u0131sm\u0131 merdiven basama\u011f\u0131 yap\u0131s\u0131n\u0131n alt\u0131na g\u00fcvenli bir \u015fekilde sabitlenmi\u015fken, di\u011fer k\u0131sm\u0131 basamak kenar\u0131n\u0131 korumak i\u00e7in \u00f6ne \u00e7\u0131karak normal y\u00fcr\u00fcmeyi etkilemeden tasarlanm\u0131\u015ft\u0131r.<\/p>\n\n\n\n<p>The most important thing is that the profile&#8217;s non-slip surface is level with the tile or other floor covering on the stairs. This alignment achieves the intended result of the lit stair edge being seamlessly integrated into the stairs.<\/p>\n\n\n\n<p>Yerle\u015fik ayd\u0131nlatma kanal\u0131, 10 mm geni\u015fli\u011fe kadar LED \u015feritlerini tutabilir. I\u015f\u0131k a\u015fa\u011f\u0131ya do\u011fru parlayarak merdiveni e\u015fit \u015fekilde ayd\u0131nlat\u0131r. Y\u00fcksek kaliteli anodize al\u00fcminyumdan \u00fcretilen bu merdiven kenar\u0131 LED \u0131\u015f\u0131k profili son derece dayan\u0131kl\u0131d\u0131r ve hem konut hem de ticari uygulamalar i\u00e7in uygundur.<\/p>\n<\/div>\n\n\n\n<div class=\"wp-block-group has-background is-vertical is-layout-flex wp-container-core-group-is-layout-d255d7c4 wp-block-group-is-layout-flex\" style=\"background-color:#f1f1f1;padding-top:var(--wp--preset--spacing--80);padding-bottom:var(--wp--preset--spacing--80)\">\n<div class=\"wp-block-group is-vertical is-layout-flex wp-container-core-group-is-layout-8cf370e7 wp-block-group-is-layout-flex\">\n<h2 class=\"wp-block-heading\" style=\"padding-top:var(--wp--preset--spacing--40);padding-bottom:var(--wp--preset--spacing--40);font-size:25px;font-style:normal;font-weight:600;text-transform:capitalize\">Neden G\u00f6mme Zemin Ad\u0131m Kenar\u0131 LED Profilimizi Se\u00e7melisiniz?<\/h2>\n\n\n\n<ul class=\"wp-block-list\">\n<li>Dayan\u0131kl\u0131 al\u00fcminyum: LED'leri korur ve \u0131\u015f\u0131klar\u0131n daha serin kalmas\u0131na yard\u0131mc\u0131 olur, b\u00f6ylece daha uzun s\u00fcre dayan\u0131r.<\/li>\n\n\n\n<li>\u00dczerinden Y\u00fcr\u00fcmeye G\u00fcvenli: Dayan\u0131kl\u0131 lens, \u00fczerine y\u00fcr\u00fcyebilir veya araba s\u00fcrebilirsiniz.<\/li>\n\n\n\n<li>Flush Mount: Stays flat with floors or stairs so you don&#8217;t trip.<\/li>\n\n\n\n<li>Bir\u00e7ok LED \u015feridiyle uyumludur: 10 mm'ye kadar \u015feritleri tutabilir.<\/li>\n\n\n\n<li>G\u00fczel Ayd\u0131nlatma: Buzlu dif\u00fcz\u00f6r, \u0131\u015f\u0131\u011f\u0131 narin, p\u00fcr\u00fczs\u00fcz bir hat gibi g\u00f6sterir.<\/li>\n<\/ul>\n<\/div>\n<\/div>\n\n\n\n<div class=\"wp-block-group is-vertical is-layout-flex wp-container-core-group-is-layout-d255d7c4 wp-block-group-is-layout-flex\" style=\"padding-top:var(--wp--preset--spacing--80);padding-bottom:var(--wp--preset--spacing--80)\">\n<hr class=\"wp-block-separator has-alpha-channel-opacity\"\/>\n\n\n\n<div class=\"wp-block-media-text has-media-on-the-right is-stacked-on-mobile\" style=\"grid-template-columns:auto 40%\"><div class=\"wp-block-media-text__content\">\n<h2 class=\"wp-block-heading\" style=\"padding-top:var(--wp--preset--spacing--40);padding-bottom:var(--wp--preset--spacing--40);font-size:25px;font-style:normal;font-weight:600;text-transform:capitalize\">Nas\u0131l Kurulur<\/h2>\n\n\n\n<ul class=\"wp-block-list\">\n<li>Al\u00fcminyum kanal\u0131 merdiveninizin uzunlu\u011funa g\u00f6re kesin.<\/li>\n\n\n\n<li>LED \u015feridinizi (10 mm'ye kadar) kanal\u0131n i\u00e7ine yerle\u015ftirin.<\/li>\n\n\n\n<li>Buzlu dif\u00fcz\u00f6r\u00fc yerine oturtun ve u\u00e7 kapaklar\u0131 kapat\u0131n.<\/li>\n\n\n\n<li>Al\u00fcminyum kanal\u0131 merdiven y\u00fczeyine yerle\u015ftirin ve g\u00f6mme k\u0131sm\u0131 kapatmak i\u00e7in bir kapak paneli kullan\u0131n.<\/li>\n\n\n\n<li>G\u00fc\u00e7 kayna\u011f\u0131n\u0131za ve tercih etti\u011finiz kontrol cihaz\u0131na ba\u011flay\u0131n.<\/li>\n<\/ul>\n<\/div><figure class=\"wp-block-media-text__media\"><img loading=\"lazy\" decoding=\"async\" width=\"500\" height=\"500\" src=\"https:\/\/tangooled.com\/wp-content\/uploads\/2025\/12\/stp04-ins.webp\" alt=\"G\u00f6m\u00fcl\u00fc zemin basamak kenar\u0131 ayd\u0131nlatma LED profili\" class=\"wp-image-42211 size-full\" srcset=\"https:\/\/tangooled.com\/wp-content\/uploads\/2025\/12\/stp04-ins.webp 500w, https:\/\/tangooled.com\/wp-content\/uploads\/2025\/12\/stp04-ins-300x300.webp 300w, https:\/\/tangooled.com\/wp-content\/uploads\/2025\/12\/stp04-ins-150x150.webp 150w\" sizes=\"auto, (max-width: 500px) 100vw, 500px\" \/><\/figure><\/div>\n<\/div>\n\n\n\n<div class=\"wp-block-group has-background is-vertical is-layout-flex wp-container-core-group-is-layout-b429018a wp-block-group-is-layout-flex\" style=\"background-color:#f1f1f1f2;padding-top:var(--wp--preset--spacing--70);padding-bottom:var(--wp--preset--spacing--70)\">\n<h2 class=\"wp-block-heading\" style=\"padding-top:var(--wp--preset--spacing--40);padding-bottom:var(--wp--preset--spacing--40);font-size:25px;font-style:normal;font-weight:600;text-transform:capitalize\">Bu d\u00fcz montaj merdiven kanal\u0131n\u0131 nerelerde kullanmal\u0131y\u0131z?<\/h2>\n\n\n\n<p>G\u00f6mme zemin ad\u0131m kenar\u0131 ayd\u0131nlatma i\u00e7in LED profilimiz, g\u00fcvenlik ve stil i\u00e7in \u0131\u015f\u0131\u011fa ihtiya\u00e7 duydu\u011funuz her yerde \u00e7al\u0131\u015f\u0131r:<\/p>\n\n\n\n<ul class=\"wp-block-list\">\n<li>Merdivenler ve Merdiven Kenarlar\u0131: Ad\u0131mlar\u0131 daha g\u00f6r\u00fcn\u00fcr hale getirir ve merdivenlere modern bir g\u00f6r\u00fcn\u00fcm kazand\u0131r\u0131r.<\/li>\n\n\n\n<li>Zemin ve Karolar i\u00e7in Ayd\u0131nlatma: Zemin karolar\u0131 aras\u0131nda kullanarak alan\u0131 daha a\u00e7\u0131k hissettirir ve sert y\u00fczeylerin kenarlar\u0131n\u0131 yumu\u015fat\u0131r.<\/li>\n\n\n\n<li>Yol ve Koridorlar: \u0130nsanlar\u0131n i\u00e7eride veya d\u0131\u015far\u0131da yollar\u0131n\u0131 bulmalar\u0131na yard\u0131mc\u0131 olacak yumu\u015fak ayd\u0131nlatma sa\u011flay\u0131n.<\/li>\n\n\n\n<li>Havuzunun yan\u0131ndaki teraslar ve platformlar: Su ve \u0131slak alanlarda iyi \u00e7al\u0131\u015fan suya dayan\u0131kl\u0131 tasar\u0131m.<\/li>\n<\/ul>\n<\/div>\n\n\n\n<div class=\"wp-block-group is-vertical is-layout-flex wp-container-core-group-is-layout-d255d7c4 wp-block-group-is-layout-flex\" style=\"padding-top:var(--wp--preset--spacing--80);padding-bottom:var(--wp--preset--spacing--80)\">\n<h2 class=\"wp-block-heading\" style=\"padding-top:var(--wp--preset--spacing--40);padding-bottom:var(--wp--preset--spacing--40);font-size:25px;font-style:normal;font-weight:600;text-transform:capitalize\">what&#8217;s in the package?<\/h2>\n\n\n\n<ul class=\"wp-block-list\">\n<li>1x Al\u00fcminyum Basamak kenar\u0131 profili<\/li>\n\n\n\n<li>1x Buzlu Dif\u00fcz\u00f6r Kapa\u011f\u0131<\/li>\n\n\n\n<li>2x U\u00e7 kapak (birinde tel deli\u011fi var)<\/li>\n<\/ul>\n<\/div>\n\n\n\n<div class=\"wp-block-group has-background\" style=\"background-color:#f1f1f1;padding-top:var(--wp--preset--spacing--80);padding-bottom:var(--wp--preset--spacing--80)\"><div class=\"wp-block-group__inner-container is-layout-constrained wp-block-group-is-layout-constrained\">\n<h2 class=\"wp-block-heading\" style=\"padding-top:var(--wp--preset--spacing--40);padding-bottom:var(--wp--preset--spacing--40);font-size:25px;font-style:normal;font-weight:600;text-transform:capitalize\">\u00d6zet<\/h2>\n\n\n\n<p style=\"padding-right:var(--wp--preset--spacing--50);padding-left:var(--wp--preset--spacing--50)\">Anodize al\u00fcminyum g\u00f6vde ve buzlu dif\u00fcz\u00f6r hem y\u00fcksek kaliteli hem de dayan\u0131kl\u0131d\u0131r. LED'lerinizi korurken nazik, sabit bir \u0131\u015f\u0131k verir. Bir\u00e7ok LED \u015feridiyle uyumludur ve merdivenler, zeminler, kenarlar ve teraslar i\u00e7in harikad\u0131r. Do\u011fru \u015fekilde kapat\u0131ld\u0131\u011f\u0131nda, \u0131slak ko\u015fullara dayanabilir. Yollar\u0131, ad\u0131mlar\u0131 veya zeminleri g\u00fcvenle ayd\u0131nlatmak i\u00e7in bu a\u011f\u0131r hizmet tipi LED ekstr\u00fczyonunu se\u00e7in. \u0130lgili se\u00e7enekler ve ayr\u0131nt\u0131lar i\u00e7in, <a href=\"https:\/\/tangooled.com\/tr\/urun\/led-strip-light-channel-aluminum-profile-with-diffused-cover-6mm-height\/\">dif\u00fcz\u00f6r kapakl\u0131 LED \u015ferit \u0131\u015f\u0131k al\u00fcminyum profili 6mm y\u00fckseklik<\/a> sayfas\u0131n\u0131 ziyaret edin veya tam yelpazeyi sat\u0131n al\u0131n <a href=\"https:\/\/tangooled.com\/tr\/urun\/26mm-floor-recessed-led-aluminum-channel-for-12mm-led-strips\/\">zemin ayd\u0131nlatma LED profilleri<\/a>.<\/p>\n<\/div><\/div>\n\n\n\n<p><\/p>","protected":false},"featured_media":13600,"template":"","meta":{"_acf_changed":true,"_seopress_robots_primary_cat":"none","_seopress_titles_title":"Recessed Floor Step Edge LED Profile | Flush Mount Stair Channel STP04","_seopress_titles_desc":"The STP04 is a professional recessed floor step edge led profile designed for seamless integration into stair treads. This flush-mount aluminum channel creates a safe, elegant light path without any protruding edges.","_seopress_robots_index":""},"pcb-width":[228],"product-cat":[200],"class_list":{"0":"post-42197","1":"product","2":"type-product","3":"status-publish","4":"has-post-thumbnail","6":"pcb-width-6-12mm","7":"product-cat-stair-nosing-profile"},"acf":[],"_links":{"self":[{"href":"https:\/\/tangooled.com\/tr\/wp-json\/wp\/v2\/product\/42197","targetHints":{"allow":["GET"]}}],"collection":[{"href":"https:\/\/tangooled.com\/tr\/wp-json\/wp\/v2\/product"}],"about":[{"href":"https:\/\/tangooled.com\/tr\/wp-json\/wp\/v2\/types\/product"}],"wp:featuredmedia":[{"embeddable":true,"href":"https:\/\/tangooled.com\/tr\/wp-json\/wp\/v2\/media\/13600"}],"wp:attachment":[{"href":"https:\/\/tangooled.com\/tr\/wp-json\/wp\/v2\/media?parent=42197"}],"wp:term":[{"taxonomy":"pcb-width","embeddable":true,"href":"https:\/\/tangooled.com\/tr\/wp-json\/wp\/v2\/pcb-width?post=42197"},{"taxonomy":"product-cat","embeddable":true,"href":"https:\/\/tangooled.com\/tr\/wp-json\/wp\/v2\/product-cat?post=42197"}],"curies":[{"name":"wp","href":"https:\/\/api.w.org\/{rel}","templated":true}]}}