{"id":42195,"date":"2025-12-17T05:05:49","date_gmt":"2025-12-17T13:05:49","guid":{"rendered":"https:\/\/tangooled.com\/?post_type=product&#038;p=42195"},"modified":"2026-01-27T01:53:14","modified_gmt":"2026-01-27T09:53:14","slug":"staircase-led-profile-with-rubber-strip-for-12mm-led-tape-lights","status":"publish","type":"product","link":"https:\/\/tangooled.com\/tr\/urun\/staircase-led-profile-with-rubber-strip-for-12mm-led-tape-lights\/","title":{"rendered":"12mm LED \u015ferit lambalar\u0131 i\u00e7in kau\u00e7uk \u015feritli merdiven kenar\u0131 LED profili"},"content":{"rendered":"<div class=\"wp-block-group is-vertical is-layout-flex wp-container-core-group-is-layout-d255d7c4 wp-block-group-is-layout-flex\" style=\"padding-top:var(--wp--preset--spacing--80);padding-bottom:var(--wp--preset--spacing--80)\">\n<p>Check out this staircase LED profile with rubber insert, specifically designed for 12\u00a0mm LED tape lights. Constructed from high-quality 6063-T5 aluminum alloy, the profile features a specially designed groove on the top surface for a rubber insert to ensure a non-slip effect on staircases.<\/p>\n\n\n\n<p>Bu merdiven ayd\u0131nlatma profili, pop\u00fcler siyah ve g\u00fcm\u00fc\u015f kaplamalarda mevcut olup, uyumlu bir g\u00f6r\u00fcn\u00fcm i\u00e7in gri veya siyah kau\u00e7uk insertlar\u0131 se\u00e7ebilirsiniz. U\u00e7 kapaklar da g\u00fcm\u00fc\u015f veya siyah olarak mevcuttur, b\u00f6ylece t\u00fcm set tek bir, tutarl\u0131 bir renk korur. Bu, merdiven profilinin \u00e7evre ile m\u00fckemmel bir \u015fekilde uyumlu olmas\u0131n\u0131 sa\u011flar.<\/p>\n\n\n\n<p>With an inner width of 13.5\u00a0mm, this stair channel is suitable for 10\u00a0mm or 12\u00a0mm LED strip lights, including RGBW strips. Our standard lengths for this channel are 2\u00a0m and 3\u00a0m, but you can easily cut it on-site. This LED aluminum channel is perfect for your architectural and interior lighting designs.<\/p>\n<\/div>\n\n\n\n<div class=\"wp-block-group has-background is-vertical is-layout-flex wp-container-core-group-is-layout-d255d7c4 wp-block-group-is-layout-flex\" style=\"background-color:#f1f1f1;padding-top:var(--wp--preset--spacing--80);padding-bottom:var(--wp--preset--spacing--80)\">\n<div class=\"wp-block-group is-vertical is-layout-flex wp-container-core-group-is-layout-8cf370e7 wp-block-group-is-layout-flex\">\n<h2 class=\"wp-block-heading\" style=\"padding-top:var(--wp--preset--spacing--40);padding-bottom:var(--wp--preset--spacing--40);font-size:25px;font-style:normal;font-weight:600;text-transform:capitalize\">Neden Kau\u00e7uk \u015eeritli Merdiven LED Profilimizi Se\u00e7melisiniz?<\/h2>\n\n\n\n<ul class=\"wp-block-list\">\n<li>I\u015f\u0131klar\u0131n\u0131z\u0131 korumak ve so\u011futmak i\u00e7in dayan\u0131kl\u0131 anodize al\u00fcminyumdan imal edilmi\u015ftir.<\/li>\n\n\n\n<li>COB LED \u015feritler gibi 12 mm geni\u015fli\u011findeki LED bant \u0131\u015f\u0131klar\u0131 ile \u00e7al\u0131\u015f\u0131r ve onlara harika, p\u00fcr\u00fczs\u00fcz bir g\u00f6r\u00fcn\u00fcm kazand\u0131r\u0131r.<\/li>\n\n\n\n<li>I\u015f\u0131\u011f\u0131 e\u015fit ve yumu\u015fak bir \u015fekilde da\u011f\u0131tan bu\u0308yu\u0308k bir bu\u0308yu\u0308k bu\u0301zlu polikarbonat dif\u00fcz\u00f6r ile birlikte gelir.\u00a0<\/li>\n\n\n\n<li>\u00dcst\u00fcnde kaymay\u0131 \u00f6nleyen bir kau\u00e7uk \u015ferit bulunmaktad\u0131r ve g\u00fcvenli\u011fi art\u0131r\u0131r.<\/li>\n\n\n\n<li>Merdivenlerinizi korumak ve alt\u0131ndaki ad\u0131mlar\u0131 ayd\u0131nlatmak i\u00e7in L bi\u00e7iminde tasarlanm\u0131\u015f bir merdiven kenar profildir.<\/li>\n\n\n\n<li>S\u0131k\u0131 bir tutu\u015f i\u00e7in vidalarla kurulum yapmak kolayd\u0131r.<\/li>\n<\/ul>\n<\/div>\n<\/div>\n\n\n\n<div class=\"wp-block-group\" style=\"padding-top:var(--wp--preset--spacing--60);padding-bottom:var(--wp--preset--spacing--60)\"><div class=\"wp-block-group__inner-container is-layout-constrained wp-block-group-is-layout-constrained\">\n<div class=\"wp-block-media-text has-media-on-the-right is-stacked-on-mobile\" style=\"grid-template-columns:auto 40%\"><div class=\"wp-block-media-text__content\">\n<h2 class=\"wp-block-heading\" style=\"padding-top:var(--wp--preset--spacing--40);padding-bottom:var(--wp--preset--spacing--40);font-size:25px;font-style:normal;font-weight:600;text-transform:capitalize\">Nas\u0131l Kullan\u0131l\u0131r<\/h2>\n\n\n\n<ul class=\"wp-block-list\">\n<li>Profilin, ad\u0131mlar\u0131n\u0131z\u0131n geni\u015fli\u011fine uyacak \u015fekilde kesin.<\/li>\n\n\n\n<li>12mm LED bant\u0131 oyu\u011fa yerle\u015ftirin.<\/li>\n\n\n\n<li>Al\u00fcminyum profili merdiven basama\u011f\u0131n\u0131n kenar\u0131na koyun ve vidalay\u0131n.<\/li>\n\n\n\n<li>Dif\u00fcz\u00f6r\u00fcn \u00fcst\u00fcne kau\u00e7uk \u015feridi yerle\u015ftirin ve yerine oturacak \u015fekilde bast\u0131r\u0131n.<\/li>\n\n\n\n<li>LED \u0131\u015f\u0131klar\u0131 g\u00fc\u00e7 kayna\u011f\u0131n\u0131za ba\u011flay\u0131n.<\/li>\n<\/ul>\n<\/div><figure class=\"wp-block-media-text__media\"><img loading=\"lazy\" decoding=\"async\" width=\"500\" height=\"500\" src=\"https:\/\/tangooled.com\/wp-content\/uploads\/2025\/12\/stp03-ins.webp\" alt=\"12mm LED \u015ferit lambalar\u0131 i\u00e7in kau\u00e7uk \u015feritli merdiven kenar\u0131 LED profili\" class=\"wp-image-42210 size-full\" srcset=\"https:\/\/tangooled.com\/wp-content\/uploads\/2025\/12\/stp03-ins.webp 500w, https:\/\/tangooled.com\/wp-content\/uploads\/2025\/12\/stp03-ins-300x300.webp 300w, https:\/\/tangooled.com\/wp-content\/uploads\/2025\/12\/stp03-ins-150x150.webp 150w\" sizes=\"auto, (max-width: 500px) 100vw, 500px\" \/><\/figure><\/div>\n<\/div><\/div>\n\n\n\n<div class=\"wp-block-group has-background is-vertical is-layout-flex wp-container-core-group-is-layout-b429018a wp-block-group-is-layout-flex\" style=\"background-color:#f1f1f1f2;padding-top:var(--wp--preset--spacing--70);padding-bottom:var(--wp--preset--spacing--70)\">\n<h2 class=\"wp-block-heading\" style=\"padding-top:var(--wp--preset--spacing--40);padding-bottom:var(--wp--preset--spacing--40);font-size:25px;font-style:normal;font-weight:600\">What\u2019s in the Package?<\/h2>\n\n\n\n<ul class=\"wp-block-list\">\n<li>1x Al\u00fcminyum Merdiven LED Profili<\/li>\n\n\n\n<li>1x Buzlu Dif\u00fcz\u00f6r Kapa\u011f\u0131<\/li>\n\n\n\n<li>1x Kaymay\u0131 \u00d6nleyen Kau\u00e7uk \u015eerit<\/li>\n\n\n\n<li>2x U\u00e7 kapak (birinde tel deli\u011fi var)<\/li>\n<\/ul>\n<\/div>\n\n\n\n<div class=\"wp-block-group is-vertical is-layout-flex wp-container-core-group-is-layout-d255d7c4 wp-block-group-is-layout-flex\" style=\"padding-top:var(--wp--preset--spacing--80);padding-bottom:var(--wp--preset--spacing--80)\">\n<h2 class=\"wp-block-heading\" style=\"padding-top:var(--wp--preset--spacing--40);padding-bottom:var(--wp--preset--spacing--40);font-size:25px;font-style:normal;font-weight:600;text-transform:capitalize\">Bu Ama\u00e7lar \u0130\u00e7in Harika<\/h2>\n\n\n\n<ul class=\"wp-block-list\">\n<li>Evler ve ofisler i\u00e7in i\u00e7 ve d\u0131\u015f merdiven ayd\u0131nlatmas\u0131.<\/li>\n\n\n\n<li>Ad\u0131m y\u00fckseltici ayd\u0131nlatmas\u0131 ile daha iyi g\u00fcvenlik.<\/li>\n\n\n\n<li>D\u0131\u015f mekan hissi katmak i\u00e7in deck ve teraslar i\u00e7in ad\u0131mlar.<\/li>\n\n\n\n<li>Otel, restoran ve sinema gibi i\u015f yerleri.<\/li>\n\n\n\n<li>Evlerde merdivenleri g\u00fcncellemek.<\/li>\n<\/ul>\n<\/div>\n\n\n\n<div class=\"wp-block-group has-background\" style=\"background-color:#f1f1f1;padding-top:var(--wp--preset--spacing--80);padding-bottom:var(--wp--preset--spacing--80)\"><div class=\"wp-block-group__inner-container is-layout-constrained wp-block-group-is-layout-constrained\">\n<h2 class=\"wp-block-heading\" style=\"padding-top:var(--wp--preset--spacing--40);padding-bottom:var(--wp--preset--spacing--40);font-size:25px;font-style:normal;font-weight:600;text-transform:capitalize\">Be\u011fenebilece\u011finiz \u0130lgili \u00dcr\u00fcnler<\/h2>\n\n\n\n<ul class=\"wp-block-list\">\n<li><a href=\"https:\/\/tangooled.com\/tr\/urun\/black-led-diffuser-aluminum-channel-for-12mm-tape-lights\/\"><mark style=\"background-color:rgba(0, 0, 0, 0)\" class=\"has-inline-color has-vivid-red-color\">12 mm bant i\u015f\u0131klar\u0131 i\u00e7in siyah LED dif\u00fcz\u00f6r al\u00fcminyum kanal\u0131<\/mark><\/a>.<\/li>\n\n\n\n<li><a href=\"https:\/\/tangooled.com\/tr\/urun\/surface-mount-led-profile-with-frosted-diffuser-for-10mm-rope-lights\/\"><mark style=\"background-color:rgba(0, 0, 0, 0)\" class=\"has-inline-color has-vivid-red-color\">10 mm kablo \u0131\u015f\u0131klar\u0131 i\u00e7in frosted dif\u00fcz\u00f6rl\u00fc y\u00fczey montaj LED profili<\/mark><\/a>.<\/li>\n\n\n\n<li><a href=\"https:\/\/tangooled.com\/tr\/urun\/25x14m-surface-mounted-led-light-aluminum-profile\/\"><mark style=\"background-color:rgba(0, 0, 0, 0)\" class=\"has-inline-color has-vivid-red-color\">25x14mm y\u00fczeye montaj LED \u0131\u015f\u0131k al\u00fcminyum profili.<\/mark><\/a><\/li>\n\n\n\n<li><a href=\"https:\/\/tangooled.com\/tr\/urun\/18x9mm-led-tape-light-profile-for-surface-installation\/\"><mark style=\"background-color:rgba(0, 0, 0, 0)\" class=\"has-inline-color has-vivid-red-color\">Y\u00fczeye montaj i\u00e7in 18x9mm LED bant profili.<\/mark><\/a><\/li>\n<\/ul>\n<\/div><\/div>\n\n\n\n<p><\/p>","protected":false},"featured_media":13596,"template":"","meta":{"_acf_changed":true,"_seopress_robots_primary_cat":"none","_seopress_titles_title":"Anti-Slip Staircase LED Profile with Rubber STP03 | TANGOOLED","_seopress_titles_desc":"The STP03 is a heavy-duty staircase led profile with a rubber strip for enhanced safety. Designed for 12mm LED tape lights, this anti-slip nosing profile combines professional lighting with grip protection for commercial stairs.","_seopress_robots_index":""},"pcb-width":[228],"product-cat":[200],"class_list":{"0":"post-42195","1":"product","2":"type-product","3":"status-publish","4":"has-post-thumbnail","6":"pcb-width-6-12mm","7":"product-cat-stair-nosing-profile"},"acf":[],"_links":{"self":[{"href":"https:\/\/tangooled.com\/tr\/wp-json\/wp\/v2\/product\/42195","targetHints":{"allow":["GET"]}}],"collection":[{"href":"https:\/\/tangooled.com\/tr\/wp-json\/wp\/v2\/product"}],"about":[{"href":"https:\/\/tangooled.com\/tr\/wp-json\/wp\/v2\/types\/product"}],"wp:featuredmedia":[{"embeddable":true,"href":"https:\/\/tangooled.com\/tr\/wp-json\/wp\/v2\/media\/13596"}],"wp:attachment":[{"href":"https:\/\/tangooled.com\/tr\/wp-json\/wp\/v2\/media?parent=42195"}],"wp:term":[{"taxonomy":"pcb-width","embeddable":true,"href":"https:\/\/tangooled.com\/tr\/wp-json\/wp\/v2\/pcb-width?post=42195"},{"taxonomy":"product-cat","embeddable":true,"href":"https:\/\/tangooled.com\/tr\/wp-json\/wp\/v2\/product-cat?post=42195"}],"curies":[{"name":"wp","href":"https:\/\/api.w.org\/{rel}","templated":true}]}}