{"id":42193,"date":"2025-12-17T05:01:46","date_gmt":"2025-12-17T13:01:46","guid":{"rendered":"https:\/\/tangooled.com\/?post_type=product&#038;p=42193"},"modified":"2026-02-02T01:59:11","modified_gmt":"2026-02-02T09:59:11","slug":"45-degree-up-lighting-led-stair-aluminum-channel","status":"publish","type":"product","link":"https:\/\/tangooled.com\/tr\/urun\/45-degree-up-lighting-led-stair-aluminum-channel\/","title":{"rendered":"45 derece yukar\u0131 ayd\u0131nlatmal\u0131 LED merdiven al\u00fcminyum kanal\u0131"},"content":{"rendered":"<div class=\"wp-block-group is-vertical is-layout-flex wp-container-core-group-is-layout-d255d7c4 wp-block-group-is-layout-flex\" style=\"padding-top:var(--wp--preset--spacing--80);padding-bottom:var(--wp--preset--spacing--80)\">\n<p>Merdivenlerinizi ve alanlar\u0131n\u0131z\u0131 45 derece yukar\u0131 ayd\u0131nlatmal\u0131 LED merdiven kanal\u0131 ile ayd\u0131nlat\u0131n. Dayan\u0131kl\u0131 anodize al\u00fcminyumdan \u00fcretilmi\u015ftir, bu da LED \u015ferit \u0131\u015f\u0131klar\u0131n\u0131z\u0131 g\u00fcvende tutar ve \u0131\u015f\u0131\u011f\u0131 m\u00fckemmel bir 45 derece a\u00e7\u0131yla g\u00f6sterir.<\/p>\n\n\n\n<p>This LED stair channel has an inner width of 12.2 mm, which allows for most LED strips that are 10 mm or 12 mm wide. It&#8217;s very easy to put this LED stair aluminum channel in place. Just screw it to the edge of the stair tread, and the serrations on the surface work as a non-slip barrier, making it safer to go up and down the stairs.<\/p>\n\n\n\n<p>45 derecelik yukar\u0131 ayd\u0131nlatmal\u0131 al\u00fcminyum merdiven kenar kaplamam\u0131z, merdiveninizi vurgulay\u0131p g\u00f6r\u00fcn\u00fcrl\u00fc\u011f\u00fcn\u00fc art\u0131r\u0131r. Bu profil, merdivenlerinizin varl\u0131\u011f\u0131n\u0131 ve mimarisini etkili bir \u015fekilde vurgulayan \u00e7apraz yukar\u0131ya \u0131\u015f\u0131k sa\u00e7ar. Bu belirgin ayd\u0131nlatma tarz\u0131, merdivenlerden yukar\u0131 \u00e7\u0131kanlar\u0131 y\u00f6nlendirirken mek\u00e2na modern ve \u00e7arp\u0131c\u0131 bir unsur katar. Evlerde, ofislerde, otellerde ve d\u0131\u015f mekanlarda m\u00fckemmeldir.<\/p>\n<\/div>\n\n\n\n<div class=\"wp-block-group has-background is-vertical is-layout-flex wp-container-core-group-is-layout-d255d7c4 wp-block-group-is-layout-flex\" style=\"background-color:#f1f1f1;padding-top:var(--wp--preset--spacing--80);padding-bottom:var(--wp--preset--spacing--80)\">\n<div class=\"wp-block-group is-vertical is-layout-flex wp-container-core-group-is-layout-8cf370e7 wp-block-group-is-layout-flex\">\n<h2 class=\"wp-block-heading\" style=\"padding-top:var(--wp--preset--spacing--40);padding-bottom:var(--wp--preset--spacing--40);font-size:25px;font-style:normal;font-weight:600;text-transform:capitalize\">Neden 45 Derece Yukar\u0131 Ayd\u0131nlatmal\u0131 LED Merdiven Kanal\u0131m\u0131z\u0131 Se\u00e7melisiniz?<\/h2>\n\n\n\n<ul class=\"wp-block-list\">\n<li>LED'lerinizi parlak ve uzun \u00f6m\u00fcrl\u00fc tutmak i\u00e7in \u0131s\u0131y\u0131 emen dayan\u0131kl\u0131 metalden yap\u0131lm\u0131\u015ft\u0131r.<\/li>\n\n\n\n<li>12 mm geni\u015fli\u011fe kadar olan LED \u015feritlerini al\u0131r, bu da bir\u00e7ok tan\u0131nm\u0131\u015f LED bantlar i\u00e7in harika bir se\u00e7imdir.<\/li>\n\n\n\n<li>I\u015f\u0131\u011f\u0131 yumu\u015fatan ve g\u00f6zleri yormayan p\u00fcr\u00fczs\u00fcz, donuk bir dif\u00fcz\u00f6r kapa\u011f\u0131.<\/li>\n\n\n\n<li>Opsiyonel kaymaz y\u00fczeyi sayesinde merdivenlerde kaymas\u0131 zor.<\/li>\n\n\n\n<li>Merdiven \u00e7\u0131k\u0131nt\u0131lar\u0131na vidalayarak kolayca monte edilir.<\/li>\n\n\n\n<li>\u0130\u00e7 mekanlarda ve d\u0131\u015farda \u00e7al\u0131\u015f\u0131r (su ge\u00e7irmez LED \u015feritleri kullan\u0131n ve u\u00e7lar\u0131n\u0131 kapat\u0131n)<\/li>\n<\/ul>\n<\/div>\n<\/div>\n\n\n\n<div class=\"wp-block-group\" style=\"padding-top:var(--wp--preset--spacing--60);padding-bottom:var(--wp--preset--spacing--60)\"><div class=\"wp-block-group__inner-container is-layout-constrained wp-block-group-is-layout-constrained\">\n<div class=\"wp-block-media-text has-media-on-the-right is-stacked-on-mobile\" style=\"grid-template-columns:auto 40%\"><div class=\"wp-block-media-text__content\">\n<h2 class=\"wp-block-heading\" style=\"padding-top:var(--wp--preset--spacing--40);padding-bottom:var(--wp--preset--spacing--40);font-size:25px;font-style:normal;font-weight:600;text-transform:capitalize\">45 Derece Yukar\u0131 Ayd\u0131nlatmal\u0131 LED Merdiven Kanal\u0131m\u0131z\u0131 Nas\u0131l Kullan\u0131rs\u0131n\u0131z?<\/h2>\n\n\n\n<ul class=\"wp-block-list\">\n<li>Profilin do\u011fru boyutunu kesmek i\u00e7in bir testere kullan\u0131n.<\/li>\n\n\n\n<li>10mm LED \u015feritlerinizi kanala yerle\u015ftirin.<\/li>\n\n\n\n<li>I\u015f\u0131\u011f\u0131 yumu\u015fatmak i\u00e7in dif\u00fcz\u00f6r kapa\u011f\u0131n\u0131 yerine tak\u0131n.<\/li>\n\n\n\n<li>D\u00fczenli ve \u015f\u0131k g\u00f6r\u00fcnmesi i\u00e7in u\u00e7 kapaklar\u0131 tak\u0131n.<\/li>\n\n\n\n<li>Profili merdiven kenar\u0131na vidalarla sabitleyin.<\/li>\n\n\n\n<li>LED \u015feridinizi bir g\u00fc\u00e7 kayna\u011f\u0131na ba\u011flay\u0131n.<\/li>\n<\/ul>\n<\/div><figure class=\"wp-block-media-text__media\"><img loading=\"lazy\" decoding=\"async\" width=\"500\" height=\"500\" src=\"https:\/\/tangooled.com\/wp-content\/uploads\/2025\/12\/stp02-ins.webp\" alt=\"45 degree up lighting led stair aluminum channel\" class=\"wp-image-42207 size-full\" srcset=\"https:\/\/tangooled.com\/wp-content\/uploads\/2025\/12\/stp02-ins.webp 500w, https:\/\/tangooled.com\/wp-content\/uploads\/2025\/12\/stp02-ins-300x300.webp 300w, https:\/\/tangooled.com\/wp-content\/uploads\/2025\/12\/stp02-ins-150x150.webp 150w\" sizes=\"auto, (max-width: 500px) 100vw, 500px\" \/><\/figure><\/div>\n<\/div><\/div>\n\n\n\n<div class=\"wp-block-group has-background is-vertical is-layout-flex wp-container-core-group-is-layout-b429018a wp-block-group-is-layout-flex\" style=\"background-color:#f1f1f1f2;padding-top:var(--wp--preset--spacing--70);padding-bottom:var(--wp--preset--spacing--70)\">\n<h2 class=\"wp-block-heading\" style=\"padding-top:var(--wp--preset--spacing--40);padding-bottom:var(--wp--preset--spacing--40);font-size:25px;font-style:normal;font-weight:600\">Kutu \u0130\u00e7inde Neler Var?<\/h2>\n\n\n\n<ul class=\"wp-block-list\">\n<li>1 x 45 derece al\u00fcminyum kanal (uzunluk tercihiniz)<\/li>\n\n\n\n<li>1 x donuk veya \u015feffaf dif\u00fcz\u00f6r lensi<\/li>\n\n\n\n<li>2 u\u00e7 kapa\u011f\u0131 (birinde kablolar i\u00e7in delik var)<\/li>\n<\/ul>\n<\/div>\n\n\n\n<div class=\"wp-block-group is-vertical is-layout-flex wp-container-core-group-is-layout-d255d7c4 wp-block-group-is-layout-flex\" style=\"padding-top:var(--wp--preset--spacing--80);padding-bottom:var(--wp--preset--spacing--80)\">\n<h2 class=\"wp-block-heading\" style=\"padding-top:var(--wp--preset--spacing--40);padding-bottom:var(--wp--preset--spacing--40);font-size:25px;font-style:normal;font-weight:600;text-transform:capitalize\">Tangooled'den \u0130lgili \u00dcr\u00fcnler<\/h2>\n\n\n\n<ul class=\"wp-block-list\">\n<li><a href=\"https:\/\/tangooled.com\/tr\/urun\/black-led-profile-with-black-diffuser-for-10mm-led-strip-light\/\"><mark style=\"background-color:rgba(0, 0, 0, 0)\" class=\"has-inline-color has-vivid-red-color\">10mm LED \u015eerit Ayd\u0131nlatma i\u00e7in Siyah Dif\u00fcz\u00f6rl\u00fc Siyah LED Profili<\/mark><\/a><\/li>\n\n\n\n<li><a href=\"https:\/\/tangooled.com\/tr\/urun\/black-led-diffuser-aluminum-channel-for-12mm-tape-lights\/\"><mark style=\"background-color:rgba(0, 0, 0, 0)\" class=\"has-inline-color has-vivid-red-color\">12 mm \u015eerit I\u015f\u0131klar i\u00e7in Siyah LED Dif\u00fcz\u00f6r Al\u00fcminyum Kanal<\/mark><\/a><\/li>\n\n\n\n<li><a href=\"https:\/\/tangooled.com\/tr\/urun\/led-strip-light-channel-aluminum-profile-with-diffused-cover-6mm-height\/\"><mark style=\"background-color:rgba(0, 0, 0, 0)\" class=\"has-inline-color has-vivid-red-color\">Dif\u00fcz\u00f6r Kapakl\u0131 6mm Y\u00fckseklikteki LED \u015eerit I\u015f\u0131k Kanal\u0131 Al\u00fcminyum Profili<\/mark><\/a><\/li>\n\n\n\n<li><a href=\"https:\/\/tangooled.com\/tr\/urun\/surface-mount-led-profile-with-frosted-diffuser-for-10mm-rope-lights\/\"><mark style=\"background-color:rgba(0, 0, 0, 0)\" class=\"has-inline-color has-vivid-red-color\">10mm Tel Ayd\u0131nlatmalar\u0131 i\u00e7in Buzlu Dif\u00fcz\u00f6rl\u00fc Y\u00fczeye Montaj LED Profili<\/mark><\/a>\u00a0<\/li>\n<\/ul>\n<\/div>\n\n\n\n<div class=\"wp-block-group has-background\" style=\"background-color:#f1f1f1;padding-top:var(--wp--preset--spacing--80);padding-bottom:var(--wp--preset--spacing--80)\"><div class=\"wp-block-group__inner-container is-layout-constrained wp-block-group-is-layout-constrained\">\n<h2 class=\"wp-block-heading\" style=\"padding-top:var(--wp--preset--spacing--40);padding-bottom:var(--wp--preset--spacing--40);font-size:25px;font-style:normal;font-weight:600;text-transform:capitalize\">\u00d6zet<\/h2>\n\n\n\n<p style=\"padding-right:var(--wp--preset--spacing--50);padding-left:var(--wp--preset--spacing--50)\">45 derece yukar\u0131 ayd\u0131nlatmal\u0131 LED merdiven kanal\u0131 al\u00fcminyum profilimiz, lineer merdiven ayd\u0131nlatmas\u0131 eklemenin sa\u011flam ve ak\u0131ll\u0131 bir yoludur. LED \u015feritlerinizi korur, donuk dif\u00fcz\u00f6r\u00fc ile yumu\u015fak, temiz \u0131\u015f\u0131k verir ve bir\u00e7ok LED \u015ferit tipine uygundur. Mimari ayd\u0131nlatma, alt dolap \u00e7al\u0131\u015fma \u0131\u015f\u0131klar\u0131 veya \u015f\u0131kl\u0131kla merdiven g\u00fcvenli\u011fi i\u00e7in kullanabilirsiniz.<\/p>\n<\/div><\/div>\n\n\n\n<p><\/p>","protected":false},"featured_media":13550,"template":"","meta":{"_acf_changed":true,"_seopress_robots_primary_cat":"none","_seopress_titles_title":"45 Degree Up-Lighting LED Stair Channel Profile STP02 | TANGOOLED","_seopress_titles_desc":"The STP02 is a 45 degree up lighting led stair channel designed for indirect step illumination. This angled aluminum profile creates a soft upward glow, perfect for floating staircases and architectural accents.","_seopress_robots_index":""},"pcb-width":[228],"product-cat":[200],"class_list":{"0":"post-42193","1":"product","2":"type-product","3":"status-publish","4":"has-post-thumbnail","6":"pcb-width-6-12mm","7":"product-cat-stair-nosing-profile"},"acf":[],"_links":{"self":[{"href":"https:\/\/tangooled.com\/tr\/wp-json\/wp\/v2\/product\/42193","targetHints":{"allow":["GET"]}}],"collection":[{"href":"https:\/\/tangooled.com\/tr\/wp-json\/wp\/v2\/product"}],"about":[{"href":"https:\/\/tangooled.com\/tr\/wp-json\/wp\/v2\/types\/product"}],"wp:featuredmedia":[{"embeddable":true,"href":"https:\/\/tangooled.com\/tr\/wp-json\/wp\/v2\/media\/13550"}],"wp:attachment":[{"href":"https:\/\/tangooled.com\/tr\/wp-json\/wp\/v2\/media?parent=42193"}],"wp:term":[{"taxonomy":"pcb-width","embeddable":true,"href":"https:\/\/tangooled.com\/tr\/wp-json\/wp\/v2\/pcb-width?post=42193"},{"taxonomy":"product-cat","embeddable":true,"href":"https:\/\/tangooled.com\/tr\/wp-json\/wp\/v2\/product-cat?post=42193"}],"curies":[{"name":"wp","href":"https:\/\/api.w.org\/{rel}","templated":true}]}}