{"id":42190,"date":"2025-12-17T02:11:57","date_gmt":"2025-12-17T10:11:57","guid":{"rendered":"https:\/\/tangooled.com\/?post_type=product&#038;p=42190"},"modified":"2026-02-02T02:07:16","modified_gmt":"2026-02-02T10:07:16","slug":"80mm-large-360-degree-glowing-led-extrusion-vertical-pendant-rsc80","status":"publish","type":"product","link":"https:\/\/tangooled.com\/tr\/urun\/80mm-large-360-degree-glowing-led-extrusion-vertical-pendant-rsc80\/","title":{"rendered":"80mm B\u00fcy\u00fck 360\u00b0 Parlayan LED Ekstr\u00fczyon B\u00fcy\u00fck S\u00fcspansiyonlar i\u00e7in"},"content":{"rendered":"<div class=\"wp-block-group is-vertical is-layout-flex wp-container-core-group-is-layout-d255d7c4 wp-block-group-is-layout-flex\" style=\"padding-top:var(--wp--preset--spacing--80);padding-bottom:var(--wp--preset--spacing--80)\">\n<p>Modern ve g\u00fc\u00e7l\u00fc 80mm \u00e7ap\u0131nda b\u00fcy\u00fck 360 derece parlayan LED ekstr\u00fczyon, alan\u0131n\u0131z\u0131 \u00fcst\u00fcn bir parlakl\u0131kla doldurmak i\u00e7in yap\u0131lm\u0131\u015ft\u0131r. Bu LED ekstr\u00fczyon, y\u00fcksek kaliteli 6063-T5 al\u00fcminyumdan \u00fcretilmi\u015ftir ve \u0131s\u0131y\u0131 m\u00fcmk\u00fcn oldu\u011funca verimli bir \u015fekilde salarken bir\u00e7ok LED \u015feridini tutacak \u015fekilde tasarlanm\u0131\u015ft\u0131r. Ayd\u0131nlatma armat\u00fcr\u00fc, g\u00fczel, d\u00fczg\u00fcn, parlak ve noktalar i\u00e7ermeyen 360 derece \u0131\u015f\u0131k yayan b\u00fcy\u00fck, kavisli opal dif\u00fcz\u00f6re sahiptir.<\/p>\n\n\n\n<p>Bu 80mm b\u00fcy\u00fck 360 derece LED ekstr\u00fczyon, cesur ve \u015f\u0131k ayd\u0131nlatma \u00e7\u00f6z\u00fcmleri isteyen mimarlar, tasar\u0131mc\u0131lar ve DIY merakl\u0131lar\u0131 i\u00e7in ideal bir se\u00e7enektir. Ofislerde, konferans merkezlerinde, otellerde ve etkileyici, y\u00fcksek etkili lineer s\u00fcspansiyon lambalar\u0131na ihtiya\u00e7 duyan y\u00fcksek tavanl\u0131 ticari alanlarda harika \u00e7al\u0131\u015f\u0131r.<\/p>\n<\/div>\n\n\n\n<div class=\"wp-block-group has-background is-vertical is-layout-flex wp-container-core-group-is-layout-d255d7c4 wp-block-group-is-layout-flex\" style=\"background-color:#f1f1f1;padding-top:var(--wp--preset--spacing--80);padding-bottom:var(--wp--preset--spacing--80)\">\n<div class=\"wp-block-group is-vertical is-layout-flex wp-container-core-group-is-layout-8cf370e7 wp-block-group-is-layout-flex\">\n<h2 class=\"wp-block-heading\" style=\"padding-top:var(--wp--preset--spacing--40);padding-bottom:var(--wp--preset--spacing--40);font-size:25px;font-style:normal;font-weight:600;text-transform:capitalize\">Neden bu 80mm b\u00fcy\u00fck 360 derece parlayan LED ekstr\u00fczyonu se\u00e7melisiniz<\/h2>\n\n\n\n<ul class=\"wp-block-list\">\n<li>B\u00fcy\u00fck 360 derece ayd\u0131nlatma LED profili \u00e7ap\u0131 80mm, asma \u0131\u015f\u0131klar i\u00e7in harikad\u0131r.<\/li>\n\n\n\n<li>Birden fazla \u015ferit ile \u00e7al\u0131\u015fabilir; SMD 2835, 5050 ve 3528 gibi 15mm geni\u015fli\u011fe kadar \u00e7ift s\u0131ra&nbsp;LED \u015feritlerini tutabilir.<\/li>\n\n\n\n<li>A\u015fa\u011f\u0131 sarkan tasar\u0131m ile ayarlanabilir \u00e7elik teller, farkl\u0131 y\u00fcksekliklerde ve konumlarda kolay kurulum sa\u011flar.<\/li>\n\n\n\n<li>Anodize al\u00fcminyum 6063-T5, \u0131s\u0131n\u0131n h\u0131zl\u0131 bir \u015fekilde ka\u00e7mas\u0131na izin vererek LED'lerin \u00f6mr\u00fcn\u00fc uzat\u0131r.<\/li>\n\n\n\n<li>Opal polikarbonat dif\u00fcz\u00f6r, \u0131\u015f\u0131\u011f\u0131n d\u00fczg\u00fcn, e\u015fit ve parlamas\u0131z olmas\u0131n\u0131 sa\u011flar.<\/li>\n<\/ul>\n<\/div>\n<\/div>\n\n\n\n<div class=\"wp-block-group\" style=\"padding-top:var(--wp--preset--spacing--80);padding-bottom:var(--wp--preset--spacing--80)\"><div class=\"wp-block-group__inner-container is-layout-constrained wp-block-group-is-layout-constrained\">\n<div class=\"wp-block-media-text has-media-on-the-right is-stacked-on-mobile\"><div class=\"wp-block-media-text__content\">\n<h2 class=\"wp-block-heading\" style=\"padding-top:var(--wp--preset--spacing--40);padding-bottom:var(--wp--preset--spacing--40);font-size:25px;font-style:normal;font-weight:600;text-transform:capitalize\">Nas\u0131l Kurulur ve Kullan\u0131l\u0131r<\/h2>\n\n\n\n<ul class=\"wp-block-list\">\n<li>As\u0131l\u0131 al\u00fcminyum ekstr\u00fczyon, asmay\u0131 kolayla\u015ft\u0131ran \u00e7elik teller ile birlikte gelir.<\/li>\n\n\n\n<li>Ekstr\u00fczyonu, kendi projeniz i\u00e7in ihtiya\u00e7 duydu\u011funuz uzunlukta kesin.<\/li>\n\n\n\n<li>SMD 2835, 5050 veya di\u011fer uygun LED \u015feritlerinizi kanala yerle\u015ftirin.<\/li>\n\n\n\n<li>To achieve light that is smooth and doesn&#8217;t cause glare, put the opal diffuser over the strips.<\/li>\n\n\n\n<li>Tasar\u0131m\u0131 tamamlamak ve \u015feritleri toz ve hasardan korumak i\u00e7in u\u00e7 kapaklar ekleyin.<\/li>\n<\/ul>\n<\/div><figure class=\"wp-block-media-text__media\"><img loading=\"lazy\" decoding=\"async\" width=\"500\" height=\"500\" src=\"https:\/\/tangooled.com\/wp-content\/uploads\/2025\/12\/rc.webp\" alt=\"50mm vertical pendant led tube profile 360 degree lighting\" class=\"wp-image-42373 size-full\" srcset=\"https:\/\/tangooled.com\/wp-content\/uploads\/2025\/12\/rc.webp 500w, https:\/\/tangooled.com\/wp-content\/uploads\/2025\/12\/rc-300x300.webp 300w, https:\/\/tangooled.com\/wp-content\/uploads\/2025\/12\/rc-150x150.webp 150w\" sizes=\"auto, (max-width: 500px) 100vw, 500px\" \/><\/figure><\/div>\n<\/div><\/div>\n\n\n\n<div class=\"wp-block-group has-background\" style=\"background-color:#f1f1f1;padding-top:var(--wp--preset--spacing--80);padding-bottom:var(--wp--preset--spacing--80)\"><div class=\"wp-block-group__inner-container is-layout-constrained wp-block-group-is-layout-constrained\">\n<h2 class=\"wp-block-heading\" style=\"padding-top:var(--wp--preset--spacing--40);padding-bottom:var(--wp--preset--spacing--40);font-size:25px;font-style:normal;font-weight:600;text-transform:capitalize\">What&#8217;s in the kit<\/h2>\n\n\n\n<ul class=\"wp-block-list\">\n<li>1x LED \u015feritleri i\u00e7in anodize al\u00fcminyum \u015ferit \u00e7ubu\u011fu<\/li>\n\n\n\n<li>1x Opal t\u00fcp dif\u00fcz\u00f6r<\/li>\n\n\n\n<li>\u0130ki metal u\u00e7 kapa\u011f\u0131<\/li>\n\n\n\n<li>Ask\u0131 kiti<\/li>\n<\/ul>\n<\/div><\/div>\n\n\n\n<div class=\"wp-block-group is-vertical is-layout-flex wp-container-core-group-is-layout-d255d7c4 wp-block-group-is-layout-flex\" style=\"padding-top:var(--wp--preset--spacing--80);padding-bottom:var(--wp--preset--spacing--80)\">\n<h2 class=\"wp-block-heading\" style=\"padding-top:var(--wp--preset--spacing--40);padding-bottom:var(--wp--preset--spacing--40);font-size:25px;font-style:normal;font-weight:600;text-transform:capitalize\">Daha fazla profil \u00e7\u00f6z\u00fcm\u00fc ke\u015ffedin<\/h2>\n\n\n\n<ul class=\"wp-block-list\">\n<li><a href=\"https:\/\/tangooled.com\/tr\/urun\/black-led-diffuser-aluminum-channel-for-12mm-tape-lights\/\"><mark style=\"background-color:rgba(0, 0, 0, 0)\" class=\"has-inline-color has-vivid-red-color\">12 mm \u015eerit I\u015f\u0131klar i\u00e7in Siyah LED Dif\u00fcz\u00f6r Al\u00fcminyum Kanal<\/mark><\/a><\/li>\n\n\n\n<li><a href=\"https:\/\/tangooled.com\/tr\/urun\/surface-mount-led-profile-with-frosted-diffuser-for-10mm-rope-lights\/\"><mark style=\"background-color:rgba(0, 0, 0, 0)\" class=\"has-inline-color has-vivid-red-color\">10mm Tel Ayd\u0131nlatmalar\u0131 i\u00e7in Buzlu Dif\u00fcz\u00f6rl\u00fc Y\u00fczeye Montaj LED Profili<\/mark><\/a><\/li>\n<\/ul>\n\n\n\n<p>Bug\u00fcn bu 80mm dairesel al\u00fcminyum LED ekstr\u00fczyonunu ayd\u0131nlatma kitinize al\u0131n ve uzun s\u00fcre dayan\u0131kl\u0131 ve parlak parlayan \u00e7ok \u015feritli halka \u0131\u015f\u0131klar\u0131 in\u015fa edin!<\/p>\n<\/div>\n\n\n\n<p><\/p>","protected":false},"featured_media":13421,"template":"","meta":{"_acf_changed":true,"_seopress_robots_primary_cat":"none","_seopress_titles_title":"80mm Large 360\u00b0 Glowing LED Extrusion | High-Lumen Round Fixture RSC80","_seopress_titles_desc":"The RSC80 is a heavy-duty 80mm large 360 degree glowing led extrusion. Designed for high-output illumination in large halls, lobbies, and open offices.","_seopress_robots_index":""},"pcb-width":[228],"product-cat":[234],"class_list":{"0":"post-42190","1":"product","2":"type-product","3":"status-publish","4":"has-post-thumbnail","6":"pcb-width-6-12mm","7":"product-cat-round-tube-profile"},"acf":[],"_links":{"self":[{"href":"https:\/\/tangooled.com\/tr\/wp-json\/wp\/v2\/product\/42190","targetHints":{"allow":["GET"]}}],"collection":[{"href":"https:\/\/tangooled.com\/tr\/wp-json\/wp\/v2\/product"}],"about":[{"href":"https:\/\/tangooled.com\/tr\/wp-json\/wp\/v2\/types\/product"}],"wp:featuredmedia":[{"embeddable":true,"href":"https:\/\/tangooled.com\/tr\/wp-json\/wp\/v2\/media\/13421"}],"wp:attachment":[{"href":"https:\/\/tangooled.com\/tr\/wp-json\/wp\/v2\/media?parent=42190"}],"wp:term":[{"taxonomy":"pcb-width","embeddable":true,"href":"https:\/\/tangooled.com\/tr\/wp-json\/wp\/v2\/pcb-width?post=42190"},{"taxonomy":"product-cat","embeddable":true,"href":"https:\/\/tangooled.com\/tr\/wp-json\/wp\/v2\/product-cat?post=42190"}],"curies":[{"name":"wp","href":"https:\/\/api.w.org\/{rel}","templated":true}]}}