{"id":42188,"date":"2025-12-17T02:07:33","date_gmt":"2025-12-17T10:07:33","guid":{"rendered":"https:\/\/tangooled.com\/?post_type=product&#038;p=42188"},"modified":"2026-02-02T02:07:45","modified_gmt":"2026-02-02T10:07:45","slug":"60mm-circular-360-degree-led-profile-for-multi-strips-rsc60","status":"publish","type":"product","link":"https:\/\/tangooled.com\/tr\/urun\/60mm-circular-360-degree-led-profile-for-multi-strips-rsc60\/","title":{"rendered":"RSC60: Y\u00fcksek \u00c7\u0131kt\u0131l\u0131 \u00c7oklu \u015eeritler i\u00e7in 60mm Dairevi 360\u00b0 LED Profil"},"content":{"rendered":"<div class=\"wp-block-group is-vertical is-layout-flex wp-container-core-group-is-layout-d255d7c4 wp-block-group-is-layout-flex\" style=\"padding-top:var(--wp--preset--spacing--80);padding-bottom:var(--wp--preset--spacing--80)\">\n<p>Our 60mm circular 360\u00b0 LED profile is a modern, round light housing that allows multi-strip LED setups disperse light evenly and smoothly. The large 60mm diameter profile is designed to hold and protect numerous LED strips inside. It has a wide, opal polycarbonate diffuser that emits a clean, dot-free LED light that wraps around the entire fixture. This makes sure that light comes from all sides.<\/p>\n\n\n\n<p>This high-quality LED profile has a big diameter and is perfect for producing pendant lights or continuous architectural lighting profiles. It looks elegant and spreads light evenly, so it&#8217;s a wonderful choice for modern lobbies, stores, offices, and any other place that needs good ambient light.<\/p>\n<\/div>\n\n\n\n<div class=\"wp-block-group has-background is-vertical is-layout-flex wp-container-core-group-is-layout-d255d7c4 wp-block-group-is-layout-flex\" style=\"background-color:#f1f1f1;padding-top:var(--wp--preset--spacing--80);padding-bottom:var(--wp--preset--spacing--80)\">\n<div class=\"wp-block-group is-vertical is-layout-flex wp-container-core-group-is-layout-8cf370e7 wp-block-group-is-layout-flex\">\n<h2 class=\"wp-block-heading\" style=\"padding-top:var(--wp--preset--spacing--40);padding-bottom:var(--wp--preset--spacing--40);font-size:25px;font-style:normal;font-weight:600;text-transform:capitalize\">\u00d6zellikler &amp; Avantajlar<\/h2>\n<\/div>\n\n\n\n<ul class=\"wp-block-list\">\n<li>Dif\u00fcz\u00f6rl\u00fc 360 derece ayd\u0131nlatma: Tam dairesel kontur, \u0131\u015f\u0131\u011f\u0131n karanl\u0131k lekeler olmadan etraf\u0131 sarmas\u0131n\u0131 sa\u011flar.<\/li>\n\n\n\n<li>Birden fazla LED \u015feridi destekler: \u0130\u00e7indeki al\u00fcminyum \u00e7ubuk, ayn\u0131 anda be\u015f LED \u015ferit \u0131\u015f\u0131\u011f\u0131 kullanman\u0131za izin veren be\u015fgen bir \u015fekle sahiptir.<\/li>\n\n\n\n<li>Is\u0131y\u0131 giderme konusunda daha iyi: Anodize al\u00fcminyum 6063-T5, LED'lerin daha uzun \u00f6m\u00fcrl\u00fc olmas\u0131n\u0131 sa\u011flamak i\u00e7in h\u0131zla so\u011fumalar\u0131na yard\u0131mc\u0131 olur.<\/li>\n\n\n\n<li>Long-lasting materials: The opal&nbsp;polycarbonate (PC) diffuser is UV-resistant and won&#8217;t become yellow.<\/li>\n\n\n\n<li>De\u011fi\u015ftirilebilir uzunluklar: Normal boyutlar olan 1m ve 2m ile temin edebilir ve projeye uymas\u0131 i\u00e7in k\u0131saltabilirsiniz.<\/li>\n<\/ul>\n<\/div>\n\n\n\n<div class=\"wp-block-group\" style=\"padding-top:var(--wp--preset--spacing--80);padding-bottom:var(--wp--preset--spacing--80)\"><div class=\"wp-block-group__inner-container is-layout-constrained wp-block-group-is-layout-constrained\">\n<div class=\"wp-block-media-text has-media-on-the-right is-stacked-on-mobile\" style=\"grid-template-columns:auto 40%\"><div class=\"wp-block-media-text__content\">\n<h2 class=\"wp-block-heading\" style=\"padding-top:var(--wp--preset--spacing--40);padding-bottom:var(--wp--preset--spacing--40);font-size:25px;font-style:normal;font-weight:600;text-transform:capitalize\">Nas\u0131l Kurulur<\/h2>\n\n\n\n<ul class=\"wp-block-list\">\n<li>Al\u00fcminyum kanal\u0131 istedi\u011finiz uzunlukta kesin.<\/li>\n\n\n\n<li>\u00c7oklu s\u0131radaki profile birden fazla LED \u015feridi yerle\u015ftirin.<\/li>\n\n\n\n<li>Opal PC dif\u00fcz\u00f6r\u00fc kanala tak\u0131n.<\/li>\n\n\n\n<li>U\u00e7 kapaklar\u0131 tak\u0131n ve kablolar\u0131 ba\u011flay\u0131n.<\/li>\n\n\n\n<li>Bir LED s\u00fcr\u00fcc\u00fcs\u00fcne ba\u011flay\u0131n ve e\u015fit \u0131\u015f\u0131k almak i\u00e7in a\u00e7\u0131n.<\/li>\n<\/ul>\n<\/div><figure class=\"wp-block-media-text__media\"><img loading=\"lazy\" decoding=\"async\" width=\"500\" height=\"500\" src=\"https:\/\/tangooled.com\/wp-content\/uploads\/2025\/12\/rc.webp\" alt=\"50mm vertical pendant led tube profile 360 degree lighting\" class=\"wp-image-42373 size-full\" srcset=\"https:\/\/tangooled.com\/wp-content\/uploads\/2025\/12\/rc.webp 500w, https:\/\/tangooled.com\/wp-content\/uploads\/2025\/12\/rc-300x300.webp 300w, https:\/\/tangooled.com\/wp-content\/uploads\/2025\/12\/rc-150x150.webp 150w\" sizes=\"auto, (max-width: 500px) 100vw, 500px\" \/><\/figure><\/div>\n<\/div><\/div>\n\n\n\n<div class=\"wp-block-group has-background is-vertical is-layout-flex wp-container-core-group-is-layout-b429018a wp-block-group-is-layout-flex\" style=\"background-color:#f1f1f1f2;padding-top:var(--wp--preset--spacing--70);padding-bottom:var(--wp--preset--spacing--70)\">\n<h2 class=\"wp-block-heading\" style=\"padding-top:var(--wp--preset--spacing--40);padding-bottom:var(--wp--preset--spacing--40);font-size:25px;font-style:normal;font-weight:600;text-transform:capitalize\">what&#8217;s in a kit?<\/h2>\n\n\n\n<ul class=\"wp-block-list\">\n<li>LED \u015feritleri i\u00e7in al\u00fcminyum \u00e7ubuk<\/li>\n\n\n\n<li>360 derece ayd\u0131nlatma t\u00fcp\u00fc<\/li>\n\n\n\n<li>Montaj i\u00e7in S\u00fcspansiyon Tel Kiti<\/li>\n\n\n\n<li>Kablolu veya kablosuz u\u00e7 kapaklar<\/li>\n<\/ul>\n<\/div>\n\n\n\n<div class=\"wp-block-group is-vertical is-layout-flex wp-container-core-group-is-layout-d255d7c4 wp-block-group-is-layout-flex\" style=\"padding-top:var(--wp--preset--spacing--80);padding-bottom:var(--wp--preset--spacing--80)\">\n<h2 class=\"wp-block-heading\" style=\"padding-top:var(--wp--preset--spacing--40);padding-bottom:var(--wp--preset--spacing--40);font-size:25px;font-style:normal;font-weight:600;text-transform:capitalize\">Neden 60mm dairesel 360 derece LED profilimizi se\u00e7melisiniz?<\/h2>\n\n\n\n<p>60mm dairesel 360 derece LED profilimiz y\u00fcksek kaliteli malzemelerle yap\u0131lm\u0131\u015ft\u0131r ve nokta i\u00e7ermeyen LED \u0131\u015f\u0131k yayar. Anodize al\u00fcminyum profil, \u0131s\u0131y\u0131 m\u00fcmk\u00fcn olan en h\u0131zl\u0131 \u015fekilde bo\u015falt\u0131lmas\u0131n\u0131 sa\u011flar, bu da LED'in \u00f6mr\u00fcn\u00fc uzat\u0131r. E\u015fit \u015fekilde \u0131\u015f\u0131k yayan yar\u0131 saydam bir dif\u00fcz\u00f6re sahiptir, bu da \u0131\u015f\u0131\u011f\u0131 a\u015f\u0131r\u0131 parlak veya karanl\u0131k yapmadan da\u011f\u0131t\u0131r.<br>B\u00fcy\u00fck \u00e7apl\u0131 bu 360 derece LED kanal\u0131, y\u00fcksek l\u00fcmen \u00e7\u0131k\u0131\u015f\u0131na sahip \u00e7oklu LED kurulumlar\u0131 i\u00e7in uygundur. Modern ofis tavanlar\u0131, otel lobileri, ma\u011fazalar ve evler gibi bir\u00e7ok farkl\u0131 mekanda kullan\u0131labilir.<\/p>\n<\/div>\n\n\n\n<div class=\"wp-block-group has-background\" style=\"background-color:#f1f1f1;padding-top:var(--wp--preset--spacing--80);padding-bottom:var(--wp--preset--spacing--80)\"><div class=\"wp-block-group__inner-container is-layout-constrained wp-block-group-is-layout-constrained\">\n<h2 class=\"wp-block-heading\" style=\"padding-top:var(--wp--preset--spacing--40);padding-bottom:var(--wp--preset--spacing--40);font-size:25px;font-style:normal;font-weight:600;text-transform:capitalize\">Be\u011fenebilece\u011finiz \u0130lgili \u00dcr\u00fcnler<\/h2>\n\n\n\n<ul class=\"wp-block-list\">\n<li><a href=\"https:\/\/tangooled.com\/tr\/urun\/diameter-40mm-round-aluminum-profile-for-led-strips-with-inner-width-30mm\/\"><mark style=\"background-color:rgba(0, 0, 0, 0)\" class=\"has-inline-color has-vivid-red-color\">\u0130\u00e7 Geni\u015fli\u011fi 30mm Olan 40mm \u00c7ap\u0131nda Dairevi Al\u00fcminyum Profil LED \u015eeritler i\u00e7in<\/mark><\/a><\/li>\n\n\n\n<li><a href=\"https:\/\/tangooled.com\/tr\/urun\/aluminum-profile-with-60-degree-lens-led-diffuser\/\"><mark style=\"background-color:rgba(0, 0, 0, 0)\" class=\"has-inline-color has-vivid-red-color\">60 derece lensli LED dif\u00fcz\u00f6r ile aluminyum profil<\/mark><\/a><\/li>\n\n\n\n<li><a href=\"https:\/\/tangooled.com\/tr\/urun\/surface-mount-led-profile-with-frosted-diffuser-for-10mm-rope-lights\/\"><mark style=\"background-color:rgba(0, 0, 0, 0)\" class=\"has-inline-color has-vivid-red-color\">10 mm kablo \u0131\u015f\u0131klar\u0131 i\u00e7in frosted dif\u00fcz\u00f6rl\u00fc y\u00fczey montaj LED profili<\/mark><\/a><\/li>\n\n\n\n<li><a href=\"https:\/\/tangooled.com\/tr\/urun\/black-aluminum-u-channel-profile-for-10mm-led-strips\/\"><mark style=\"background-color:rgba(0, 0, 0, 0)\" class=\"has-inline-color has-vivid-red-color\">10mm LED \u015feritler i\u00e7in siyah al\u00fcminyum U kanal\u0131 profili<\/mark><\/a><\/li>\n<\/ul>\n<\/div><\/div>\n\n\n\n<div class=\"wp-block-group\" style=\"padding-top:var(--wp--preset--spacing--80);padding-bottom:var(--wp--preset--spacing--80)\"><div class=\"wp-block-group__inner-container is-layout-constrained wp-block-group-is-layout-constrained\">\n<h2 class=\"wp-block-heading\" style=\"padding-top:var(--wp--preset--spacing--40);padding-bottom:var(--wp--preset--spacing--40);font-size:25px;font-style:normal;font-weight:600;text-transform:capitalize\">\u00f6zet<\/h2>\n\n\n\n<p>60mm dairesel 360 derece LED yuvarlak kanal\u0131, her y\u00f6ne \u0131\u015f\u0131k ihtiya\u00e7 duyan \u00e7oklu \u015ferit LED sistemleri i\u00e7in m\u00fckemmel olan y\u00fcksek kaliteli, ekstr\u00fcde bir t\u00fcp profilidir. Opal PC dif\u00fcz\u00f6r ve \u00fcst\u00fcn \u0131s\u0131 da\u011f\u0131l\u0131m\u0131 i\u00e7erir, bu da sark\u0131t lamba veya mimari ayd\u0131nlatma projenize temiz, profesyonel bir g\u00f6r\u00fcn\u00fcm kazand\u0131r\u0131r.<\/p>\n<\/div><\/div>\n\n\n\n<p><\/p>","protected":false},"featured_media":13407,"template":"","meta":{"_acf_changed":true,"_seopress_robots_primary_cat":"none","_seopress_titles_title":"60mm Circular 360\u00b0 LED Profile | Round Architectural Light Tube RSC60","_seopress_titles_desc":"The RSC60 is a professional 60mm circular 360 degree led profile. Achieve seamless, shadow-free lighting for modern commercial interiors and retail displays.","_seopress_robots_index":""},"pcb-width":[228],"product-cat":[234],"class_list":{"0":"post-42188","1":"product","2":"type-product","3":"status-publish","4":"has-post-thumbnail","6":"pcb-width-6-12mm","7":"product-cat-round-tube-profile"},"acf":[],"_links":{"self":[{"href":"https:\/\/tangooled.com\/tr\/wp-json\/wp\/v2\/product\/42188","targetHints":{"allow":["GET"]}}],"collection":[{"href":"https:\/\/tangooled.com\/tr\/wp-json\/wp\/v2\/product"}],"about":[{"href":"https:\/\/tangooled.com\/tr\/wp-json\/wp\/v2\/types\/product"}],"wp:featuredmedia":[{"embeddable":true,"href":"https:\/\/tangooled.com\/tr\/wp-json\/wp\/v2\/media\/13407"}],"wp:attachment":[{"href":"https:\/\/tangooled.com\/tr\/wp-json\/wp\/v2\/media?parent=42188"}],"wp:term":[{"taxonomy":"pcb-width","embeddable":true,"href":"https:\/\/tangooled.com\/tr\/wp-json\/wp\/v2\/pcb-width?post=42188"},{"taxonomy":"product-cat","embeddable":true,"href":"https:\/\/tangooled.com\/tr\/wp-json\/wp\/v2\/product-cat?post=42188"}],"curies":[{"name":"wp","href":"https:\/\/api.w.org\/{rel}","templated":true}]}}