{"id":42186,"date":"2025-12-17T01:58:53","date_gmt":"2025-12-17T09:58:53","guid":{"rendered":"https:\/\/tangooled.com\/?post_type=product&#038;p=42186"},"modified":"2026-02-02T02:08:33","modified_gmt":"2026-02-02T10:08:33","slug":"omnidirectional-pendant-led-tube-profile-rsc50","status":"publish","type":"product","link":"https:\/\/tangooled.com\/tr\/urun\/omnidirectional-pendant-led-tube-profile-rsc50\/","title":{"rendered":"RSC50: Asma Ekranlar i\u00e7in 50mm Omnidireksiyonel LED T\u00fcp Profil"},"content":{"rendered":"<div class=\"wp-block-group is-vertical is-layout-flex wp-container-core-group-is-layout-d255d7c4 wp-block-group-is-layout-flex\" style=\"padding-top:var(--wp--preset--spacing--80);padding-bottom:var(--wp--preset--spacing--80)\">\n<p>360 derece ayd\u0131nlatma i\u00e7in 50mm t\u00fcm y\u00f6nl\u00fc ask\u0131 LED t\u00fcp profilimize ho\u015f geldiniz! Bu benzersiz armat\u00fcr, mekan\u0131n\u0131z\u0131 parlak, homojen ayd\u0131nlatma ile d\u00f6n\u00fc\u015ft\u00fcrmek i\u00e7in tasarlanm\u0131\u015ft\u0131r. Bu g\u00fczel dikey ask\u0131 LED t\u00fcp, g\u00fc\u00e7l\u00fc bir al\u00fcminyum profilden yap\u0131lm\u0131\u015f olup, tavana as\u0131lmak i\u00e7in buzlu bir polikarbonat dif\u00fcz\u00f6r i\u00e7ermektedir.<\/p>\n\n\n\n<p>Bu tasar\u0131m\u0131n ana \u00f6zelli\u011fi, \u0131\u015f\u0131\u011f\u0131 her y\u00f6nde e\u015fit \u015fekilde yaymas\u0131n\u0131 sa\u011flayan 50mm \u00e7ap\u0131ndaki t\u00fcp\u00fcd\u00fcr. Bu, odan\u0131n tamam\u0131n\u0131n parlak ve e\u015fit \u015fekilde ayd\u0131nlat\u0131lmas\u0131n\u0131 sa\u011flayarak karanl\u0131k b\u00f6lgelerin olu\u015fmas\u0131n\u0131 \u00f6nler ve mekana canl\u0131 bir his katar. G\u00fc\u00e7l\u00fc al\u00fcminyum g\u00f6vde ayr\u0131ca iyi bir \u0131s\u0131 emici i\u015flevi g\u00f6rmektedir, bu da \u0131s\u0131y\u0131 atmak ve i\u00e7 LED \u015feritlerin \u00f6mr\u00fcn\u00fc uzatmak i\u00e7in \u00f6nemlidir.<\/p>\n\n\n\n<p>Bu g\u00fczel ask\u0131 t\u00fcp, ofislerde, d\u00fckkanlarda, yemek odalar\u0131nda ve y\u00fcksek tavana sahip lobilerde temiz, dikkat \u00e7ekici bir mimari \u00f6zelli\u011fe ihtiya\u00e7 duyuldu\u011funda iyi bir \u015fekilde \u00e7al\u0131\u015f\u0131r.<\/p>\n<\/div>\n\n\n\n<div class=\"wp-block-group has-background is-vertical is-layout-flex wp-container-core-group-is-layout-d255d7c4 wp-block-group-is-layout-flex\" style=\"background-color:#f1f1f1;padding-top:var(--wp--preset--spacing--80);padding-bottom:var(--wp--preset--spacing--80)\">\n<div class=\"wp-block-group is-vertical is-layout-flex wp-container-core-group-is-layout-8cf370e7 wp-block-group-is-layout-flex\">\n<h2 class=\"wp-block-heading\" style=\"padding-top:var(--wp--preset--spacing--40);padding-bottom:var(--wp--preset--spacing--40);font-size:25px;font-style:normal;font-weight:600;text-transform:capitalize\">Neden Bu 50mm T\u00fcm Y\u00f6nl\u00fc Ask\u0131 LED T\u00fcp Profilini Se\u00e7melisiniz?<\/h2>\n\n\n\n<ul class=\"wp-block-list\">\n<li>G\u00fc\u00e7l\u00fc ve e\u015fit alan ayd\u0131nlatmas\u0131 i\u00e7in tam 360 derece \u0131\u015f\u0131k emisyonu.<\/li>\n\n\n\n<li>Mimari ayd\u0131nlatma tasar\u0131m\u0131 ve oteller, d\u00fckkanlar gibi y\u00fcksek kaliteli ortamlar ile uyumlu bir stil.<\/li>\n\n\n\n<li>Parlakl\u0131\u011f\u0131 de\u011fi\u015ftirmek i\u00e7in dimlenebilir LED t\u00fcp teknolojisi ile \u00e7al\u0131\u015f\u0131r.<\/li>\n\n\n\n<li>Kolay kurulum i\u00e7in tavana asma sistemi ile birlikte gelir.<\/li>\n<\/ul>\n<\/div>\n<\/div>\n\n\n\n<div class=\"wp-block-group\" style=\"padding-top:var(--wp--preset--spacing--60);padding-bottom:var(--wp--preset--spacing--60)\"><div class=\"wp-block-group__inner-container is-layout-constrained wp-block-group-is-layout-constrained\">\n<div class=\"wp-block-media-text has-media-on-the-right is-stacked-on-mobile\" style=\"grid-template-columns:auto 40%\"><div class=\"wp-block-media-text__content\">\n<h2 class=\"wp-block-heading\" style=\"padding-top:var(--wp--preset--spacing--40);padding-bottom:var(--wp--preset--spacing--40);font-size:25px;font-style:normal;font-weight:600;text-transform:capitalize\">Kurulum ve \u00d6zelle\u015ftirme<\/h2>\n\n\n\n<ul class=\"wp-block-list\">\n<li>Kablolar ve tavan montajlar\u0131 ile birlikte gelen tam bir ask\u0131 kiti sat\u0131yoruz.<\/li>\n\n\n\n<li>Projeniz i\u00e7in ihtiya\u00e7 duydu\u011funuz tam uzunluklar\u0131 se\u00e7ebilirsiniz.<\/li>\n\n\n\n<li>Beyaz, siyah veya g\u00fcm\u00fc\u015f bir kaplama se\u00e7ebilir veya \u00f6zel bir renk tercih edebilirsiniz.<\/li>\n\n\n\n<li>Bir\u00e7ok kontrol cihaz\u0131yla \u00e7al\u0131\u015f\u0131r, bu nedenle herhangi bir binada veya ak\u0131ll\u0131 sistemde kullanabilirsiniz.<\/li>\n\n\n\n<li>Tasar\u0131m ihtiya\u00e7lar\u0131n\u0131za uygun olarak dikey olarak yerle\u015ftirebilirsiniz.<\/li>\n<\/ul>\n<\/div><figure class=\"wp-block-media-text__media\"><img loading=\"lazy\" decoding=\"async\" width=\"500\" height=\"500\" src=\"https:\/\/tangooled.com\/wp-content\/uploads\/2025\/12\/rc.webp\" alt=\"50mm vertical pendant led tube profile 360 degree lighting\" class=\"wp-image-42373 size-full\" srcset=\"https:\/\/tangooled.com\/wp-content\/uploads\/2025\/12\/rc.webp 500w, https:\/\/tangooled.com\/wp-content\/uploads\/2025\/12\/rc-300x300.webp 300w, https:\/\/tangooled.com\/wp-content\/uploads\/2025\/12\/rc-150x150.webp 150w\" sizes=\"auto, (max-width: 500px) 100vw, 500px\" \/><\/figure><\/div>\n<\/div><\/div>\n\n\n\n<div class=\"wp-block-group has-background is-vertical is-layout-flex wp-container-core-group-is-layout-b429018a wp-block-group-is-layout-flex\" style=\"background-color:#f1f1f1f2;padding-top:var(--wp--preset--spacing--70);padding-bottom:var(--wp--preset--spacing--70)\">\n<h2 class=\"wp-block-heading\" style=\"padding-top:var(--wp--preset--spacing--40);padding-bottom:var(--wp--preset--spacing--40);font-size:25px;font-style:normal;font-weight:600\">What\u2019s in the kit?<\/h2>\n\n\n\n<ul class=\"wp-block-list\">\n<li>LED \u015feritler i\u00e7in anodize al\u00fcminyum profil<\/li>\n\n\n\n<li>Bir adet 360 derece ayd\u0131nlatan polikarbonat t\u00fcp<\/li>\n\n\n\n<li>\u0130ki metal u\u00e7 kapa\u011f\u0131<\/li>\n\n\n\n<li>Bir ask\u0131 kablo kiti<\/li>\n<\/ul>\n<\/div>\n\n\n\n<div class=\"wp-block-group is-vertical is-layout-flex wp-container-core-group-is-layout-d255d7c4 wp-block-group-is-layout-flex\" style=\"padding-top:var(--wp--preset--spacing--80);padding-bottom:var(--wp--preset--spacing--80)\">\n<h2 class=\"wp-block-heading\" style=\"padding-top:var(--wp--preset--spacing--40);padding-bottom:var(--wp--preset--spacing--40);font-size:25px;font-style:normal;font-weight:600;text-transform:capitalize\">Bu I\u015f\u0131\u011f\u0131 Nas\u0131l Kullanabilirsiniz?<\/h2>\n\n\n\n<p>50mm dikey ask\u0131 LED t\u00fcp profilimiz 360 derece ayd\u0131nlatma i\u00e7in harikad\u0131r:<\/p>\n\n\n\n<ul class=\"wp-block-list\">\n<li>Parlak, e\u015fit \u0131\u015f\u0131k gerektiren ticari binalar\u0131 ve d\u00fckkanlar\u0131 ayd\u0131nlatmak i\u00e7in.<\/li>\n\n\n\n<li>Ofisinizi modern ayd\u0131nlatma armat\u00fcrleri ile yenileyin.<\/li>\n\n\n\n<li>\u0130nsanlar\u0131n kendilerini ho\u015f hissetmelerini sa\u011flayan oteller ve barlarda ayd\u0131nlatma.<\/li>\n\n\n\n<li>Gece kul\u00fcplerinde veya sahnede parlak renklerle g\u00f6steri yapmak.<\/li>\n\n\n\n<li>Restoranlar\u0131n veya sergi salonlar\u0131n\u0131n daha \u015f\u0131k g\u00f6r\u00fcnmesini sa\u011flamak.<\/li>\n\n\n\n<li>Lobiler, atriyumlar ve \u0131\u015f\u0131\u011f\u0131n bir ifadede bulundu\u011fu sergi stantlar\u0131.<\/li>\n<\/ul>\n<\/div>\n\n\n\n<div class=\"wp-block-group has-background\" style=\"background-color:#f1f1f1;padding-top:var(--wp--preset--spacing--80);padding-bottom:var(--wp--preset--spacing--80)\"><div class=\"wp-block-group__inner-container is-layout-constrained wp-block-group-is-layout-constrained\">\n<h2 class=\"wp-block-heading\" style=\"padding-top:var(--wp--preset--spacing--40);padding-bottom:var(--wp--preset--spacing--40);font-size:25px;font-style:normal;font-weight:600;text-transform:capitalize\">\u0130li\u015fkili \u00dcr\u00fcnler ve Kaynaklar<\/h2>\n\n\n\n<ul class=\"wp-block-list\">\n<li><a href=\"https:\/\/tangooled.com\/tr\/urun\/diffused-dia-60mm-360-degree-led-round-channel-profile-for-multi-strips\/\"><mark style=\"background-color:rgba(0, 0, 0, 0)\" class=\"has-inline-color has-vivid-red-color\">Birden fazla \u015ferit i\u00e7in dif\u00fcz\u00f6rl\u00fc Dia 60mm 360 Derece Yuvarlak Kanal Profili<\/mark><\/a><\/li>\n\n\n\n<li><a href=\"https:\/\/tangooled.com\/tr\/urun\/360-degree-illumination-round-led-profile-dia-80mm-for-vertical-pendant\/\"><mark style=\"background-color:rgba(0, 0, 0, 0)\" class=\"has-inline-color has-vivid-red-color\">Dikey ask\u0131 i\u00e7in 360 Derece ayd\u0131nlatma yuvarlak led profili dia 80mm<\/mark><\/a><\/li>\n\n\n\n<li><a href=\"https:\/\/tangooled.com\/tr\/urun\/diameter-40mm-round-aluminum-profile-for-led-strips-with-inner-width-30mm\/\"><mark style=\"background-color:rgba(0, 0, 0, 0)\" class=\"has-inline-color has-vivid-red-color\">\u0130\u00e7 Geni\u015fli\u011fi 30mm Olan 40mm \u00c7ap\u0131nda Dairevi Al\u00fcminyum Profil LED \u015eeritler i\u00e7in<\/mark><\/a><\/li>\n<\/ul>\n<\/div><\/div>\n\n\n\n<div class=\"wp-block-group\" style=\"padding-top:var(--wp--preset--spacing--80);padding-bottom:var(--wp--preset--spacing--80)\"><div class=\"wp-block-group__inner-container is-layout-constrained wp-block-group-is-layout-constrained\">\n<p>50mm t\u00fcm y\u00f6nl\u00fc ask\u0131 LED t\u00fcp profilimiz 360 derece ayd\u0131nlatma i\u00e7indir. Etraf\u0131n\u0131zda tam, g\u00fczel ve parlak bir \u0131\u015f\u0131k istiyorsan\u0131z, TG-RSC50 en iyi tercihtir. \u015eimdi net, parlak ve modern bir ayd\u0131nlatma \u00e7\u00f6z\u00fcm\u00fc i\u00e7in sipari\u015f verin!<\/p>\n<\/div><\/div>\n\n\n\n<p><\/p>","protected":false},"featured_media":13402,"template":"","meta":{"_acf_changed":true,"_seopress_robots_primary_cat":"none","_seopress_titles_title":"Omnidirectional Pendant LED Tube Profile 50mm RSC50 | TANGOOLED","_seopress_titles_desc":"The RSC50 is an omnidirectional pendant led tube profile designed for striking vertical or horizontal light displays. This 50mm circular profile delivers a seamless glow without shadows.","_seopress_robots_index":""},"pcb-width":[228],"product-cat":[234],"class_list":{"0":"post-42186","1":"product","2":"type-product","3":"status-publish","4":"has-post-thumbnail","6":"pcb-width-6-12mm","7":"product-cat-round-tube-profile"},"acf":[],"_links":{"self":[{"href":"https:\/\/tangooled.com\/tr\/wp-json\/wp\/v2\/product\/42186","targetHints":{"allow":["GET"]}}],"collection":[{"href":"https:\/\/tangooled.com\/tr\/wp-json\/wp\/v2\/product"}],"about":[{"href":"https:\/\/tangooled.com\/tr\/wp-json\/wp\/v2\/types\/product"}],"wp:featuredmedia":[{"embeddable":true,"href":"https:\/\/tangooled.com\/tr\/wp-json\/wp\/v2\/media\/13402"}],"wp:attachment":[{"href":"https:\/\/tangooled.com\/tr\/wp-json\/wp\/v2\/media?parent=42186"}],"wp:term":[{"taxonomy":"pcb-width","embeddable":true,"href":"https:\/\/tangooled.com\/tr\/wp-json\/wp\/v2\/pcb-width?post=42186"},{"taxonomy":"product-cat","embeddable":true,"href":"https:\/\/tangooled.com\/tr\/wp-json\/wp\/v2\/product-cat?post=42186"}],"curies":[{"name":"wp","href":"https:\/\/api.w.org\/{rel}","templated":true}]}}