{"id":42185,"date":"2025-12-17T01:54:16","date_gmt":"2025-12-17T09:54:16","guid":{"rendered":"https:\/\/tangooled.com\/?post_type=product&#038;p=42185"},"modified":"2026-02-02T02:08:56","modified_gmt":"2026-02-02T10:08:56","slug":"d-80mm-large-round-led-extrusion-multi-strip-rsg80","status":"publish","type":"product","link":"https:\/\/tangooled.com\/tr\/urun\/d-80mm-large-round-led-extrusion-multi-strip-rsg80\/","title":{"rendered":"\u00c7oklu LED \u015eeritler i\u00e7in Ask\u0131ya Al\u0131nm\u0131\u015f D 80mm B\u00fcy\u00fck Dairevi Al\u00fcminyum LED Ekstr\u00fczyon"},"content":{"rendered":"<div class=\"wp-block-group is-vertical is-layout-flex wp-container-core-group-is-layout-d255d7c4 wp-block-group-is-layout-flex\" style=\"padding-top:var(--wp--preset--spacing--80);padding-bottom:var(--wp--preset--spacing--80)\">\n<p>The modern, powerful suspended d 80mm large round LED extrusion will make your space\u00a0brighter. This profile is made of strong 6063-T5 aluminum and is meant to hold large LED strips (around 38mm). <\/p>\n\n\n\n<p>Ayd\u0131nlatma, tavandan sarkacak \u015fekilde tasarlanm\u0131\u015ft\u0131r ve etkileyici bir 270 derece a\u00e7\u0131da \u0131\u015f\u0131k yayarak p\u00fcr\u00fczs\u00fcz, parlak ve e\u015fit bir ayd\u0131nlatma sa\u011flar, nokta b\u0131rakmaz.<\/p>\n\n\n\n<p>Bu ekstr\u00fczyon, cesur, \u015f\u0131k ayd\u0131nlatma isteyen mimarlar, tasar\u0131mc\u0131lar ve DIY merakl\u0131lar\u0131 i\u00e7in m\u00fckemmeldir. Ofislerde, konferans salonlar\u0131nda, otellerde, y\u00fcksek tavanl\u0131 ticari alanlarda ve dikkat \u00e7ekici, y\u00fcksek \u00e7\u0131k\u0131\u015fl\u0131 lineer sark\u0131t ayd\u0131nlatma gerektiren mekanlarda m\u00fckemmel bir \u015fekilde uyum sa\u011flar.<\/p>\n<\/div>\n\n\n\n<div class=\"wp-block-group has-background is-vertical is-layout-flex wp-container-core-group-is-layout-d255d7c4 wp-block-group-is-layout-flex\" style=\"background-color:#f1f1f1;padding-top:var(--wp--preset--spacing--80);padding-bottom:var(--wp--preset--spacing--80)\">\n<div class=\"wp-block-group is-vertical is-layout-flex wp-container-core-group-is-layout-8cf370e7 wp-block-group-is-layout-flex\">\n<h2 class=\"wp-block-heading\" style=\"padding-top:var(--wp--preset--spacing--40);padding-bottom:var(--wp--preset--spacing--40);font-size:25px;font-style:normal;font-weight:600;text-transform:capitalize\">Neden bu D 80mm B\u00fcy\u00fck Yuvarlak LED Ekstr\u00fczyonu tercih etmelisiniz?<\/h2>\n\n\n\n<ul class=\"wp-block-list\">\n<li>B\u00fcy\u00fck 80mm \u00e7ap, ask\u0131l\u0131 ve sarkan \u0131\u015f\u0131klar i\u00e7in harika olan benzersiz yuvarlak bir \u00e7er\u00e7eve sunar.<\/li>\n\n\n\n<li>Birden fazla \u015ferit ile \u00e7al\u0131\u015fabilir; \u00e7ift s\u0131ra LED \u015feritlerini tutabilir, \u00f6rne\u011fin SMD 2835, 5050, ve 3528.<\/li>\n\n\n\n<li>A\u015fa\u011f\u0131 sarkan tasar\u0131m ve ayarlanabilir \u00e7elik tel, \u00e7e\u015fitli y\u00fcksekliklerde ve yerlerde kolayca asmay\u0131 sa\u011flar.<\/li>\n\n\n\n<li>Anodize al\u00fcminyum 6063-T5, \u0131s\u0131n\u0131n h\u0131zl\u0131 bir \u015fekilde ka\u00e7mas\u0131na izin vererek LED'lerin \u00f6mr\u00fcn\u00fc uzat\u0131r.<\/li>\n\n\n\n<li>The opal polycarbonate diffuser makes sure that the light is smooth, even, and doesn&#8217;t have any glare.<\/li>\n\n\n\n<li>Mevcut y\u00fczey kaplamalar\u0131 siyah toz kaplama, beyaz toz kaplama ve anodize g\u00fcm\u00fc\u015ft\u00fcr.<\/li>\n<\/ul>\n<\/div>\n<\/div>\n\n\n\n<div class=\"wp-block-group\" style=\"padding-top:var(--wp--preset--spacing--60);padding-bottom:var(--wp--preset--spacing--60)\"><div class=\"wp-block-group__inner-container is-layout-constrained wp-block-group-is-layout-constrained\">\n<div class=\"wp-block-media-text has-media-on-the-right is-stacked-on-mobile\" style=\"grid-template-columns:auto 40%\"><div class=\"wp-block-media-text__content\">\n<h2 class=\"wp-block-heading\" style=\"padding-top:var(--wp--preset--spacing--40);padding-bottom:var(--wp--preset--spacing--40);font-size:25px;font-style:normal;font-weight:600;text-transform:capitalize\">Nas\u0131l Kurulur ve Kullan\u0131l\u0131r<\/h2>\n\n\n\n<ul class=\"wp-block-list\">\n<li>As\u0131l\u0131 al\u00fcminyum ekstr\u00fczyon, asmay\u0131 kolayla\u015ft\u0131ran \u00e7elik teller ile birlikte gelir.<\/li>\n\n\n\n<li>Ekstr\u00fczyonu, kendi projeniz i\u00e7in ihtiya\u00e7 duydu\u011funuz uzunlukta kesin.<\/li>\n\n\n\n<li>SMD 2835, 5050 veya di\u011fer LED \u015feritlerinizi kanala yerle\u015ftirin.<\/li>\n\n\n\n<li>To achieve light that is smooth and doesn&#8217;t cause glare, put the opal diffuser over the strips.<\/li>\n\n\n\n<li>Tasar\u0131m\u0131 tamamlamak ve \u015feritleri toz ve hasardan korumak i\u00e7in u\u00e7 kapaklar ekleyin.<\/li>\n<\/ul>\n<\/div><figure class=\"wp-block-media-text__media\"><img loading=\"lazy\" decoding=\"async\" width=\"500\" height=\"500\" src=\"https:\/\/tangooled.com\/wp-content\/uploads\/2025\/12\/rsg80-ins.webp\" alt=\"suspended d 80mm large round aluminum led extrusion for multi led strips\" class=\"wp-image-42367 size-full\" srcset=\"https:\/\/tangooled.com\/wp-content\/uploads\/2025\/12\/rsg80-ins.webp 500w, https:\/\/tangooled.com\/wp-content\/uploads\/2025\/12\/rsg80-ins-300x300.webp 300w, https:\/\/tangooled.com\/wp-content\/uploads\/2025\/12\/rsg80-ins-150x150.webp 150w\" sizes=\"auto, (max-width: 500px) 100vw, 500px\" \/><\/figure><\/div>\n<\/div><\/div>\n\n\n\n<div class=\"wp-block-group has-background is-vertical is-layout-flex wp-container-core-group-is-layout-b429018a wp-block-group-is-layout-flex\" style=\"background-color:#f1f1f1f2;padding-top:var(--wp--preset--spacing--70);padding-bottom:var(--wp--preset--spacing--70)\">\n<h2 class=\"wp-block-heading\" style=\"padding-top:var(--wp--preset--spacing--40);padding-bottom:var(--wp--preset--spacing--40);font-size:25px;font-style:normal;font-weight:600\">Bu uygulamalar i\u00e7in m\u00fckemmeldir<\/h2>\n\n\n\n<ul class=\"wp-block-list\">\n<li>\u0130\u015f alanlar\u0131, konferans odalar\u0131, ofisler, perakende ma\u011fazalar\u0131, lobiler ve sergi salonlar\u0131 gibi.<\/li>\n\n\n\n<li>Misafirperverlik: oteller, restoranlar, barlar ve etkinliklerin yap\u0131labilece\u011fi yerler.<\/li>\n\n\n\n<li>Evlerde: merdiven bo\u015fluklar\u0131, mutfak adalar\u0131, yemek alanlar\u0131 ve y\u00fcksek tavanl\u0131 oturma odalar\u0131.<\/li>\n\n\n\n<li>Kamu binalar\u0131 aras\u0131nda k\u00fct\u00fcphaneler, galeriler ve modern a\u00e7\u0131k alanlar bulunmaktad\u0131r.<\/li>\n<\/ul>\n<\/div>\n\n\n\n<div class=\"wp-block-group is-vertical is-layout-flex wp-container-core-group-is-layout-d255d7c4 wp-block-group-is-layout-flex\" style=\"padding-top:var(--wp--preset--spacing--80);padding-bottom:var(--wp--preset--spacing--80)\">\n<h2 class=\"wp-block-heading\" style=\"padding-top:var(--wp--preset--spacing--40);padding-bottom:var(--wp--preset--spacing--40);font-size:25px;font-style:normal;font-weight:600;text-transform:capitalize\">\u0130lgili \u00dcr\u00fcnler<\/h2>\n\n\n\n<ul class=\"wp-block-list\">\n<li>Daha k\u00fc\u00e7\u00fck \u015feritler veya siyah kaplama i\u00e7in, bak\u0131n <a href=\"https:\/\/tangooled.com\/tr\/urun\/black-led-profile-with-black-diffuser-for-10mm-led-strip-light\/\"><mark style=\"background-color:rgba(0, 0, 0, 0)\" class=\"has-inline-color has-vivid-red-color\">10mm LED \u015eerit Ayd\u0131nlatma i\u00e7in Siyah Dif\u00fcz\u00f6rl\u00fc Siyah LED Profili<\/mark><\/a><\/li>\n\n\n\n<li>Y\u00fczeye montaj i\u00e7in, bak\u0131n<mark style=\"background-color:rgba(0, 0, 0, 0)\" class=\"has-inline-color has-vivid-red-color\"> <a href=\"https:\/\/tangooled.com\/tr\/urun\/led-strip-light-channel-aluminum-profile-with-diffused-cover-6mm-height\/\">Dif\u00fcz\u00f6r Kapakl\u0131 6mm Y\u00fckseklikteki LED \u015eerit I\u015f\u0131k Kanal\u0131 Al\u00fcminyum Profili<\/a><\/mark><\/li>\n\n\n\n<li>Daha k\u00fc\u00e7\u00fck bir halka i\u00e7in, ziyaret edin <a href=\"https:\/\/tangooled.com\/tr\/urun\/suspended-round-led-aluminum-profile-dia-24mm-for-12mm-flexible-led-strip\/\"><mark style=\"background-color:rgba(0, 0, 0, 0)\" class=\"has-inline-color has-vivid-red-color\">As\u0131l\u0131 Yuvarlak LED Al\u00fcminyum Profil Dia 24mm i\u00e7in 12mm Esnek LED \u015eerit<\/mark><\/a><\/li>\n\n\n\n<li>Dikd\u00f6rtgen bir \u015fekil mi istersiniz? Ara\u015ft\u0131r\u0131n <a href=\"https:\/\/tangooled.com\/tr\/urun\/aluminum-led-strip-extrusion-diffuser-channel-for-5050-double-row-led-strip\/\"><mark style=\"background-color:rgba(0, 0, 0, 0)\" class=\"has-inline-color has-vivid-red-color\">5050 \u00c7ift S\u0131ra LED \u015eerit i\u00e7in Al\u00fcminyum LED \u015eerit Ekstr\u00fczyon Dif\u00fcz\u00f6r Kanal\u0131<\/mark><\/a><\/li>\n<\/ul>\n<\/div>\n\n\n\n<p><\/p>","protected":false},"featured_media":13459,"template":"","meta":{"_acf_changed":true,"_seopress_robots_primary_cat":"none","_seopress_titles_title":"D 80mm Large Round LED Extrusion | Multi-Strip Hanging Channel RSG80","_seopress_titles_desc":"The RSG80 is a professional D 80mm large round led extrusion designed for multi-strip integration. Ideal for high-lumen suspended lighting in grand halls and offices.","_seopress_robots_index":""},"pcb-width":[230],"product-cat":[234],"class_list":{"0":"post-42185","1":"product","2":"type-product","3":"status-publish","4":"has-post-thumbnail","6":"pcb-width-20-25mm","7":"product-cat-round-tube-profile"},"acf":[],"_links":{"self":[{"href":"https:\/\/tangooled.com\/tr\/wp-json\/wp\/v2\/product\/42185","targetHints":{"allow":["GET"]}}],"collection":[{"href":"https:\/\/tangooled.com\/tr\/wp-json\/wp\/v2\/product"}],"about":[{"href":"https:\/\/tangooled.com\/tr\/wp-json\/wp\/v2\/types\/product"}],"wp:featuredmedia":[{"embeddable":true,"href":"https:\/\/tangooled.com\/tr\/wp-json\/wp\/v2\/media\/13459"}],"wp:attachment":[{"href":"https:\/\/tangooled.com\/tr\/wp-json\/wp\/v2\/media?parent=42185"}],"wp:term":[{"taxonomy":"pcb-width","embeddable":true,"href":"https:\/\/tangooled.com\/tr\/wp-json\/wp\/v2\/pcb-width?post=42185"},{"taxonomy":"product-cat","embeddable":true,"href":"https:\/\/tangooled.com\/tr\/wp-json\/wp\/v2\/product-cat?post=42185"}],"curies":[{"name":"wp","href":"https:\/\/api.w.org\/{rel}","templated":true}]}}