{"id":42183,"date":"2025-12-17T01:49:06","date_gmt":"2025-12-17T09:49:06","guid":{"rendered":"https:\/\/tangooled.com\/?post_type=product&#038;p=42183"},"modified":"2026-02-02T02:09:32","modified_gmt":"2026-02-02T10:09:32","slug":"inner-width-38mm-round-led-aluminum-channel-for-5050-led-strips","status":"publish","type":"product","link":"https:\/\/tangooled.com\/tr\/urun\/inner-width-38mm-round-led-aluminum-channel-for-5050-led-strips\/","title":{"rendered":"5050 LED \u015eeritler i\u00e7in 38mm \u0130\u00e7 Geni\u015flikte Yuvarlak LED Al\u00fcminyum Kanal"},"content":{"rendered":"<div class=\"wp-block-group is-vertical is-layout-flex wp-container-core-group-is-layout-d255d7c4 wp-block-group-is-layout-flex\" style=\"padding-top:var(--wp--preset--spacing--80);padding-bottom:var(--wp--preset--spacing--80)\">\n<p>Looking for a wide, round LED aluminum channel? Our Inner 38mm Round LED Aluminum Channel is made to house large LED strips up to 38mm wide, such as 5050 tapes. This robust \u03a680mm profile is designed for suspension, transforming powerful LED lighting into a statement fixture.<\/p>\n\n\n\n<p>Yap\u0131, geni\u015f bir \u00e7evre kesitini kapsayan geni\u015f, kavisli bir LED dif\u00fcz\u00f6r sunarak yakla\u015f\u0131k 270 derece ayd\u0131nlatma a\u00e7\u0131s\u0131 elde eder. Al\u00fcminyum kanal, LED \u015feritlerinizin bar\u0131na\u011f\u0131 olarak \u00e7al\u0131\u015f\u0131r. Onlar\u0131 serin tutar, b\u00f6ylece daha uzun s\u00fcre dayan\u0131rlar. I\u015f\u0131\u011f\u0131n boyutu ve geni\u015f yay\u0131l\u0131m\u0131 harika ve e\u015fittir.<\/p>\n\n\n\n<p>B\u00fcy\u00fck odalarda y\u00fcksek etkili mimari ayd\u0131nlatma i\u00e7in harika bir se\u00e7imdir. Bu \u0131\u015f\u0131k, otomobil bayileri, konferans salonlar\u0131, b\u00fcy\u00fck lobiler, modern spor salonlar\u0131 ve dramatik, as\u0131l\u0131 bir \u0131\u015f\u0131k kayna\u011f\u0131na ihtiya\u00e7 duyan y\u00fcksek tavanl\u0131 di\u011fer mekanlar i\u00e7in genel ve dekoratif ayd\u0131nlatma i\u00e7in idealdir.<\/p>\n<\/div>\n\n\n\n<div class=\"wp-block-group has-background is-vertical is-layout-flex wp-container-core-group-is-layout-d255d7c4 wp-block-group-is-layout-flex\" style=\"background-color:#f1f1f1;padding-top:var(--wp--preset--spacing--80);padding-bottom:var(--wp--preset--spacing--80)\">\n<div class=\"wp-block-group is-vertical is-layout-flex wp-container-core-group-is-layout-8cf370e7 wp-block-group-is-layout-flex\">\n<h2 class=\"wp-block-heading\" style=\"padding-top:var(--wp--preset--spacing--40);padding-bottom:var(--wp--preset--spacing--40);font-size:25px;font-style:normal;font-weight:600;text-transform:capitalize\">Neden \u0130\u00e7 Mekan 38mm Yuvarlak LED Al\u00fcminyum Kanal\u0131m\u0131z\u0131 Se\u00e7melisiniz?<\/h2>\n\n\n\n<ul class=\"wp-block-list\">\n<li>B\u00fcy\u00fck 38mm i\u00e7 geni\u015fli\u011fi sayesinde tek veya \u00e7oklu s\u0131ral\u0131 5050 LED \u015feritleri ve hatta daha geni\u015f bantlar yerle\u015ftirebilirsiniz.<\/li>\n\n\n\n<li>Hafif ama dayan\u0131kl\u0131 olan g\u00fc\u00e7l\u00fc 6063-T5 anodize al\u00fcminyumdan yap\u0131lm\u0131\u015ft\u0131r. Yuvarlak \u015fekil, \u0131\u015f\u0131\u011f\u0131 yumu\u015fak ve e\u015fit yapar, karanl\u0131k alan b\u0131rakmaz.<\/li>\n\n\n\n<li>Buzlu polikarbonat dif\u00fcz\u00f6r, \u0131\u015f\u0131\u011f\u0131 d\u00fczg\u00fcn ve noktas\u0131z yapar.<\/li>\n\n\n\n<li>LED \u015feritler, toz, su ve darbelere kar\u015f\u0131 g\u00fcvende.&nbsp;<\/li>\n\n\n\n<li>Kolayca s\u00fcspansiyon kiti ile as\u0131labilir.&nbsp;<\/li>\n\n\n\n<li>It&#8217;s great for commercial, residential, architectural, or task lighting.<\/li>\n<\/ul>\n<\/div>\n<\/div>\n\n\n\n<div class=\"wp-block-group\" style=\"padding-top:var(--wp--preset--spacing--80);padding-bottom:var(--wp--preset--spacing--80)\"><div class=\"wp-block-group__inner-container is-layout-constrained wp-block-group-is-layout-constrained\">\n<div class=\"wp-block-media-text has-media-on-the-right is-stacked-on-mobile\" style=\"grid-template-columns:auto 40%\"><div class=\"wp-block-media-text__content\">\n<h2 class=\"wp-block-heading\" style=\"padding-top:var(--wp--preset--spacing--40);padding-bottom:var(--wp--preset--spacing--40);font-size:25px;font-style:normal;font-weight:600;text-transform:capitalize\">Kurulum \u0130pu\u00e7lar\u0131<\/h2>\n\n\n\n<ul class=\"wp-block-list\">\n<li>Kanal\u0131 uzatmak i\u00e7in ince di\u015fli bir testere kullan\u0131n.<\/li>\n\n\n\n<li>5050 LED \u015feritleri veya di\u011fer uygun bantlar\u0131 kanal i\u00e7ine yerle\u015ftirin. <\/li>\n\n\n\n<li>S\u00fcspansiyon iplerini al\u00fcminyum kanal\u0131n arka slotsuna yerle\u015ftirin. <\/li>\n\n\n\n<li>Kanal\u0131 son kapaklar ve s\u00fcspansiyon fittings ile tavanlara h\u0131zl\u0131ca tak\u0131n.<\/li>\n<\/ul>\n<\/div><figure class=\"wp-block-media-text__media\"><img loading=\"lazy\" decoding=\"async\" width=\"500\" height=\"500\" src=\"https:\/\/tangooled.com\/wp-content\/uploads\/2025\/12\/rs80-ins.webp\" alt=\"inner width 38mm round led aluminum channel for 5050 led strips\" class=\"wp-image-42369 size-full\" srcset=\"https:\/\/tangooled.com\/wp-content\/uploads\/2025\/12\/rs80-ins.webp 500w, https:\/\/tangooled.com\/wp-content\/uploads\/2025\/12\/rs80-ins-300x300.webp 300w, https:\/\/tangooled.com\/wp-content\/uploads\/2025\/12\/rs80-ins-150x150.webp 150w\" sizes=\"auto, (max-width: 500px) 100vw, 500px\" \/><\/figure><\/div>\n<\/div><\/div>\n\n\n\n<div class=\"wp-block-group has-background is-vertical is-layout-flex wp-container-core-group-is-layout-b429018a wp-block-group-is-layout-flex\" style=\"background-color:#f1f1f1f2;padding-top:var(--wp--preset--spacing--70);padding-bottom:var(--wp--preset--spacing--70)\">\n<h2 class=\"wp-block-heading\" style=\"padding-top:var(--wp--preset--spacing--40);padding-bottom:var(--wp--preset--spacing--40);font-size:25px;font-style:normal;font-weight:600\">Bu ayd\u0131nlatma i\u015fler i\u00e7in harika<\/h2>\n\n\n\n<ul class=\"wp-block-list\">\n<li>Perakende, ofisler ve otel lobileri gibi \u015firketler i\u00e7in ayd\u0131nlatma.<\/li>\n\n\n\n<li>Mutfak adalar\u0131, oturma odalar\u0131 veya y\u00fcksek tavanl\u0131 evler i\u00e7in ayd\u0131nlatma.<\/li>\n\n\n\n<li>Koridorlar ve galeriler mimari vurgulara \u00f6rnektir.<\/li>\n\n\n\n<li>G\u00f6rev ayd\u0131nlatmas\u0131: st\u00fcdyolar, garajlar ve ihtiya\u00e7 duyan at\u00f6lyeler i\u00e7in parlak \u0131\u015f\u0131klar.<\/li>\n<\/ul>\n<\/div>\n\n\n\n<div class=\"wp-block-group is-vertical is-layout-flex wp-container-core-group-is-layout-d255d7c4 wp-block-group-is-layout-flex\" style=\"padding-top:var(--wp--preset--spacing--80);padding-bottom:var(--wp--preset--spacing--80)\">\n<h2 class=\"wp-block-heading\" style=\"padding-top:var(--wp--preset--spacing--40);padding-bottom:var(--wp--preset--spacing--40);font-size:25px;font-style:normal;font-weight:600;text-transform:capitalize\">di\u011fer ilgili \u00fcr\u00fcnlere g\u00f6z at<\/h2>\n\n\n\n<ul class=\"wp-block-list\">\n<li>Ke\u015ffedin <a href=\"https:\/\/tangooled.com\/tr\/urun\/black-led-profile-with-black-diffuser-for-10mm-led-strip-light\/\"><mark style=\"background-color:rgba(0, 0, 0, 0)\" class=\"has-inline-color has-vivid-red-color\">10 mm'lik LED \u015ferit \u0131\u015f\u0131klar\u0131 i\u00e7in siyah dif\u00fcz\u00f6rl\u00fc siyah LED profili <\/mark><\/a>dar LED \u015feritler i\u00e7in. <\/li>\n\n\n\n<li>Bizimle ilgili daha fazla bilgi edin <a href=\"https:\/\/tangooled.com\/tr\/urun\/aluminum-led-strip-extrusion-diffuser-channel-for-5050-double-row-led-strip\/\"><mark style=\"background-color:rgba(0, 0, 0, 0)\" class=\"has-inline-color has-vivid-red-color\">5050 \u00e7ift row led \u015ferit i\u00e7in al\u00fcminyum LED \u015ferit ekstr\u00fczyon dif\u00fcz\u00f6r kanal\u0131<\/mark><\/a> benzer geni\u015f LED profiller i\u00e7in.<\/li>\n\n\n\n<li>G\u00f6z at<a href=\"https:\/\/tangooled.com\/tr\/urun\/surface-mount-led-profile-with-frosted-diffuser-for-10mm-rope-lights\/\"><mark style=\"background-color:rgba(0, 0, 0, 0)\" class=\"has-inline-color has-vivid-red-color\">10 mm iplikler i\u00e7in mat dif\u00f6re sahip y\u00fczeye montaj LED profili <\/mark><\/a>esnek montaj se\u00e7enekleri i\u00e7in.<\/li>\n\n\n\n<li>Benzersiz \u015fekiller i\u00e7in, \u015funu g\u00f6r\u00fcn <a href=\"https:\/\/tangooled.com\/tr\/urun\/v-shape-diffuser-corner-aluminum-led-profile-inner-20mm\/\"><mark style=\"background-color:rgba(0, 0, 0, 0)\" class=\"has-inline-color has-vivid-red-color\">V-\u015eekil dif\u00fcz\u00f6r k\u00f6\u015fe al\u00fcminyum LED profili i\u00e7 20mm<\/mark><\/a>.<\/li>\n<\/ul>\n<\/div>\n\n\n\n<p><\/p>","protected":false},"featured_media":13393,"template":"","meta":{"_acf_changed":true,"_seopress_robots_primary_cat":"none","_seopress_titles_title":"Inner 38mm Round LED Aluminum Channel RS80 | TANGOOLED","_seopress_titles_desc":"The RS80 is a heavy-duty round led aluminum channel with a spacious inner 38mm width. Perfect for 5050 strips, multi-row LEDs, and custom pendant lights.","_seopress_robots_index":""},"pcb-width":[231],"product-cat":[234],"class_list":{"0":"post-42183","1":"product","2":"type-product","3":"status-publish","4":"has-post-thumbnail","6":"pcb-width-25-35mm","7":"product-cat-round-tube-profile"},"acf":[],"_links":{"self":[{"href":"https:\/\/tangooled.com\/tr\/wp-json\/wp\/v2\/product\/42183","targetHints":{"allow":["GET"]}}],"collection":[{"href":"https:\/\/tangooled.com\/tr\/wp-json\/wp\/v2\/product"}],"about":[{"href":"https:\/\/tangooled.com\/tr\/wp-json\/wp\/v2\/types\/product"}],"wp:featuredmedia":[{"embeddable":true,"href":"https:\/\/tangooled.com\/tr\/wp-json\/wp\/v2\/media\/13393"}],"wp:attachment":[{"href":"https:\/\/tangooled.com\/tr\/wp-json\/wp\/v2\/media?parent=42183"}],"wp:term":[{"taxonomy":"pcb-width","embeddable":true,"href":"https:\/\/tangooled.com\/tr\/wp-json\/wp\/v2\/pcb-width?post=42183"},{"taxonomy":"product-cat","embeddable":true,"href":"https:\/\/tangooled.com\/tr\/wp-json\/wp\/v2\/product-cat?post=42183"}],"curies":[{"name":"wp","href":"https:\/\/api.w.org\/{rel}","templated":true}]}}