{"id":42181,"date":"2025-12-17T01:45:22","date_gmt":"2025-12-17T09:45:22","guid":{"rendered":"https:\/\/tangooled.com\/?post_type=product&#038;p=42181"},"modified":"2026-02-02T02:09:50","modified_gmt":"2026-02-02T10:09:50","slug":"round-black-aluminum-led-channel-dia-60mm-diffuser-rsg60","status":"publish","type":"product","link":"https:\/\/tangooled.com\/tr\/urun\/round-black-aluminum-led-channel-dia-60mm-diffuser-rsg60\/","title":{"rendered":"Dia 60mm Dif\u00fcz\u00f6rl\u00fc Yuvarlak Siyah Al\u00fcminyum LED Kanal\u0131"},"content":{"rendered":"<div class=\"wp-block-group is-vertical is-layout-flex wp-container-core-group-is-layout-d255d7c4 wp-block-group-is-layout-flex\" style=\"padding-top:var(--wp--preset--spacing--80);padding-bottom:var(--wp--preset--spacing--80)\">\n<p>60mm dif\u00fcz\u00f6rl\u00fc siyah al\u00fcminyum kanal\u0131m\u0131z size net, noktalar\u0131 olmayan \u0131\u015f\u0131k sa\u011flamak i\u00e7in tasarlanm\u0131\u015f ve asmas\u0131 kolayd\u0131r. Bu y\u00fcksek kaliteli armat\u00fcr, bir al\u00fcminyum tabana sahip olup, 23.6mm i\u00e7 geni\u015fli\u011fi sayesinde daha geni\u015f LED \u015feritleri i\u00e7in idealdir. Geni\u015f, kavisli dif\u00fcz\u00f6r, b\u00fcy\u00fck bir alan\u0131 kaplar ve yakla\u015f\u0131k 270 derece boyunca \u0131\u015f\u0131\u011f\u0131 da\u011f\u0131t\u0131r. Bu tasar\u0131m, LED \u015ferit \u0131\u015f\u0131\u011f\u0131n\u0131 g\u00fcvenli bir \u015fekilde yerinde tutar ve parlak, e\u015fit ve noktalar\u0131 olmayan bir \u0131\u015f\u0131k verir.<\/p>\n\n\n\n<p>This 60mm diffuser round black aluminum channel is perfect for general illumination in large spaces like retail stores, airport lounges, or modern schools that need bright, trendy lighting. It&#8217;s also great for architectural lighting and statement pendant fixtures. You can use it at home, at work, or in a business.<\/p>\n<\/div>\n\n\n\n<div class=\"wp-block-group has-background is-vertical is-layout-flex wp-container-core-group-is-layout-d255d7c4 wp-block-group-is-layout-flex\" style=\"background-color:#f1f1f1;padding-top:var(--wp--preset--spacing--80);padding-bottom:var(--wp--preset--spacing--80)\">\n<div class=\"wp-block-group is-vertical is-layout-flex wp-container-core-group-is-layout-8cf370e7 wp-block-group-is-layout-flex\">\n<h2 class=\"wp-block-heading\" style=\"padding-top:var(--wp--preset--spacing--40);padding-bottom:var(--wp--preset--spacing--40);font-size:25px;font-style:normal;font-weight:600;text-transform:capitalize\">Neden Bu Yuvarlak Siyah Al\u00fcminyum LED Kanal\u0131 Se\u00e7melisiniz?<\/h2>\n\n\n\n<ul class=\"wp-block-list\">\n<li>Anodize edilmi\u015f al\u00fcminyum 6063-T5 sa\u011flamd\u0131r ve LED'lerinizi g\u00fcvenli ve serin tutar.<\/li>\n\n\n\n<li>23mm i\u00e7 geni\u015fli\u011fi, \u00e7ift s\u0131ral\u0131 LED \u015feritleri, geni\u015f \u015feritler ve hatta Philips Hue \u015feritleri gibi \u00fcr\u00fcnler i\u00e7in yeterince geni\u015ftir.<\/li>\n\n\n\n<li>D\u00fcz opal poli\u00fcretan dif\u00fcz\u00f6r, parlak ve noktalar\u0131 olmayan bir \u0131\u015f\u0131k olu\u015fturur.<\/li>\n\n\n\n<li>Hafif ama sa\u011flamd\u0131r, tasar\u0131ma ve amaca y\u00f6nelik \u015f\u0131k bir mat siyah finish ile.<\/li>\n\n\n\n<li>Tam bir ask\u0131 kiti, teller ve u\u00e7 kapaklar\u0131 i\u00e7erir.<\/li>\n<\/ul>\n<\/div>\n<\/div>\n\n\n\n<div class=\"wp-block-group\" style=\"padding-top:var(--wp--preset--spacing--80);padding-bottom:var(--wp--preset--spacing--80)\"><div class=\"wp-block-group__inner-container is-layout-constrained wp-block-group-is-layout-constrained\">\n<div class=\"wp-block-media-text has-media-on-the-right is-stacked-on-mobile\" style=\"grid-template-columns:auto 40%\"><div class=\"wp-block-media-text__content\">\n<h2 class=\"wp-block-heading\" style=\"padding-top:var(--wp--preset--spacing--40);padding-bottom:var(--wp--preset--spacing--40);font-size:25px;font-style:normal;font-weight:600;text-transform:capitalize\">Bu 60mm Dif\u00fcz\u00f6rl\u00fc Siyah Al\u00fcminyum Kanal\u0131 Nerede Kullan\u0131l\u0131r?<\/h2>\n\n\n\n<p>Yuvarlak siyah al\u00fcminyum LED ask\u0131 kanal\u0131m\u0131z pek \u00e7ok alanda \u015f\u0131k ve \u00e7ok y\u00f6nl\u00fcd\u00fcr:<\/p>\n\n\n\n<ul class=\"wp-block-list\">\n<li>Mutfak Adas\u0131 Avizeleri: G\u00f6revlerinizi noktas\u0131z ayd\u0131nlatman\u0131n \u015f\u0131k bir yolu.<\/li>\n\n\n\n<li>Ofis ve toplant\u0131 odalar\u0131: \u0130\u015flerinizi halletmeye yard\u0131mc\u0131 olacak parlak ve temiz lineer ayd\u0131nlatma.<\/li>\n\n\n\n<li>Retail stores and showrooms: Use architectural lighting to get people&#8217;s attention.<\/li>\n\n\n\n<li>Oturma odalar\u0131 ve yemek odalar\u0131: G\u00f6z al\u0131c\u0131 asma \u0131\u015f\u0131klar.<\/li>\n\n\n\n<li>K\u00fct\u00fcphaneler &amp; Lobi: Y\u00fcksek tavanl\u0131 her yerde uyum sa\u011flayan modern asma ayd\u0131nlatma.<\/li>\n<\/ul>\n<\/div><figure class=\"wp-block-media-text__media\"><img loading=\"lazy\" decoding=\"async\" width=\"500\" height=\"500\" src=\"https:\/\/tangooled.com\/wp-content\/uploads\/2025\/12\/rsg60-ins.webp\" alt=\"round black aluminum led hanging channel with dia 60mm diffuser inner width 23mm\" class=\"wp-image-42365 size-full\" srcset=\"https:\/\/tangooled.com\/wp-content\/uploads\/2025\/12\/rsg60-ins.webp 500w, https:\/\/tangooled.com\/wp-content\/uploads\/2025\/12\/rsg60-ins-300x300.webp 300w, https:\/\/tangooled.com\/wp-content\/uploads\/2025\/12\/rsg60-ins-150x150.webp 150w\" sizes=\"auto, (max-width: 500px) 100vw, 500px\" \/><\/figure><\/div>\n<\/div><\/div>\n\n\n\n<div class=\"wp-block-group has-background is-vertical is-layout-flex wp-container-core-group-is-layout-b429018a wp-block-group-is-layout-flex\" style=\"background-color:#f1f1f1f2;padding-top:var(--wp--preset--spacing--70);padding-bottom:var(--wp--preset--spacing--70)\">\n<h2 class=\"wp-block-heading\" style=\"padding-top:var(--wp--preset--spacing--40);padding-bottom:var(--wp--preset--spacing--40);font-size:25px;font-style:normal;font-weight:600;text-transform:capitalize\">What\u2019s Included in Your Kit?<\/h2>\n\n\n\n<ul class=\"wp-block-list\">\n<li>Bir yuvarlak siyah al\u00fcminyum ask\u0131 kanal\u0131<\/li>\n\n\n\n<li>1x Opal dif\u00fcz\u00f6r kapak (Snap-in)<\/li>\n\n\n\n<li>2 siyah u\u00e7 kapak<\/li>\n\n\n\n<li>1x Ask\u0131 kiti (tavan montajlar\u0131 ile 2m \u00e7elik teller)<\/li>\n<\/ul>\n<\/div>\n\n\n\n<div class=\"wp-block-group is-vertical is-layout-flex wp-container-core-group-is-layout-d255d7c4 wp-block-group-is-layout-flex\" style=\"padding-top:var(--wp--preset--spacing--80);padding-bottom:var(--wp--preset--spacing--80)\">\n<h2 class=\"wp-block-heading\" style=\"padding-top:var(--wp--preset--spacing--40);padding-bottom:var(--wp--preset--spacing--40);font-size:25px;font-style:normal;font-weight:600;text-transform:capitalize\">LED \u015eeritleriyle Uyumluluk<\/h2>\n\n\n\n<p>Bu kanal\u0131n 23mm i\u00e7 geni\u015fli\u011fi \u015funlara uygundur:<\/p>\n\n\n\n<ul class=\"wp-block-list\">\n<li>Standart LED \u015feritleri ve geni\u015f olanlar<\/li>\n\n\n\n<li>\u00c7ift s\u0131ral\u0131 LED \u015feritleri<\/li>\n\n\n\n<li>Y\u00fcksek yo\u011funluklu LED \u015feritleri (120+ LED\/m)<\/li>\n\n\n\n<li>D\u00fcz ve parlak \u0131\u015f\u0131k veren COB ve RGBW LED \u015feritleri.<\/li>\n<\/ul>\n<\/div>\n\n\n\n<div class=\"wp-block-group has-background\" style=\"background-color:#f1f1f1;padding-top:var(--wp--preset--spacing--80);padding-bottom:var(--wp--preset--spacing--80)\"><div class=\"wp-block-group__inner-container is-layout-constrained wp-block-group-is-layout-constrained\">\n<h2 class=\"wp-block-heading\" style=\"padding-top:var(--wp--preset--spacing--40);padding-bottom:var(--wp--preset--spacing--40);font-size:25px;font-style:normal;font-weight:600;text-transform:capitalize\">Be\u011fenebilece\u011finiz \u0130lgili \u00dcr\u00fcnler<\/h2>\n\n\n\n<ul class=\"wp-block-list\">\n<li><a href=\"https:\/\/tangooled.com\/tr\/urun\/black-led-profile-with-black-diffuser-for-10mm-led-strip-light\/\"><mark style=\"background-color:rgba(0, 0, 0, 0)\" class=\"has-inline-color has-vivid-red-color\">10mm LED \u015ferit \u0131\u015f\u0131\u011f\u0131 i\u00e7in siyah dif\u00fcz\u00f6rl\u00fc siyah LED profili<\/mark><\/a><\/li>\n\n\n\n<li><a href=\"https:\/\/tangooled.com\/tr\/urun\/black-led-diffuser-aluminum-channel-for-12mm-tape-lights\/\"><mark style=\"background-color:rgba(0, 0, 0, 0)\" class=\"has-inline-color has-vivid-red-color\">12 mm bant i\u015f\u0131klar\u0131 i\u00e7in siyah LED dif\u00fcz\u00f6r al\u00fcminyum kanal\u0131<\/mark><\/a><\/li>\n\n\n\n<li><a href=\"https:\/\/tangooled.com\/tr\/urun\/surface-mount-led-profile-with-frosted-diffuser-for-10mm-rope-lights\/\"><mark style=\"background-color:rgba(0, 0, 0, 0)\" class=\"has-inline-color has-vivid-red-color\">10 mm kablo \u0131\u015f\u0131klar\u0131 i\u00e7in frosted dif\u00fcz\u00f6rl\u00fc y\u00fczey montaj LED profili<\/mark><\/a><\/li>\n\n\n\n<li><a href=\"https:\/\/tangooled.com\/tr\/urun\/25x14m-surface-mounted-led-light-aluminum-profile\/\"><mark style=\"background-color:rgba(0, 0, 0, 0)\" class=\"has-inline-color has-vivid-red-color\">Y\u00fczeye monte edilebilen 25x14mm LED \u0131\u015f\u0131k al\u00fcminyum profili<\/mark><\/a><\/li>\n\n\n\n<li><a href=\"https:\/\/tangooled.com\/tr\/urun\/led-strip-light-channel-aluminum-profile-with-diffused-cover-6mm-height\/\"><mark style=\"background-color:rgba(0, 0, 0, 0)\" class=\"has-inline-color has-vivid-red-color\">Dif\u00fcz\u00f6r kapakl\u0131 6mm y\u00fckseklikteki LED \u015ferit \u0131\u015f\u0131k kanal\u0131 al\u00fcminyum profil<\/mark><\/a><\/li>\n<\/ul>\n<\/div><\/div>\n\n\n\n<div class=\"wp-block-group\" style=\"padding-top:var(--wp--preset--spacing--80);padding-bottom:var(--wp--preset--spacing--80)\"><div class=\"wp-block-group__inner-container is-layout-constrained wp-block-group-is-layout-constrained\">\n<h2 class=\"wp-block-heading\" style=\"padding-top:var(--wp--preset--spacing--40);padding-bottom:var(--wp--preset--spacing--40);font-size:25px;font-style:normal;font-weight:600;text-transform:capitalize\">\u00f6zet<\/h2>\n\n\n\n<p>Bu 60mm dif\u00fcz\u00f6rl\u00fc siyah al\u00fcminyum kanal, dayan\u0131kl\u0131, \u015f\u0131k ve ayd\u0131nlatma projeleri i\u00e7in kullan\u0131\u015fl\u0131 bir yuvarlak LED konut arayan herkes i\u00e7in m\u00fckemmeldir. Farkl\u0131 LED'lerin bir\u00e7okunu kullanman\u0131za olanak tan\u0131yan geni\u015f i\u00e7 geni\u015fli\u011fi vard\u0131r, \u0131s\u0131y\u0131 daha etkili bir \u015fekilde d\u0131\u015far\u0131 atar ve kurulumu kolayla\u015ft\u0131ran bir ask\u0131 kiti ile birlikte gelir. Binalar i\u00e7in lineer ayd\u0131nlatma elde etmek, ask\u0131 lambalar\u0131 yapmak veya eviniz veya i\u015f yerinizde ayd\u0131nlatma tasar\u0131m\u0131n\u0131 geli\u015ftirmek i\u00e7in kullan\u0131n.<\/p>\n<\/div><\/div>\n\n\n\n<p><\/p>","protected":false},"featured_media":34031,"template":"","meta":{"_acf_changed":true,"_seopress_robots_primary_cat":"none","_seopress_titles_title":"Black Aluminum Dia 60mm Diffuser Round LED Profile RSG60 | TANGOOLED","_seopress_titles_desc":"The RSG60 is a sleek black aluminum channel featuring a bold dia 60mm diffuser. Optimized for 23mm inner width strips, it\u2019s the perfect body for modern suspended linear lighting.","_seopress_robots_index":""},"pcb-width":[229],"product-cat":[234],"class_list":{"0":"post-42181","1":"product","2":"type-product","3":"status-publish","4":"has-post-thumbnail","6":"pcb-width-15-20mm","7":"product-cat-round-tube-profile"},"acf":[],"_links":{"self":[{"href":"https:\/\/tangooled.com\/tr\/wp-json\/wp\/v2\/product\/42181","targetHints":{"allow":["GET"]}}],"collection":[{"href":"https:\/\/tangooled.com\/tr\/wp-json\/wp\/v2\/product"}],"about":[{"href":"https:\/\/tangooled.com\/tr\/wp-json\/wp\/v2\/types\/product"}],"wp:featuredmedia":[{"embeddable":true,"href":"https:\/\/tangooled.com\/tr\/wp-json\/wp\/v2\/media\/34031"}],"wp:attachment":[{"href":"https:\/\/tangooled.com\/tr\/wp-json\/wp\/v2\/media?parent=42181"}],"wp:term":[{"taxonomy":"pcb-width","embeddable":true,"href":"https:\/\/tangooled.com\/tr\/wp-json\/wp\/v2\/pcb-width?post=42181"},{"taxonomy":"product-cat","embeddable":true,"href":"https:\/\/tangooled.com\/tr\/wp-json\/wp\/v2\/product-cat?post=42181"}],"curies":[{"name":"wp","href":"https:\/\/api.w.org\/{rel}","templated":true}]}}