{"id":42179,"date":"2025-12-17T01:38:18","date_gmt":"2025-12-17T09:38:18","guid":{"rendered":"https:\/\/tangooled.com\/?post_type=product&#038;p=42179"},"modified":"2026-02-02T02:10:42","modified_gmt":"2026-02-02T10:10:42","slug":"60mm-round-led-aluminum-housing-large-diameter-rs60","status":"publish","type":"product","link":"https:\/\/tangooled.com\/tr\/urun\/60mm-round-led-aluminum-housing-large-diameter-rs60\/","title":{"rendered":"B\u00fcy\u00fck \u00d6l\u00e7ekli Ask\u0131 i\u00e7in 60mm Yuvarlak LED Al\u00fcminyum Kafes"},"content":{"rendered":"<div class=\"wp-block-group is-vertical is-layout-flex wp-container-core-group-is-layout-d255d7c4 wp-block-group-is-layout-flex\" style=\"padding-top:var(--wp--preset--spacing--80);padding-bottom:var(--wp--preset--spacing--80)\">\n<p>60 mm yuvarlak LED al\u00fcminyum kafes, al\u00fcminyum kanaldan ve bir PC \u0131\u015f\u0131k dif\u00fcz\u00f6r\u00fcnden olu\u015fan sa\u011flam, dairesel bir ayd\u0131nlatma armat\u00fcr\u00fcd\u00fcr. Ask\u0131 kitleri ile bu profil tavandan g\u00fczel bir \u015fekilde as\u0131labilir.<\/p>\n\n\n\n<p>Kavisli LED dif\u00fcz\u00f6r en \u00f6nemli k\u0131s\u0131md\u0131r. \u00c7ok fazla \u00e7evreyi kaplar ve \u0131\u015f\u0131\u011f\u0131 yakla\u015f\u0131k 270 derece a\u00e7\u0131da yayar. Tasar\u0131m, LED \u015ferit \u0131\u015f\u0131\u011f\u0131n\u0131 yerinde tutar ve parlak, e\u015fit bir \u0131\u015f\u0131k sa\u011flar.<\/p>\n\n\n\n<p>B\u00fcy\u00fckl\u00fc\u011f\u00fc ve yuvarlak tasar\u0131m\u0131, b\u00fcy\u00fck, modern alanlarda ana veya dekoratif ayd\u0131nlatma i\u00e7in m\u00fckemmel bir se\u00e7im yapar. Y\u00fcksek tavanl\u0131 lobilerde, dev ofislerde, ma\u011fazalarda ve \u00f6zel, ask\u0131ya al\u0131nm\u0131\u015f lineer tasar\u0131ma ihtiya\u00e7 duyan mimari projelerde harika g\u00f6r\u00fcn\u00fcr.<\/p>\n<\/div>\n\n\n\n<div class=\"wp-block-group has-background is-vertical is-layout-flex wp-container-core-group-is-layout-d255d7c4 wp-block-group-is-layout-flex\" style=\"background-color:#f1f1f1;padding-top:var(--wp--preset--spacing--80);padding-bottom:var(--wp--preset--spacing--80)\">\n<div class=\"wp-block-group is-vertical is-layout-flex wp-container-core-group-is-layout-8cf370e7 wp-block-group-is-layout-flex\">\n<h2 class=\"wp-block-heading\" style=\"padding-top:var(--wp--preset--spacing--40);padding-bottom:var(--wp--preset--spacing--40);font-size:25px;font-style:normal;font-weight:600;text-transform:capitalize\">60 mm yuvarlak LED al\u00fcminyum kafesin Temel \u00d6zellikleri<\/h2>\n\n\n\n<ul class=\"wp-block-list\">\n<li>6063-T5 al\u00fcminyum dayan\u0131kl\u0131d\u0131r ve LED \u0131\u015f\u0131\u011f\u0131n\u0131z\u0131 g\u00fcvende ve serin tutar.<\/li>\n\n\n\n<li>LED \u015feridin en geni\u015f olabilece\u011fi alan 20 mm'dir, bu hem tek hem de \u00e7ift \u015feritler i\u00e7in uygundur.<\/li>\n\n\n\n<li>I\u015f\u0131k daha yumu\u015fak \u00e7\u00fcnk\u00fc opal polikarbonat bir \u00fcst y\u00fczeye sahiptir.<\/li>\n\n\n\n<li>Ask\u0131 seti, pirin\u00e7 s\u0131k\u0131\u015ft\u0131r\u0131c\u0131lar ve \u00e7elik tel i\u00e7erir.<\/li>\n\n\n\n<li>I\u015f\u0131\u011f\u0131 DALI veya 0-10V gibi dimlenebilir LED s\u00fcr\u00fcc\u00fcleri ile kontrol edebilirsiniz.<\/li>\n\n\n\n<li>Kolay bir \u015fekilde bir araya getirmek i\u00e7in u\u00e7 kapaklar\u0131 ve profil birle\u015ftirici ba\u011flant\u0131lar\u0131 i\u00e7erir.<\/li>\n<\/ul>\n<\/div>\n<\/div>\n\n\n\n<div class=\"wp-block-group\" style=\"padding-top:var(--wp--preset--spacing--80);padding-bottom:var(--wp--preset--spacing--80)\"><div class=\"wp-block-group__inner-container is-layout-constrained wp-block-group-is-layout-constrained\">\n<div class=\"wp-block-media-text has-media-on-the-right is-stacked-on-mobile\" style=\"grid-template-columns:auto 40%\"><div class=\"wp-block-media-text__content\">\n<h2 class=\"wp-block-heading\" style=\"padding-top:var(--wp--preset--spacing--40);padding-bottom:var(--wp--preset--spacing--40);font-size:25px;font-style:normal;font-weight:600;text-transform:capitalize\">RS60 LED Profilini Nerede Kullanabilirsiniz<\/h2>\n\n\n\n<ul class=\"wp-block-list\">\n<li>Ofis ayd\u0131nlatmas\u0131: A\u00e7\u0131k ofisler veya toplant\u0131 odalar\u0131nda masalar\u0131n \u00fcst\u00fcne as\u0131n.<\/li>\n\n\n\n<li>Perakende show odalar\u0131 i\u00e7in ayd\u0131nlatma: \u00dcr\u00fcnlerinizi sergilemek i\u00e7in parlak, net \u0131\u015f\u0131k kullan\u0131n.<\/li>\n\n\n\n<li>G\u00f6r\u00fcn\u00fcm\u00fcn\u00fc art\u0131ran ve dikkat \u00e7eken bir konferans odas\u0131 i\u00e7in ayd\u0131nlatma armat\u00fcr\u00fc.<\/li>\n\n\n\n<li>Yemek alan\u0131 i\u00e7in as\u0131l\u0131 lamba, yemekleri daha konforlu ve \u015f\u0131k hale getirir.<\/li>\n<\/ul>\n<\/div><figure class=\"wp-block-media-text__media\"><img loading=\"lazy\" decoding=\"async\" width=\"500\" height=\"500\" src=\"https:\/\/tangooled.com\/wp-content\/uploads\/2025\/12\/rs60-ins.webp\" alt=\"60mm round led aluminum profile for suspension\" class=\"wp-image-42362 size-full\" srcset=\"https:\/\/tangooled.com\/wp-content\/uploads\/2025\/12\/rs60-ins.webp 500w, https:\/\/tangooled.com\/wp-content\/uploads\/2025\/12\/rs60-ins-300x300.webp 300w, https:\/\/tangooled.com\/wp-content\/uploads\/2025\/12\/rs60-ins-150x150.webp 150w\" sizes=\"auto, (max-width: 500px) 100vw, 500px\" \/><\/figure><\/div>\n<\/div><\/div>\n\n\n\n<div class=\"wp-block-group has-background\" style=\"background-color:#f1f1f1f2;padding-top:var(--wp--preset--spacing--80);padding-bottom:var(--wp--preset--spacing--80)\"><div class=\"wp-block-group__inner-container is-layout-constrained wp-block-group-is-layout-constrained\">\n<h2 class=\"wp-block-heading\" style=\"padding-top:var(--wp--preset--spacing--40);padding-bottom:var(--wp--preset--spacing--40);font-size:25px;font-style:normal;font-weight:600\">TG-RS60 ile ne al\u0131yorsunuz?<\/h2>\n\n\n\n<ul class=\"wp-block-list\">\n<li>\u0130ste\u011finize g\u00f6re kaplama ile al\u00fcminyum profil: g\u00fcm\u00fc\u015f, siyah veya beyaz.<\/li>\n\n\n\n<li>Yumu\u015fak, s\u00fcrekli \u0131\u015f\u0131k i\u00e7in snap-in opal dif\u00fcz\u00f6r.<\/li>\n\n\n\n<li>Ayarlanabilir \u00e7elik teller ile ask\u0131 kitleri ve asmay\u0131 kolayla\u015ft\u0131ran s\u0131k\u0131\u015ft\u0131r\u0131c\u0131lar.<\/li>\n\n\n\n<li>D\u00fczenli, tamamlanm\u0131\u015f u\u00e7lar i\u00e7in u\u00e7 kapaklar\u0131.<\/li>\n<\/ul>\n<\/div><\/div>\n\n\n\n<div class=\"wp-block-group is-vertical is-layout-flex wp-container-core-group-is-layout-d255d7c4 wp-block-group-is-layout-flex\" style=\"padding-top:var(--wp--preset--spacing--80);padding-bottom:var(--wp--preset--spacing--80)\">\n<h2 class=\"wp-block-heading\" style=\"padding-top:var(--wp--preset--spacing--40);padding-bottom:var(--wp--preset--spacing--40);font-size:25px;font-style:normal;font-weight:600;text-transform:capitalize\">\u00d6zet<\/h2>\n\n\n\n<p>G\u00fczel sark\u0131t lambalar\u0131 asman\u0131n ideal yolu, TG-RS60 60 mm yuvarlak LED al\u00fcminyum kafesidir. Dayan\u0131kl\u0131 al\u00fcminyumdan yap\u0131lm\u0131\u015f, noktalar i\u00e7ermeyen p\u00fcr\u00fczs\u00fcz bir dif\u00fcz\u00f6re sahiptir ve mutfaklar ve ofisler gibi bir\u00e7ok yerde kullan\u0131labilir. Parlak, verimli ve g\u00fczel ayd\u0131nlatma elde etmek i\u00e7in y\u00fcksek kaliteli LED \u015feritler, dimlenebilir s\u00fcr\u00fcc\u00fcler ve ak\u0131ll\u0131 ayd\u0131nlatma kontrol sistemleri ile kullan\u0131n.<\/p>\n<\/div>\n\n\n\n<p><\/p>","protected":false},"featured_media":13383,"template":"","meta":{"_acf_changed":true,"_seopress_robots_primary_cat":"none","_seopress_titles_title":"60mm Round LED Aluminum Housing RS60 | TANGOOLED","_seopress_titles_desc":"The RS60 is a heavy-duty 60mm round led aluminum housing with an opal light diffuser for suspension use.","_seopress_robots_index":""},"pcb-width":[229],"product-cat":[234],"class_list":{"0":"post-42179","1":"product","2":"type-product","3":"status-publish","4":"has-post-thumbnail","6":"pcb-width-15-20mm","7":"product-cat-round-tube-profile"},"acf":[],"_links":{"self":[{"href":"https:\/\/tangooled.com\/tr\/wp-json\/wp\/v2\/product\/42179","targetHints":{"allow":["GET"]}}],"collection":[{"href":"https:\/\/tangooled.com\/tr\/wp-json\/wp\/v2\/product"}],"about":[{"href":"https:\/\/tangooled.com\/tr\/wp-json\/wp\/v2\/types\/product"}],"wp:featuredmedia":[{"embeddable":true,"href":"https:\/\/tangooled.com\/tr\/wp-json\/wp\/v2\/media\/13383"}],"wp:attachment":[{"href":"https:\/\/tangooled.com\/tr\/wp-json\/wp\/v2\/media?parent=42179"}],"wp:term":[{"taxonomy":"pcb-width","embeddable":true,"href":"https:\/\/tangooled.com\/tr\/wp-json\/wp\/v2\/pcb-width?post=42179"},{"taxonomy":"product-cat","embeddable":true,"href":"https:\/\/tangooled.com\/tr\/wp-json\/wp\/v2\/product-cat?post=42179"}],"curies":[{"name":"wp","href":"https:\/\/api.w.org\/{rel}","templated":true}]}}