{"id":42177,"date":"2025-12-17T01:34:22","date_gmt":"2025-12-17T09:34:22","guid":{"rendered":"https:\/\/tangooled.com\/?post_type=product&#038;p=42177"},"modified":"2026-02-02T02:11:03","modified_gmt":"2026-02-02T10:11:03","slug":"d50-linear-round-ceiling-light-led-profile-for-pendant","status":"publish","type":"product","link":"https:\/\/tangooled.com\/tr\/urun\/d50-linear-round-ceiling-light-led-profile-for-pendant\/","title":{"rendered":"D50 Lineer Yuvarlak Asma I\u015f\u0131k LED Profili"},"content":{"rendered":"<div class=\"wp-block-group is-vertical is-layout-flex wp-container-core-group-is-layout-d255d7c4 wp-block-group-is-layout-flex\" style=\"padding-top:var(--wp--preset--spacing--80);padding-bottom:var(--wp--preset--spacing--80)\">\n<p>Bu d50 lineer yuvarlak \u0131\u015f\u0131k profili, odalar\u0131 ayd\u0131nlatmak i\u00e7in yeni bir yakla\u015f\u0131md\u0131r. Sadece tavandan sarkacak \u015fekilde tasarlanm\u0131\u015ft\u0131r. Ana k\u0131s\u0131m, e\u011fimli bir dif\u00fczerle birlikte sa\u011flam bir al\u00fcminyum yar\u0131m silindirdir. Bu, 50 mm \u00e7ap\u0131nda bir profil olu\u015fturur.<\/p>\n\n\n\n<p>Profilin neredeyse t\u00fcm alt k\u0131sm\u0131n\u0131 kaplayan b\u00fcy\u00fck, e\u011fimli LED dif\u00fczer, onu \u00f6ne \u00e7\u0131karan \u00f6zelliktir. Bu tasar\u0131m, \u0131\u015f\u0131k yayan y\u00fczeyin en iyi \u015fekilde kullan\u0131lmas\u0131n\u0131 sa\u011flar ve \u0131\u015f\u0131\u011f\u0131n e\u015fit ve geni\u015f bir \u015fekilde yay\u0131lmas\u0131na, geni\u015f bir dif\u00fczyona olanak tan\u0131r. \u0130\u00e7 yap\u0131s\u0131, LED \u015feridi (yakla\u015f\u0131k 20.2 mm montaj geni\u015fli\u011fine sahip) ve ona ba\u011fl\u0131 telleri tutar.<\/p>\n\n\n\n<p>Bu profil, geni\u015f ticari lobiler, merdiven bo\u015fluklar\u0131, y\u00fcksek tavanl\u0131 restoranlar ve temiz, cesur ve modern asma \u0131\u015f\u0131k gerektiren perakende sergi alanlar\u0131 i\u00e7in idealdir.<\/p>\n<\/div>\n\n\n\n<div class=\"wp-block-group has-background is-vertical is-layout-flex wp-container-core-group-is-layout-d255d7c4 wp-block-group-is-layout-flex\" style=\"background-color:#f1f1f1;padding-top:var(--wp--preset--spacing--80);padding-bottom:var(--wp--preset--spacing--80)\">\n<div class=\"wp-block-group is-vertical is-layout-flex wp-container-core-group-is-layout-8cf370e7 wp-block-group-is-layout-flex\">\n<h2 class=\"wp-block-heading\" style=\"padding-top:var(--wp--preset--spacing--40);padding-bottom:var(--wp--preset--spacing--40);font-size:25px;font-style:normal;font-weight:600;text-transform:capitalize\">D50 Lineer Yuvarlak I\u015f\u0131k Profilini iyi bir tercih yapan nedir?<\/h2>\n\n\n\n<ul class=\"wp-block-list\">\n<li>Al\u00fcminyum g\u00f6vde dayan\u0131kl\u0131d\u0131r ve uzun \u00f6m\u00fcrl\u00fcd\u00fcr. Ayr\u0131ca LED'leri serin tutar.<\/li>\n\n\n\n<li>The ring&#8217;s 50mm diameter makes it great for modern and minimalist lighting.<\/li>\n\n\n\n<li>Bol \u0131\u015f\u0131k ge\u00e7iren PC opal dif\u00fczer ile birlikte gelir, b\u00f6ylece \u0131\u015f\u0131\u011f\u0131 e\u015fit olarak yayar.<\/li>\n\n\n\n<li>Kolay ask\u0131 i\u00e7in ayarlanabilir tellere sahip bir sarkma sistemi ile birlikte gelir.<\/li>\n\n\n\n<li>20 mm geni\u015fli\u011finde LED \u015feritlerini ta\u015f\u0131yabilir.<\/li>\n\n\n\n<li>Profesyonel ayd\u0131nlatma i\u00e7in DALI ve 0-10V dimmer sistemleri ile \u00e7al\u0131\u015f\u0131r.<\/li>\n<\/ul>\n<\/div>\n<\/div>\n\n\n\n<div class=\"wp-block-group\" style=\"padding-top:var(--wp--preset--spacing--80);padding-bottom:var(--wp--preset--spacing--80)\"><div class=\"wp-block-group__inner-container is-layout-constrained wp-block-group-is-layout-constrained\">\n<div class=\"wp-block-media-text has-media-on-the-right is-stacked-on-mobile\" style=\"grid-template-columns:auto 40%\"><div class=\"wp-block-media-text__content\">\n<h2 class=\"wp-block-heading\" style=\"padding-top:var(--wp--preset--spacing--40);padding-bottom:var(--wp--preset--spacing--40);font-size:25px;font-style:normal;font-weight:600;text-transform:capitalize\">D50 Lineer Yuvarlak I\u015f\u0131k Profili bir\u00e7ok ortamda iyi \u00e7al\u0131\u015f\u0131r:<\/h2>\n\n\n\n<ul class=\"wp-block-list\">\n<li>Ofisler ve konferans salonlar\u0131: \u00c7al\u0131\u015fma alanlar\u0131n\u0131 ayd\u0131nlatmak i\u00e7in modern asma lambalar.<\/li>\n\n\n\n<li>Barlar ve restoranlar: Ayd\u0131nlatmay\u0131 sakin ve ho\u015f hale getirerek insanlar\u0131n yemek yiyip dinlenmelerini sa\u011flamak.<\/li>\n\n\n\n<li>Evler: Yemek masalar\u0131n\u0131n \u00fczerine veya giri\u015f alanlar\u0131nda g\u00fczel bir \u0131\u015f\u0131k halkas\u0131 olu\u015fturmak i\u00e7in as\u0131labilir.<\/li>\n\n\n\n<li>Perakende Ma\u011fazalar\u0131 ve Showroomlar: \u00dcr\u00fcnleri \u00f6n plana \u00e7\u0131karmak i\u00e7in \u015f\u0131k ve \u00e7ekici ayd\u0131nlatma kullan\u0131m\u0131.<\/li>\n\n\n\n<li>Oteller ve lobiler: Parlayan halkalar, \u015f\u0131k ve s\u0131cak bir dokunu\u015f sa\u011flar.<\/li>\n<\/ul>\n<\/div><figure class=\"wp-block-media-text__media\"><img loading=\"lazy\" decoding=\"async\" width=\"500\" height=\"500\" src=\"https:\/\/tangooled.com\/wp-content\/uploads\/2025\/12\/rs50-ins.webp\" alt=\"d50 linear round ceiling light led profile for pendant\" class=\"wp-image-42359 size-full\" srcset=\"https:\/\/tangooled.com\/wp-content\/uploads\/2025\/12\/rs50-ins.webp 500w, https:\/\/tangooled.com\/wp-content\/uploads\/2025\/12\/rs50-ins-300x300.webp 300w, https:\/\/tangooled.com\/wp-content\/uploads\/2025\/12\/rs50-ins-150x150.webp 150w\" sizes=\"auto, (max-width: 500px) 100vw, 500px\" \/><\/figure><\/div>\n<\/div><\/div>\n\n\n\n<div class=\"wp-block-group has-background\" style=\"background-color:#f1f1f1f2;padding-top:var(--wp--preset--spacing--80);padding-bottom:var(--wp--preset--spacing--80)\"><div class=\"wp-block-group__inner-container is-layout-constrained wp-block-group-is-layout-constrained\">\n<h2 class=\"wp-block-heading\" style=\"padding-top:var(--wp--preset--spacing--40);padding-bottom:var(--wp--preset--spacing--40);font-size:25px;font-style:normal;font-weight:600\">D50 Profilinin Farkl\u0131 Olmas\u0131n\u0131 Sa\u011flayan Nedir<\/h2>\n\n\n\n<ul class=\"wp-block-list\">\n<li>Yumu\u015fak, e\u015fit \u0131\u015f\u0131k: Opal filtre, parlamay\u0131 ve parlak LED noktalar\u0131n\u0131 ortadan kald\u0131r\u0131r.<\/li>\n\n\n\n<li>G\u00fc\u00e7l\u00fc So\u011futma: Al\u00fcminyum g\u00f6vde, LED'leri serin tutar, bu da onlar\u0131n \u00f6mr\u00fcn\u00fc uzat\u0131r.<\/li>\n\n\n\n<li>Kolay montaj: Ask\u0131 kiti, onu asmak i\u00e7in gereken her \u015feyi i\u00e7erir.<\/li>\n\n\n\n<li>\u00c7e\u015fitli LED \u015feritleri ile \u00e7al\u0131\u015f\u0131r: Tasar\u0131m\u0131n\u0131za en uygun rengi ve parlakl\u0131\u011f\u0131 se\u00e7in.<\/li>\n<\/ul>\n<\/div><\/div>\n\n\n\n<div class=\"wp-block-group\" style=\"padding-top:var(--wp--preset--spacing--80);padding-bottom:var(--wp--preset--spacing--80)\"><div class=\"wp-block-group__inner-container is-layout-constrained wp-block-group-is-layout-constrained\">\n<h2 class=\"wp-block-heading\" style=\"padding-top:var(--wp--preset--spacing--40);padding-bottom:var(--wp--preset--spacing--40);font-size:25px;font-style:normal;font-weight:600;text-transform:capitalize\">Bir set i\u00e7inde ne al\u0131rs\u0131n\u0131z<\/h2>\n\n\n\n<ul class=\"wp-block-list\">\n<li>1 Anodize al\u00fcminyum profil<\/li>\n\n\n\n<li>1 opal PC takmal\u0131 dif\u00fczer<\/li>\n\n\n\n<li>De\u011fi\u015ftirilebilir \u00e7elik asma kablolar<\/li>\n\n\n\n<li>\u0130ki u\u00e7 kapa\u011f\u0131<\/li>\n<\/ul>\n<\/div><\/div>\n\n\n\n<div class=\"wp-block-group has-background\" style=\"background-color:#f1f1f1;padding-top:var(--wp--preset--spacing--80);padding-bottom:var(--wp--preset--spacing--80)\"><div class=\"wp-block-group__inner-container is-layout-constrained wp-block-group-is-layout-constrained\">\n<h2 class=\"wp-block-heading\" style=\"padding-top:var(--wp--preset--spacing--40);padding-bottom:var(--wp--preset--spacing--40);font-size:25px;font-style:normal;font-weight:600;text-transform:capitalize\">\u0130lgili \u00dcr\u00fcnler<\/h2>\n\n\n\n<ul class=\"wp-block-list\">\n<li>Y\u00fczeye montaj olan versiyonlar, \u00f6rne\u011fin<mark style=\"background-color:rgba(0, 0, 0, 0)\" class=\"has-inline-color has-vivid-red-color\"> <a href=\"https:\/\/tangooled.com\/tr\/urun\/surface-mount-led-profile-with-frosted-diffuser-for-10mm-rope-lights\/\">10mm Tel Ayd\u0131nlatmalar\u0131 i\u00e7in Buzlu Dif\u00fcz\u00f6rl\u00fc Y\u00fczeye Montaj LED Profili<\/a><\/mark><\/li>\n\n\n\n<li>K\u00fc\u00e7\u00fck \u015ferit \u0131\u015f\u0131klar\u0131 i\u00e7in profiller, \u00f6rne\u011fin <a href=\"https:\/\/tangooled.com\/tr\/urun\/black-aluminum-u-channel-profile-for-10mm-led-strips\/\"><mark style=\"background-color:rgba(0, 0, 0, 0)\" class=\"has-inline-color has-vivid-red-color\">10mm LED \u015eeritler i\u00e7in Siyah Al\u00fcminyum U Profil<\/mark><\/a><\/li>\n\n\n\n<li>\u00d6zel dif\u00fcz\u00f6rler ile lineer LED profilleri, \u00f6rne\u011fin <a href=\"https:\/\/tangooled.com\/tr\/urun\/aluminum-profile-with-60-degree-lens-led-diffuser\/\"><mark style=\"background-color:rgba(0, 0, 0, 0)\" class=\"has-inline-color has-vivid-red-color\">60 Derece Lens LED Dif\u00fcz\u00f6rl\u00fc Al\u00fcminyum Profil<\/mark><\/a><\/li>\n<\/ul>\n<\/div><\/div>\n\n\n\n<div class=\"wp-block-group\" style=\"padding-top:var(--wp--preset--spacing--80);padding-bottom:var(--wp--preset--spacing--80)\"><div class=\"wp-block-group__inner-container is-layout-constrained wp-block-group-is-layout-constrained\">\n<h2 class=\"wp-block-heading\" style=\"padding-top:var(--wp--preset--spacing--40);padding-bottom:var(--wp--preset--spacing--40);font-size:25px;font-style:normal;font-weight:600;text-transform:capitalize\">\u0130lgili \u00dcr\u00fcnler<\/h2>\n\n\n\n<p style=\"padding-right:0;padding-left:0\">D50 Lineer Yuvarlak I\u015f\u0131k Profili, bir tavandan oday\u0131 ayd\u0131nlatman\u0131n \u015f\u0131k, modern ve basit bir yoludur. Hem ticari hem de evsel ayd\u0131nlatma ihtiya\u00e7lar\u0131 i\u00e7in iyi \u00e7al\u0131\u015f\u0131r, ayr\u0131ca oteller ve di\u011fer konaklama tesislerinde de kullan\u0131l\u0131r. P\u00fcr\u00fczs\u00fcz, yuvarlak \u015fekli, y\u00fcksek l\u00fcmen \u00e7\u0131kt\u0131s\u0131 ve ayarlanabilir ask\u0131 sistemi, onu zarif ayd\u0131nlatma projeleri i\u00e7in harika bir se\u00e7im yapar.<\/p>\n<\/div><\/div>\n\n\n\n<p><\/p>","protected":false},"featured_media":13370,"template":"","meta":{"_acf_changed":true,"_seopress_robots_primary_cat":"none","_seopress_titles_title":"D50 Linear Round Light Profile RS50 | TANGOOLED","_seopress_titles_desc":"This d50 linear round light profile designed for high-end pendant installations. This 50mm circular aluminum channel offers maximum space for high-output strips.","_seopress_robots_index":""},"pcb-width":[229],"product-cat":[234],"class_list":{"0":"post-42177","1":"product","2":"type-product","3":"status-publish","4":"has-post-thumbnail","6":"pcb-width-15-20mm","7":"product-cat-round-tube-profile"},"acf":[],"_links":{"self":[{"href":"https:\/\/tangooled.com\/tr\/wp-json\/wp\/v2\/product\/42177","targetHints":{"allow":["GET"]}}],"collection":[{"href":"https:\/\/tangooled.com\/tr\/wp-json\/wp\/v2\/product"}],"about":[{"href":"https:\/\/tangooled.com\/tr\/wp-json\/wp\/v2\/types\/product"}],"wp:featuredmedia":[{"embeddable":true,"href":"https:\/\/tangooled.com\/tr\/wp-json\/wp\/v2\/media\/13370"}],"wp:attachment":[{"href":"https:\/\/tangooled.com\/tr\/wp-json\/wp\/v2\/media?parent=42177"}],"wp:term":[{"taxonomy":"pcb-width","embeddable":true,"href":"https:\/\/tangooled.com\/tr\/wp-json\/wp\/v2\/pcb-width?post=42177"},{"taxonomy":"product-cat","embeddable":true,"href":"https:\/\/tangooled.com\/tr\/wp-json\/wp\/v2\/product-cat?post=42177"}],"curies":[{"name":"wp","href":"https:\/\/api.w.org\/{rel}","templated":true}]}}