{"id":42175,"date":"2025-12-17T01:30:12","date_gmt":"2025-12-17T09:30:12","guid":{"rendered":"https:\/\/tangooled.com\/?post_type=product&#038;p=42175"},"modified":"2026-02-02T02:11:52","modified_gmt":"2026-02-02T10:11:52","slug":"40mm-round-led-aluminum-profile-30mm-inner-rs40","status":"publish","type":"product","link":"https:\/\/tangooled.com\/tr\/urun\/40mm-round-led-aluminum-profile-30mm-inner-rs40\/","title":{"rendered":"30mm \u0130\u00e7 Geni\u015flikte 40mm \u00c7ap\u0131nda Yuvarlak LED Profili"},"content":{"rendered":"<div class=\"wp-block-group is-vertical is-layout-flex wp-container-core-group-is-layout-d255d7c4 wp-block-group-is-layout-flex\" style=\"padding-top:var(--wp--preset--spacing--80);padding-bottom:var(--wp--preset--spacing--80)\">\n<p>Bu 40mm \u00e7ap\u0131nda LED al\u00fcminyum profil, sark\u0131t ayd\u0131nlatma i\u00e7in \u00f6zel olarak yap\u0131lm\u0131\u015ft\u0131r. Profil, d\u0131\u015far\u0131da 40 mm ve LED band\u0131 i\u00e7in i\u00e7eride 30.7 mm geni\u015fli\u011finde sa\u011flam bir al\u00fcminyum muhafazaya sahiptir.<\/p>\n\n\n\n<p>Kavisli ayd\u0131nlatma b\u00f6l\u00fcm\u00fcn\u00fcn i\u00e7indeki bo\u015f alan, yap\u0131n\u0131n \u00f6nemli bir par\u00e7as\u0131d\u0131r. \u00c7ok ince g\u00fc\u00e7 kayna\u011f\u0131 veya s\u00fcr\u00fcc\u00fc kablolar\u0131n\u0131 gizlemek i\u00e7in harika bir \u015fekilde \u00e7al\u0131\u015f\u0131r. Alt k\u0131s\u0131mda \u0131\u015f\u0131\u011f\u0131 geni\u015f bir alana e\u015fit \u015fekilde da\u011f\u0131tan kavisli bir LED dif\u00fcz\u00f6r bulunmaktad\u0131r.<\/p>\n\n\n\n<p>Bu 40mm \u00e7ap\u0131nda LED profili, kurumsal ofisler, konferans salonlar\u0131, perakende alanlar\u0131 ve galeriler gibi geni\u015f bir modern ortamda y\u00fcksek kaliteli ortam ve g\u00f6rev ayd\u0131nlatmas\u0131 i\u00e7in m\u00fckemmeldir. Ayr\u0131ca, mutfak adalar\u0131n\u0131n veya yemek alanlar\u0131n\u0131n \u00fczerinde vurgu ayd\u0131nlatmas\u0131 olarak da iyi \u00e7al\u0131\u015f\u0131r.<\/p>\n<\/div>\n\n\n\n<div class=\"wp-block-group has-background is-vertical is-layout-flex wp-container-core-group-is-layout-d255d7c4 wp-block-group-is-layout-flex\" style=\"background-color:#f1f1f1;padding-top:var(--wp--preset--spacing--80);padding-bottom:var(--wp--preset--spacing--80)\">\n<div class=\"wp-block-group is-vertical is-layout-flex wp-container-core-group-is-layout-8cf370e7 wp-block-group-is-layout-flex\">\n<h2 class=\"wp-block-heading\" style=\"padding-top:var(--wp--preset--spacing--40);padding-bottom:var(--wp--preset--spacing--40);font-size:25px;font-style:normal;font-weight:600;text-transform:capitalize\">Neden 40mm \u00c7ap\u0131nda LED Al\u00fcminyum Profilimizi Se\u00e7melisiniz?<\/h2>\n\n\n\n<ul class=\"wp-block-list\">\n<li>Sa\u011flam ve Hafif: Is\u0131y\u0131 iyi yayabilen ve uzun s\u00fcre dayanabilen 6063-T5 al\u00fcminyumdan yap\u0131lm\u0131\u015ft\u0131r.<\/li>\n\n\n\n<li>Geni\u015f LED \u015eeritler i\u00e7in Uygun: 30mm i\u00e7 geni\u015fli\u011fi, iki s\u0131ra LED \u015feridi veya geni\u015f bir \u015feridi y\u00f6netebilir.<\/li>\n\n\n\n<li>Yumu\u015fak I\u015f\u0131k: Beraberinde gelen opal dif\u00fcz\u00f6r, \u0131\u015f\u0131\u011f\u0131 nazik ve e\u015fit hale getirir, lekeler b\u0131rakmaz.<\/li>\n\n\n\n<li>Kullan\u0131m\u0131 Kolay: Sark\u0131t, kolayca takman\u0131z i\u00e7in gerekli olan t\u00fcm par\u00e7alarla birlikte gelir.<\/li>\n\n\n\n<li>G\u00fczel G\u00f6r\u00fcn\u00fcm: Anodize g\u00fcm\u00fc\u015f, siyah veya beyaz kaplama se\u00e7eneklerinden birini se\u00e7ebilirsiniz.<\/li>\n<\/ul>\n<\/div>\n<\/div>\n\n\n\n<div class=\"wp-block-group\" style=\"padding-top:var(--wp--preset--spacing--80);padding-bottom:var(--wp--preset--spacing--80)\"><div class=\"wp-block-group__inner-container is-layout-constrained wp-block-group-is-layout-constrained\">\n<div class=\"wp-block-media-text has-media-on-the-right is-stacked-on-mobile\" style=\"grid-template-columns:auto 40%\"><div class=\"wp-block-media-text__content\">\n<h2 class=\"wp-block-heading\" style=\"padding-top:var(--wp--preset--spacing--40);padding-bottom:var(--wp--preset--spacing--40);font-size:25px;font-style:normal;font-weight:600;text-transform:capitalize\">Ayd\u0131nlatma Uyumlulu\u011fu ve Kurulum<\/h2>\n\n\n\n<ul class=\"wp-block-list\">\n<li>30mm geni\u015fli\u011finde LED \u015feritleriyle \u00e7al\u0131\u015f\u0131r, bu da \u00e7ift s\u0131ra SMD veya COB LED'ler i\u00e7in m\u00fckemmeldir.<\/li>\n\n\n\n<li>Lekeleri \u00f6nlemek i\u00e7in olduk\u00e7a yo\u011fun LED \u015feritlerle m\u00fckemmel \u015fekilde \u00e7al\u0131\u015f\u0131r.<\/li>\n\n\n\n<li>Bunu asmak i\u00e7in sark\u0131t kablolar\u0131 veya duvarlara ve tavana sabitlemek i\u00e7in montaj klipleri kullanabilirsiniz.<\/li>\n\n\n\n<li>Dif\u00fcz\u00f6r, \u0131\u015f\u0131\u011f\u0131 yumu\u015fatarak odan\u0131zda e\u015fit bir \u015fekilde da\u011f\u0131lmas\u0131n\u0131 sa\u011flar ve lekeler b\u0131rakmaz.<\/li>\n<\/ul>\n<\/div><figure class=\"wp-block-media-text__media\"><img loading=\"lazy\" decoding=\"async\" width=\"500\" height=\"500\" src=\"https:\/\/tangooled.com\/wp-content\/uploads\/2025\/12\/rs40-ins.webp\" alt=\"diameter 40mm round aluminum profile for led strips with inner width 30mm\" class=\"wp-image-42296 size-full\" srcset=\"https:\/\/tangooled.com\/wp-content\/uploads\/2025\/12\/rs40-ins.webp 500w, https:\/\/tangooled.com\/wp-content\/uploads\/2025\/12\/rs40-ins-300x300.webp 300w, https:\/\/tangooled.com\/wp-content\/uploads\/2025\/12\/rs40-ins-150x150.webp 150w\" sizes=\"auto, (max-width: 500px) 100vw, 500px\" \/><\/figure><\/div>\n<\/div><\/div>\n\n\n\n<div class=\"wp-block-group has-background is-vertical is-layout-flex wp-container-core-group-is-layout-b429018a wp-block-group-is-layout-flex\" style=\"background-color:#f1f1f1f2;padding-top:var(--wp--preset--spacing--70);padding-bottom:var(--wp--preset--spacing--70)\">\n<h2 class=\"wp-block-heading\" style=\"padding-top:var(--wp--preset--spacing--40);padding-bottom:var(--wp--preset--spacing--40);font-size:25px;font-style:normal;font-weight:600;text-transform:capitalize\">40mm \u00c7ap\u0131nda Al\u00fcminyum Profili Nerede Kullanabilirsiniz?<\/h2>\n\n\n\n<p>Bu profil hem sa\u011flam hem de uyumlu. Ayd\u0131nlatma i\u015flerinizi yapmak i\u00e7in birden fazla alanda kullanabilirsiniz:<\/p>\n\n\n\n<ul class=\"wp-block-list\">\n<li>Mutfak adalar\u0131, oturma odalar\u0131 ve dolaplar i\u00e7in ayd\u0131nlatma, ortam\u0131 ayarlamak ve i\u015flerinizi halletmenize yard\u0131mc\u0131 olmak i\u00e7in.<\/li>\n\n\n\n<li>\u0130\u015fletmeler: Temiz, ayd\u0131nl\u0131k ve modern ofisler, ma\u011fazalar ve restoranlar.<\/li>\n\n\n\n<li>Tasar\u0131m: Daire \u015feklinde sark\u0131t lambalar yaparak g\u00fczel bir g\u00f6r\u00fcn\u00fcm elde edin.<\/li>\n\n\n\n<li>Daha parlak dolaplar ve raflar olu\u015fturmak i\u00e7in \u00e7ift s\u0131ra LED \u015feritlerle kullan\u0131n.<\/li>\n<\/ul>\n<\/div>\n\n\n\n<div class=\"wp-block-group\" style=\"padding-top:var(--wp--preset--spacing--80);padding-bottom:var(--wp--preset--spacing--80)\"><div class=\"wp-block-group__inner-container is-layout-constrained wp-block-group-is-layout-constrained\">\n<h2 class=\"wp-block-heading\" style=\"padding-top:var(--wp--preset--spacing--40);padding-bottom:var(--wp--preset--spacing--40);font-size:25px;font-style:normal;font-weight:600;text-transform:capitalize\">Kutuda Ne Var?<\/h2>\n\n\n\n<ul class=\"wp-block-list\">\n<li>Se\u00e7ti\u011finiz uzunlukta ve kaplamada bir 40mm dairesel al\u00fcminyum profil<\/li>\n\n\n\n<li>Bir snap-in LED opal dif\u00fcz\u00f6r<\/li>\n\n\n\n<li>Tam bir g\u00f6r\u00fcn\u00fcm i\u00e7in iki metal u\u00e7 kapak<\/li>\n\n\n\n<li>Asmak i\u00e7in iki ask\u0131 kablo seti<\/li>\n<\/ul>\n<\/div><\/div>\n\n\n\n<div class=\"wp-block-group has-background\" style=\"background-color:#f1f1f1;padding-top:var(--wp--preset--spacing--80);padding-bottom:var(--wp--preset--spacing--80)\"><div class=\"wp-block-group__inner-container is-layout-constrained wp-block-group-is-layout-constrained\">\n<h2 class=\"wp-block-heading\" style=\"padding-top:var(--wp--preset--spacing--40);padding-bottom:var(--wp--preset--spacing--40);font-size:25px;font-style:normal;font-weight:600;text-transform:capitalize\">Ho\u015flanabilece\u011finiz Di\u011fer Profillere Bak\u0131n<\/h2>\n\n\n\n<ul class=\"wp-block-list\">\n<li>Kontrol edin <a href=\"https:\/\/tangooled.com\/tr\/urun\/black-led-profile-with-black-diffuser-for-10mm-led-strip-light\/\"><mark style=\"background-color:rgba(0, 0, 0, 0)\" class=\"has-inline-color has-vivid-red-color\">10mm LED \u015eerit I\u015f\u0131\u011f\u0131 i\u00e7in Siyah Dif\u00fcz\u00f6rl\u00fc Siyah LED Profil<\/mark><\/a> daha k\u00fc\u00e7\u00fck LED \u015feritler i\u00e7in.<\/li>\n\n\n\n<li>G\u00f6r\u00fcnt\u00fcle <a href=\"https:\/\/tangooled.com\/tr\/urun\/surface-mount-led-profile-with-frosted-diffuser-for-10mm-rope-lights\/\"><mark style=\"background-color:rgba(0, 0, 0, 0)\" class=\"has-inline-color has-vivid-red-color\">10mm Kordon I\u015f\u0131klar\u0131 i\u00e7in Buzlu Dif\u00fcz\u00f6rl\u00fc Y\u00fczey Montaj LED Profili<\/mark><\/a> kolay tavana montaj se\u00e7enekleri i\u00e7in.<\/li>\n\n\n\n<li>Ke\u015ffedin <a href=\"https:\/\/tangooled.com\/tr\/urun\/25x14m-surface-mounted-led-light-aluminum-profile\/\"><mark style=\"background-color:rgba(0, 0, 0, 0)\" class=\"has-inline-color has-vivid-red-color\">25x14m Y\u00fczeye Monte LED I\u015f\u0131k Al\u00fcminyum Profili<\/mark><\/a> \u00e7ok y\u00f6nl\u00fc montaj stilleri i\u00e7in.<\/li>\n<\/ul>\n<\/div><\/div>\n\n\n\n<p><\/p>","protected":false},"featured_media":13366,"template":"","meta":{"_acf_changed":true,"_seopress_robots_primary_cat":"none","_seopress_titles_title":"40mm Round LED Aluminum Profile 30mm Inner Width RS40 | TANGOOLED","_seopress_titles_desc":"The RS40 is a heavy-duty 40mm round led aluminum profile with a wide 30mm inner channel. Perfect for high-output lighting and custom pendant fixtures in commercial spaces.","_seopress_robots_index":""},"pcb-width":[230],"product-cat":[234],"class_list":{"0":"post-42175","1":"product","2":"type-product","3":"status-publish","4":"has-post-thumbnail","6":"pcb-width-20-25mm","7":"product-cat-round-tube-profile"},"acf":[],"_links":{"self":[{"href":"https:\/\/tangooled.com\/tr\/wp-json\/wp\/v2\/product\/42175","targetHints":{"allow":["GET"]}}],"collection":[{"href":"https:\/\/tangooled.com\/tr\/wp-json\/wp\/v2\/product"}],"about":[{"href":"https:\/\/tangooled.com\/tr\/wp-json\/wp\/v2\/types\/product"}],"wp:featuredmedia":[{"embeddable":true,"href":"https:\/\/tangooled.com\/tr\/wp-json\/wp\/v2\/media\/13366"}],"wp:attachment":[{"href":"https:\/\/tangooled.com\/tr\/wp-json\/wp\/v2\/media?parent=42175"}],"wp:term":[{"taxonomy":"pcb-width","embeddable":true,"href":"https:\/\/tangooled.com\/tr\/wp-json\/wp\/v2\/pcb-width?post=42175"},{"taxonomy":"product-cat","embeddable":true,"href":"https:\/\/tangooled.com\/tr\/wp-json\/wp\/v2\/product-cat?post=42175"}],"curies":[{"name":"wp","href":"https:\/\/api.w.org\/{rel}","templated":true}]}}