{"id":42174,"date":"2025-12-17T01:22:46","date_gmt":"2025-12-17T09:22:46","guid":{"rendered":"https:\/\/tangooled.com\/?post_type=product&#038;p=42174"},"modified":"2026-02-02T02:12:17","modified_gmt":"2026-02-02T10:12:17","slug":"30mm-round-led-extrusion-channel-for-ceiling-hanging","status":"publish","type":"product","link":"https:\/\/tangooled.com\/tr\/urun\/30mm-round-led-extrusion-channel-for-ceiling-hanging\/","title":{"rendered":"Tavan sark\u0131tma i\u00e7in 30mm yuvarlak LED profil kanal\u0131"},"content":{"rendered":"<div class=\"wp-block-group is-vertical is-layout-flex wp-container-core-group-is-layout-d255d7c4 wp-block-group-is-layout-flex\" style=\"padding-top:var(--wp--preset--spacing--80);padding-bottom:var(--wp--preset--spacing--80)\">\n<p>30mm yuvarlak LED profil kanal\u0131m\u0131z, alan\u0131n\u0131z\u0131 tavan\u0131n alt\u0131ndan asarak geli\u015ftirmek i\u00e7in ideal bir yoldur. Bu \u015f\u0131k al\u00fcminyum LED konut, geleneksel LED \u015ferit ayd\u0131nlatmalar\u0131n\u0131 modern, \u015f\u0131k sark\u0131t lambalara d\u00f6n\u00fc\u015ft\u00fcr\u00fcr. Bu yuvarlak LED kanal\u0131, evlere, ofislere ve i\u015fletmelere hem kullan\u0131\u015fl\u0131 hem de y\u00fcksek kaliteli \u0131\u015f\u0131k sunar.<\/p>\n\n\n\n<p>Bu yuvarlak LED kanal\u0131, y\u00fcksek kaliteli anodize al\u00fcminyumdan yap\u0131lm\u0131\u015ft\u0131r ve sa\u011flam bir sistemden as\u0131lmas\u0131 i\u00e7in tasarlanm\u0131\u015ft\u0131r. Kanal, LED \u015feridinizi g\u00fcvenli bir \u015fekilde sarar ve \u0131s\u0131y\u0131 daha iyi da\u011f\u0131t\u0131r, bu da LED'lerin daha uzun \u00f6m\u00fcrl\u00fc olmas\u0131n\u0131 sa\u011flar. Bir PC opal dif\u00fcz\u00f6rle birlikte kullan\u0131ld\u0131\u011f\u0131nda, m\u00fckemmel noktas\u0131z ayd\u0131nlatma ve d\u00fczg\u00fcn, profesyonel bir \u0131\u015f\u0131k yay\u0131l\u0131m\u0131 sa\u011flar.<\/p>\n<\/div>\n\n\n\n<div class=\"wp-block-group has-background is-vertical is-layout-flex wp-container-core-group-is-layout-d255d7c4 wp-block-group-is-layout-flex\" style=\"background-color:#f1f1f1;padding-top:var(--wp--preset--spacing--80);padding-bottom:var(--wp--preset--spacing--80)\">\n<div class=\"wp-block-group is-vertical is-layout-flex wp-container-core-group-is-layout-8cf370e7 wp-block-group-is-layout-flex\">\n<h2 class=\"wp-block-heading\" style=\"padding-top:var(--wp--preset--spacing--40);padding-bottom:var(--wp--preset--spacing--40);font-size:25px;font-style:normal;font-weight:600;text-transform:capitalize\">\u00d6nemli \u00d6zellikler ve Avantajlar<\/h2>\n<\/div>\n\n\n\n<ul class=\"wp-block-list\">\n<li>The profile&#8217;s inner width is 22.8 mm, so it can fit a lot of different sizes of LED strips.<\/li>\n\n\n\n<li>Malzeme: 6063-T5 al\u00fcminyum profil, sa\u011flamd\u0131r ve y\u00fcksek \u0131s\u0131ya dayan\u0131kl\u0131d\u0131r.<\/li>\n\n\n\n<li>Renk Se\u00e7enekleri: Tasar\u0131m\u0131n\u0131za uyum sa\u011flamak i\u00e7in G\u00fcm\u00fc\u015f, Siyah veya Beyaz aras\u0131ndan se\u00e7im yapabilirsiniz.<\/li>\n\n\n\n<li>Dif\u00fcz\u00f6r: I\u015f\u0131\u011f\u0131 yumu\u015fat\u0131p s\u0131cak noktalar\u0131 gideren bir polikarbonat kapak.<\/li>\n\n\n\n<li>Kurulum: Sark\u0131t montaj\u0131, bir kit ile birlikte gelir ve basit bir \u015fekilde bir araya getirilir.<\/li>\n\n\n\n<li>\u00d6zel Uzunluklar: Genelde ihtiya\u00e7lar\u0131n\u0131za g\u00f6re kesilmi\u015f 1m, 2m veya 3m par\u00e7alar\u0131n\u0131 alabilirsiniz.<\/li>\n\n\n\n<li>\u00c7al\u0131\u015fan LED \u015eeritler: Tek renk, RGB, RGBW veya ayarlanabilir beyaz LED \u015feritlerle uyumlu \u00e7al\u0131\u015f\u0131r.<\/li>\n<\/ul>\n<\/div>\n\n\n\n<div class=\"wp-block-group\" style=\"padding-top:var(--wp--preset--spacing--80);padding-bottom:var(--wp--preset--spacing--80)\"><div class=\"wp-block-group__inner-container is-layout-constrained wp-block-group-is-layout-constrained\">\n<div class=\"wp-block-media-text has-media-on-the-right is-stacked-on-mobile\" style=\"grid-template-columns:auto 40%\"><div class=\"wp-block-media-text__content\">\n<h2 class=\"wp-block-heading\" style=\"padding-top:var(--wp--preset--spacing--40);padding-bottom:var(--wp--preset--spacing--40);font-size:25px;font-style:normal;font-weight:600;text-transform:capitalize\">30mm Yuvarlak LED Profil Kanal\u0131n\u0131z\u0131 Nas\u0131l Kurars\u0131n\u0131z<\/h2>\n\n\n\n<ul class=\"wp-block-list\">\n<li>LED \u015eerit I\u015f\u0131\u011f\u0131 kanala yerle\u015ftirin: Kanal i\u00e7inde yap\u0131\u015ft\u0131rmak istedi\u011finiz \u015feridi kullan\u0131n.<\/li>\n\n\n\n<li>Dif\u00fcz\u00f6r\u00fc Snap Yap\u0131n: Yumu\u015fak, e\u015fit \u0131\u015f\u0131k almak i\u00e7in opal dif\u00fcz\u00f6r kapa\u011f\u0131n\u0131 kanal\u0131n \u00fczerine yerle\u015ftirin.<\/li>\n\n\n\n<li>U\u00e7 Kapaklar\u0131 Sabitleyin: Kablolar\u0131n engel olu\u015fturmamas\u0131 ve \u00e7ekici g\u00f6r\u00fcnmesi i\u00e7in u\u00e7 kapaklar\u0131n\u0131 tak\u0131n.<\/li>\n\n\n\n<li>Ask\u0131 Kablolar\u0131n\u0131 Ekleyin: \u00c7elik kablolar\u0131 al\u00fcminyum kanala ba\u011flay\u0131n ve uzunlu\u011funu ayarlay\u0131n.<\/li>\n\n\n\n<li>Y\u00fcksekli\u011fi De\u011fi\u015ftirin: I\u015f\u0131\u011f\u0131 as\u0131n ve istedi\u011finiz y\u00fcksekli\u011fe ayarlay\u0131n.<\/li>\n\n\n\n<li>G\u00fcc\u00fc A\u00e7\u0131n: LED \u015feritleri uyumlu bir s\u00fcr\u00fcc\u00fc ve g\u00fc\u00e7 kayna\u011f\u0131na tak\u0131n.<\/li>\n<\/ul>\n<\/div><figure class=\"wp-block-media-text__media\"><img loading=\"lazy\" decoding=\"async\" width=\"500\" height=\"500\" src=\"https:\/\/tangooled.com\/wp-content\/uploads\/2025\/12\/rs30-ins.webp\" alt=\"Tavan sark\u0131tma i\u00e7in 30mm yuvarlak LED profil kanal\u0131\" class=\"wp-image-42294 size-full\" srcset=\"https:\/\/tangooled.com\/wp-content\/uploads\/2025\/12\/rs30-ins.webp 500w, https:\/\/tangooled.com\/wp-content\/uploads\/2025\/12\/rs30-ins-300x300.webp 300w, https:\/\/tangooled.com\/wp-content\/uploads\/2025\/12\/rs30-ins-150x150.webp 150w\" sizes=\"auto, (max-width: 500px) 100vw, 500px\" \/><\/figure><\/div>\n<\/div><\/div>\n\n\n\n<div class=\"wp-block-group has-background is-vertical is-layout-flex wp-container-core-group-is-layout-b429018a wp-block-group-is-layout-flex\" style=\"background-color:#f1f1f1f2;padding-top:var(--wp--preset--spacing--70);padding-bottom:var(--wp--preset--spacing--70)\">\n<h2 class=\"wp-block-heading\" style=\"padding-top:var(--wp--preset--spacing--40);padding-bottom:var(--wp--preset--spacing--40);font-size:25px;font-style:normal;font-weight:600\">Kullan\u0131m Alanlar\u0131 ve Uygulamalar\u0131<\/h2>\n\n\n\n<p>Tavan sark\u0131tma i\u00e7in 30mm yuvarlak LED profil kanal\u0131 bir\u00e7ok alan ve ama\u00e7 i\u00e7in uygundur:<\/p>\n\n\n\n<ul class=\"wp-block-list\">\n<li>Ticari Alanlar: Ofisler ve toplant\u0131 odalar\u0131, otel lobileri ve resepsiyon alanlar\u0131, ma\u011fazalar ve al\u0131\u015fveri\u015f merkezi atriyumlar\u0131.  <\/li>\n\n\n\n<li>Ev Ayd\u0131nlatmas\u0131: Mutfak adalar\u0131 ve yemek masalar\u0131, y\u00fcksek tavanl\u0131 oturma odalar\u0131, evden \u00e7al\u0131\u015fma ve \u00e7al\u0131\u015fma alanlar\u0131.<\/li>\n\n\n\n<li>Dekoratif \u00d6zellikler: Modern sark\u0131t lambalar\u0131n gruplar\u0131, masa ve tezgahlar i\u00e7in iyi g\u00f6rev ayd\u0131nlatmas\u0131.<\/li>\n<\/ul>\n<\/div>\n\n\n\n<div class=\"wp-block-group is-vertical is-layout-flex wp-container-core-group-is-layout-d255d7c4 wp-block-group-is-layout-flex\" style=\"padding-top:var(--wp--preset--spacing--80);padding-bottom:var(--wp--preset--spacing--80)\">\n<h2 class=\"wp-block-heading\" style=\"padding-top:var(--wp--preset--spacing--40);padding-bottom:var(--wp--preset--spacing--40);font-size:25px;font-style:normal;font-weight:600;text-transform:capitalize\">Tangooled'de \u0130lgili \u00dcr\u00fcnler<\/h2>\n\n\n\n<ul class=\"wp-block-list\">\n<li><a href=\"https:\/\/tangooled.com\/tr\/urun\/black-led-profile-with-black-diffuser-for-10mm-led-strip-light\/\"><mark style=\"background-color:rgba(0, 0, 0, 0)\" class=\"has-inline-color has-vivid-red-color\">10mm LED \u015ferit \u0131\u015f\u0131\u011f\u0131 i\u00e7in siyah dif\u00fcz\u00f6rl\u00fc siyah LED profili<\/mark><\/a> \u2014 Great for narrow LED tapes.<\/li>\n\n\n\n<li><a href=\"https:\/\/tangooled.com\/tr\/urun\/surface-mount-led-profile-with-frosted-diffuser-for-10mm-rope-lights\/\"><mark style=\"background-color:rgba(0, 0, 0, 0)\" class=\"has-inline-color has-vivid-red-color\">10 mm kablo \u0131\u015f\u0131klar\u0131 i\u00e7in frosted dif\u00fcz\u00f6rl\u00fc y\u00fczey montaj LED profili<\/mark><\/a> \u2014 Surface mount option for rope lights.<\/li>\n\n\n\n<li><a href=\"https:\/\/tangooled.com\/tr\/urun\/25mm-u-shape-led-mounting-channel-for-15mm-double-row-led-strip-lights\/\"><mark style=\"background-color:rgba(0, 0, 0, 0)\" class=\"has-inline-color has-vivid-red-color\">15mm \u00e7ift s\u0131ra LED \u015ferit \u0131\u015f\u0131klar i\u00e7in 25mm U \u015feklinde LED montaj kanal\u0131.<\/mark> <\/a>\u2014 Wider channel for double-row strips.<\/li>\n\n\n\n<li><a href=\"https:\/\/tangooled.com\/tr\/urun\/22x10mm-led-profile-light-channel-for-15mm-flexible-led-strips\/\"><mark style=\"background-color:rgba(0, 0, 0, 0)\" class=\"has-inline-color has-vivid-red-color\">15mm esnek LED \u015feritler i\u00e7in 22x10mm LED profil ayd\u0131nlatma kanal\u0131<\/mark><\/a> \u2014 For flexible LED tapes with high brightness.<\/li>\n\n\n\n<li><a href=\"https:\/\/tangooled.com\/tr\/urun\/aluminum-profile-with-60-degree-lens-led-diffuser\/\"><mark style=\"background-color:rgba(0, 0, 0, 0)\" class=\"has-inline-color has-vivid-red-color\">60 derece lensli LED dif\u00fcz\u00f6r ile aluminyum profil<\/mark><\/a> \u2014 For directional lighting needs.<\/li>\n<\/ul>\n<\/div>\n\n\n\n<div class=\"wp-block-group has-background\" style=\"background-color:#f1f1f1;padding-top:var(--wp--preset--spacing--80);padding-bottom:var(--wp--preset--spacing--80)\"><div class=\"wp-block-group__inner-container is-layout-constrained wp-block-group-is-layout-constrained\">\n<h2 class=\"wp-block-heading\" style=\"padding-top:var(--wp--preset--spacing--40);padding-bottom:var(--wp--preset--spacing--40);font-size:25px;font-style:normal;font-weight:600;text-transform:capitalize\">\u00fcr\u00fcn &amp; hizmet bilgisi<\/h2>\n\n\n\n<p style=\"padding-right:var(--wp--preset--spacing--50);padding-left:var(--wp--preset--spacing--50)\">The 30mm round led extrusion channel for ceiling hanging is the best option for anyone who wants pendant lighting that is modern, stylish, and can be used in many ways. Its study aluminum channel\u00a0makes it a great heat sink, and the opal diffuser makes sure that the light is gentle and even. This modular profile is great for commercial, residential, or decorative architectural LED extrusion projects. It makes installing LED strips neat and professional.<\/p>\n<\/div><\/div>\n\n\n\n<p><\/p>","protected":false},"featured_media":13362,"template":"","meta":{"_acf_changed":true,"_seopress_robots_primary_cat":"none","_seopress_titles_title":"30mm Round LED Extrusion Channel Hanging Profile RS30 | TANGOOLED","_seopress_titles_desc":"The RS30 is a 30mm round led extrusion channel designed for professional ceiling hanging. Ideal for modern office and commercial lighting.","_seopress_robots_index":""},"pcb-width":[229],"product-cat":[234],"class_list":{"0":"post-42174","1":"product","2":"type-product","3":"status-publish","4":"has-post-thumbnail","6":"pcb-width-15-20mm","7":"product-cat-round-tube-profile"},"acf":[],"_links":{"self":[{"href":"https:\/\/tangooled.com\/tr\/wp-json\/wp\/v2\/product\/42174","targetHints":{"allow":["GET"]}}],"collection":[{"href":"https:\/\/tangooled.com\/tr\/wp-json\/wp\/v2\/product"}],"about":[{"href":"https:\/\/tangooled.com\/tr\/wp-json\/wp\/v2\/types\/product"}],"wp:featuredmedia":[{"embeddable":true,"href":"https:\/\/tangooled.com\/tr\/wp-json\/wp\/v2\/media\/13362"}],"wp:attachment":[{"href":"https:\/\/tangooled.com\/tr\/wp-json\/wp\/v2\/media?parent=42174"}],"wp:term":[{"taxonomy":"pcb-width","embeddable":true,"href":"https:\/\/tangooled.com\/tr\/wp-json\/wp\/v2\/pcb-width?post=42174"},{"taxonomy":"product-cat","embeddable":true,"href":"https:\/\/tangooled.com\/tr\/wp-json\/wp\/v2\/product-cat?post=42174"}],"curies":[{"name":"wp","href":"https:\/\/api.w.org\/{rel}","templated":true}]}}