{"id":42171,"date":"2025-12-17T01:17:40","date_gmt":"2025-12-17T09:17:40","guid":{"rendered":"https:\/\/tangooled.com\/?post_type=product&#038;p=42171"},"modified":"2026-02-02T02:12:37","modified_gmt":"2026-02-02T10:12:37","slug":"wardrobe-closet-hanging-rod-led-profile-12mm-ar05","status":"publish","type":"product","link":"https:\/\/tangooled.com\/tr\/urun\/wardrobe-closet-hanging-rod-led-profile-12mm-ar05\/","title":{"rendered":"12mm \u015eeritler i\u00e7in LED Gard\u0131rop Ask\u0131 \u00c7ubu\u011fu Profili"},"content":{"rendered":"<div class=\"wp-block-group is-vertical is-layout-flex wp-container-core-group-is-layout-d255d7c4 wp-block-group-is-layout-flex\" style=\"padding-top:var(--wp--preset--spacing--80);padding-bottom:var(--wp--preset--spacing--80)\">\n<p>Gard\u0131rop dolab\u0131ndaki ask\u0131 \u00e7ubu\u011fu LED profilimiz, dolab\u0131n\u0131z\u0131 ak\u0131ll\u0131 ve parlak hale getirmek i\u00e7in 12mm LED \u015ferit \u0131\u015f\u0131klar i\u00e7in tasarlanm\u0131\u015ft\u0131r. Bu \u00e7ubuk, \u015f\u0131k bir eliptik tasar\u0131ma sahip olup 29mm y\u00fcksekli\u011finde ve 14.7mm geni\u015fli\u011findedir. Profil, g\u00fc\u00e7l\u00fc halka \u015feklindeki montaj braketleri ile iki yan panel aras\u0131nda yatay olarak tutulmaktad\u0131r. Bu, hemen iyi bir giysi ask\u0131s\u0131 haline getirir. Giysilerinizi iyi bir \u015fekilde tutar ve dolab\u0131n\u0131z\u0131, giysilere yukar\u0131dan veya a\u015fa\u011f\u0131dan genel ayd\u0131nlatma i\u00e7in y\u00f6nlendirilebilecek yumu\u015fak, net bir \u0131\u015f\u0131kla ayd\u0131nlat\u0131r. Her zaman renkleri net bir \u015fekilde g\u00f6rebilir, ihtiyac\u0131n\u0131z olan\u0131 hemen bulabilir ve dolab\u0131n\u0131z\u0131 d\u00fczenli ve \u015f\u0131k tutabilirsiniz. Bu hepsi bir arada \u00e7\u00f6z\u00fcm, modern giysi odalar\u0131, l\u00fcks y\u00fcr\u00fcme dolaplar\u0131 ve perakende sergileme sistemleri i\u00e7in m\u00fckemmeldir.<\/p>\n<\/div>\n\n\n\n<div class=\"wp-block-group has-background is-vertical is-layout-flex wp-container-core-group-is-layout-d255d7c4 wp-block-group-is-layout-flex\" style=\"background-color:#f1f1f1;padding-top:var(--wp--preset--spacing--80);padding-bottom:var(--wp--preset--spacing--80)\">\n<div class=\"wp-block-group is-vertical is-layout-flex wp-container-core-group-is-layout-8cf370e7 wp-block-group-is-layout-flex\">\n<h2 class=\"wp-block-heading\" style=\"padding-top:var(--wp--preset--spacing--40);padding-bottom:var(--wp--preset--spacing--40);font-size:25px;font-style:normal;font-weight:600;text-transform:capitalize\">Neden Gard\u0131rop Dolab\u0131 Ask\u0131 \u00c7ubu\u011fu LED Profilimizi Se\u00e7melisiniz?<\/h2>\n\n\n\n<ul class=\"wp-block-list\">\n<li>A\u011f\u0131r Hizmet Aluminyum Yap\u0131: 6063-T5 anodize aluminyum ile yap\u0131lm\u0131\u015ft\u0131r ve LED \u015feridinizi serin ve g\u00fcvenli tutar. Ayr\u0131ca giysilerinizi b\u00fck\u00fclmeden veya k\u0131r\u0131lmadan tutar.<\/li>\n\n\n\n<li>12mm LED \u015eeritlere M\u00fckemmel Uyum: Profilin i\u00e7 geni\u015fli\u011fi 12mm'dir, bu da t\u00fcm standart 12mm LED \u015ferit \u0131\u015f\u0131klar\u0131na, yani 5050, 2835 veya 5630 versiyonlar\u0131na uyum sa\u011flar.<\/li>\n\n\n\n<li>Yumu\u015fak I\u015f\u0131k Dif\u00fcz\u00f6r\u00fc: Polikarbonat mat dif\u00fcz\u00f6r, \u0131\u015f\u0131\u011f\u0131 e\u015fit \u015fekilde da\u011f\u0131t\u0131r ve parlamay\u0131 en aza indirerek giysilerinizi ayd\u0131nl\u0131k ve do\u011fru g\u00f6sterir.<\/li>\n\n\n\n<li>Kurulumu Kolay: \u00dcst veya yan tarafa kolay kurulum i\u00e7in montaj braketleri, u\u00e7 kapaklar ve ask\u0131 klipsleri ile birlikte gelir.<\/li>\n\n\n\n<li>Modern Tasar\u0131m: Dolab\u0131n\u0131z\u0131n dekoruna uyum sa\u011flamak i\u00e7in oval ve dairesel \u015fekiller aras\u0131nda se\u00e7im yapabilirsiniz ve giysilerinizi iyi bir \u015fekilde ayd\u0131nlat\u0131r.<\/li>\n<\/ul>\n<\/div>\n<\/div>\n\n\n\n<div class=\"wp-block-group\" style=\"padding-top:var(--wp--preset--spacing--60);padding-bottom:var(--wp--preset--spacing--60)\"><div class=\"wp-block-group__inner-container is-layout-constrained wp-block-group-is-layout-constrained\">\n<div class=\"wp-block-media-text has-media-on-the-right is-stacked-on-mobile\" style=\"grid-template-columns:auto 40%\"><div class=\"wp-block-media-text__content\">\n<h2 class=\"wp-block-heading\" style=\"padding-top:var(--wp--preset--spacing--40);padding-bottom:var(--wp--preset--spacing--40);font-size:25px;font-style:normal;font-weight:600;text-transform:capitalize\">Bu dolap \u0131\u015f\u0131k kanal\u0131n\u0131 aR05 nas\u0131l kullan\u0131r\u0131m?<\/h2>\n\n\n\n<ul class=\"wp-block-list\">\n<li>Kurulumu yapmak i\u00e7in al\u00fcminyum LED profilini dolab\u0131n duvarlar\u0131na yerle\u015ftirin.<\/li>\n\n\n\n<li>12mm LED \u015feridinizi i\u00e7ine yerle\u015ftirin, dif\u00fcz\u00f6r\u00fc yerine tak\u0131n, ard\u0131ndan g\u00fc\u00e7 kayna\u011f\u0131n\u0131 (ayr\u0131 olarak sunulmu\u015ftur) tak\u0131n.<\/li>\n\n\n\n<li>Dolab\u0131n\u0131zda harika g\u00f6r\u00fcnen yumu\u015fak veya g\u00fc\u00e7l\u00fc \u0131\u015f\u0131k almak i\u00e7in s\u0131cak veya do\u011fal beyaz LED \u015feritlerini se\u00e7in.<\/li>\n<\/ul>\n<\/div><figure class=\"wp-block-media-text__media\"><img loading=\"lazy\" decoding=\"async\" width=\"500\" height=\"500\" src=\"https:\/\/tangooled.com\/wp-content\/uploads\/2025\/12\/ar05-ins.webp\" alt=\"wardrobe closet hanging rod aluminum led profile for 12mm led strip lights\" class=\"wp-image-42289 size-full\" srcset=\"https:\/\/tangooled.com\/wp-content\/uploads\/2025\/12\/ar05-ins.webp 500w, https:\/\/tangooled.com\/wp-content\/uploads\/2025\/12\/ar05-ins-300x300.webp 300w, https:\/\/tangooled.com\/wp-content\/uploads\/2025\/12\/ar05-ins-150x150.webp 150w\" sizes=\"auto, (max-width: 500px) 100vw, 500px\" \/><\/figure><\/div>\n<\/div><\/div>\n\n\n\n<div class=\"wp-block-group has-background is-vertical is-layout-flex wp-container-core-group-is-layout-b429018a wp-block-group-is-layout-flex\" style=\"background-color:#f1f1f1f2;padding-top:var(--wp--preset--spacing--70);padding-bottom:var(--wp--preset--spacing--70)\">\n<h2 class=\"wp-block-heading\" style=\"padding-top:var(--wp--preset--spacing--40);padding-bottom:var(--wp--preset--spacing--40);font-size:25px;font-style:normal;font-weight:600;text-transform:capitalize\">Gard\u0131rop Ask\u0131 LED Profilini Nerede Kullanabilirim?<\/h2>\n\n\n\n<p>Bu gard\u0131rop dolab\u0131 ask\u0131 \u00e7ubu\u011fu LED profili bir\u00e7ok yerde \u00e7al\u0131\u015f\u0131r:<\/p>\n\n\n\n<ul class=\"wp-block-list\">\n<li>Walk-in Closets \u2013 Brighten your entire walk-in with lighted rails.<\/li>\n\n\n\n<li>Wardrobe Cabinets \u2013 Add with your existing closet rods for neat, hidden lighting.<\/li>\n\n\n\n<li>Perakende Giysi Sergilemeleri: Giysilerinizi sergilemek i\u00e7in profesyonel ayd\u0131nlatma kullan\u0131n.<\/li>\n\n\n\n<li>\u00c7ama\u015f\u0131r Odalar\u0131 ve Giri\u015f Hol\u00fc: K\u00fc\u00e7\u00fck veya karanl\u0131k alanlarda \u015feyleri asmada \u0131\u015f\u0131k ve alan ekleyin.<\/li>\n<\/ul>\n<\/div>\n\n\n\n<div class=\"wp-block-group is-vertical is-layout-flex wp-container-core-group-is-layout-d255d7c4 wp-block-group-is-layout-flex\" style=\"padding-top:var(--wp--preset--spacing--80);padding-bottom:var(--wp--preset--spacing--80)\">\n<h2 class=\"wp-block-heading\" style=\"padding-top:var(--wp--preset--spacing--40);padding-bottom:var(--wp--preset--spacing--40);font-size:25px;font-style:normal;font-weight:600;text-transform:capitalize\">Dahil Olan Aksesuarlar<\/h2>\n\n\n\n<ul class=\"wp-block-list\">\n<li>1 x Al\u00fcminyum LED profil \u00e7ubu\u011fu (istedi\u011finiz uzunlu\u011fu se\u00e7in)<\/li>\n\n\n\n<li>1 \u00d7 Cover for the frosted diffuser<\/li>\n\n\n\n<li>Kolay kurulum i\u00e7in 2 montaj braketi<\/li>\n\n\n\n<li>D\u00fczenli bir g\u00f6r\u00fcn\u00fcm i\u00e7in 2 u\u00e7 kapa\u011f\u0131<\/li>\n<\/ul>\n<\/div>\n\n\n\n<div class=\"wp-block-group has-background\" style=\"background-color:#f1f1f1;padding-top:var(--wp--preset--spacing--80);padding-bottom:var(--wp--preset--spacing--80)\"><div class=\"wp-block-group__inner-container is-layout-constrained wp-block-group-is-layout-constrained\">\n<h2 class=\"wp-block-heading\" style=\"padding-top:var(--wp--preset--spacing--40);padding-bottom:var(--wp--preset--spacing--40);font-size:25px;font-style:normal;font-weight:600;text-transform:capitalize\">ho\u015funuza gidebilecek ilgili \u00fcr\u00fcnler<\/h2>\n\n\n\n<ul class=\"wp-block-list\">\n<li><a href=\"https:\/\/tangooled.com\/tr\/urun\/black-led-diffuser-aluminum-channel-for-12mm-tape-lights\/\"><mark style=\"background-color:rgba(0, 0, 0, 0)\" class=\"has-inline-color has-vivid-red-color\">12 mm bant i\u015f\u0131klar\u0131 i\u00e7in siyah LED dif\u00fcz\u00f6r al\u00fcminyum kanal\u0131<\/mark><\/a><\/li>\n\n\n\n<li><a href=\"https:\/\/tangooled.com\/tr\/urun\/18mm-flexible-led-profile-for-12mm-led-strips\/\"><mark style=\"background-color:rgba(0, 0, 0, 0)\" class=\"has-inline-color has-vivid-red-color\">12mm LED \u015feritler i\u00e7in 18mm esnek LED profili<\/mark><\/a><\/li>\n\n\n\n<li><a href=\"https:\/\/tangooled.com\/tr\/urun\/cabinet-lighting-aluminum-led-diffuser-profile-for-12mm-strips\/\"><mark style=\"background-color:rgba(0, 0, 0, 0)\" class=\"has-inline-color has-vivid-red-color\">12mm \u015feritler i\u00e7in dolap ayd\u0131nlatma al\u00fcminyum LED dif\u00fcz\u00f6r profili<\/mark><\/a><\/li>\n\n\n\n<li><a href=\"https:\/\/tangooled.com\/tr\/urun\/recessed-17mm-led-profile-aluminum-channel-for-12mm-led-strips\/\"><mark style=\"background-color:rgba(0, 0, 0, 0)\" class=\"has-inline-color has-vivid-red-color\">12mm LED \u015feritler i\u00e7in 17mm yerle\u015fik al\u00fcminyum kanal<\/mark><\/a><\/li>\n\n\n\n<li><a href=\"https:\/\/tangooled.com\/tr\/urun\/wardrobe-closet-hanging-rod-aluminum-led-profile-for-12mm-led-strip-lights\/\"><mark style=\"background-color:rgba(0, 0, 0, 0)\" class=\"has-inline-color has-vivid-red-color\">12mm LED \u015eerit I\u015f\u0131klar\u0131 i\u00e7in Gard\u0131rop Dolab\u0131 Ask\u0131 \u00c7ubu\u011fu Al\u00fcminyum LED Profili<\/mark><\/a><\/li>\n<\/ul>\n<\/div><\/div>\n\n\n\n<div class=\"wp-block-group\" style=\"padding-top:var(--wp--preset--spacing--80);padding-bottom:var(--wp--preset--spacing--80)\"><div class=\"wp-block-group__inner-container is-layout-constrained wp-block-group-is-layout-constrained\">\n<h2 class=\"wp-block-heading\" style=\"padding-top:var(--wp--preset--spacing--40);padding-bottom:var(--wp--preset--spacing--40);font-size:25px;font-style:normal;font-weight:600;text-transform:capitalize\">\u00d6zet<\/h2>\n\n\n\n<p style=\"padding-right:var(--wp--preset--spacing--50);padding-left:var(--wp--preset--spacing--50)\">Gard\u0131rop dolab\u0131 ask\u0131 \u00e7ubu\u011fu LED profili y\u00fcksek kaliteli al\u00fcminyumdan yap\u0131lm\u0131\u015ft\u0131r ve farkl\u0131 uzunluklarda gelir. Ayr\u0131ca, kullan\u0131m\u0131 kolay bir kurulum kiti ile birlikte gelir. Sert \u0131\u015f\u0131\u011f\u0131 yumu\u015fak, zarif bir par\u0131lt\u0131ya d\u00f6n\u00fc\u015ft\u00fcren mat bir dif\u00fcz\u00f6re sahiptir. Standart 12mm LED \u015feritleri 20W\/m'ye kadar tutabilir. Bu profil, bir ev y\u00fcr\u00fcyen dolab\u0131nda, \u00e7ama\u015f\u0131r odas\u0131nda veya l\u00fcks bir ma\u011faza sergisinde parlak, \u015f\u0131k bir organizasyon elde etmeyi her zamankinden daha kolay hale getirir.<br>Gard\u0131rop dolab\u0131n\u0131za asmak i\u00e7in 12mm LED \u015ferit \u0131\u015f\u0131klar\u0131 i\u00e7in al\u00fcminyum LED profilimizi bug\u00fcn al\u0131n ve daha iyi hale getirin!<\/p>\n<\/div><\/div>\n\n\n\n<p><\/p>","protected":false},"featured_media":14299,"template":"","meta":{"_acf_changed":true,"_seopress_robots_primary_cat":"none","_seopress_titles_title":"LED Wardrobe Hanging Rod Profile | Closet Light Channel AR05","_seopress_titles_desc":"The AR05 is a heavy-duty wardrobe closet hanging rod led profile for 12mm strips. Combine storage and illumination with this durable aluminum profile.","_seopress_robots_index":""},"pcb-width":[228],"product-cat":[234],"class_list":{"0":"post-42171","1":"product","2":"type-product","3":"status-publish","4":"has-post-thumbnail","6":"pcb-width-6-12mm","7":"product-cat-round-tube-profile"},"acf":[],"_links":{"self":[{"href":"https:\/\/tangooled.com\/tr\/wp-json\/wp\/v2\/product\/42171","targetHints":{"allow":["GET"]}}],"collection":[{"href":"https:\/\/tangooled.com\/tr\/wp-json\/wp\/v2\/product"}],"about":[{"href":"https:\/\/tangooled.com\/tr\/wp-json\/wp\/v2\/types\/product"}],"wp:featuredmedia":[{"embeddable":true,"href":"https:\/\/tangooled.com\/tr\/wp-json\/wp\/v2\/media\/14299"}],"wp:attachment":[{"href":"https:\/\/tangooled.com\/tr\/wp-json\/wp\/v2\/media?parent=42171"}],"wp:term":[{"taxonomy":"pcb-width","embeddable":true,"href":"https:\/\/tangooled.com\/tr\/wp-json\/wp\/v2\/pcb-width?post=42171"},{"taxonomy":"product-cat","embeddable":true,"href":"https:\/\/tangooled.com\/tr\/wp-json\/wp\/v2\/product-cat?post=42171"}],"curies":[{"name":"wp","href":"https:\/\/api.w.org\/{rel}","templated":true}]}}