{"id":42166,"date":"2025-12-17T01:09:39","date_gmt":"2025-12-17T09:09:39","guid":{"rendered":"https:\/\/tangooled.com\/?post_type=product&#038;p=42166"},"modified":"2026-02-02T02:13:25","modified_gmt":"2026-02-02T10:13:25","slug":"round-led-aluminum-profile-dia-24mm-suspended-ar03","status":"publish","type":"product","link":"https:\/\/tangooled.com\/tr\/urun\/round-led-aluminum-profile-dia-24mm-suspended-ar03\/","title":{"rendered":"Dia 24mm As\u0131l\u0131 Yuvarlak LED Profil, 12mm \u015eeritler i\u00e7in"},"content":{"rendered":"<div class=\"wp-block-group is-vertical is-layout-flex wp-container-core-group-is-layout-d255d7c4 wp-block-group-is-layout-flex\" style=\"padding-top:var(--wp--preset--spacing--80);padding-bottom:var(--wp--preset--spacing--80)\">\n<p>Brighten your space with our round led aluminum profile dia 24mm designed for flexible LED strips up to 12mm wide. This strong channel has a 24.0 mm outer\u00a0diameter and a 12.2 mm internal width.<\/p>\n\n\n\n<p>This profile\u00a0works well for surface mounting using a tilt-and-swivel bracket, but it can also be used for pendant lighting that hangs down. This bracket installation holds the fixture in place while letting you move and turn the complete channel, which enables you point the light exactly where you want it.<\/p>\n\n\n\n<p>This profile keeps LED strips\u00a0cool, protects them, and spreads light evenly so there are no hot spots. This feature that changes makes it perfect for directing accent lighting, lighting up retail displays, museum exhibits, or any other function that needs controlled, focused wall washing.<\/p>\n<\/div>\n\n\n\n<div class=\"wp-block-group has-background is-vertical is-layout-flex wp-container-core-group-is-layout-d255d7c4 wp-block-group-is-layout-flex\" style=\"background-color:#f1f1f1;padding-top:var(--wp--preset--spacing--80);padding-bottom:var(--wp--preset--spacing--80)\">\n<div class=\"wp-block-group is-vertical is-layout-flex wp-container-core-group-is-layout-8cf370e7 wp-block-group-is-layout-flex\">\n<h2 class=\"wp-block-heading\" style=\"padding-top:var(--wp--preset--spacing--40);padding-bottom:var(--wp--preset--spacing--40);font-size:25px;font-style:normal;font-weight:600;text-transform:capitalize\">\u00d6zellikler ve Faydalar<\/h2>\n\n\n\n<ul class=\"wp-block-list\">\n<li>Dayan\u0131kl\u0131 6063-T5 al\u00fcminyum ala\u015f\u0131m\u0131ndan yap\u0131lm\u0131\u015ft\u0131r ve LED \u015feritlerinizi so\u011futmak i\u00e7in harika \u0131s\u0131 y\u00f6netimi sa\u011flar.<\/li>\n\n\n\n<li>24mm \u00e7ap\u0131ndaki yuvarlak profil, esnek LED \u015feritler i\u00e7in m\u00fckemmel \u015fekilde uyum sa\u011flar, \u0131\u015f\u0131k \u00e7\u0131k\u0131\u015f\u0131n\u0131 ve estetik cazibeyi maksimize eder.<\/li>\n\n\n\n<li>Opal dif\u00fcz\u00f6r, \u0131\u015f\u0131\u011f\u0131 yumu\u015fat\u0131r, sert noktalar\u0131 \u00f6nler ve LED \u015feridi toz ve hasardan korur.<\/li>\n\n\n\n<li>E\u011fim ve d\u00f6nd\u00fcrme braketleri, \u0131\u015f\u0131\u011f\u0131 istedi\u011finiz y\u00f6nde ayarlaman\u0131za olanak tan\u0131r.<\/li>\n\n\n\n<li>SMD 5050, COB LED \u015feritleri ve ayarlanabilir beyaz LED bantlar\u0131 dahil olmak \u00fczere farkl\u0131 LED \u015feritleriyle uyumludur.<\/li>\n\n\n\n<li>Profesyonel ve ticari veya ev ayd\u0131nlatma tasar\u0131m\u0131 i\u00e7in birden fazla kaplama ile mevcuttur.<\/li>\n<\/ul>\n<\/div>\n<\/div>\n\n\n\n<div class=\"wp-block-group\" style=\"padding-top:var(--wp--preset--spacing--60);padding-bottom:var(--wp--preset--spacing--60)\"><div class=\"wp-block-group__inner-container is-layout-constrained wp-block-group-is-layout-constrained\">\n<div class=\"wp-block-media-text has-media-on-the-right is-stacked-on-mobile\" style=\"grid-template-columns:auto 40%\"><div class=\"wp-block-media-text__content\">\n<h2 class=\"wp-block-heading\" style=\"padding-top:var(--wp--preset--spacing--40);padding-bottom:var(--wp--preset--spacing--40);font-size:25px;font-style:normal;font-weight:600;text-transform:capitalize\">Montaj i\u00e7in basit ad\u0131mlar<\/h2>\n\n\n\n<ul class=\"wp-block-list\">\n<li>Bu yuvarlak al\u00fcminyum LED profilini gerekli uzunlukta kesin<\/li>\n\n\n\n<li>Profilin i\u00e7ine uygun bir LED \u015feridi (maks. 12mm) se\u00e7in ve yerle\u015ftirin<\/li>\n\n\n\n<li>Opal \u0131\u015f\u0131k dif\u00fcz\u00f6r\u00fcn\u00fc yerine oturtun<\/li>\n\n\n\n<li>Her iki uca son kapaklar\u0131 kapat\u0131n ve g\u00fc\u00e7 kayna\u011f\u0131n\u0131 tak\u0131n.<\/li>\n<\/ul>\n<\/div><figure class=\"wp-block-media-text__media\"><img loading=\"lazy\" decoding=\"async\" width=\"500\" height=\"500\" src=\"https:\/\/tangooled.com\/wp-content\/uploads\/2025\/12\/ar03-ins.webp\" alt=\"suspended round led aluminum profile dia 24mm for 12mm flexible led strip\" class=\"wp-image-42284 size-full\" srcset=\"https:\/\/tangooled.com\/wp-content\/uploads\/2025\/12\/ar03-ins.webp 500w, https:\/\/tangooled.com\/wp-content\/uploads\/2025\/12\/ar03-ins-300x300.webp 300w, https:\/\/tangooled.com\/wp-content\/uploads\/2025\/12\/ar03-ins-150x150.webp 150w\" sizes=\"auto, (max-width: 500px) 100vw, 500px\" \/><\/figure><\/div>\n<\/div><\/div>\n\n\n\n<div class=\"wp-block-group has-background is-vertical is-layout-flex wp-container-core-group-is-layout-b429018a wp-block-group-is-layout-flex\" style=\"background-color:#f1f1f1f2;padding-top:var(--wp--preset--spacing--70);padding-bottom:var(--wp--preset--spacing--70)\">\n<h2 class=\"wp-block-heading\" style=\"padding-top:var(--wp--preset--spacing--40);padding-bottom:var(--wp--preset--spacing--40);font-size:25px;font-style:normal;font-weight:600\">Kullan\u0131m Alanlar\u0131 ve Uygulamalar\u0131<\/h2>\n\n\n\n<p>24mm \u00e7ap\u0131ndaki dairesel LED al\u00fcminyum profilinizi pek \u00e7ok farkl\u0131 yerde kullanabilirsiniz:<\/p>\n\n\n\n<ul class=\"wp-block-list\">\n<li>Mutfak adas\u0131 i\u00e7in parlak, net bir \u0131\u015f\u0131k.<\/li>\n\n\n\n<li>Ofisler ve konferans odalar\u0131ndaki \u0131\u015f\u0131klar temiz, d\u00fczenli ve e\u015fit olmal\u0131d\u0131r.<\/li>\n\n\n\n<li>\u0130yi ayd\u0131nlat\u0131lan \u00fcr\u00fcnlere dikkat \u00e7eken ma\u011faza vitrinleri.<\/li>\n\n\n\n<li>Kapsama alan\u0131n\u0131 ayd\u0131nlatan LED \u015feritleri bulunan dolap \u00e7ubuklar\u0131.<\/li>\n<\/ul>\n<\/div>\n\n\n\n<div class=\"wp-block-group is-vertical is-layout-flex wp-container-core-group-is-layout-d255d7c4 wp-block-group-is-layout-flex\" style=\"padding-top:var(--wp--preset--spacing--80);padding-bottom:var(--wp--preset--spacing--80)\">\n<h2 class=\"wp-block-heading\" style=\"padding-top:var(--wp--preset--spacing--40);padding-bottom:var(--wp--preset--spacing--40);font-size:25px;font-style:normal;font-weight:600;text-transform:capitalize\">Kar\u015f\u0131la\u015ft\u0131r ve \u0130lgili \u00dcr\u00fcnleri Ke\u015ffet<\/h2>\n\n\n\n<ul class=\"wp-block-list\">\n<li>Daha ince bir se\u00e7enek i\u00e7in, <a href=\"https:\/\/tangooled.com\/tr\/urun\/18mm-flexible-led-profile-for-12mm-led-strips\/\"><mark style=\"background-color:rgba(0, 0, 0, 0)\" class=\"has-inline-color has-vivid-red-color\">12mm LED \u015feritler i\u00e7in 18mm e\u011filebilir led profili<\/mark><\/a> \u00e7o\u011fu standart LED bantlar\u0131 i\u00e7in uygun.<\/li>\n\n\n\n<li>Tam siyah bir g\u00f6r\u00fcn\u00fcm istiyorsan\u0131z, <a href=\"https:\/\/tangooled.com\/tr\/urun\/black-led-diffuser-aluminum-channel-for-12mm-tape-lights\/\"><mark style=\"background-color:rgba(0, 0, 0, 0)\" class=\"has-inline-color has-vivid-red-color\">12mm \u015ferit lambalar i\u00e7in siyah led dif\u00fcz\u00f6r al\u00fcminyum kanal<\/mark><\/a>.<\/li>\n\n\n\n<li>Alternatif montaj ihtiya\u00e7lar\u0131 i\u00e7in stil \u00e7e\u015fitlili\u011fini ke\u015ffedin. <a href=\"https:\/\/tangooled.com\/tr\/urun\/25x14m-surface-mounted-led-light-aluminum-profile\/\"><mark style=\"background-color:rgba(0, 0, 0, 0)\" class=\"has-inline-color has-vivid-red-color\">25x14mm y\u00fczeye monteli led \u0131\u015f\u0131k al\u00fcminyum profili <\/mark><\/a>Y\u00fcksek kaliteli 6063-T5 anodize al\u00fcminyum<\/li>\n<\/ul>\n<\/div>\n\n\n\n<p><\/p>","protected":false},"featured_media":14288,"template":"","meta":{"_acf_changed":true,"_seopress_robots_primary_cat":"none","_seopress_titles_title":"Dia 24mm Round LED Aluminum Profile for Suspension AR03 | TANGOOLED","_seopress_titles_desc":"The AR03 is a dia 24mm round led aluminum profile optimized for 12mm strips. Ideal for creating architectural suspended pendant lights.","_seopress_robots_index":""},"pcb-width":[228],"product-cat":[234],"class_list":{"0":"post-42166","1":"product","2":"type-product","3":"status-publish","4":"has-post-thumbnail","6":"pcb-width-6-12mm","7":"product-cat-round-tube-profile"},"acf":[],"_links":{"self":[{"href":"https:\/\/tangooled.com\/tr\/wp-json\/wp\/v2\/product\/42166","targetHints":{"allow":["GET"]}}],"collection":[{"href":"https:\/\/tangooled.com\/tr\/wp-json\/wp\/v2\/product"}],"about":[{"href":"https:\/\/tangooled.com\/tr\/wp-json\/wp\/v2\/types\/product"}],"wp:featuredmedia":[{"embeddable":true,"href":"https:\/\/tangooled.com\/tr\/wp-json\/wp\/v2\/media\/14288"}],"wp:attachment":[{"href":"https:\/\/tangooled.com\/tr\/wp-json\/wp\/v2\/media?parent=42166"}],"wp:term":[{"taxonomy":"pcb-width","embeddable":true,"href":"https:\/\/tangooled.com\/tr\/wp-json\/wp\/v2\/pcb-width?post=42166"},{"taxonomy":"product-cat","embeddable":true,"href":"https:\/\/tangooled.com\/tr\/wp-json\/wp\/v2\/product-cat?post=42166"}],"curies":[{"name":"wp","href":"https:\/\/api.w.org\/{rel}","templated":true}]}}