{"id":42163,"date":"2025-12-17T01:05:12","date_gmt":"2025-12-17T09:05:12","guid":{"rendered":"https:\/\/tangooled.com\/?post_type=product&#038;p=42163"},"modified":"2026-02-02T02:13:48","modified_gmt":"2026-02-02T10:13:48","slug":"surface-mount-led-round-aluminum-profile-for-10mm-strip-light","status":"publish","type":"product","link":"https:\/\/tangooled.com\/tr\/urun\/surface-mount-led-round-aluminum-profile-for-10mm-strip-light\/","title":{"rendered":"10 mm \u015ferit \u0131\u015f\u0131k i\u00e7in y\u00fczeye montaj yap\u0131labilen yuvarlak al\u00fcminyum profili"},"content":{"rendered":"<div class=\"wp-block-group is-vertical is-layout-flex wp-container-core-group-is-layout-d255d7c4 wp-block-group-is-layout-flex\" style=\"padding-top:var(--wp--preset--spacing--80);padding-bottom:var(--wp--preset--spacing--80)\">\n<p>It&#8217;s easy to make your space brighter! This surface-mount round\u00a0LED profile\u00a0is built just for your 10mm strip light. The design is small yet useful, with an overall height of 15.8 mm and an interior width of 11.2 mm, which is just right for the strip. It looks amazing, protects your LED, and makes sure that heat is properly released, so your light spreads out nicely and has no dots.<\/p>\n\n\n\n<p>It&#8217;s easy and quick to put together. The profile mounts directly to any flat surface and is held in place by screws that are hidden under the channel. This makes the profile look neat and polished. This profile is perfect for many lighting jobs at home or at work. It works well as accent lighting in places like kitchen cupboards, shop display shelves, or under stairs where a clean, concentrated light is needed.<\/p>\n<\/div>\n\n\n\n<div class=\"wp-block-group has-background is-vertical is-layout-flex wp-container-core-group-is-layout-d255d7c4 wp-block-group-is-layout-flex\" style=\"background-color:#f1f1f1;padding-top:var(--wp--preset--spacing--80);padding-bottom:var(--wp--preset--spacing--80)\">\n<div class=\"wp-block-group is-vertical is-layout-flex wp-container-core-group-is-layout-8cf370e7 wp-block-group-is-layout-flex\">\n<h2 class=\"wp-block-heading\" style=\"padding-top:var(--wp--preset--spacing--40);padding-bottom:var(--wp--preset--spacing--40);font-size:25px;font-style:normal;font-weight:600;text-transform:capitalize\">Neden Bu Y\u00fczeye Montaj Yap\u0131labilen Yuvarlak Profili Se\u00e7melisiniz?<\/h2>\n\n\n\n<ul class=\"wp-block-list\">\n<li>Al\u00fcminyum \u0131s\u0131 so\u011futucu, LED'lerin daha uzun s\u00fcre dayanmas\u0131n\u0131 sa\u011flar.<\/li>\n\n\n\n<li>Buzlu dif\u00fcz\u00f6r, \u0131\u015f\u0131\u011f\u0131 yumu\u015fat\u0131r ve s\u0131cak noktalar\u0131 ortadan kald\u0131r\u0131r.<\/li>\n\n\n\n<li>LED'lerinizi toz ve hasardan korur.<\/li>\n\n\n\n<li>U\u00e7 kapaklar ve montaj klipleri ile kolayca kurulum yap\u0131labilir.<\/li>\n\n\n\n<li>Modern tasar\u0131mlar ve temiz g\u00f6r\u00fcn\u00fcmler i\u00e7in m\u00fckemmeldir.<\/li>\n\n\n\n<li>Dolaplar, mutfak ayd\u0131nlatmas\u0131, ma\u011faza sergileri ve daha fazlas\u0131 i\u00e7in harikad\u0131r.<\/li>\n<\/ul>\n<\/div>\n<\/div>\n\n\n\n<div class=\"wp-block-group\" style=\"padding-top:var(--wp--preset--spacing--60);padding-bottom:var(--wp--preset--spacing--60)\"><div class=\"wp-block-group__inner-container is-layout-constrained wp-block-group-is-layout-constrained\">\n<div class=\"wp-block-media-text has-media-on-the-right is-stacked-on-mobile\" style=\"grid-template-columns:auto 40%\"><div class=\"wp-block-media-text__content\">\n<h2 class=\"wp-block-heading\" style=\"padding-top:var(--wp--preset--spacing--40);padding-bottom:var(--wp--preset--spacing--40);font-size:25px;font-style:normal;font-weight:600;text-transform:capitalize\">Kanal\u0131 Nas\u0131l Kullan\u0131r\u0131m?<\/h2>\n\n\n\n<ul class=\"wp-block-list\">\n<li>Y\u00fczeye montaj: Yuvarlak al\u00fcminyum profili duvarlar, dolaplar veya raflar gibi herhangi bir y\u00fczeye sabitlemek i\u00e7in klipleri kullanabilirsiniz.<\/li>\n\n\n\n<li>10 mm LED \u015feridi yerle\u015ftirin: LED \u015feridinizin arka y\u00fczeyini \u00e7\u0131kar\u0131n ve profilin i\u00e7ine yerle\u015ftirin.<\/li>\n\n\n\n<li>Al\u00fcminyum kanal\u0131n\u0131z\u0131n \u00fcst\u00fcne buzlu kapak yerle\u015ftirerek i\u015finizi tamamlay\u0131n.<\/li>\n\n\n\n<li>Daha d\u00fczenli ve tamamlanm\u0131\u015f g\u00f6r\u00fcnmesi i\u00e7in u\u00e7 kapaklar\u0131 ekleyin.<\/li>\n<\/ul>\n<\/div><figure class=\"wp-block-media-text__media\"><img loading=\"lazy\" decoding=\"async\" width=\"500\" height=\"500\" src=\"https:\/\/tangooled.com\/wp-content\/uploads\/2025\/12\/ar02-ins.webp\" alt=\"surface mount led round aluminum profile for 10mm led strip light\" class=\"wp-image-42276 size-full\" srcset=\"https:\/\/tangooled.com\/wp-content\/uploads\/2025\/12\/ar02-ins.webp 500w, https:\/\/tangooled.com\/wp-content\/uploads\/2025\/12\/ar02-ins-300x300.webp 300w, https:\/\/tangooled.com\/wp-content\/uploads\/2025\/12\/ar02-ins-150x150.webp 150w\" sizes=\"auto, (max-width: 500px) 100vw, 500px\" \/><\/figure><\/div>\n<\/div><\/div>\n\n\n\n<div class=\"wp-block-group has-background is-vertical is-layout-flex wp-container-core-group-is-layout-b429018a wp-block-group-is-layout-flex\" style=\"background-color:#f1f1f1f2;padding-top:var(--wp--preset--spacing--70);padding-bottom:var(--wp--preset--spacing--70)\">\n<h2 class=\"wp-block-heading\" style=\"padding-top:var(--wp--preset--spacing--40);padding-bottom:var(--wp--preset--spacing--40);font-size:25px;font-style:normal;font-weight:600;text-transform:capitalize\">Bu ince yuvarlak LED kanal\u0131n\u0131 Kullanman\u0131n En \u0130yi Yerleri<\/h2>\n\n\n\n<ul class=\"wp-block-list\">\n<li>Mutfak dolaplar\u0131n\u0131n alt\u0131nda veya \u00e7al\u0131\u015fma alanlar\u0131nda parlak bir i\u015f \u0131\u015f\u0131\u011f\u0131 i\u00e7in.\u00a0<\/li>\n\n\n\n<li>Parlak, net \u0131\u015f\u0131k gerektiren dolaplar ve gard\u0131rop i\u00e7in.<\/li>\n\n\n\n<li>Perakendecilerde \u00fcr\u00fcnleri sergilemek i\u00e7in vitrinler ve raflar i\u00e7in.<\/li>\n\n\n\n<li>Ofisler veya i\u015fletmeler i\u00e7in basit ve ho\u015f g\u00f6r\u00fcnen \u0131\u015f\u0131k \u00e7ubuklar\u0131.<\/li>\n\n\n\n<li>Sanat ve tasar\u0131m vurgular\u0131 i\u00e7in yumu\u015fak ve p\u00fcr\u00fczs\u00fcz \u0131\u015f\u0131k.<\/li>\n<\/ul>\n<\/div>\n\n\n\n<div class=\"wp-block-group is-vertical is-layout-flex wp-container-core-group-is-layout-d255d7c4 wp-block-group-is-layout-flex\" style=\"padding-top:var(--wp--preset--spacing--80);padding-bottom:var(--wp--preset--spacing--80)\">\n<h2 class=\"wp-block-heading\" style=\"padding-top:var(--wp--preset--spacing--40);padding-bottom:var(--wp--preset--spacing--40);font-size:25px;font-style:normal;font-weight:600;text-transform:capitalize\">Bu ilgili \u00fcr\u00fcnleri de be\u011fenebilirsiniz:<\/h2>\n\n\n\n<ul class=\"wp-block-list\">\n<li><a href=\"https:\/\/tangooled.com\/tr\/urun\/black-led-profile-with-black-diffuser-for-10mm-led-strip-light\/\"><mark style=\"background-color:rgba(0, 0, 0, 0)\" class=\"has-inline-color has-vivid-red-color\">10mm LED \u015eerit Ayd\u0131nlatma i\u00e7in Siyah Dif\u00fcz\u00f6rl\u00fc Siyah LED Profili <\/mark><\/a>\u2013 A sleek black profile with matching diffuser.<\/li>\n\n\n\n<li><a href=\"https:\/\/tangooled.com\/tr\/urun\/surface-mount-led-profile-with-frosted-diffuser-for-10mm-rope-lights\/\"><mark style=\"background-color:rgba(0, 0, 0, 0)\" class=\"has-inline-color has-vivid-red-color\">10mm Tel Ayd\u0131nlatmalar\u0131 i\u00e7in Buzlu Dif\u00fcz\u00f6rl\u00fc Y\u00fczeye Montaj LED Profili<\/mark><\/a> \u2013 Similar surface mount option for 10mm rope-style LED lights.<\/li>\n\n\n\n<li><a href=\"https:\/\/tangooled.com\/tr\/urun\/led-strip-light-channel-aluminum-profile-with-diffused-cover-6mm-height\/\"><mark style=\"background-color:rgba(0, 0, 0, 0)\" class=\"has-inline-color has-vivid-red-color\">Dif\u00fcz\u00f6r Kapakl\u0131 6mm Y\u00fckseklikteki LED \u015eerit I\u015f\u0131k Kanal\u0131 Al\u00fcminyum Profili<\/mark><\/a> \u2013 Low profile aluminum channel with frosted cover.<\/li>\n<\/ul>\n<\/div>\n\n\n\n<div class=\"wp-block-group has-background\" style=\"background-color:#f1f1f1;padding-top:var(--wp--preset--spacing--80);padding-bottom:var(--wp--preset--spacing--80)\"><div class=\"wp-block-group__inner-container is-layout-constrained wp-block-group-is-layout-constrained\">\n<p style=\"padding-right:var(--wp--preset--spacing--50);padding-left:var(--wp--preset--spacing--50)\">This surface mount round profile for 10mm LED strip lights is a great way to make any room look clean, smooth, and bright. It&#8217;s a great choice for all your LED lighting needs because it&#8217;s easy to put up, lasts a long time, and is made to last.<\/p>\n<\/div><\/div>\n\n\n\n<p><\/p>","protected":false},"featured_media":14285,"template":"","meta":{"_acf_changed":false,"_seopress_robots_primary_cat":"none","_seopress_titles_title":"Surface Mount LED Round Profile | Slim Circular Channel AR02","_seopress_titles_desc":"The AR02 is a premium surface mount led round profile for 10mm strips. Featuring a sleek circular design, this aluminum channel is perfect for under-cabinet or decorative wall lighting.","_seopress_robots_index":""},"pcb-width":[228],"product-cat":[234],"class_list":{"0":"post-42163","1":"product","2":"type-product","3":"status-publish","4":"has-post-thumbnail","6":"pcb-width-6-12mm","7":"product-cat-round-tube-profile"},"acf":[],"_links":{"self":[{"href":"https:\/\/tangooled.com\/tr\/wp-json\/wp\/v2\/product\/42163","targetHints":{"allow":["GET"]}}],"collection":[{"href":"https:\/\/tangooled.com\/tr\/wp-json\/wp\/v2\/product"}],"about":[{"href":"https:\/\/tangooled.com\/tr\/wp-json\/wp\/v2\/types\/product"}],"wp:featuredmedia":[{"embeddable":true,"href":"https:\/\/tangooled.com\/tr\/wp-json\/wp\/v2\/media\/14285"}],"wp:attachment":[{"href":"https:\/\/tangooled.com\/tr\/wp-json\/wp\/v2\/media?parent=42163"}],"wp:term":[{"taxonomy":"pcb-width","embeddable":true,"href":"https:\/\/tangooled.com\/tr\/wp-json\/wp\/v2\/pcb-width?post=42163"},{"taxonomy":"product-cat","embeddable":true,"href":"https:\/\/tangooled.com\/tr\/wp-json\/wp\/v2\/product-cat?post=42163"}],"curies":[{"name":"wp","href":"https:\/\/api.w.org\/{rel}","templated":true}]}}