{"id":42122,"date":"2025-12-16T02:03:58","date_gmt":"2025-12-16T10:03:58","guid":{"rendered":"https:\/\/tangooled.com\/?post_type=product&#038;p=42122"},"modified":"2026-02-02T22:15:24","modified_gmt":"2026-02-03T06:15:24","slug":"https-tangooled-com-product-plaster-drywall-aluminum-skirting-board-for-12mm-led-strip-sk12","status":"publish","type":"product","link":"https:\/\/tangooled.com\/tr\/urun\/https-tangooled-com-product-plaster-drywall-aluminum-skirting-board-for-12mm-led-strip-sk12\/","title":{"rendered":"12mm LED \u015feridi i\u00e7in al\u00e7\u0131  drywall al\u00fcminyum skirting board"},"content":{"rendered":"<div class=\"wp-block-group is-vertical is-layout-flex wp-container-core-group-is-layout-d255d7c4 wp-block-group-is-layout-flex\" style=\"padding-top:var(--wp--preset--spacing--80);padding-bottom:var(--wp--preset--spacing--80)\">\n<p>Our plaster drywall aluminum skirting board for 12mm LED strip is made of 6063-T5 extruded aluminum and is designed to fit perfectly inside a plaster drywall wall or skirting. It works like a hidden baseboard that can hold\u00a0a 12mm LED strip. When turned on, it makes a gentle, even light on the floor that adds to the room&#8217;s atmosphere.<br>\u0130yi bir dif\u00fcz\u00f6r ile kullan\u0131ld\u0131\u011f\u0131nda, profil, t\u00fcm LED noktalar\u0131n\u0131 gizleyen nazik, s\u00fcrekli bir ortam zemini \u0131\u015f\u0131\u011f\u0131 veya vurgulama etkisi olu\u015fturur. Bu profil ayr\u0131ca LED lambalar\u0131n\u0131n daha uzun \u00f6m\u00fcrl\u00fc olmas\u0131na yard\u0131mc\u0131 olarak bir \u0131s\u0131 da\u011f\u0131t\u0131c\u0131 g\u00f6revi g\u00f6r\u00fcr.<br>Bu SK12 skirting profili, al\u00e7\u0131 drywall i\u00e7ine yerle\u015ftirilmi\u015f uygun LED \u015feritlerle temiz, kesintisiz ayd\u0131nlatma olu\u015fturmaya yard\u0131mc\u0131 olur. Hacim kaplayan kenarl\u0131k yok, sadece g\u00fcn boyunca ve gece boyunca p\u00fcr\u00fczs\u00fcz, noktas\u0131z \u0131\u015f\u0131k.<\/p>\n<\/div>\n\n\n\n<div class=\"wp-block-group has-background is-vertical is-layout-flex wp-container-core-group-is-layout-d255d7c4 wp-block-group-is-layout-flex\" style=\"background-color:#f1f1f1;padding-top:var(--wp--preset--spacing--80);padding-bottom:var(--wp--preset--spacing--80)\">\n<div class=\"wp-block-group is-vertical is-layout-flex wp-container-core-group-is-layout-8cf370e7 wp-block-group-is-layout-flex\">\n<h2 class=\"wp-block-heading\" style=\"padding-top:var(--wp--preset--spacing--40);padding-bottom:var(--wp--preset--spacing--40);font-size:25px;font-style:normal;font-weight:600;text-transform:capitalize\">Neden SK12 Al\u00e7\u0131dan Yanda LED Skirting Board'umuzu se\u00e7melisiniz?<\/h2>\n\n\n\n<ul class=\"wp-block-list\">\n<li>- Kenar kesimsiz LED kanal\u0131: Al\u00e7\u0131 flan\u015f\u0131, profili drywall ile m\u00fckemmel \u015fekilde birle\u015ftirerek bir y\u00fczen duvar yan\u0131lsamas\u0131 yarat\u0131r.<\/li>\n\n\n\n<li>Nokta yok: Y\u00fcksek kaliteli dif\u00fcz\u00f6r, LED noktalar\u0131n\u0131 ortadan kald\u0131rarak profesyonel ayd\u0131nlatma tasar\u0131m\u0131 sunar.<\/li>\n\n\n\n<li>Is\u0131 y\u00f6netimi: Al\u00fcminyum, LED'lerin daha uzun \u00f6m\u00fcrl\u00fc olmas\u0131n\u0131 sa\u011flamak i\u00e7in harika bir \u0131s\u0131 da\u011f\u0131t\u0131c\u0131d\u0131r.<\/li>\n\n\n\n<li>12mm geni\u015fli\u011finde LED \u015feritlerle \u00e7al\u0131\u015f\u0131r, temiz bir \u0131\u015f\u0131k hatt\u0131 olu\u015fturan COB LED \u015feritler de dahil.<\/li>\n\n\n\n<li>Evlerde, i\u015fletmelerde ve otellerde zemin veya y\u00fcr\u00fcy\u00fc\u015f yolunu ayd\u0131nlatmak i\u00e7in koridorlarda kullan\u0131n.<\/li>\n<\/ul>\n<\/div>\n<\/div>\n\n\n\n<div class=\"wp-block-group is-vertical is-layout-flex wp-container-core-group-is-layout-d255d7c4 wp-block-group-is-layout-flex\" style=\"padding-top:var(--wp--preset--spacing--80);padding-bottom:var(--wp--preset--spacing--80)\">\n<hr class=\"wp-block-separator has-alpha-channel-opacity\"\/>\n\n\n\n<div class=\"wp-block-media-text has-media-on-the-right is-stacked-on-mobile\" style=\"grid-template-columns:auto 40%\"><div class=\"wp-block-media-text__content\">\n<h2 class=\"wp-block-heading\" style=\"padding-top:var(--wp--preset--spacing--40);padding-bottom:var(--wp--preset--spacing--40);font-size:25px;font-style:normal;font-weight:600;text-transform:capitalize\">SK12 Skirting Board Profilini Nas\u0131l Kullan\u0131rs\u0131n\u0131z<\/h2>\n\n\n\n<ul class=\"wp-block-list\">\n<li>Al\u00fcminyum ekstr\u00fczyonu duvar veya zemin \u00e7er\u00e7evesine yerle\u015ftirin.<\/li>\n\n\n\n<li>Al\u00e7\u0131 levhalar\u0131 profil flan\u015f\u0131na yaslay\u0131n.<\/li>\n\n\n\n<li>Flan\u015f\u0131n \u00fczerine ince bir al\u00e7\u0131 tabakas\u0131 koyun, b\u00f6ylece duvar-\u0131\u015f\u0131k ge\u00e7i\u015fi p\u00fcr\u00fczs\u00fcz g\u00f6r\u00fcn\u00fcr.<\/li>\n\n\n\n<li>LED \u015feridi kanala yerle\u015ftirin.<\/li>\n\n\n\n<li>LED \u015feridi d\u00fc\u015f\u00fck voltajl\u0131 bir g\u00fc\u00e7 kayna\u011f\u0131na tak\u0131n.<\/li>\n\n\n\n<li>P\u00fcr\u00fczs\u00fcz, noktas\u0131z ayd\u0131nlatma almak i\u00e7in opal dif\u00fcz\u00f6r kapa\u011f\u0131n\u0131 \u00fczerine koyun.<\/li>\n<\/ul>\n<\/div><figure class=\"wp-block-media-text__media\"><img loading=\"lazy\" decoding=\"async\" width=\"500\" height=\"500\" src=\"https:\/\/tangooled.com\/wp-content\/uploads\/2025\/12\/sk12-ins.webp\" alt=\"12mm LED \u015feridi i\u00e7in al\u00e7\u0131  drywall al\u00fcminyum skirting board\" class=\"wp-image-42160 size-full\" srcset=\"https:\/\/tangooled.com\/wp-content\/uploads\/2025\/12\/sk12-ins.webp 500w, https:\/\/tangooled.com\/wp-content\/uploads\/2025\/12\/sk12-ins-300x300.webp 300w, https:\/\/tangooled.com\/wp-content\/uploads\/2025\/12\/sk12-ins-150x150.webp 150w\" sizes=\"auto, (max-width: 500px) 100vw, 500px\" \/><\/figure><\/div>\n<\/div>\n\n\n\n<div class=\"wp-block-group has-background is-vertical is-layout-flex wp-container-core-group-is-layout-b429018a wp-block-group-is-layout-flex\" style=\"background-color:#f1f1f1f2;padding-top:var(--wp--preset--spacing--70);padding-bottom:var(--wp--preset--spacing--70)\">\n<h2 class=\"wp-block-heading\" style=\"padding-top:var(--wp--preset--spacing--40);padding-bottom:var(--wp--preset--spacing--40);font-size:25px;font-style:normal;font-weight:600;text-transform:capitalize\">K\u00fc\u00e7\u00fck setlerden neler alabilirsiniz?<\/h2>\n\n\n\n<ul class=\"wp-block-list\">\n<li>Al\u00e7\u0131 al\u00fcminyum drywall profili.<\/li>\n\n\n\n<li>Polikarbonat opal dif\u00fcz\u00f6r.<\/li>\n\n\n\n<li>Profil u\u00e7lar\u0131n\u0131 d\u00fczg\u00fcn bir \u015fekilde kapatmak i\u00e7in son kapaklar.<\/li>\n\n\n\n<li>Sonsuz hat ba\u011flant\u0131lar\u0131 i\u00e7in d\u00fcz ba\u011flant\u0131 par\u00e7alar\u0131.<\/li>\n<\/ul>\n<\/div>\n\n\n\n<div class=\"wp-block-group is-vertical is-layout-flex wp-container-core-group-is-layout-d255d7c4 wp-block-group-is-layout-flex\" style=\"padding-top:var(--wp--preset--spacing--80);padding-bottom:var(--wp--preset--spacing--80)\">\n<h2 class=\"wp-block-heading\" style=\"padding-top:var(--wp--preset--spacing--40);padding-bottom:var(--wp--preset--spacing--40);font-size:25px;font-style:normal;font-weight:600;text-transform:capitalize\">SK12 Skirting profilini takmak i\u00e7in ideal yerler<\/h2>\n\n\n\n<ul class=\"wp-block-list\">\n<li>Evler ve otellerde g\u00fcvenli, \u015f\u0131k LED yol ayd\u0131nlatmas\u0131na ihtiya\u00e7 duyan koridorlar ve ge\u00e7itler.<\/li>\n\n\n\n<li>Haval\u0131 ortam ayd\u0131nlatma efektlerine sahip oturma alanlar\u0131 ve yatak odalar\u0131.<\/li>\n\n\n\n<li>Ma\u011fazalarda ve sergileme alanlar\u0131nda mimari \u00f6zellikleri sergilemek i\u00e7in duvar yay\u0131lmas\u0131.<\/li>\n\n\n\n<li>Ev sinemalar\u0131 ve salonlar, bir atmosfer yaratmak i\u00e7in dolayl\u0131 ayd\u0131nlatma kullan\u0131r.<\/li>\n\n\n\n<li>Mimari ayd\u0131nlatma, i\u015f yerleri ve kabul odalar\u0131n\u0131n d\u00fczenli ve profesyonel g\u00f6r\u00fcnmesine yard\u0131mc\u0131 olabilir.<\/li>\n<\/ul>\n\n\n\n<p>Aksesuarlar kullanarak m\u00fckemmel son dokunu\u015flar\u0131 ekleyin. <mark style=\"background-color:rgba(0, 0, 0, 0)\" class=\"has-inline-color has-vivid-red-color\"><a href=\"https:\/\/tangooled.com\/tr\/urun\/18x18mm-led-strip-corner-profile-for-12mm-led-strips\/\">12mm LED \u015feritler i\u00e7in 18x18mm k\u00f6\u015fe profili<\/a>.<\/mark><\/p>\n<\/div>\n\n\n\n<p><\/p>","protected":false},"featured_media":13698,"template":"","meta":{"_acf_changed":true,"_seopress_robots_primary_cat":"none","_seopress_titles_title":"Plaster-in LED Skirting Channel for12mm Strip SK12 | TANGOOLED","_seopress_titles_desc":"The SK12 is a professional plaster-in led skirting channel optimized for 12mm strips. Achieve a seamless, trimless baseboard lighting effect in drywall projects with this recessed aluminum profile.","_seopress_robots_index":""},"pcb-width":[228],"product-cat":[198],"class_list":{"0":"post-42122","1":"product","2":"type-product","3":"status-publish","4":"has-post-thumbnail","6":"pcb-width-6-12mm","7":"product-cat-skirting-profile"},"acf":[],"_links":{"self":[{"href":"https:\/\/tangooled.com\/tr\/wp-json\/wp\/v2\/product\/42122","targetHints":{"allow":["GET"]}}],"collection":[{"href":"https:\/\/tangooled.com\/tr\/wp-json\/wp\/v2\/product"}],"about":[{"href":"https:\/\/tangooled.com\/tr\/wp-json\/wp\/v2\/types\/product"}],"wp:featuredmedia":[{"embeddable":true,"href":"https:\/\/tangooled.com\/tr\/wp-json\/wp\/v2\/media\/13698"}],"wp:attachment":[{"href":"https:\/\/tangooled.com\/tr\/wp-json\/wp\/v2\/media?parent=42122"}],"wp:term":[{"taxonomy":"pcb-width","embeddable":true,"href":"https:\/\/tangooled.com\/tr\/wp-json\/wp\/v2\/pcb-width?post=42122"},{"taxonomy":"product-cat","embeddable":true,"href":"https:\/\/tangooled.com\/tr\/wp-json\/wp\/v2\/product-cat?post=42122"}],"curies":[{"name":"wp","href":"https:\/\/api.w.org\/{rel}","templated":true}]}}