{"id":42120,"date":"2025-12-16T01:58:37","date_gmt":"2025-12-16T09:58:37","guid":{"rendered":"https:\/\/tangooled.com\/?post_type=product&#038;p=42120"},"modified":"2026-02-02T22:15:00","modified_gmt":"2026-02-03T06:15:00","slug":"waist-line-in-wall-stair-lighting-aluminum-led-profile","status":"publish","type":"product","link":"https:\/\/tangooled.com\/tr\/urun\/waist-line-in-wall-stair-lighting-aluminum-led-profile\/","title":{"rendered":"Duvar \u0130\u00e7indeki Merdiven Ayd\u0131nlatmas\u0131 Al\u00fcminyum LED Profili"},"content":{"rendered":"<div class=\"wp-block-group is-vertical is-layout-flex wp-container-core-group-is-layout-d255d7c4 wp-block-group-is-layout-flex\" style=\"padding-top:var(--wp--preset--spacing--80);padding-bottom:var(--wp--preset--spacing--80)\">\n<p>Duvar i\u00e7i merdiven ayd\u0131nlatma profilimiz, geri \u00e7ekilmi\u015f bir al\u00fcminyum LED kanald\u0131r. Kalsit ya da al\u00e7\u0131ya yerle\u015ftirilerek \u00e7er\u00e7evesiz, s\u0131va i\u00e7inde bir montaj ayd\u0131nlatmas\u0131 olu\u015fturulabilir. Bu, duvarlar\u0131n\u0131za ve merdivenlerinize ince ama parlak bir \u0131\u015f\u0131ma kazand\u0131r\u0131r.<\/p>\n\n\n\n<p>It&#8217;s made to light up stairs, but it also works well for lighting up waistlines along corridors or skirting boards. The aluminum case functions as a heat sink, which keeps the LED strips cool and makes them live longer.<\/p>\n\n\n\n<p>This aluminum LED profile gives out a gentle, clear, and even glow that changes the look of walls and staircases with a modern, safe, and smooth light. It&#8217;s great for updating homes, offices, commercial halls, and retail areas.<\/p>\n<\/div>\n\n\n\n<div class=\"wp-block-group has-background is-vertical is-layout-flex wp-container-core-group-is-layout-d255d7c4 wp-block-group-is-layout-flex\" style=\"background-color:#f1f1f1;padding-top:var(--wp--preset--spacing--80);padding-bottom:var(--wp--preset--spacing--80)\">\n<div class=\"wp-block-group is-vertical is-layout-flex wp-container-core-group-is-layout-8cf370e7 wp-block-group-is-layout-flex\">\n<h2 class=\"wp-block-heading\" style=\"padding-top:var(--wp--preset--spacing--40);padding-bottom:var(--wp--preset--spacing--40);font-size:25px;font-style:normal;font-weight:600;text-transform:capitalize\">Neden Bu Profili Se\u00e7melisiniz?<\/h2>\n\n\n\n<ul class=\"wp-block-list\">\n<li>Looks like it&#8217;s flush with the wall\u2014no frames or corners are apparent.<\/li>\n\n\n\n<li>Yumu\u015fak, g\u00f6z yormayan ayd\u0131nlatma, duvarlar\u0131 vurgulamak ya da merdivenleri daha g\u00fcvenli hale getirmek i\u00e7in m\u00fckemmeldir.<\/li>\n\n\n\n<li>Is\u0131y\u0131 kolayca da\u011f\u0131tan y\u00fcksek kaliteli 6063 al\u00fcminyum ala\u015f\u0131m\u0131ndan yap\u0131lm\u0131\u015ft\u0131r.<\/li>\n\n\n\n<li>I\u015f\u0131\u011f\u0131 daha ak\u0131c\u0131 hale getiren, dikkat da\u011f\u0131t\u0131c\u0131 LED noktalar\u0131 olmadan, bunalt\u0131c\u0131 bir polikarbonat dif\u00fcz\u00f6r ile geliyor.<\/li>\n\n\n\n<li>12V veya 24V'luk ve en fazla 12mm geni\u015fli\u011finde LED \u015ferit \u0131\u015f\u0131klarla kullan\u0131labilir.<\/li>\n\n\n\n<li>Siyah, beyaz veya anodize g\u00fcm\u00fc\u015f kaplamalarla mevcuttur.<\/li>\n<\/ul>\n<\/div>\n<\/div>\n\n\n\n<div class=\"wp-block-group\" style=\"padding-top:var(--wp--preset--spacing--60);padding-bottom:var(--wp--preset--spacing--60)\"><div class=\"wp-block-group__inner-container is-layout-constrained wp-block-group-is-layout-constrained\">\n<div class=\"wp-block-media-text has-media-on-the-right is-stacked-on-mobile\" style=\"grid-template-columns:auto 40%\"><div class=\"wp-block-media-text__content\">\n<h2 class=\"wp-block-heading\" style=\"padding-top:var(--wp--preset--spacing--40);padding-bottom:var(--wp--preset--spacing--40);font-size:25px;font-style:normal;font-weight:600;text-transform:capitalize\">Nas\u0131l Kullan\u0131l\u0131r<\/h2>\n\n\n\n<ul class=\"wp-block-list\">\n<li>Duvar\u0131n\u0131za ya da merdiveninize profille ayn\u0131 boyutlarda bir girinti a\u00e7\u0131n.<\/li>\n\n\n\n<li>Al\u00fcminyum LED profilini girinti i\u00e7ine yerle\u015ftirin ve orada sabit kalmas\u0131n\u0131 sa\u011flay\u0131n.<\/li>\n\n\n\n<li>Y\u00fczeydeki deliklerin etraf\u0131na al\u00e7\u0131 harc\u0131 veya s\u0131va \u00e7ekin (s\u0131va i\u00e7i montaj) ve y\u00fczeyi d\u00fczg\u00fcn hale getirin.<\/li>\n\n\n\n<li>LED \u015ferit lambay\u0131 profilin i\u00e7ine yerle\u015ftirin.<\/li>\n\n\n\n<li>I\u015f\u0131\u011f\u0131 daha e\u015fit ve yumu\u015fak hale getirmek i\u00e7in bu\u011fulu dif\u00fcz\u00f6r\u00fc tak\u0131n.<\/li>\n<\/ul>\n<\/div><figure class=\"wp-block-media-text__media\"><img loading=\"lazy\" decoding=\"async\" width=\"500\" height=\"500\" src=\"https:\/\/tangooled.com\/wp-content\/uploads\/2025\/12\/sk11-ins.webp\" alt=\"waist line in wall stair lighting aluminum led profile\" class=\"wp-image-42158 size-full\" srcset=\"https:\/\/tangooled.com\/wp-content\/uploads\/2025\/12\/sk11-ins.webp 500w, https:\/\/tangooled.com\/wp-content\/uploads\/2025\/12\/sk11-ins-300x300.webp 300w, https:\/\/tangooled.com\/wp-content\/uploads\/2025\/12\/sk11-ins-150x150.webp 150w\" sizes=\"auto, (max-width: 500px) 100vw, 500px\" \/><\/figure><\/div>\n<\/div><\/div>\n\n\n\n<div class=\"wp-block-group has-background is-vertical is-layout-flex wp-container-core-group-is-layout-b429018a wp-block-group-is-layout-flex\" style=\"background-color:#f1f1f1f2;padding-top:var(--wp--preset--spacing--70);padding-bottom:var(--wp--preset--spacing--70)\">\n<h2 class=\"wp-block-heading\" style=\"padding-top:var(--wp--preset--spacing--40);padding-bottom:var(--wp--preset--spacing--40);font-size:25px;font-style:normal;font-weight:600;text-transform:capitalize\">what&#8217;s in the kit\uff1f<\/h2>\n\n\n\n<ul class=\"wp-block-list\">\n<li>Anodize edilmi\u015f duvar i\u00e7i al\u00fcminyum kanal\u0131<\/li>\n\n\n\n<li>Opal LED dif\u00fcz\u00f6r\u00fc <\/li>\n\n\n\n<li>Son kapaklar<\/li>\n<\/ul>\n<\/div>\n\n\n\n<div class=\"wp-block-group is-vertical is-layout-flex wp-container-core-group-is-layout-d255d7c4 wp-block-group-is-layout-flex\" style=\"padding-top:var(--wp--preset--spacing--80);padding-bottom:var(--wp--preset--spacing--80)\">\n<h2 class=\"wp-block-heading\" style=\"padding-top:var(--wp--preset--spacing--40);padding-bottom:var(--wp--preset--spacing--40);font-size:25px;font-style:normal;font-weight:600;text-transform:capitalize\">\u0130lgilenece\u011finiz \u0130\u00e7 Ba\u011flant\u0131lar<\/h2>\n\n\n\n<ul class=\"wp-block-list\">\n<li>Daha fazlas\u0131n\u0131 ke\u015ffedin <a href=\"https:\/\/tangooled.com\/tr\/urun\/black-led-profile-with-black-diffuser-for-10mm-led-strip-light\/\"><mark style=\"background-color:rgba(0, 0, 0, 0)\" class=\"has-inline-color has-vivid-red-color\">10mm LED \u015ferit \u0131\u015f\u0131k i\u00e7in siyah dif\u00fcz\u00f6rl\u00fc siyah LED profili<\/mark><\/a><\/li>\n\n\n\n<li>G\u00f6z at\u0131n <a href=\"https:\/\/tangooled.com\/tr\/urun\/led-strip-light-channel-aluminum-profile-with-diffused-cover-6mm-height\/\"><mark style=\"background-color:rgba(0, 0, 0, 0)\" class=\"has-inline-color has-vivid-red-color\">Dif\u00fcz\u00f6r kapakl\u0131 6mm y\u00fckseklikteki LED \u015ferit \u0131\u015f\u0131k kanal\u0131 al\u00fcminyum profil<\/mark><\/a><\/li>\n\n\n\n<li>Bize bak\u0131n <a href=\"https:\/\/tangooled.com\/tr\/urun\/surface-mount-led-profile-with-frosted-diffuser-for-10mm-rope-lights\/\"><mark style=\"background-color:rgba(0, 0, 0, 0)\" class=\"has-inline-color has-vivid-red-color\">10 mm iplikler i\u00e7in mat dif\u00f6re sahip y\u00fczeye montaj LED profili<\/mark><\/a><\/li>\n\n\n\n<li>Hakk\u0131nda bilgi edinin <a href=\"https:\/\/tangooled.com\/tr\/urun\/side-lighting-2-in-1-aluminum-led-baseboard-for-15mm-strips\/\"><mark style=\"background-color:rgba(0, 0, 0, 0)\" class=\"has-inline-color has-vivid-red-color\">15mm \u015feritler i\u00e7in yan ayd\u0131nlatma 2`sinde 1 al\u00fcminyum led taban<\/mark><\/a><\/li>\n\n\n\n<li>Tam \u00fcr\u00fcn ayr\u0131nt\u0131lar\u0131n\u0131 ke\u015ffedin <a href=\"https:\/\/tangooled.com\/tr\/urun\/waist-line-in-wall-stair-lighting-aluminum-led-profile\/\"><mark style=\"background-color:rgba(0, 0, 0, 0)\" class=\"has-inline-color has-vivid-red-color\">Duvar \u0130\u00e7indeki Merdiven Ayd\u0131nlatmas\u0131 Al\u00fcminyum LED Profili<\/mark><\/a><\/li>\n<\/ul>\n<\/div>\n\n\n\n<div class=\"wp-block-group has-background\" style=\"background-color:#f1f1f1;padding-top:var(--wp--preset--spacing--80);padding-bottom:var(--wp--preset--spacing--80)\"><div class=\"wp-block-group__inner-container is-layout-constrained wp-block-group-is-layout-constrained\">\n<h2 class=\"wp-block-heading\" style=\"padding-top:var(--wp--preset--spacing--40);padding-right:0;padding-bottom:var(--wp--preset--spacing--40);padding-left:0;font-size:25px;font-style:normal;font-weight:600;text-transform:capitalize\">\u00f6zet<\/h2>\n\n\n\n<p style=\"padding-right:var(--wp--preset--spacing--50);padding-left:var(--wp--preset--spacing--50)\">Duvar i\u00e7i merdiven ayd\u0131nlatma profilimiz, koridorlar\u0131, merdivenleri ve tabanlar\u0131 ayd\u0131nlatman\u0131n g\u00fcvenli ve g\u00fczel bir yoludur. G\u00f6m\u00fcl\u00fc, s\u0131va i\u00e7i montaj, y\u00fcksek kaliteli bir al\u00fcminyum muhafaza ve par\u0131lt\u0131 yapmayan g\u00fczel bir \u0131\u015f\u0131k hatt\u0131 sa\u011flayan bir polikarbonat dif\u00fcz\u00f6r i\u00e7erir. Bir dizi zemine ve uzunlu\u011fa kadar se\u00e7ebilirsiniz ve m\u00fckemmel oturmas\u0131 i\u00e7in kesebilirsiniz. Bu profil, evler, i\u015f yerleri, d\u00fckkanlar ve oteller i\u00e7in ayd\u0131nlatma yapma a\u00e7\u0131s\u0131ndan m\u00fckemmeldir. Harika g\u00f6r\u00fcn\u00fcr ve uzun s\u00fcre dayan\u0131r.<\/p>\n<\/div><\/div>\n\n\n\n<p><\/p>","protected":false},"featured_media":13693,"template":"","meta":{"_acf_changed":true,"_seopress_robots_primary_cat":"none","_seopress_titles_title":"Waist Line In-wall Stair Lighting Profile SK11 | TANGOOLED","_seopress_titles_desc":"The SK11 is a professional waist line in-wall stair lighting profile designed for seamless linear light. Create safe and elegant recessed guidance lighting along stairs and hallways.","_seopress_robots_index":""},"pcb-width":[228],"product-cat":[198],"class_list":{"0":"post-42120","1":"product","2":"type-product","3":"status-publish","4":"has-post-thumbnail","6":"pcb-width-6-12mm","7":"product-cat-skirting-profile"},"acf":[],"_links":{"self":[{"href":"https:\/\/tangooled.com\/tr\/wp-json\/wp\/v2\/product\/42120","targetHints":{"allow":["GET"]}}],"collection":[{"href":"https:\/\/tangooled.com\/tr\/wp-json\/wp\/v2\/product"}],"about":[{"href":"https:\/\/tangooled.com\/tr\/wp-json\/wp\/v2\/types\/product"}],"wp:featuredmedia":[{"embeddable":true,"href":"https:\/\/tangooled.com\/tr\/wp-json\/wp\/v2\/media\/13693"}],"wp:attachment":[{"href":"https:\/\/tangooled.com\/tr\/wp-json\/wp\/v2\/media?parent=42120"}],"wp:term":[{"taxonomy":"pcb-width","embeddable":true,"href":"https:\/\/tangooled.com\/tr\/wp-json\/wp\/v2\/pcb-width?post=42120"},{"taxonomy":"product-cat","embeddable":true,"href":"https:\/\/tangooled.com\/tr\/wp-json\/wp\/v2\/product-cat?post=42120"}],"curies":[{"name":"wp","href":"https:\/\/api.w.org\/{rel}","templated":true}]}}